{"id":1193,"date":"2022-09-02T18:26:05","date_gmt":"2022-09-02T16:26:05","guid":{"rendered":"https:\/\/sotahuuto.fi\/?page_id=1193"},"modified":"2023-11-17T19:38:54","modified_gmt":"2023-11-17T17:38:54","slug":"tule-mukaan","status":"publish","type":"page","link":"https:\/\/sotahuuto.fi\/en\/tule-mukaan\/","title":{"rendered":"Join the ranks!"},"content":{"rendered":"<div data-elementor-type=\"wp-post\" data-elementor-id=\"1193\" class=\"elementor elementor-1193\">\n\t\t\t\t\t\t<section class=\"elementor-section elementor-top-section elementor-element elementor-element-b4c99d9 elementor-section-boxed elementor-section-height-default elementor-section-height-default\" data-id=\"b4c99d9\" data-element_type=\"section\">\n\t\t\t\t\t\t<div class=\"elementor-container elementor-column-gap-default\">\n\t\t\t\t\t<div class=\"elementor-column elementor-col-100 elementor-top-column elementor-element elementor-element-73ac24b\" data-id=\"73ac24b\" data-element_type=\"column\">\n\t\t\t<div class=\"elementor-widget-wrap elementor-element-populated\">\n\t\t\t\t\t\t<div class=\"elementor-element elementor-element-6354db6 elementor-widget elementor-widget-heading\" data-id=\"6354db6\" data-element_type=\"widget\" data-widget_type=\"heading.default\">\n\t\t\t\t<div class=\"elementor-widget-container\">\n\t\t\t\t\t<h2 class=\"elementor-heading-title elementor-size-default\">What is Sotahuuto?<\/h2>\t\t\t\t<\/div>\n\t\t\t\t<\/div>\n\t\t\t\t<div class=\"elementor-element elementor-element-1d49f9a elementor-widget elementor-widget-image\" data-id=\"1d49f9a\" data-element_type=\"widget\" data-widget_type=\"image.default\">\n\t\t\t\t<div class=\"elementor-widget-container\">\n\t\t\t\t\t\t\t\t\t\t\t\t\t\t\t<img fetchpriority=\"high\" decoding=\"async\" width=\"1024\" height=\"684\" src=\"https:\/\/sotahuuto.fi\/wp-content\/uploads\/2022\/09\/52164014125_b24d513ba7_k-1024x684.jpg\" class=\"attachment-large size-large wp-image-1239\" alt=\"\" srcset=\"https:\/\/sotahuuto.fi\/wp-content\/uploads\/2022\/09\/52164014125_b24d513ba7_k-1024x684.jpg 1024w, https:\/\/sotahuuto.fi\/wp-content\/uploads\/2022\/09\/52164014125_b24d513ba7_k-300x200.jpg 300w, https:\/\/sotahuuto.fi\/wp-content\/uploads\/2022\/09\/52164014125_b24d513ba7_k-768x513.jpg 768w, https:\/\/sotahuuto.fi\/wp-content\/uploads\/2022\/09\/52164014125_b24d513ba7_k-1536x1025.jpg 1536w, https:\/\/sotahuuto.fi\/wp-content\/uploads\/2022\/09\/52164014125_b24d513ba7_k.jpg 2048w\" sizes=\"(max-width: 1024px) 100vw, 1024px\" \/>\t\t\t\t\t\t\t\t\t\t\t\t\t\t\t<\/div>\n\t\t\t\t<\/div>\n\t\t\t\t<div class=\"elementor-element elementor-element-0c9d345 elementor-widget elementor-widget-text-editor\" data-id=\"0c9d345\" data-element_type=\"widget\" data-widget_type=\"text-editor.default\">\n\t\t\t\t<div class=\"elementor-widget-container\">\n\t\t\t\t\t\t\t\t\t<em>Photo: <a href=\"https:\/\/www.flickr.com\/photos\/kuskelin\/\" target=\"_blank\" rel=\"noopener\">Jari Kuskelin<\/a><\/em>\t\t\t\t\t\t\t\t<\/div>\n\t\t\t\t<\/div>\n\t\t\t\t<div class=\"elementor-element elementor-element-49a506c elementor-widget elementor-widget-text-editor\" data-id=\"49a506c\" data-element_type=\"widget\" data-widget_type=\"text-editor.default\">\n\t\t\t\t<div class=\"elementor-widget-container\">\n\t\t\t\t\t\t\t\t\t<p>Sotahuuto is the largest and longest-running event in the Finnish soft sword-fighting scene. Starting from 2005, the annual event attracts a wide range of enthusiasts of the sport as well as those interested in other fencing disciplines, sports, history, and team activities.<\/p><p>\u00a0<\/p><p>Sotahuuto is an immersive team sports event that offers participants a safe opportunity to engage in battle scenarios and fight for victory. Although the event is scored and competed on a team level, it is also possible to sign up individually.<\/p><p>\u00a0<\/p><p>Vaikka Sotahuuto ei olekaan historianel\u00e4v\u00f6itystapahtuma, historiallisuus on l\u00e4sn\u00e4 tapahtuman taisteluissa, v\u00e4lin\u00e4yt\u00f6ksiss\u00e4 ja ulkoasussa. Jokaisella Sotahuudolla on historiallinen viitekehys, eli jokin historian ajanjakso tai konflikti, jonka k\u00e4\u00e4nteisiin tapahtumassa pelattavat taistelut liittyv\u00e4t.<\/p><p>\u00a0<\/p><p>Sotahuudon yhten\u00e4 suurimpana arvona on pidetty yhteis\u00f6llisyytt\u00e4. Yhteisen harrastuksen ja kiinnostuksen \u00e4\u00e4rell\u00e4 on helppo tutustua uusiin ihmisiin. Tapahtuman tunnelmasta voi my\u00f6s nauttia osallistumatta varsinaisiin taisteluihin. Ker\u00e4\u00e4 siis kaveriporukkasi ja l\u00e4hde kokemaan Sotahuuto 2024!<\/p>\t\t\t\t\t\t\t\t<\/div>\n\t\t\t\t<\/div>\n\t\t\t\t<div class=\"elementor-element elementor-element-e91f8ac elementor-widget elementor-widget-spacer\" data-id=\"e91f8ac\" data-element_type=\"widget\" data-widget_type=\"spacer.default\">\n\t\t\t\t<div class=\"elementor-widget-container\">\n\t\t\t\t\t\t\t<div class=\"elementor-spacer\">\n\t\t\t<div class=\"elementor-spacer-inner\"><\/div>\n\t\t<\/div>\n\t\t\t\t\t\t<\/div>\n\t\t\t\t<\/div>\n\t\t\t\t\t<\/div>\n\t\t<\/div>\n\t\t\t\t\t<\/div>\n\t\t<\/section>\n\t\t\t\t<section class=\"elementor-section elementor-top-section elementor-element elementor-element-e8a187e elementor-section-boxed elementor-section-height-default elementor-section-height-default\" data-id=\"e8a187e\" data-element_type=\"section\">\n\t\t\t\t\t\t<div class=\"elementor-container elementor-column-gap-default\">\n\t\t\t\t\t<div class=\"elementor-column elementor-col-100 elementor-top-column elementor-element elementor-element-90ab160\" data-id=\"90ab160\" data-element_type=\"column\">\n\t\t\t<div class=\"elementor-widget-wrap elementor-element-populated\">\n\t\t\t\t\t\t<div class=\"elementor-element elementor-element-d0027fa elementor-widget elementor-widget-heading\" data-id=\"d0027fa\" data-element_type=\"widget\" data-widget_type=\"heading.default\">\n\t\t\t\t<div class=\"elementor-widget-container\">\n\t\t\t\t\t<h2 class=\"elementor-heading-title elementor-size-default\">Miten mukaan?<\/h2>\t\t\t\t<\/div>\n\t\t\t\t<\/div>\n\t\t\t\t\t<\/div>\n\t\t<\/div>\n\t\t\t\t\t<\/div>\n\t\t<\/section>\n\t\t\t\t<section class=\"elementor-section elementor-top-section elementor-element elementor-element-32fead2 elementor-section-boxed elementor-section-height-default elementor-section-height-default\" data-id=\"32fead2\" data-element_type=\"section\">\n\t\t\t\t\t\t<div class=\"elementor-container elementor-column-gap-default\">\n\t\t\t\t\t<div class=\"elementor-column elementor-col-100 elementor-top-column elementor-element elementor-element-828ba58\" data-id=\"828ba58\" data-element_type=\"column\">\n\t\t\t<div class=\"elementor-widget-wrap elementor-element-populated\">\n\t\t\t\t\t\t<div class=\"elementor-element elementor-element-00acf45 elementor-widget elementor-widget-image\" data-id=\"00acf45\" data-element_type=\"widget\" data-widget_type=\"image.default\">\n\t\t\t\t<div class=\"elementor-widget-container\">\n\t\t\t\t\t\t\t\t\t\t\t\t\t\t\t<img decoding=\"async\" width=\"1024\" height=\"681\" src=\"https:\/\/sotahuuto.fi\/wp-content\/uploads\/2023\/02\/28483786041_517ec00c5b_b.jpg\" class=\"attachment-large size-large wp-image-1889\" alt=\"Iloisia Sotahuutovoittajia onnitellaan vuonna 2016.\" srcset=\"https:\/\/sotahuuto.fi\/wp-content\/uploads\/2023\/02\/28483786041_517ec00c5b_b.jpg 1024w, https:\/\/sotahuuto.fi\/wp-content\/uploads\/2023\/02\/28483786041_517ec00c5b_b-300x200.jpg 300w, https:\/\/sotahuuto.fi\/wp-content\/uploads\/2023\/02\/28483786041_517ec00c5b_b-768x511.jpg 768w, https:\/\/sotahuuto.fi\/wp-content\/uploads\/2023\/02\/28483786041_517ec00c5b_b-18x12.jpg 18w\" sizes=\"(max-width: 1024px) 100vw, 1024px\" \/>\t\t\t\t\t\t\t\t\t\t\t\t\t\t\t<\/div>\n\t\t\t\t<\/div>\n\t\t\t\t<div class=\"elementor-element elementor-element-5379d44 elementor-widget elementor-widget-text-editor\" data-id=\"5379d44\" data-element_type=\"widget\" data-widget_type=\"text-editor.default\">\n\t\t\t\t<div class=\"elementor-widget-container\">\n\t\t\t\t\t\t\t\t\t<p><em>Photo: Jari Kuskelin<\/em><\/p><p>\u00a0<\/p><p>Everyone is welcome to Sotahuuto regardless of age, gender, or background. Instructions for first-time participants can be found <a href=\"https:\/\/sotahuuto.fi\/en\/mita-on-boffaus\/\">on this page<\/a>. You have to be over 15 years to participate in the battles, but younger individuals interested in the event can come as spectators or as part of a team's support crew. Participants under 18 and their guardians should read <a href=\"https:\/\/sotahuuto.fi\/en\/alaikaisille-osallistujille-ja-huoltajille\/\">this page.<\/a>\u00a0<\/p><p>\u00a0<\/p><p>You can participate in Sotahuuto as an individual, but it's more common to register as part of a team. You can ask for a team through <a href=\"https:\/\/sotahuuto.fi\/en\/sotahuuto-sosiaalisessa-mediassa-2\/\">Sotahuuto's social media groups.<\/a> It is also possible to form your own team. We've compiled <a href=\"https:\/\/sotahuuto.fi\/en\/oman-joukkueen-perustaminen\/\">tips from experienced team leaders.<\/a>.<\/p><p>\u00a0<\/p><p>If you're coming to the event from outside of Finland<a href=\"https:\/\/sotahuuto.fi\/en\/suomen-ulkopuolelta-tuleville-osallistujille\/\"> this page!<\/a>. Pehmomiekkailusta ja Sotahuudosta syvemmin kiinnostuneiden kannattaa tutustua <a href=\"https:\/\/sotahuuto.fi\/en\/pehmomiekkailu-suomessa\/\"><em>Pehmomiekkailu Suomessa<\/em> -teokseen.<\/a><\/p>\t\t\t\t\t\t\t\t<\/div>\n\t\t\t\t<\/div>\n\t\t\t\t\t<\/div>\n\t\t<\/div>\n\t\t\t\t\t<\/div>\n\t\t<\/section>\n\t\t\t\t<\/div>","protected":false},"excerpt":{"rendered":"<div class=\"entry-summary\">\nMik\u00e4 Sotahuuto? Kuva: Jari Kuskelin Sotahuuto on suomalaisen pehmomiekkailukent\u00e4n suurin ja pitk\u00e4ik\u00e4isin tapahtuma. Vuodesta 2005 eteenp\u00e4in vuosittain toistunut tapahtuma ker\u00e4\u00e4&hellip;\n<\/div>\n<div class=\"link-more\"><a href=\"https:\/\/sotahuuto.fi\/en\/tule-mukaan\/\" class=\"more-link\">Continue reading<span class=\"screen-reader-text\"> &ldquo;Tule mukaan&rdquo;<\/span>&hellip;<\/a><\/div>","protected":false},"author":6,"featured_media":0,"parent":0,"menu_order":0,"comment_status":"closed","ping_status":"closed","template":"","meta":{"footnotes":""},"yoast_head":"<!-- This site is optimized with the Yoast SEO plugin v24.5 - https:\/\/yoast.com\/wordpress\/plugins\/seo\/ -->\n<title>Tule mukaan - Sotahuuto<\/title>\n<meta name=\"description\" content=\"Sotahuuto 2023 j\u00e4rjestet\u00e4\u00e4n Muuramessa 14.-16.7. Lue kaikki perustiedot tapahtumaan osallistumisesta t\u00e4\u00e4lt\u00e4.\" \/>\n<meta name=\"robots\" content=\"index, follow, max-snippet:-1, max-image-preview:large, max-video-preview:-1\" \/>\n<link rel=\"canonical\" href=\"https:\/\/sotahuuto.fi\/en\/tule-mukaan\/\" \/>\n<meta property=\"og:locale\" content=\"en_GB\" \/>\n<meta property=\"og:type\" content=\"article\" \/>\n<meta property=\"og:title\" content=\"Tule mukaan - Sotahuuto\" \/>\n<meta property=\"og:description\" content=\"Sotahuuto 2023 j\u00e4rjestet\u00e4\u00e4n Muuramessa 14.-16.7. Lue kaikki perustiedot tapahtumaan osallistumisesta t\u00e4\u00e4lt\u00e4.\" \/>\n<meta property=\"og:url\" content=\"https:\/\/sotahuuto.fi\/en\/tule-mukaan\/\" \/>\n<meta property=\"og:site_name\" content=\"Sotahuuto\" \/>\n<meta property=\"article:publisher\" content=\"https:\/\/www.facebook.com\/profile.php?id=100054630571001\" \/>\n<meta property=\"article:modified_time\" content=\"2023-11-17T17:38:54+00:00\" \/>\n<meta property=\"og:image\" content=\"https:\/\/sotahuuto.fi\/wp-content\/uploads\/2022\/09\/52164014125_b24d513ba7_k-1024x684.jpg\" \/>\n<meta name=\"twitter:card\" content=\"summary_large_image\" \/>\n<meta name=\"twitter:label1\" content=\"Estimated reading time\" \/>\n\t<meta name=\"twitter:data1\" content=\"2 minutes\" \/>\n<script type=\"application\/ld+json\" class=\"yoast-schema-graph\">{\"@context\":\"https:\/\/schema.org\",\"@graph\":[{\"@type\":\"WebPage\",\"@id\":\"https:\/\/sotahuuto.fi\/tule-mukaan\/\",\"url\":\"https:\/\/sotahuuto.fi\/tule-mukaan\/\",\"name\":\"Tule mukaan - Sotahuuto\",\"isPartOf\":{\"@id\":\"https:\/\/sotahuuto.fi\/#website\"},\"primaryImageOfPage\":{\"@id\":\"https:\/\/sotahuuto.fi\/tule-mukaan\/#primaryimage\"},\"image\":{\"@id\":\"https:\/\/sotahuuto.fi\/tule-mukaan\/#primaryimage\"},\"thumbnailUrl\":\"https:\/\/sotahuuto.fi\/wp-content\/uploads\/2022\/09\/52164014125_b24d513ba7_k-1024x684.jpg\",\"datePublished\":\"2022-09-02T16:26:05+00:00\",\"dateModified\":\"2023-11-17T17:38:54+00:00\",\"description\":\"Sotahuuto 2023 j\u00e4rjestet\u00e4\u00e4n Muuramessa 14.-16.7. Lue kaikki perustiedot tapahtumaan osallistumisesta t\u00e4\u00e4lt\u00e4.\",\"breadcrumb\":{\"@id\":\"https:\/\/sotahuuto.fi\/tule-mukaan\/#breadcrumb\"},\"inLanguage\":\"en-GB\",\"potentialAction\":[{\"@type\":\"ReadAction\",\"target\":[\"https:\/\/sotahuuto.fi\/tule-mukaan\/\"]}]},{\"@type\":\"ImageObject\",\"inLanguage\":\"en-GB\",\"@id\":\"https:\/\/sotahuuto.fi\/tule-mukaan\/#primaryimage\",\"url\":\"https:\/\/sotahuuto.fi\/wp-content\/uploads\/2022\/09\/52164014125_b24d513ba7_k-1024x684.jpg\",\"contentUrl\":\"https:\/\/sotahuuto.fi\/wp-content\/uploads\/2022\/09\/52164014125_b24d513ba7_k-1024x684.jpg\"},{\"@type\":\"BreadcrumbList\",\"@id\":\"https:\/\/sotahuuto.fi\/tule-mukaan\/#breadcrumb\",\"itemListElement\":[{\"@type\":\"ListItem\",\"position\":1,\"name\":\"Home\",\"item\":\"https:\/\/sotahuuto.fi\/\"},{\"@type\":\"ListItem\",\"position\":2,\"name\":\"Tule mukaan\"}]},{\"@type\":\"WebSite\",\"@id\":\"https:\/\/sotahuuto.fi\/#website\",\"url\":\"https:\/\/sotahuuto.fi\/\",\"name\":\"Sotahuuto\",\"description\":\"10.-12.07.2026 | Rekolan tila, Orivesi\",\"publisher\":{\"@id\":\"https:\/\/sotahuuto.fi\/#organization\"},\"alternateName\":\"SoHu\",\"potentialAction\":[{\"@type\":\"SearchAction\",\"target\":{\"@type\":\"EntryPoint\",\"urlTemplate\":\"https:\/\/sotahuuto.fi\/?s={search_term_string}\"},\"query-input\":{\"@type\":\"PropertyValueSpecification\",\"valueRequired\":true,\"valueName\":\"search_term_string\"}}],\"inLanguage\":\"en-GB\"},{\"@type\":\"Organization\",\"@id\":\"https:\/\/sotahuuto.fi\/#organization\",\"name\":\"Sotahuuto\",\"alternateName\":\"SoHu\",\"url\":\"https:\/\/sotahuuto.fi\/\",\"logo\":{\"@type\":\"ImageObject\",\"inLanguage\":\"en-GB\",\"@id\":\"https:\/\/sotahuuto.fi\/#\/schema\/logo\/image\/\",\"url\":\"https:\/\/sotahuuto.fi\/wp-content\/uploads\/2022\/03\/cropped-cropped2-sotahuuto.jpg\",\"contentUrl\":\"https:\/\/sotahuuto.fi\/wp-content\/uploads\/2022\/03\/cropped-cropped2-sotahuuto.jpg\",\"width\":512,\"height\":512,\"caption\":\"Sotahuuto\"},\"image\":{\"@id\":\"https:\/\/sotahuuto.fi\/#\/schema\/logo\/image\/\"},\"sameAs\":[\"https:\/\/www.facebook.com\/profile.php?id=100054630571001\",\"https:\/\/www.youtube.com\/@sotahuutoboffaustapahtuma4558\"]}]}<\/script>\n<!-- \/ Yoast SEO plugin. -->","yoast_head_json":{"title":"Tule mukaan - Sotahuuto","description":"Sotahuuto 2023 j\u00e4rjestet\u00e4\u00e4n Muuramessa 14.-16.7. Lue kaikki perustiedot tapahtumaan osallistumisesta t\u00e4\u00e4lt\u00e4.","robots":{"index":"index","follow":"follow","max-snippet":"max-snippet:-1","max-image-preview":"max-image-preview:large","max-video-preview":"max-video-preview:-1"},"canonical":"https:\/\/sotahuuto.fi\/en\/tule-mukaan\/","og_locale":"en_GB","og_type":"article","og_title":"Tule mukaan - Sotahuuto","og_description":"Sotahuuto 2023 j\u00e4rjestet\u00e4\u00e4n Muuramessa 14.-16.7. Lue kaikki perustiedot tapahtumaan osallistumisesta t\u00e4\u00e4lt\u00e4.","og_url":"https:\/\/sotahuuto.fi\/en\/tule-mukaan\/","og_site_name":"Sotahuuto","article_publisher":"https:\/\/www.facebook.com\/profile.php?id=100054630571001","article_modified_time":"2023-11-17T17:38:54+00:00","og_image":[{"url":"https:\/\/sotahuuto.fi\/wp-content\/uploads\/2022\/09\/52164014125_b24d513ba7_k-1024x684.jpg","type":"","width":"","height":""}],"twitter_card":"summary_large_image","twitter_misc":{"Estimated reading time":"2 minutes"},"schema":{"@context":"https:\/\/schema.org","@graph":[{"@type":"WebPage","@id":"https:\/\/sotahuuto.fi\/tule-mukaan\/","url":"https:\/\/sotahuuto.fi\/tule-mukaan\/","name":"Tule mukaan - Sotahuuto","isPartOf":{"@id":"https:\/\/sotahuuto.fi\/#website"},"primaryImageOfPage":{"@id":"https:\/\/sotahuuto.fi\/tule-mukaan\/#primaryimage"},"image":{"@id":"https:\/\/sotahuuto.fi\/tule-mukaan\/#primaryimage"},"thumbnailUrl":"https:\/\/sotahuuto.fi\/wp-content\/uploads\/2022\/09\/52164014125_b24d513ba7_k-1024x684.jpg","datePublished":"2022-09-02T16:26:05+00:00","dateModified":"2023-11-17T17:38:54+00:00","description":"Sotahuuto 2023 j\u00e4rjestet\u00e4\u00e4n Muuramessa 14.-16.7. Lue kaikki perustiedot tapahtumaan osallistumisesta t\u00e4\u00e4lt\u00e4.","breadcrumb":{"@id":"https:\/\/sotahuuto.fi\/tule-mukaan\/#breadcrumb"},"inLanguage":"en-GB","potentialAction":[{"@type":"ReadAction","target":["https:\/\/sotahuuto.fi\/tule-mukaan\/"]}]},{"@type":"ImageObject","inLanguage":"en-GB","@id":"https:\/\/sotahuuto.fi\/tule-mukaan\/#primaryimage","url":"https:\/\/sotahuuto.fi\/wp-content\/uploads\/2022\/09\/52164014125_b24d513ba7_k-1024x684.jpg","contentUrl":"https:\/\/sotahuuto.fi\/wp-content\/uploads\/2022\/09\/52164014125_b24d513ba7_k-1024x684.jpg"},{"@type":"BreadcrumbList","@id":"https:\/\/sotahuuto.fi\/tule-mukaan\/#breadcrumb","itemListElement":[{"@type":"ListItem","position":1,"name":"Home","item":"https:\/\/sotahuuto.fi\/"},{"@type":"ListItem","position":2,"name":"Tule mukaan"}]},{"@type":"WebSite","@id":"https:\/\/sotahuuto.fi\/#website","url":"https:\/\/sotahuuto.fi\/","name":"Sotahuuto, \"War cry\",","description":"10.-12.07.2026 | Rekolan tila, Orivesi","publisher":{"@id":"https:\/\/sotahuuto.fi\/#organization"},"alternateName":"SoHu","potentialAction":[{"@type":"SearchAction","target":{"@type":"EntryPoint","urlTemplate":"https:\/\/sotahuuto.fi\/?s={search_term_string}"},"query-input":{"@type":"PropertyValueSpecification","valueRequired":true,"valueName":"search_term_string"}}],"inLanguage":"en-GB"},{"@type":"Organization","@id":"https:\/\/sotahuuto.fi\/#organization","name":"Sotahuuto, \"War cry\",","alternateName":"SoHu","url":"https:\/\/sotahuuto.fi\/","logo":{"@type":"ImageObject","inLanguage":"en-GB","@id":"https:\/\/sotahuuto.fi\/#\/schema\/logo\/image\/","url":"https:\/\/sotahuuto.fi\/wp-content\/uploads\/2022\/03\/cropped-cropped2-sotahuuto.jpg","contentUrl":"https:\/\/sotahuuto.fi\/wp-content\/uploads\/2022\/03\/cropped-cropped2-sotahuuto.jpg","width":512,"height":512,"caption":"Sotahuuto"},"image":{"@id":"https:\/\/sotahuuto.fi\/#\/schema\/logo\/image\/"},"sameAs":["https:\/\/www.facebook.com\/profile.php?id=100054630571001","https:\/\/www.youtube.com\/@sotahuutoboffaustapahtuma4558"]}]}},"jetpack_sharing_enabled":true,"_links":{"self":[{"href":"https:\/\/sotahuuto.fi\/en\/wp-json\/wp\/v2\/pages\/1193"}],"collection":[{"href":"https:\/\/sotahuuto.fi\/en\/wp-json\/wp\/v2\/pages"}],"about":[{"href":"https:\/\/sotahuuto.fi\/en\/wp-json\/wp\/v2\/types\/page"}],"author":[{"embeddable":true,"href":"https:\/\/sotahuuto.fi\/en\/wp-json\/wp\/v2\/users\/6"}],"replies":[{"embeddable":true,"href":"https:\/\/sotahuuto.fi\/en\/wp-json\/wp\/v2\/comments?post=1193"}],"version-history":[{"count":36,"href":"https:\/\/sotahuuto.fi\/en\/wp-json\/wp\/v2\/pages\/1193\/revisions"}],"predecessor-version":[{"id":3852,"href":"https:\/\/sotahuuto.fi\/en\/wp-json\/wp\/v2\/pages\/1193\/revisions\/3852"}],"wp:attachment":[{"href":"https:\/\/sotahuuto.fi\/en\/wp-json\/wp\/v2\/media?parent=1193"}],"curies":[{"name":"wp","href":"https:\/\/api.w.org\/{rel}","templated":true}]}}