{"id":1614,"date":"2023-02-26T20:28:48","date_gmt":"2023-02-26T18:28:48","guid":{"rendered":"https:\/\/sotahuuto.fi\/?page_id=1614"},"modified":"2023-10-27T17:42:26","modified_gmt":"2023-10-27T15:42:26","slug":"joukkuementori","status":"publish","type":"page","link":"https:\/\/sotahuuto.fi\/en\/joukkuementori\/","title":{"rendered":"Team mentors"},"content":{"rendered":"\t\t<div data-elementor-type=\"wp-page\" data-elementor-id=\"1614\" class=\"elementor elementor-1614\">\n\t\t\t\t\t\t<section class=\"elementor-section elementor-top-section elementor-element elementor-element-817dc9e elementor-section-boxed elementor-section-height-default elementor-section-height-default\" data-id=\"817dc9e\" data-element_type=\"section\">\n\t\t\t\t\t\t<div class=\"elementor-container elementor-column-gap-default\">\n\t\t\t\t\t<div class=\"elementor-column elementor-col-100 elementor-top-column elementor-element elementor-element-c6e776b\" data-id=\"c6e776b\" data-element_type=\"column\">\n\t\t\t<div class=\"elementor-widget-wrap elementor-element-populated\">\n\t\t\t\t\t\t<div class=\"elementor-element elementor-element-2e647f9 elementor-widget elementor-widget-text-editor\" data-id=\"2e647f9\" data-element_type=\"widget\" data-widget_type=\"text-editor.default\">\n\t\t\t\t<div class=\"elementor-widget-container\">\n\t\t\t\t\t\t\t\t\t<p>Omana joukkueena tapahtumaan osallistuminen saattaa tuntua hypylt\u00e4 syv\u00e4\u00e4n p\u00e4\u00e4tyyn. Sotahuudon k\u00e4yt\u00e4nn\u00f6t saattavat vaikuttaa vierailta, varsinkaan jos kosketusta lajiin ei ole. Syyt\u00e4 huoleen ei kuitenkaan ole, sill\u00e4 joukkuementorit auttavat!<\/p><p>\u00a0<\/p><p>Joukkuementorimme Juha-Matti \u201cJuhi\u201d Marjamaa ja Eetu Sipil\u00e4 auttavat oman joukkueen perustaneita tai sellaisen perustamisesta haikailevia p\u00e4\u00e4sem\u00e4\u00e4n k\u00e4rryille tapahtuman kulusta ja k\u00e4yt\u00e4nn\u00f6n asioista. Mill\u00e4 tavoin Sotahuutoon kannattaa varustautua ja mit\u00e4 asioita ryhm\u00e4n\u00e4 tulee ottaa huomioon? Mitk\u00e4 v\u00e4rit erottuisivat jo olemassa olevien joukkueiden v\u00e4reist\u00e4? Millaisia asioita joukkueen kannattaa ennen tapahtumaa mietti\u00e4 kent\u00e4ll\u00e4 p\u00e4rj\u00e4t\u00e4kseen aina treenaamisesta varustautumiseen? T\u00e4llaisten asioiden kanssa Juhi ja Eetu ovat valmiita auttamaan!<\/p>\t\t\t\t\t\t\t\t<\/div>\n\t\t\t\t<\/div>\n\t\t\t\t\t<\/div>\n\t\t<\/div>\n\t\t\t\t\t<\/div>\n\t\t<\/section>\n\t\t\t\t<section class=\"elementor-section elementor-top-section elementor-element elementor-element-8304dc7 elementor-section-boxed elementor-section-height-default elementor-section-height-default\" data-id=\"8304dc7\" data-element_type=\"section\">\n\t\t\t\t\t\t<div class=\"elementor-container elementor-column-gap-default\">\n\t\t\t\t\t<div class=\"elementor-column elementor-col-100 elementor-top-column elementor-element elementor-element-1704f2a\" data-id=\"1704f2a\" data-element_type=\"column\">\n\t\t\t<div class=\"elementor-widget-wrap elementor-element-populated\">\n\t\t\t\t\t\t<div class=\"elementor-element elementor-element-0bb4f39 elementor-widget elementor-widget-spacer\" data-id=\"0bb4f39\" data-element_type=\"widget\" data-widget_type=\"spacer.default\">\n\t\t\t\t<div class=\"elementor-widget-container\">\n\t\t\t\t\t\t\t<div class=\"elementor-spacer\">\n\t\t\t<div class=\"elementor-spacer-inner\"><\/div>\n\t\t<\/div>\n\t\t\t\t\t\t<\/div>\n\t\t\t\t<\/div>\n\t\t\t\t<div class=\"elementor-element elementor-element-706218f elementor-widget elementor-widget-heading\" data-id=\"706218f\" data-element_type=\"widget\" data-widget_type=\"heading.default\">\n\t\t\t\t<div class=\"elementor-widget-container\">\n\t\t\t\t\t<h2 class=\"elementor-heading-title elementor-size-default\">Juha-Matti Marjamaa<\/h2>\t\t\t\t<\/div>\n\t\t\t\t<\/div>\n\t\t\t\t<div class=\"elementor-element elementor-element-bc38b47 elementor-widget elementor-widget-image\" data-id=\"bc38b47\" data-element_type=\"widget\" data-widget_type=\"image.default\">\n\t\t\t\t<div class=\"elementor-widget-container\">\n\t\t\t\t\t\t\t\t\t\t\t\t\t\t\t<img fetchpriority=\"high\" decoding=\"async\" width=\"768\" height=\"1024\" src=\"https:\/\/sotahuuto.fi\/wp-content\/uploads\/2023\/02\/Joukkuementorit.png\" class=\"attachment-large size-large wp-image-1616\" alt=\"Juha-Matti Marjamaa hymyilem\u00e4ss\u00e4 Hornankattila-tapahtumassa\" srcset=\"https:\/\/sotahuuto.fi\/wp-content\/uploads\/2023\/02\/Joukkuementorit.png 768w, https:\/\/sotahuuto.fi\/wp-content\/uploads\/2023\/02\/Joukkuementorit-225x300.png 225w\" sizes=\"(max-width: 768px) 100vw, 768px\" \/>\t\t\t\t\t\t\t\t\t\t\t\t\t\t\t<\/div>\n\t\t\t\t<\/div>\n\t\t\t\t\t<\/div>\n\t\t<\/div>\n\t\t\t\t\t<\/div>\n\t\t<\/section>\n\t\t\t\t<section class=\"elementor-section elementor-top-section elementor-element elementor-element-4b89595 elementor-section-boxed elementor-section-height-default elementor-section-height-default\" data-id=\"4b89595\" data-element_type=\"section\">\n\t\t\t\t\t\t<div class=\"elementor-container elementor-column-gap-default\">\n\t\t\t\t\t<div class=\"elementor-column elementor-col-100 elementor-top-column elementor-element elementor-element-de6251a\" data-id=\"de6251a\" data-element_type=\"column\">\n\t\t\t<div class=\"elementor-widget-wrap elementor-element-populated\">\n\t\t\t\t\t\t<div class=\"elementor-element elementor-element-9376746 elementor-widget elementor-widget-text-editor\" data-id=\"9376746\" data-element_type=\"widget\" data-widget_type=\"text-editor.default\">\n\t\t\t\t<div class=\"elementor-widget-container\">\n\t\t\t\t\t\t\t\t\t<p><em>Kuva: Juha-Matti Marjamaa<\/em><\/p><p>\u00a0<\/p><p>Juhi on pitk\u00e4n linjan harrastaja, joka aloitti pehmomiekkailun vuonna 2015. T\u00e4m\u00e4n j\u00e4lkeen h\u00e4n on osallistunut aktiivisesti erilaisiin pehmomiekkailutapahtumiin. H\u00e4n on vet\u00e4nyt boffaustreenej\u00e4 usean vuoden ajan Oulussa. Kilpailullista ryhm\u00e4pelaamista h\u00e4n on harrastanut 1996 alkaen. Suurimman osan ajastaan harrastuksiensa parissa h\u00e4n on toiminut eriasteisissa vastuuteht\u00e4viss\u00e4 ja ollut mukana kouluttamassa, kehitt\u00e4m\u00e4ss\u00e4 sek\u00e4 johtamassa. Ryhm\u00e4n rakenteet ja sis\u00e4iset liikkuvat osat sek\u00e4 lajin taktinen puoli ovat kiinnostaneet h\u00e4nt\u00e4 aina. Juhi on kannustava, innostava ja ennen kaikkea syd\u00e4mellinen boffaaja, jolla on tarjota ratkaisuja monenlaisiin pulmiin.<\/p><p>\u00a0<\/p><p><strong>Juhiin saat yhteyden seuraavilla tavoilla<\/strong><\/p><p>S\u00e4hk\u00f6posti: juhamatti.marjamaa[at]gmail.com<br \/>WhatsApp: 044 292 2292<br \/>Discord: Juhin voit l\u00f6yt\u00e4\u00e4 <a href=\"https:\/\/discord.gg\/8DVpFZp6Ha\" target=\"_blank\" rel=\"noopener\">Suomen Boffaajat -serverilt\u00e4<\/a> omalla nimell\u00e4\u00e4n.<\/p>\t\t\t\t\t\t\t\t<\/div>\n\t\t\t\t<\/div>\n\t\t\t\t\t<\/div>\n\t\t<\/div>\n\t\t\t\t\t<\/div>\n\t\t<\/section>\n\t\t\t\t<section class=\"elementor-section elementor-top-section elementor-element elementor-element-a80ccc2 elementor-section-boxed elementor-section-height-default elementor-section-height-default\" data-id=\"a80ccc2\" data-element_type=\"section\">\n\t\t\t\t\t\t<div class=\"elementor-container elementor-column-gap-default\">\n\t\t\t\t\t<div class=\"elementor-column elementor-col-100 elementor-top-column elementor-element elementor-element-6a6b11e\" data-id=\"6a6b11e\" data-element_type=\"column\">\n\t\t\t<div class=\"elementor-widget-wrap elementor-element-populated\">\n\t\t\t\t\t\t<div class=\"elementor-element elementor-element-b556c55 elementor-widget elementor-widget-spacer\" data-id=\"b556c55\" data-element_type=\"widget\" data-widget_type=\"spacer.default\">\n\t\t\t\t<div class=\"elementor-widget-container\">\n\t\t\t\t\t\t\t<div class=\"elementor-spacer\">\n\t\t\t<div class=\"elementor-spacer-inner\"><\/div>\n\t\t<\/div>\n\t\t\t\t\t\t<\/div>\n\t\t\t\t<\/div>\n\t\t\t\t<div class=\"elementor-element elementor-element-e0c70e4 elementor-widget elementor-widget-heading\" data-id=\"e0c70e4\" data-element_type=\"widget\" data-widget_type=\"heading.default\">\n\t\t\t\t<div class=\"elementor-widget-container\">\n\t\t\t\t\t<h2 class=\"elementor-heading-title elementor-size-default\">Eetu Sipil\u00e4<\/h2>\t\t\t\t<\/div>\n\t\t\t\t<\/div>\n\t\t\t\t<div class=\"elementor-element elementor-element-068b8f5 elementor-widget elementor-widget-image\" data-id=\"068b8f5\" data-element_type=\"widget\" data-widget_type=\"image.default\">\n\t\t\t\t<div class=\"elementor-widget-container\">\n\t\t\t\t\t\t\t\t\t\t\t\t\t\t\t<img decoding=\"async\" width=\"1024\" height=\"684\" src=\"https:\/\/sotahuuto.fi\/wp-content\/uploads\/2023\/02\/EETUJPEG.jpg\" class=\"attachment-large size-large wp-image-1624\" alt=\"Pehmomiekkailijoita rynnist\u00e4m\u00e4ss\u00e4 kohti taistelua. Keskell\u00e4 joukkuementori Eetu Sipil\u00e4 nauttimassa tapatumasta omimmalla tavallaan.\" srcset=\"https:\/\/sotahuuto.fi\/wp-content\/uploads\/2023\/02\/EETUJPEG.jpg 1024w, https:\/\/sotahuuto.fi\/wp-content\/uploads\/2023\/02\/EETUJPEG-300x200.jpg 300w, https:\/\/sotahuuto.fi\/wp-content\/uploads\/2023\/02\/EETUJPEG-768x513.jpg 768w\" sizes=\"(max-width: 1024px) 100vw, 1024px\" \/>\t\t\t\t\t\t\t\t\t\t\t\t\t\t\t<\/div>\n\t\t\t\t<\/div>\n\t\t\t\t\t<\/div>\n\t\t<\/div>\n\t\t\t\t\t<\/div>\n\t\t<\/section>\n\t\t\t\t<section class=\"elementor-section elementor-top-section elementor-element elementor-element-995a842 elementor-section-boxed elementor-section-height-default elementor-section-height-default\" data-id=\"995a842\" data-element_type=\"section\">\n\t\t\t\t\t\t<div class=\"elementor-container elementor-column-gap-default\">\n\t\t\t\t\t<div class=\"elementor-column elementor-col-100 elementor-top-column elementor-element elementor-element-b567993\" data-id=\"b567993\" data-element_type=\"column\">\n\t\t\t<div class=\"elementor-widget-wrap elementor-element-populated\">\n\t\t\t\t\t\t<div class=\"elementor-element elementor-element-10e3702 elementor-widget elementor-widget-text-editor\" data-id=\"10e3702\" data-element_type=\"widget\" data-widget_type=\"text-editor.default\">\n\t\t\t\t<div class=\"elementor-widget-container\">\n\t\t\t\t\t\t\t\t\t<p><em>Kuva: Jari Kuskelin<\/em><\/p><p>\u00a0<\/p><p>Eetu aloitti boffaamisen 2010-luvun alussa. Heti lajin pariin p\u00e4\u00e4dytty\u00e4\u00e4n h\u00e4n aloitti kavereidensa kanssa kasaamaan omaa joukkuettaan, Ajan Kaartia. Oma joukkue oli luonteva valinta, sill\u00e4 he eiv\u00e4t tunteneet viel\u00e4 ket\u00e4\u00e4n lajin parista. Ajan Kaartin taustalla on vahva teema ja selke\u00e4 k\u00e4sitys siit\u00e4, kuinka asiat tehd\u00e4\u00e4n. Oman joukkueen kanssa tekeminen onkin kasvanut Eetulla yli vuosikymmenen mittaiseksi matkaksi urheilun, yst\u00e4vyyden ja seikkailujen syd\u00e4meen. Eetulla on kokemusta ja n\u00e4kemyst\u00e4 siit\u00e4, kuinka joukkueen toimintaa voidaan kehitt\u00e4\u00e4 positiivinen ja kannustava ilmapiiri s\u00e4ilytt\u00e4en.<\/p><p>\u00a0<\/p><p><strong>Eetuun saat yhteyden seuraavilla tavoilla<\/strong><\/p><p>S\u00e4hk\u00f6posti: www.eetu.sipila[at]gmail.com <br \/>Discord: Eetu on <a href=\"https:\/\/discord.gg\/8DVpFZp6Ha\" target=\"_blank\" rel=\"noopener\">Suomen Boffaajat -serverill\u00e4<\/a> omalla nimell\u00e4\u00e4n.<\/p>\t\t\t\t\t\t\t\t<\/div>\n\t\t\t\t<\/div>\n\t\t\t\t\t<\/div>\n\t\t<\/div>\n\t\t\t\t\t<\/div>\n\t\t<\/section>\n\t\t\t\t<\/div>\n\t\t","protected":false},"excerpt":{"rendered":"<div class=\"entry-summary\">\nOmana joukkueena tapahtumaan osallistuminen saattaa tuntua hypylt\u00e4 syv\u00e4\u00e4n p\u00e4\u00e4tyyn. Sotahuudon k\u00e4yt\u00e4nn\u00f6t saattavat vaikuttaa vierailta, varsinkaan jos kosketusta lajiin ei ole.&hellip;\n<\/div>\n<div class=\"link-more\"><a href=\"https:\/\/sotahuuto.fi\/en\/joukkuementori\/\" class=\"more-link\">Continue reading<span class=\"screen-reader-text\"> &ldquo;Joukkuementorit&rdquo;<\/span>&hellip;<\/a><\/div>","protected":false},"author":6,"featured_media":0,"parent":0,"menu_order":0,"comment_status":"closed","ping_status":"closed","template":"","meta":{"footnotes":""},"yoast_head":"<!-- This site is optimized with the Yoast SEO plugin v24.5 - https:\/\/yoast.com\/wordpress\/plugins\/seo\/ -->\n<title>Joukkuementorit - Sotahuuto<\/title>\n<meta name=\"description\" content=\"Haaveiletko omasta sotahuutojoukkueesta, mutta kaipaat apua sen perustamiseen? Joukkuementorimme auttavat sinua!\" \/>\n<meta name=\"robots\" content=\"index, follow, max-snippet:-1, max-image-preview:large, max-video-preview:-1\" \/>\n<link rel=\"canonical\" href=\"https:\/\/sotahuuto.fi\/en\/joukkuementori\/\" \/>\n<meta property=\"og:locale\" content=\"en_GB\" \/>\n<meta property=\"og:type\" content=\"article\" \/>\n<meta property=\"og:title\" content=\"Joukkuementorit - Sotahuuto\" \/>\n<meta property=\"og:description\" content=\"Haaveiletko omasta sotahuutojoukkueesta, mutta kaipaat apua sen perustamiseen? Joukkuementorimme auttavat sinua!\" \/>\n<meta property=\"og:url\" content=\"https:\/\/sotahuuto.fi\/en\/joukkuementori\/\" \/>\n<meta property=\"og:site_name\" content=\"Sotahuuto\" \/>\n<meta property=\"article:publisher\" content=\"https:\/\/www.facebook.com\/profile.php?id=100054630571001\" \/>\n<meta property=\"article:modified_time\" content=\"2023-10-27T15:42:26+00:00\" \/>\n<meta property=\"og:image\" content=\"https:\/\/sotahuuto.fi\/wp-content\/uploads\/2023\/02\/Joukkuementorit.png\" \/>\n<meta name=\"twitter:card\" content=\"summary_large_image\" \/>\n<meta name=\"twitter:label1\" content=\"Estimated reading time\" \/>\n\t<meta name=\"twitter:data1\" content=\"2 minutes\" \/>\n<script type=\"application\/ld+json\" class=\"yoast-schema-graph\">{\"@context\":\"https:\/\/schema.org\",\"@graph\":[{\"@type\":\"WebPage\",\"@id\":\"https:\/\/sotahuuto.fi\/joukkuementori\/\",\"url\":\"https:\/\/sotahuuto.fi\/joukkuementori\/\",\"name\":\"Joukkuementorit - Sotahuuto\",\"isPartOf\":{\"@id\":\"https:\/\/sotahuuto.fi\/#website\"},\"primaryImageOfPage\":{\"@id\":\"https:\/\/sotahuuto.fi\/joukkuementori\/#primaryimage\"},\"image\":{\"@id\":\"https:\/\/sotahuuto.fi\/joukkuementori\/#primaryimage\"},\"thumbnailUrl\":\"https:\/\/sotahuuto.fi\/wp-content\/uploads\/2023\/02\/Joukkuementorit.png\",\"datePublished\":\"2023-02-26T18:28:48+00:00\",\"dateModified\":\"2023-10-27T15:42:26+00:00\",\"description\":\"Haaveiletko omasta sotahuutojoukkueesta, mutta kaipaat apua sen perustamiseen? Joukkuementorimme auttavat sinua!\",\"breadcrumb\":{\"@id\":\"https:\/\/sotahuuto.fi\/joukkuementori\/#breadcrumb\"},\"inLanguage\":\"en-GB\",\"potentialAction\":[{\"@type\":\"ReadAction\",\"target\":[\"https:\/\/sotahuuto.fi\/joukkuementori\/\"]}]},{\"@type\":\"ImageObject\",\"inLanguage\":\"en-GB\",\"@id\":\"https:\/\/sotahuuto.fi\/joukkuementori\/#primaryimage\",\"url\":\"https:\/\/sotahuuto.fi\/wp-content\/uploads\/2023\/02\/Joukkuementorit.png\",\"contentUrl\":\"https:\/\/sotahuuto.fi\/wp-content\/uploads\/2023\/02\/Joukkuementorit.png\"},{\"@type\":\"BreadcrumbList\",\"@id\":\"https:\/\/sotahuuto.fi\/joukkuementori\/#breadcrumb\",\"itemListElement\":[{\"@type\":\"ListItem\",\"position\":1,\"name\":\"Home\",\"item\":\"https:\/\/sotahuuto.fi\/\"},{\"@type\":\"ListItem\",\"position\":2,\"name\":\"Joukkuementorit\"}]},{\"@type\":\"WebSite\",\"@id\":\"https:\/\/sotahuuto.fi\/#website\",\"url\":\"https:\/\/sotahuuto.fi\/\",\"name\":\"Sotahuuto\",\"description\":\"10.-12.07.2026 | Rekolan tila, Orivesi\",\"publisher\":{\"@id\":\"https:\/\/sotahuuto.fi\/#organization\"},\"alternateName\":\"SoHu\",\"potentialAction\":[{\"@type\":\"SearchAction\",\"target\":{\"@type\":\"EntryPoint\",\"urlTemplate\":\"https:\/\/sotahuuto.fi\/?s={search_term_string}\"},\"query-input\":{\"@type\":\"PropertyValueSpecification\",\"valueRequired\":true,\"valueName\":\"search_term_string\"}}],\"inLanguage\":\"en-GB\"},{\"@type\":\"Organization\",\"@id\":\"https:\/\/sotahuuto.fi\/#organization\",\"name\":\"Sotahuuto\",\"alternateName\":\"SoHu\",\"url\":\"https:\/\/sotahuuto.fi\/\",\"logo\":{\"@type\":\"ImageObject\",\"inLanguage\":\"en-GB\",\"@id\":\"https:\/\/sotahuuto.fi\/#\/schema\/logo\/image\/\",\"url\":\"https:\/\/sotahuuto.fi\/wp-content\/uploads\/2022\/03\/cropped-cropped2-sotahuuto.jpg\",\"contentUrl\":\"https:\/\/sotahuuto.fi\/wp-content\/uploads\/2022\/03\/cropped-cropped2-sotahuuto.jpg\",\"width\":512,\"height\":512,\"caption\":\"Sotahuuto\"},\"image\":{\"@id\":\"https:\/\/sotahuuto.fi\/#\/schema\/logo\/image\/\"},\"sameAs\":[\"https:\/\/www.facebook.com\/profile.php?id=100054630571001\",\"https:\/\/www.youtube.com\/@sotahuutoboffaustapahtuma4558\"]}]}<\/script>\n<!-- \/ Yoast SEO plugin. -->","yoast_head_json":{"title":"Joukkuementorit - Sotahuuto","description":"Haaveiletko omasta sotahuutojoukkueesta, mutta kaipaat apua sen perustamiseen? Joukkuementorimme auttavat sinua!","robots":{"index":"index","follow":"follow","max-snippet":"max-snippet:-1","max-image-preview":"max-image-preview:large","max-video-preview":"max-video-preview:-1"},"canonical":"https:\/\/sotahuuto.fi\/en\/joukkuementori\/","og_locale":"en_GB","og_type":"article","og_title":"Joukkuementorit - Sotahuuto","og_description":"Haaveiletko omasta sotahuutojoukkueesta, mutta kaipaat apua sen perustamiseen? Joukkuementorimme auttavat sinua!","og_url":"https:\/\/sotahuuto.fi\/en\/joukkuementori\/","og_site_name":"Sotahuuto","article_publisher":"https:\/\/www.facebook.com\/profile.php?id=100054630571001","article_modified_time":"2023-10-27T15:42:26+00:00","og_image":[{"url":"https:\/\/sotahuuto.fi\/wp-content\/uploads\/2023\/02\/Joukkuementorit.png","type":"","width":"","height":""}],"twitter_card":"summary_large_image","twitter_misc":{"Estimated reading time":"2 minutes"},"schema":{"@context":"https:\/\/schema.org","@graph":[{"@type":"WebPage","@id":"https:\/\/sotahuuto.fi\/joukkuementori\/","url":"https:\/\/sotahuuto.fi\/joukkuementori\/","name":"Joukkuementorit - Sotahuuto","isPartOf":{"@id":"https:\/\/sotahuuto.fi\/#website"},"primaryImageOfPage":{"@id":"https:\/\/sotahuuto.fi\/joukkuementori\/#primaryimage"},"image":{"@id":"https:\/\/sotahuuto.fi\/joukkuementori\/#primaryimage"},"thumbnailUrl":"https:\/\/sotahuuto.fi\/wp-content\/uploads\/2023\/02\/Joukkuementorit.png","datePublished":"2023-02-26T18:28:48+00:00","dateModified":"2023-10-27T15:42:26+00:00","description":"Haaveiletko omasta sotahuutojoukkueesta, mutta kaipaat apua sen perustamiseen? Joukkuementorimme auttavat sinua!","breadcrumb":{"@id":"https:\/\/sotahuuto.fi\/joukkuementori\/#breadcrumb"},"inLanguage":"en-GB","potentialAction":[{"@type":"ReadAction","target":["https:\/\/sotahuuto.fi\/joukkuementori\/"]}]},{"@type":"ImageObject","inLanguage":"en-GB","@id":"https:\/\/sotahuuto.fi\/joukkuementori\/#primaryimage","url":"https:\/\/sotahuuto.fi\/wp-content\/uploads\/2023\/02\/Joukkuementorit.png","contentUrl":"https:\/\/sotahuuto.fi\/wp-content\/uploads\/2023\/02\/Joukkuementorit.png"},{"@type":"BreadcrumbList","@id":"https:\/\/sotahuuto.fi\/joukkuementori\/#breadcrumb","itemListElement":[{"@type":"ListItem","position":1,"name":"Home","item":"https:\/\/sotahuuto.fi\/"},{"@type":"ListItem","position":2,"name":"Joukkuementorit"}]},{"@type":"WebSite","@id":"https:\/\/sotahuuto.fi\/#website","url":"https:\/\/sotahuuto.fi\/","name":"Sotahuuto, \"War cry\",","description":"10.-12.07.2026 | Rekolan tila, Orivesi","publisher":{"@id":"https:\/\/sotahuuto.fi\/#organization"},"alternateName":"SoHu","potentialAction":[{"@type":"SearchAction","target":{"@type":"EntryPoint","urlTemplate":"https:\/\/sotahuuto.fi\/?s={search_term_string}"},"query-input":{"@type":"PropertyValueSpecification","valueRequired":true,"valueName":"search_term_string"}}],"inLanguage":"en-GB"},{"@type":"Organization","@id":"https:\/\/sotahuuto.fi\/#organization","name":"Sotahuuto, \"War cry\",","alternateName":"SoHu","url":"https:\/\/sotahuuto.fi\/","logo":{"@type":"ImageObject","inLanguage":"en-GB","@id":"https:\/\/sotahuuto.fi\/#\/schema\/logo\/image\/","url":"https:\/\/sotahuuto.fi\/wp-content\/uploads\/2022\/03\/cropped-cropped2-sotahuuto.jpg","contentUrl":"https:\/\/sotahuuto.fi\/wp-content\/uploads\/2022\/03\/cropped-cropped2-sotahuuto.jpg","width":512,"height":512,"caption":"Sotahuuto"},"image":{"@id":"https:\/\/sotahuuto.fi\/#\/schema\/logo\/image\/"},"sameAs":["https:\/\/www.facebook.com\/profile.php?id=100054630571001","https:\/\/www.youtube.com\/@sotahuutoboffaustapahtuma4558"]}]}},"jetpack_sharing_enabled":true,"_links":{"self":[{"href":"https:\/\/sotahuuto.fi\/en\/wp-json\/wp\/v2\/pages\/1614"}],"collection":[{"href":"https:\/\/sotahuuto.fi\/en\/wp-json\/wp\/v2\/pages"}],"about":[{"href":"https:\/\/sotahuuto.fi\/en\/wp-json\/wp\/v2\/types\/page"}],"author":[{"embeddable":true,"href":"https:\/\/sotahuuto.fi\/en\/wp-json\/wp\/v2\/users\/6"}],"replies":[{"embeddable":true,"href":"https:\/\/sotahuuto.fi\/en\/wp-json\/wp\/v2\/comments?post=1614"}],"version-history":[{"count":33,"href":"https:\/\/sotahuuto.fi\/en\/wp-json\/wp\/v2\/pages\/1614\/revisions"}],"predecessor-version":[{"id":2385,"href":"https:\/\/sotahuuto.fi\/en\/wp-json\/wp\/v2\/pages\/1614\/revisions\/2385"}],"wp:attachment":[{"href":"https:\/\/sotahuuto.fi\/en\/wp-json\/wp\/v2\/media?parent=1614"}],"curies":[{"name":"wp","href":"https:\/\/api.w.org\/{rel}","templated":true}]}}