{"id":1628,"date":"2023-02-26T20:46:04","date_gmt":"2023-02-26T18:46:04","guid":{"rendered":"https:\/\/sotahuuto.fi\/?page_id=1628"},"modified":"2025-01-30T15:26:04","modified_gmt":"2025-01-30T13:26:04","slug":"muut-tapahtumat","status":"publish","type":"page","link":"https:\/\/sotahuuto.fi\/en\/muut-tapahtumat\/","title":{"rendered":"Other events"},"content":{"rendered":"<div data-elementor-type=\"wp-page\" data-elementor-id=\"1628\" class=\"elementor elementor-1628\">\n\t\t\t\t\t\t<section class=\"elementor-section elementor-top-section elementor-element elementor-element-fdf54ec elementor-section-boxed elementor-section-height-default elementor-section-height-default\" data-id=\"fdf54ec\" data-element_type=\"section\">\n\t\t\t\t\t\t<div class=\"elementor-container elementor-column-gap-default\">\n\t\t\t\t\t<div class=\"elementor-column elementor-col-100 elementor-top-column elementor-element elementor-element-786f6bd\" data-id=\"786f6bd\" data-element_type=\"column\">\n\t\t\t<div class=\"elementor-widget-wrap elementor-element-populated\">\n\t\t\t\t\t\t<div class=\"elementor-element elementor-element-8822bf4 elementor-widget elementor-widget-text-editor\" data-id=\"8822bf4\" data-element_type=\"widget\" data-widget_type=\"text-editor.default\">\n\t\t\t\t<div class=\"elementor-widget-container\">\n\t\t\t\t\t\t\t\t\t<p>Sotahuuto is generally considered as the flagship event of Finnish soft sword-fighting. However, there are various ways to practice boffering, and this is also reflected in the fact that so many different soft sword-fighting events are held throughout the year. Because our event lives off of the vibrant field of different events, we want to highlight some of the other events our sport has to offer.<\/p>\t\t\t\t\t\t\t\t<\/div>\n\t\t\t\t<\/div>\n\t\t\t\t\t<\/div>\n\t\t<\/div>\n\t\t\t\t\t<\/div>\n\t\t<\/section>\n\t\t\t\t<section class=\"elementor-section elementor-top-section elementor-element elementor-element-23080a8 elementor-section-boxed elementor-section-height-default elementor-section-height-default\" data-id=\"23080a8\" data-element_type=\"section\">\n\t\t\t\t\t\t<div class=\"elementor-container elementor-column-gap-default\">\n\t\t\t\t\t<div class=\"elementor-column elementor-col-100 elementor-top-column elementor-element elementor-element-b3fc0c9\" data-id=\"b3fc0c9\" data-element_type=\"column\">\n\t\t\t<div class=\"elementor-widget-wrap elementor-element-populated\">\n\t\t\t\t\t\t<div class=\"elementor-element elementor-element-9932e33 elementor-widget elementor-widget-image\" data-id=\"9932e33\" data-element_type=\"widget\" data-widget_type=\"image.default\">\n\t\t\t\t<div class=\"elementor-widget-container\">\n\t\t\t\t\t\t\t\t\t\t\t\t\t\t\t<img fetchpriority=\"high\" decoding=\"async\" width=\"1024\" height=\"684\" src=\"https:\/\/sotahuuto.fi\/wp-content\/uploads\/2023\/02\/Muut-tapahtumat.jpg\" class=\"attachment-large size-large wp-image-1636\" alt=\"Kaksi boffaajaa vaihtamassa kuulumisia skenaarioiden v\u00e4lill\u00e4\" srcset=\"https:\/\/sotahuuto.fi\/wp-content\/uploads\/2023\/02\/Muut-tapahtumat.jpg 1024w, https:\/\/sotahuuto.fi\/wp-content\/uploads\/2023\/02\/Muut-tapahtumat-300x200.jpg 300w, https:\/\/sotahuuto.fi\/wp-content\/uploads\/2023\/02\/Muut-tapahtumat-768x513.jpg 768w\" sizes=\"(max-width: 1024px) 100vw, 1024px\" \/>\t\t\t\t\t\t\t\t\t\t\t\t\t\t\t<\/div>\n\t\t\t\t<\/div>\n\t\t\t\t\t<\/div>\n\t\t<\/div>\n\t\t\t\t\t<\/div>\n\t\t<\/section>\n\t\t\t\t<section class=\"elementor-section elementor-top-section elementor-element elementor-element-35214a6 elementor-section-boxed elementor-section-height-default elementor-section-height-default\" data-id=\"35214a6\" data-element_type=\"section\">\n\t\t\t\t\t\t<div class=\"elementor-container elementor-column-gap-default\">\n\t\t\t\t\t<div class=\"elementor-column elementor-col-100 elementor-top-column elementor-element elementor-element-9d0c363\" data-id=\"9d0c363\" data-element_type=\"column\">\n\t\t\t<div class=\"elementor-widget-wrap elementor-element-populated\">\n\t\t\t\t\t\t<div class=\"elementor-element elementor-element-b7bbb82 elementor-widget elementor-widget-text-editor\" data-id=\"b7bbb82\" data-element_type=\"widget\" data-widget_type=\"text-editor.default\">\n\t\t\t\t<div class=\"elementor-widget-container\">\n\t\t\t\t\t\t\t\t\t<p><em>Photo: Jari Kuskelin<\/em><\/p>\t\t\t\t\t\t\t\t<\/div>\n\t\t\t\t<\/div>\n\t\t\t\t<div class=\"elementor-element elementor-element-b380b24 elementor-widget elementor-widget-text-editor\" data-id=\"b380b24\" data-element_type=\"widget\" data-widget_type=\"text-editor.default\">\n\t\t\t\t<div class=\"elementor-widget-container\">\n\t\t\t\t\t\t\t\t\t<p>T\u00e4ss\u00e4 kootusti pehmomiekkailuvuoden 2025 tapahtumia:<\/p><p>\u00a0<\/p><p>26.4. H\u00e4meenlinna: <a href=\"https:\/\/boffaus.fi\/tapahtumat\/\">Hornankattila VI<\/a><br \/>16.\u201318.5. Surkeej\u00e4rvi: <a href=\"https:\/\/boffaus.fi\/tapahtumat\/\">Suxbo 2025<\/a><br \/>24.5. H\u00e4meenlinna: <a href=\"https:\/\/www.minihuuto.fi\/\">Minihuuto<\/a><br \/>13.\u201315.6. Rovaniemi: <a href=\"https:\/\/www.bofferoi.com\/hiidenkirnu\/\">Hiidenkirnu<\/a><br \/>11.\u201313.7. Orivesi: <a href=\"https:\/\/sotahuuto.fi\/en\/\">Sotahuuto, \"War cry\",<\/a><br \/>19.\u201321.7. Helsinki: <a href=\"https:\/\/ropecon.fi\/\">Ropecon<\/a><br \/>7.\u201310.8. Viro: <a href=\"https:\/\/ancalagon.ee\/index.php\/en\/home\">Nordic Equinox<\/a><br \/>15.\u201317.8. Surkeej\u00e4rvi: <a href=\"https:\/\/todellisuudenrajamailla.com\/\">Todellisuuden rajamailla<\/a><br \/>29.\u201331.8. Vihtij\u00e4rvi: <a href=\"https:\/\/vainotapahtumat.fi\/\">Vainovasket<\/a><\/p><p>\u00a0<\/p><p>Do you want to advertise your event here? <a href=\"https:\/\/forms.gle\/5SZNd8QRRshH8tqU7\" target=\"_blank\" rel=\"noopener\">Fill out the form<\/a>and we will contact you.<\/p>\t\t\t\t\t\t\t\t<\/div>\n\t\t\t\t<\/div>\n\t\t\t\t\t<\/div>\n\t\t<\/div>\n\t\t\t\t\t<\/div>\n\t\t<\/section>\n\t\t\t\t<section class=\"elementor-section elementor-top-section elementor-element elementor-element-4533b08 elementor-section-boxed elementor-section-height-default elementor-section-height-default\" data-id=\"4533b08\" data-element_type=\"section\">\n\t\t\t\t\t\t<div class=\"elementor-container elementor-column-gap-default\">\n\t\t\t\t\t<div class=\"elementor-column elementor-col-100 elementor-top-column elementor-element elementor-element-bcfd3d8\" data-id=\"bcfd3d8\" data-element_type=\"column\">\n\t\t\t<div class=\"elementor-widget-wrap elementor-element-populated\">\n\t\t\t\t\t\t<div class=\"elementor-element elementor-element-c361820 elementor-widget elementor-widget-spacer\" data-id=\"c361820\" data-element_type=\"widget\" data-widget_type=\"spacer.default\">\n\t\t\t\t<div class=\"elementor-widget-container\">\n\t\t\t\t\t\t\t<div class=\"elementor-spacer\">\n\t\t\t<div class=\"elementor-spacer-inner\"><\/div>\n\t\t<\/div>\n\t\t\t\t\t\t<\/div>\n\t\t\t\t<\/div>\n\t\t\t\t<div class=\"elementor-element elementor-element-c33a8b5 elementor-widget elementor-widget-heading\" data-id=\"c33a8b5\" data-element_type=\"widget\" data-widget_type=\"heading.default\">\n\t\t\t\t<div class=\"elementor-widget-container\">\n\t\t\t\t\t<h2 class=\"elementor-heading-title elementor-size-default\">Past Sotahuutos<\/h2>\t\t\t\t<\/div>\n\t\t\t\t<\/div>\n\t\t\t\t\t<\/div>\n\t\t<\/div>\n\t\t\t\t\t<\/div>\n\t\t<\/section>\n\t\t\t\t<section class=\"elementor-section elementor-top-section elementor-element elementor-element-7ec14ae elementor-section-boxed elementor-section-height-default elementor-section-height-default\" data-id=\"7ec14ae\" data-element_type=\"section\">\n\t\t\t\t\t\t<div class=\"elementor-container elementor-column-gap-default\">\n\t\t\t\t\t<div class=\"elementor-column elementor-col-100 elementor-top-column elementor-element elementor-element-313a492\" data-id=\"313a492\" data-element_type=\"column\">\n\t\t\t<div class=\"elementor-widget-wrap elementor-element-populated\">\n\t\t\t\t\t\t<div class=\"elementor-element elementor-element-d579614 elementor-widget elementor-widget-text-editor\" data-id=\"d579614\" data-element_type=\"widget\" data-widget_type=\"text-editor.default\">\n\t\t\t\t<div class=\"elementor-widget-container\">\n\t\t\t\t\t\t\t\t\t<p>If you are interested in the long history of our event <a href=\"https:\/\/sotahuuto.fi\/en\/aiemmat-sotahuudot\/\">read the page dedicated to past Sotahuutos.<\/a><\/p>\t\t\t\t\t\t\t\t<\/div>\n\t\t\t\t<\/div>\n\t\t\t\t\t<\/div>\n\t\t<\/div>\n\t\t\t\t\t<\/div>\n\t\t<\/section>\n\t\t\t\t<\/div>","protected":false},"excerpt":{"rendered":"<div class=\"entry-summary\">\nSotahuutoa pidet\u00e4\u00e4n yleisesti ottaen pehmomiekkailun kattotapahtumana. On kuitenkin monenlaisia tapoja harrastaa pehmomiekkailua ja t\u00e4m\u00e4 n\u00e4kyy my\u00f6s siin\u00e4, ett\u00e4 pitkin vuotta&hellip;\n<\/div>\n<div class=\"link-more\"><a href=\"https:\/\/sotahuuto.fi\/en\/muut-tapahtumat\/\" class=\"more-link\">Continue reading<span class=\"screen-reader-text\"> &ldquo;Muut tapahtumat&rdquo;<\/span>&hellip;<\/a><\/div>","protected":false},"author":6,"featured_media":0,"parent":0,"menu_order":0,"comment_status":"closed","ping_status":"closed","template":"","meta":{"footnotes":""},"yoast_head":"<!-- This site is optimized with the Yoast SEO plugin v24.5 - https:\/\/yoast.com\/wordpress\/plugins\/seo\/ -->\n<title>Muut tapahtumat - Sotahuuto<\/title>\n<meta name=\"description\" content=\"Vuoden aikana j\u00e4rjestet\u00e4\u00e4n paljon erilaisia pehmomiekkailutapahtumia! Tutustu kiinnostaviin tapahtumiin t\u00e4ll\u00e4 sivulla.\" \/>\n<meta name=\"robots\" content=\"index, follow, max-snippet:-1, max-image-preview:large, max-video-preview:-1\" \/>\n<link rel=\"canonical\" href=\"https:\/\/sotahuuto.fi\/en\/muut-tapahtumat\/\" \/>\n<meta property=\"og:locale\" content=\"en_GB\" \/>\n<meta property=\"og:type\" content=\"article\" \/>\n<meta property=\"og:title\" content=\"Muut tapahtumat - Sotahuuto\" \/>\n<meta property=\"og:description\" content=\"Vuoden aikana j\u00e4rjestet\u00e4\u00e4n paljon erilaisia pehmomiekkailutapahtumia! Tutustu kiinnostaviin tapahtumiin t\u00e4ll\u00e4 sivulla.\" \/>\n<meta property=\"og:url\" content=\"https:\/\/sotahuuto.fi\/en\/muut-tapahtumat\/\" \/>\n<meta property=\"og:site_name\" content=\"Sotahuuto\" \/>\n<meta property=\"article:publisher\" content=\"https:\/\/www.facebook.com\/profile.php?id=100054630571001\" \/>\n<meta property=\"article:modified_time\" content=\"2025-01-30T13:26:04+00:00\" \/>\n<meta property=\"og:image\" content=\"https:\/\/sotahuuto.fi\/wp-content\/uploads\/2023\/02\/Muut-tapahtumat.jpg\" \/>\n\t<meta property=\"og:image:width\" content=\"1024\" \/>\n\t<meta property=\"og:image:height\" content=\"684\" \/>\n\t<meta property=\"og:image:type\" content=\"image\/jpeg\" \/>\n<meta name=\"twitter:card\" content=\"summary_large_image\" \/>\n<meta name=\"twitter:label1\" content=\"Estimated reading time\" \/>\n\t<meta name=\"twitter:data1\" content=\"1 minute\" \/>\n<script type=\"application\/ld+json\" class=\"yoast-schema-graph\">{\"@context\":\"https:\/\/schema.org\",\"@graph\":[{\"@type\":\"WebPage\",\"@id\":\"https:\/\/sotahuuto.fi\/muut-tapahtumat\/\",\"url\":\"https:\/\/sotahuuto.fi\/muut-tapahtumat\/\",\"name\":\"Muut tapahtumat - Sotahuuto\",\"isPartOf\":{\"@id\":\"https:\/\/sotahuuto.fi\/#website\"},\"primaryImageOfPage\":{\"@id\":\"https:\/\/sotahuuto.fi\/muut-tapahtumat\/#primaryimage\"},\"image\":{\"@id\":\"https:\/\/sotahuuto.fi\/muut-tapahtumat\/#primaryimage\"},\"thumbnailUrl\":\"https:\/\/sotahuuto.fi\/wp-content\/uploads\/2023\/02\/Muut-tapahtumat.jpg\",\"datePublished\":\"2023-02-26T18:46:04+00:00\",\"dateModified\":\"2025-01-30T13:26:04+00:00\",\"description\":\"Vuoden aikana j\u00e4rjestet\u00e4\u00e4n paljon erilaisia pehmomiekkailutapahtumia! Tutustu kiinnostaviin tapahtumiin t\u00e4ll\u00e4 sivulla.\",\"breadcrumb\":{\"@id\":\"https:\/\/sotahuuto.fi\/muut-tapahtumat\/#breadcrumb\"},\"inLanguage\":\"en-GB\",\"potentialAction\":[{\"@type\":\"ReadAction\",\"target\":[\"https:\/\/sotahuuto.fi\/muut-tapahtumat\/\"]}]},{\"@type\":\"ImageObject\",\"inLanguage\":\"en-GB\",\"@id\":\"https:\/\/sotahuuto.fi\/muut-tapahtumat\/#primaryimage\",\"url\":\"https:\/\/sotahuuto.fi\/wp-content\/uploads\/2023\/02\/Muut-tapahtumat.jpg\",\"contentUrl\":\"https:\/\/sotahuuto.fi\/wp-content\/uploads\/2023\/02\/Muut-tapahtumat.jpg\"},{\"@type\":\"BreadcrumbList\",\"@id\":\"https:\/\/sotahuuto.fi\/muut-tapahtumat\/#breadcrumb\",\"itemListElement\":[{\"@type\":\"ListItem\",\"position\":1,\"name\":\"Home\",\"item\":\"https:\/\/sotahuuto.fi\/\"},{\"@type\":\"ListItem\",\"position\":2,\"name\":\"Muut tapahtumat\"}]},{\"@type\":\"WebSite\",\"@id\":\"https:\/\/sotahuuto.fi\/#website\",\"url\":\"https:\/\/sotahuuto.fi\/\",\"name\":\"Sotahuuto\",\"description\":\"10.-12.07.2026 | Rekolan tila, Orivesi\",\"publisher\":{\"@id\":\"https:\/\/sotahuuto.fi\/#organization\"},\"alternateName\":\"SoHu\",\"potentialAction\":[{\"@type\":\"SearchAction\",\"target\":{\"@type\":\"EntryPoint\",\"urlTemplate\":\"https:\/\/sotahuuto.fi\/?s={search_term_string}\"},\"query-input\":{\"@type\":\"PropertyValueSpecification\",\"valueRequired\":true,\"valueName\":\"search_term_string\"}}],\"inLanguage\":\"en-GB\"},{\"@type\":\"Organization\",\"@id\":\"https:\/\/sotahuuto.fi\/#organization\",\"name\":\"Sotahuuto\",\"alternateName\":\"SoHu\",\"url\":\"https:\/\/sotahuuto.fi\/\",\"logo\":{\"@type\":\"ImageObject\",\"inLanguage\":\"en-GB\",\"@id\":\"https:\/\/sotahuuto.fi\/#\/schema\/logo\/image\/\",\"url\":\"https:\/\/sotahuuto.fi\/wp-content\/uploads\/2022\/03\/cropped-cropped2-sotahuuto.jpg\",\"contentUrl\":\"https:\/\/sotahuuto.fi\/wp-content\/uploads\/2022\/03\/cropped-cropped2-sotahuuto.jpg\",\"width\":512,\"height\":512,\"caption\":\"Sotahuuto\"},\"image\":{\"@id\":\"https:\/\/sotahuuto.fi\/#\/schema\/logo\/image\/\"},\"sameAs\":[\"https:\/\/www.facebook.com\/profile.php?id=100054630571001\",\"https:\/\/www.youtube.com\/@sotahuutoboffaustapahtuma4558\"]}]}<\/script>\n<!-- \/ Yoast SEO plugin. -->","yoast_head_json":{"title":"Muut tapahtumat - Sotahuuto","description":"Vuoden aikana j\u00e4rjestet\u00e4\u00e4n paljon erilaisia pehmomiekkailutapahtumia! Tutustu kiinnostaviin tapahtumiin t\u00e4ll\u00e4 sivulla.","robots":{"index":"index","follow":"follow","max-snippet":"max-snippet:-1","max-image-preview":"max-image-preview:large","max-video-preview":"max-video-preview:-1"},"canonical":"https:\/\/sotahuuto.fi\/en\/muut-tapahtumat\/","og_locale":"en_GB","og_type":"article","og_title":"Muut tapahtumat - Sotahuuto","og_description":"Vuoden aikana j\u00e4rjestet\u00e4\u00e4n paljon erilaisia pehmomiekkailutapahtumia! Tutustu kiinnostaviin tapahtumiin t\u00e4ll\u00e4 sivulla.","og_url":"https:\/\/sotahuuto.fi\/en\/muut-tapahtumat\/","og_site_name":"Sotahuuto","article_publisher":"https:\/\/www.facebook.com\/profile.php?id=100054630571001","article_modified_time":"2025-01-30T13:26:04+00:00","og_image":[{"width":1024,"height":684,"url":"https:\/\/sotahuuto.fi\/wp-content\/uploads\/2023\/02\/Muut-tapahtumat.jpg","type":"image\/jpeg"}],"twitter_card":"summary_large_image","twitter_misc":{"Estimated reading time":"1 minute"},"schema":{"@context":"https:\/\/schema.org","@graph":[{"@type":"WebPage","@id":"https:\/\/sotahuuto.fi\/muut-tapahtumat\/","url":"https:\/\/sotahuuto.fi\/muut-tapahtumat\/","name":"Muut tapahtumat - Sotahuuto","isPartOf":{"@id":"https:\/\/sotahuuto.fi\/#website"},"primaryImageOfPage":{"@id":"https:\/\/sotahuuto.fi\/muut-tapahtumat\/#primaryimage"},"image":{"@id":"https:\/\/sotahuuto.fi\/muut-tapahtumat\/#primaryimage"},"thumbnailUrl":"https:\/\/sotahuuto.fi\/wp-content\/uploads\/2023\/02\/Muut-tapahtumat.jpg","datePublished":"2023-02-26T18:46:04+00:00","dateModified":"2025-01-30T13:26:04+00:00","description":"Vuoden aikana j\u00e4rjestet\u00e4\u00e4n paljon erilaisia pehmomiekkailutapahtumia! Tutustu kiinnostaviin tapahtumiin t\u00e4ll\u00e4 sivulla.","breadcrumb":{"@id":"https:\/\/sotahuuto.fi\/muut-tapahtumat\/#breadcrumb"},"inLanguage":"en-GB","potentialAction":[{"@type":"ReadAction","target":["https:\/\/sotahuuto.fi\/muut-tapahtumat\/"]}]},{"@type":"ImageObject","inLanguage":"en-GB","@id":"https:\/\/sotahuuto.fi\/muut-tapahtumat\/#primaryimage","url":"https:\/\/sotahuuto.fi\/wp-content\/uploads\/2023\/02\/Muut-tapahtumat.jpg","contentUrl":"https:\/\/sotahuuto.fi\/wp-content\/uploads\/2023\/02\/Muut-tapahtumat.jpg"},{"@type":"BreadcrumbList","@id":"https:\/\/sotahuuto.fi\/muut-tapahtumat\/#breadcrumb","itemListElement":[{"@type":"ListItem","position":1,"name":"Home","item":"https:\/\/sotahuuto.fi\/"},{"@type":"ListItem","position":2,"name":"Muut tapahtumat"}]},{"@type":"WebSite","@id":"https:\/\/sotahuuto.fi\/#website","url":"https:\/\/sotahuuto.fi\/","name":"Sotahuuto, \"War cry\",","description":"10.-12.07.2026 | Rekolan tila, Orivesi","publisher":{"@id":"https:\/\/sotahuuto.fi\/#organization"},"alternateName":"SoHu","potentialAction":[{"@type":"SearchAction","target":{"@type":"EntryPoint","urlTemplate":"https:\/\/sotahuuto.fi\/?s={search_term_string}"},"query-input":{"@type":"PropertyValueSpecification","valueRequired":true,"valueName":"search_term_string"}}],"inLanguage":"en-GB"},{"@type":"Organization","@id":"https:\/\/sotahuuto.fi\/#organization","name":"Sotahuuto, \"War cry\",","alternateName":"SoHu","url":"https:\/\/sotahuuto.fi\/","logo":{"@type":"ImageObject","inLanguage":"en-GB","@id":"https:\/\/sotahuuto.fi\/#\/schema\/logo\/image\/","url":"https:\/\/sotahuuto.fi\/wp-content\/uploads\/2022\/03\/cropped-cropped2-sotahuuto.jpg","contentUrl":"https:\/\/sotahuuto.fi\/wp-content\/uploads\/2022\/03\/cropped-cropped2-sotahuuto.jpg","width":512,"height":512,"caption":"Sotahuuto"},"image":{"@id":"https:\/\/sotahuuto.fi\/#\/schema\/logo\/image\/"},"sameAs":["https:\/\/www.facebook.com\/profile.php?id=100054630571001","https:\/\/www.youtube.com\/@sotahuutoboffaustapahtuma4558"]}]}},"jetpack_sharing_enabled":true,"_links":{"self":[{"href":"https:\/\/sotahuuto.fi\/en\/wp-json\/wp\/v2\/pages\/1628"}],"collection":[{"href":"https:\/\/sotahuuto.fi\/en\/wp-json\/wp\/v2\/pages"}],"about":[{"href":"https:\/\/sotahuuto.fi\/en\/wp-json\/wp\/v2\/types\/page"}],"author":[{"embeddable":true,"href":"https:\/\/sotahuuto.fi\/en\/wp-json\/wp\/v2\/users\/6"}],"replies":[{"embeddable":true,"href":"https:\/\/sotahuuto.fi\/en\/wp-json\/wp\/v2\/comments?post=1628"}],"version-history":[{"count":18,"href":"https:\/\/sotahuuto.fi\/en\/wp-json\/wp\/v2\/pages\/1628\/revisions"}],"predecessor-version":[{"id":5095,"href":"https:\/\/sotahuuto.fi\/en\/wp-json\/wp\/v2\/pages\/1628\/revisions\/5095"}],"wp:attachment":[{"href":"https:\/\/sotahuuto.fi\/en\/wp-json\/wp\/v2\/media?parent=1628"}],"curies":[{"name":"wp","href":"https:\/\/api.w.org\/{rel}","templated":true}]}}