{"id":1652,"date":"2023-02-27T12:43:32","date_gmt":"2023-02-27T10:43:32","guid":{"rendered":"https:\/\/sotahuuto.fi\/?page_id=1652"},"modified":"2025-01-30T17:38:07","modified_gmt":"2025-01-30T15:38:07","slug":"hornankattila-tapahtumat","status":"publish","type":"page","link":"https:\/\/sotahuuto.fi\/en\/hornankattila-tapahtumat\/","title":{"rendered":"Hornankattila"},"content":{"rendered":"<div data-elementor-type=\"wp-page\" data-elementor-id=\"1652\" class=\"elementor elementor-1652\">\n\t\t\t\t\t\t<section class=\"elementor-section elementor-top-section elementor-element elementor-element-cbedb4e elementor-section-boxed elementor-section-height-default elementor-section-height-default\" data-id=\"cbedb4e\" data-element_type=\"section\">\n\t\t\t\t\t\t<div class=\"elementor-container elementor-column-gap-default\">\n\t\t\t\t\t<div class=\"elementor-column elementor-col-100 elementor-top-column elementor-element elementor-element-58018e8\" data-id=\"58018e8\" data-element_type=\"column\">\n\t\t\t<div class=\"elementor-widget-wrap elementor-element-populated\">\n\t\t\t\t\t\t<div class=\"elementor-element elementor-element-c946ec7 elementor-widget elementor-widget-image\" data-id=\"c946ec7\" data-element_type=\"widget\" data-widget_type=\"image.default\">\n\t\t\t\t<div class=\"elementor-widget-container\">\n\t\t\t\t\t\t\t\t\t\t\t\t\t\t\t<img fetchpriority=\"high\" decoding=\"async\" width=\"1024\" height=\"683\" src=\"https:\/\/sotahuuto.fi\/wp-content\/uploads\/2023\/02\/Hornankattila-1-1024x683.jpg\" class=\"attachment-large size-large wp-image-1655\" alt=\"Pehmomiekkailua Hornankattila-tapahtumassa\" srcset=\"https:\/\/sotahuuto.fi\/wp-content\/uploads\/2023\/02\/Hornankattila-1-1024x683.jpg 1024w, https:\/\/sotahuuto.fi\/wp-content\/uploads\/2023\/02\/Hornankattila-1-300x200.jpg 300w, https:\/\/sotahuuto.fi\/wp-content\/uploads\/2023\/02\/Hornankattila-1-768x512.jpg 768w, https:\/\/sotahuuto.fi\/wp-content\/uploads\/2023\/02\/Hornankattila-1-1536x1024.jpg 1536w, https:\/\/sotahuuto.fi\/wp-content\/uploads\/2023\/02\/Hornankattila-1.jpg 2048w\" sizes=\"(max-width: 1024px) 100vw, 1024px\" \/>\t\t\t\t\t\t\t\t\t\t\t\t\t\t\t<\/div>\n\t\t\t\t<\/div>\n\t\t\t\t\t<\/div>\n\t\t<\/div>\n\t\t\t\t\t<\/div>\n\t\t<\/section>\n\t\t\t\t<section class=\"elementor-section elementor-top-section elementor-element elementor-element-dfa6493 elementor-section-boxed elementor-section-height-default elementor-section-height-default\" data-id=\"dfa6493\" data-element_type=\"section\">\n\t\t\t\t\t\t<div class=\"elementor-container elementor-column-gap-default\">\n\t\t\t\t\t<div class=\"elementor-column elementor-col-100 elementor-top-column elementor-element elementor-element-8401792\" data-id=\"8401792\" data-element_type=\"column\">\n\t\t\t<div class=\"elementor-widget-wrap elementor-element-populated\">\n\t\t\t\t\t\t<div class=\"elementor-element elementor-element-d8396b8 elementor-widget elementor-widget-text-editor\" data-id=\"d8396b8\" data-element_type=\"widget\" data-widget_type=\"text-editor.default\">\n\t\t\t\t<div class=\"elementor-widget-container\">\n\t\t\t\t\t\t\t\t\t<p><em><span style=\"font-weight: 400;\">Kuva: Aila Henriksson\u00a0<\/span><\/em><\/p><p>\u00a0<\/p><p><span style=\"font-weight: 400;\">Hornankattila events are one-day soft combat events that offer intense battles, a taste of competition, and the opportunity to practice fighting both as an individual and as a group.\u00a0<\/span><\/p><p>\u00a0<\/p><p><span style=\"font-weight: 400;\">Hornankattila VI j\u00e4rjestet\u00e4\u00e4n 26.11.2022 Hyvink\u00e4\u00e4ll\u00e4. Tulevista Hornankattiloista tiedotetaan <a href=\"https:\/\/boffaus.fi\/tapahtumat\/\">Boffaus.fiss\u00e4<\/a> and <a href=\"https:\/\/www.facebook.com\/Hornankattilat\">Facebook page<\/a>.<\/span><\/p>\t\t\t\t\t\t\t\t<\/div>\n\t\t\t\t<\/div>\n\t\t\t\t\t<\/div>\n\t\t<\/div>\n\t\t\t\t\t<\/div>\n\t\t<\/section>\n\t\t\t\t<\/div>","protected":false},"excerpt":{"rendered":"<div class=\"entry-summary\">\nKuva: Aila Henriksson\u00a0 \u00a0 Hornankattilat ovat yksip\u00e4iv\u00e4isi\u00e4 pehmomiekkailutapahtumia, jotka tarjoavat osallistujilleen tiukkoja taisteluja, kilpailun makua ja mahdollisuuden harjoitella sek\u00e4 yksil\u00f6-&hellip;\n<\/div>\n<div class=\"link-more\"><a href=\"https:\/\/sotahuuto.fi\/en\/hornankattila-tapahtumat\/\" class=\"more-link\">Continue reading<span class=\"screen-reader-text\"> &ldquo;Hornankattila&rdquo;<\/span>&hellip;<\/a><\/div>","protected":false},"author":7,"featured_media":0,"parent":0,"menu_order":0,"comment_status":"closed","ping_status":"closed","template":"","meta":{"footnotes":""},"yoast_head":"<!-- This site is optimized with the Yoast SEO plugin v24.5 - https:\/\/yoast.com\/wordpress\/plugins\/seo\/ -->\n<title>Hornankattila - Sotahuuto<\/title>\n<meta name=\"description\" content=\"Hornankattilat ovat toistuvia pehmomiekkailutapahtumia, joissa osallistujat voivat harjoitella yksin tai ryhmiss\u00e4\" \/>\n<meta name=\"robots\" content=\"index, follow, max-snippet:-1, max-image-preview:large, max-video-preview:-1\" \/>\n<link rel=\"canonical\" href=\"https:\/\/sotahuuto.fi\/en\/hornankattila-tapahtumat\/\" \/>\n<meta property=\"og:locale\" content=\"en_GB\" \/>\n<meta property=\"og:type\" content=\"article\" \/>\n<meta property=\"og:title\" content=\"Hornankattila - Sotahuuto\" \/>\n<meta property=\"og:description\" content=\"Hornankattilat ovat toistuvia pehmomiekkailutapahtumia, joissa osallistujat voivat harjoitella yksin tai ryhmiss\u00e4\" \/>\n<meta property=\"og:url\" content=\"https:\/\/sotahuuto.fi\/en\/hornankattila-tapahtumat\/\" \/>\n<meta property=\"og:site_name\" content=\"Sotahuuto\" \/>\n<meta property=\"article:publisher\" content=\"https:\/\/www.facebook.com\/profile.php?id=100054630571001\" \/>\n<meta property=\"article:modified_time\" content=\"2025-01-30T15:38:07+00:00\" \/>\n<meta property=\"og:image\" content=\"https:\/\/sotahuuto.fi\/wp-content\/uploads\/2023\/02\/Hornankattila-1.jpg\" \/>\n\t<meta property=\"og:image:width\" content=\"2048\" \/>\n\t<meta property=\"og:image:height\" content=\"1365\" \/>\n\t<meta property=\"og:image:type\" content=\"image\/jpeg\" \/>\n<meta name=\"twitter:card\" content=\"summary_large_image\" \/>\n<meta name=\"twitter:label1\" content=\"Estimated reading time\" \/>\n\t<meta name=\"twitter:data1\" content=\"1 minute\" \/>\n<script type=\"application\/ld+json\" class=\"yoast-schema-graph\">{\"@context\":\"https:\/\/schema.org\",\"@graph\":[{\"@type\":\"WebPage\",\"@id\":\"https:\/\/sotahuuto.fi\/hornankattila-tapahtumat\/\",\"url\":\"https:\/\/sotahuuto.fi\/hornankattila-tapahtumat\/\",\"name\":\"Hornankattila - Sotahuuto\",\"isPartOf\":{\"@id\":\"https:\/\/sotahuuto.fi\/#website\"},\"primaryImageOfPage\":{\"@id\":\"https:\/\/sotahuuto.fi\/hornankattila-tapahtumat\/#primaryimage\"},\"image\":{\"@id\":\"https:\/\/sotahuuto.fi\/hornankattila-tapahtumat\/#primaryimage\"},\"thumbnailUrl\":\"https:\/\/sotahuuto.fi\/wp-content\/uploads\/2023\/02\/Hornankattila-1-1024x683.jpg\",\"datePublished\":\"2023-02-27T10:43:32+00:00\",\"dateModified\":\"2025-01-30T15:38:07+00:00\",\"description\":\"Hornankattilat ovat toistuvia pehmomiekkailutapahtumia, joissa osallistujat voivat harjoitella yksin tai ryhmiss\u00e4\",\"breadcrumb\":{\"@id\":\"https:\/\/sotahuuto.fi\/hornankattila-tapahtumat\/#breadcrumb\"},\"inLanguage\":\"en-GB\",\"potentialAction\":[{\"@type\":\"ReadAction\",\"target\":[\"https:\/\/sotahuuto.fi\/hornankattila-tapahtumat\/\"]}]},{\"@type\":\"ImageObject\",\"inLanguage\":\"en-GB\",\"@id\":\"https:\/\/sotahuuto.fi\/hornankattila-tapahtumat\/#primaryimage\",\"url\":\"https:\/\/sotahuuto.fi\/wp-content\/uploads\/2023\/02\/Hornankattila-1-1024x683.jpg\",\"contentUrl\":\"https:\/\/sotahuuto.fi\/wp-content\/uploads\/2023\/02\/Hornankattila-1-1024x683.jpg\"},{\"@type\":\"BreadcrumbList\",\"@id\":\"https:\/\/sotahuuto.fi\/hornankattila-tapahtumat\/#breadcrumb\",\"itemListElement\":[{\"@type\":\"ListItem\",\"position\":1,\"name\":\"Home\",\"item\":\"https:\/\/sotahuuto.fi\/\"},{\"@type\":\"ListItem\",\"position\":2,\"name\":\"Hornankattila\"}]},{\"@type\":\"WebSite\",\"@id\":\"https:\/\/sotahuuto.fi\/#website\",\"url\":\"https:\/\/sotahuuto.fi\/\",\"name\":\"Sotahuuto\",\"description\":\"10.-12.07.2026 | Rekolan tila, Orivesi\",\"publisher\":{\"@id\":\"https:\/\/sotahuuto.fi\/#organization\"},\"alternateName\":\"SoHu\",\"potentialAction\":[{\"@type\":\"SearchAction\",\"target\":{\"@type\":\"EntryPoint\",\"urlTemplate\":\"https:\/\/sotahuuto.fi\/?s={search_term_string}\"},\"query-input\":{\"@type\":\"PropertyValueSpecification\",\"valueRequired\":true,\"valueName\":\"search_term_string\"}}],\"inLanguage\":\"en-GB\"},{\"@type\":\"Organization\",\"@id\":\"https:\/\/sotahuuto.fi\/#organization\",\"name\":\"Sotahuuto\",\"alternateName\":\"SoHu\",\"url\":\"https:\/\/sotahuuto.fi\/\",\"logo\":{\"@type\":\"ImageObject\",\"inLanguage\":\"en-GB\",\"@id\":\"https:\/\/sotahuuto.fi\/#\/schema\/logo\/image\/\",\"url\":\"https:\/\/sotahuuto.fi\/wp-content\/uploads\/2022\/03\/cropped-cropped2-sotahuuto.jpg\",\"contentUrl\":\"https:\/\/sotahuuto.fi\/wp-content\/uploads\/2022\/03\/cropped-cropped2-sotahuuto.jpg\",\"width\":512,\"height\":512,\"caption\":\"Sotahuuto\"},\"image\":{\"@id\":\"https:\/\/sotahuuto.fi\/#\/schema\/logo\/image\/\"},\"sameAs\":[\"https:\/\/www.facebook.com\/profile.php?id=100054630571001\",\"https:\/\/www.youtube.com\/@sotahuutoboffaustapahtuma4558\"]}]}<\/script>\n<!-- \/ Yoast SEO plugin. -->","yoast_head_json":{"title":"Hornankattila - Sotahuuto","description":"Hornankattilat ovat toistuvia pehmomiekkailutapahtumia, joissa osallistujat voivat harjoitella yksin tai ryhmiss\u00e4","robots":{"index":"index","follow":"follow","max-snippet":"max-snippet:-1","max-image-preview":"max-image-preview:large","max-video-preview":"max-video-preview:-1"},"canonical":"https:\/\/sotahuuto.fi\/en\/hornankattila-tapahtumat\/","og_locale":"en_GB","og_type":"article","og_title":"Hornankattila - Sotahuuto","og_description":"Hornankattilat ovat toistuvia pehmomiekkailutapahtumia, joissa osallistujat voivat harjoitella yksin tai ryhmiss\u00e4","og_url":"https:\/\/sotahuuto.fi\/en\/hornankattila-tapahtumat\/","og_site_name":"Sotahuuto","article_publisher":"https:\/\/www.facebook.com\/profile.php?id=100054630571001","article_modified_time":"2025-01-30T15:38:07+00:00","og_image":[{"width":2048,"height":1365,"url":"https:\/\/sotahuuto.fi\/wp-content\/uploads\/2023\/02\/Hornankattila-1.jpg","type":"image\/jpeg"}],"twitter_card":"summary_large_image","twitter_misc":{"Estimated reading time":"1 minute"},"schema":{"@context":"https:\/\/schema.org","@graph":[{"@type":"WebPage","@id":"https:\/\/sotahuuto.fi\/hornankattila-tapahtumat\/","url":"https:\/\/sotahuuto.fi\/hornankattila-tapahtumat\/","name":"Hornankattila - Sotahuuto","isPartOf":{"@id":"https:\/\/sotahuuto.fi\/#website"},"primaryImageOfPage":{"@id":"https:\/\/sotahuuto.fi\/hornankattila-tapahtumat\/#primaryimage"},"image":{"@id":"https:\/\/sotahuuto.fi\/hornankattila-tapahtumat\/#primaryimage"},"thumbnailUrl":"https:\/\/sotahuuto.fi\/wp-content\/uploads\/2023\/02\/Hornankattila-1-1024x683.jpg","datePublished":"2023-02-27T10:43:32+00:00","dateModified":"2025-01-30T15:38:07+00:00","description":"Hornankattilat ovat toistuvia pehmomiekkailutapahtumia, joissa osallistujat voivat harjoitella yksin tai ryhmiss\u00e4","breadcrumb":{"@id":"https:\/\/sotahuuto.fi\/hornankattila-tapahtumat\/#breadcrumb"},"inLanguage":"en-GB","potentialAction":[{"@type":"ReadAction","target":["https:\/\/sotahuuto.fi\/hornankattila-tapahtumat\/"]}]},{"@type":"ImageObject","inLanguage":"en-GB","@id":"https:\/\/sotahuuto.fi\/hornankattila-tapahtumat\/#primaryimage","url":"https:\/\/sotahuuto.fi\/wp-content\/uploads\/2023\/02\/Hornankattila-1-1024x683.jpg","contentUrl":"https:\/\/sotahuuto.fi\/wp-content\/uploads\/2023\/02\/Hornankattila-1-1024x683.jpg"},{"@type":"BreadcrumbList","@id":"https:\/\/sotahuuto.fi\/hornankattila-tapahtumat\/#breadcrumb","itemListElement":[{"@type":"ListItem","position":1,"name":"Home","item":"https:\/\/sotahuuto.fi\/"},{"@type":"ListItem","position":2,"name":"Hornankattila"}]},{"@type":"WebSite","@id":"https:\/\/sotahuuto.fi\/#website","url":"https:\/\/sotahuuto.fi\/","name":"Sotahuuto, \"War cry\",","description":"10.-12.07.2026 | Rekolan tila, Orivesi","publisher":{"@id":"https:\/\/sotahuuto.fi\/#organization"},"alternateName":"SoHu","potentialAction":[{"@type":"SearchAction","target":{"@type":"EntryPoint","urlTemplate":"https:\/\/sotahuuto.fi\/?s={search_term_string}"},"query-input":{"@type":"PropertyValueSpecification","valueRequired":true,"valueName":"search_term_string"}}],"inLanguage":"en-GB"},{"@type":"Organization","@id":"https:\/\/sotahuuto.fi\/#organization","name":"Sotahuuto, \"War cry\",","alternateName":"SoHu","url":"https:\/\/sotahuuto.fi\/","logo":{"@type":"ImageObject","inLanguage":"en-GB","@id":"https:\/\/sotahuuto.fi\/#\/schema\/logo\/image\/","url":"https:\/\/sotahuuto.fi\/wp-content\/uploads\/2022\/03\/cropped-cropped2-sotahuuto.jpg","contentUrl":"https:\/\/sotahuuto.fi\/wp-content\/uploads\/2022\/03\/cropped-cropped2-sotahuuto.jpg","width":512,"height":512,"caption":"Sotahuuto"},"image":{"@id":"https:\/\/sotahuuto.fi\/#\/schema\/logo\/image\/"},"sameAs":["https:\/\/www.facebook.com\/profile.php?id=100054630571001","https:\/\/www.youtube.com\/@sotahuutoboffaustapahtuma4558"]}]}},"jetpack_sharing_enabled":true,"_links":{"self":[{"href":"https:\/\/sotahuuto.fi\/en\/wp-json\/wp\/v2\/pages\/1652"}],"collection":[{"href":"https:\/\/sotahuuto.fi\/en\/wp-json\/wp\/v2\/pages"}],"about":[{"href":"https:\/\/sotahuuto.fi\/en\/wp-json\/wp\/v2\/types\/page"}],"author":[{"embeddable":true,"href":"https:\/\/sotahuuto.fi\/en\/wp-json\/wp\/v2\/users\/7"}],"replies":[{"embeddable":true,"href":"https:\/\/sotahuuto.fi\/en\/wp-json\/wp\/v2\/comments?post=1652"}],"version-history":[{"count":20,"href":"https:\/\/sotahuuto.fi\/en\/wp-json\/wp\/v2\/pages\/1652\/revisions"}],"predecessor-version":[{"id":5103,"href":"https:\/\/sotahuuto.fi\/en\/wp-json\/wp\/v2\/pages\/1652\/revisions\/5103"}],"wp:attachment":[{"href":"https:\/\/sotahuuto.fi\/en\/wp-json\/wp\/v2\/media?parent=1652"}],"curies":[{"name":"wp","href":"https:\/\/api.w.org\/{rel}","templated":true}]}}