{"id":1662,"date":"2023-02-27T12:48:55","date_gmt":"2023-02-27T10:48:55","guid":{"rendered":"https:\/\/sotahuuto.fi\/?page_id=1662"},"modified":"2025-01-30T17:30:02","modified_gmt":"2025-01-30T15:30:02","slug":"minihuuto","status":"publish","type":"page","link":"https:\/\/sotahuuto.fi\/en\/minihuuto\/","title":{"rendered":"Minihuuto"},"content":{"rendered":"<div data-elementor-type=\"wp-page\" data-elementor-id=\"1662\" class=\"elementor elementor-1662\">\n\t\t\t\t\t\t<section class=\"elementor-section elementor-top-section elementor-element elementor-element-1a6128b elementor-section-boxed elementor-section-height-default elementor-section-height-default\" data-id=\"1a6128b\" data-element_type=\"section\">\n\t\t\t\t\t\t<div class=\"elementor-container elementor-column-gap-default\">\n\t\t\t\t\t<div class=\"elementor-column elementor-col-100 elementor-top-column elementor-element elementor-element-6bb8a4e\" data-id=\"6bb8a4e\" data-element_type=\"column\">\n\t\t\t<div class=\"elementor-widget-wrap elementor-element-populated\">\n\t\t\t\t\t\t<div class=\"elementor-element elementor-element-0048c99 elementor-widget elementor-widget-image\" data-id=\"0048c99\" data-element_type=\"widget\" data-widget_type=\"image.default\">\n\t\t\t\t<div class=\"elementor-widget-container\">\n\t\t\t\t\t\t\t\t\t\t\t\t\t\t\t<img fetchpriority=\"high\" decoding=\"async\" width=\"1023\" height=\"683\" src=\"https:\/\/sotahuuto.fi\/wp-content\/uploads\/2023\/02\/Minihuuto-1.jpg\" class=\"attachment-large size-large wp-image-1664\" alt=\"Voittajat iloitsevat palkinnostaan Minihuudossa\" srcset=\"https:\/\/sotahuuto.fi\/wp-content\/uploads\/2023\/02\/Minihuuto-1.jpg 1023w, https:\/\/sotahuuto.fi\/wp-content\/uploads\/2023\/02\/Minihuuto-1-300x200.jpg 300w, https:\/\/sotahuuto.fi\/wp-content\/uploads\/2023\/02\/Minihuuto-1-768x513.jpg 768w\" sizes=\"(max-width: 1023px) 100vw, 1023px\" \/>\t\t\t\t\t\t\t\t\t\t\t\t\t\t\t<\/div>\n\t\t\t\t<\/div>\n\t\t\t\t\t<\/div>\n\t\t<\/div>\n\t\t\t\t\t<\/div>\n\t\t<\/section>\n\t\t\t\t<section class=\"elementor-section elementor-top-section elementor-element elementor-element-1ca00db elementor-section-boxed elementor-section-height-default elementor-section-height-default\" data-id=\"1ca00db\" data-element_type=\"section\">\n\t\t\t\t\t\t<div class=\"elementor-container elementor-column-gap-default\">\n\t\t\t\t\t<div class=\"elementor-column elementor-col-100 elementor-top-column elementor-element elementor-element-ef60b66\" data-id=\"ef60b66\" data-element_type=\"column\">\n\t\t\t<div class=\"elementor-widget-wrap elementor-element-populated\">\n\t\t\t\t\t\t<div class=\"elementor-element elementor-element-f9795c9 elementor-widget elementor-widget-text-editor\" data-id=\"f9795c9\" data-element_type=\"widget\" data-widget_type=\"text-editor.default\">\n\t\t\t\t<div class=\"elementor-widget-container\">\n\t\t\t\t\t\t\t\t\t<p><em>Image: Liisa Salonen<\/em><\/p><p><span style=\"font-weight: 400;\">\u00a0<\/span><\/p><p><span style=\"font-weight: 400;\">Minihuuto on peruskouluik\u00e4isille (7\u201315 v.) suunnattu yhden p\u00e4iv\u00e4n mittainen pehmomiekkailutapahtuma, joka tarjoaa nuorille harrastajille mahdollisuuden kokea suuria kamppailuja turvallisessa ymp\u00e4rist\u00f6ss\u00e4. <\/span><\/p><p>\u00a0<\/p><p><span style=\"font-weight: 400;\"><strong>Minihuuto 2025 j\u00e4rjestet\u00e4\u00e4n 24.5. H\u00e4meenlinnassa.<\/strong> Lis\u00e4tietoja l\u00f6ytyy <a href=\"https:\/\/www.minihuuto.fi\/\">Minihuudon nettisivulta<\/a>.<\/span><\/p><p>\u00a0<\/p><p><span style=\"font-weight: 400;\">Minihuuto 2024 j\u00e4rjestettiin 25.5. H\u00e4meenlinnassa. Tapahtumaan osallistui 150 nuorta boffaajaa ja tapahtuman voitti Vartiokaarti.<\/span><\/p><p><span style=\"font-weight: 400;\">Minihuuto 2023 j\u00e4rjestettiin 27.5. H\u00e4meenlinnassa. Tapahtumaan osallistui 147 nuorta boffaajaa ja mittel\u00f6iden voittajaksi selvisi Maakansa. <\/span>Vuoden 2023 tapahtuman osapuoliin voit tutustua <a href=\"https:\/\/sotahuuto.fi\/en\/mharmeijat\/\">t\u00e4ll\u00e4 sivulla<\/a>.<\/p><p><span style=\"font-weight: 400;\">\u00a0<\/span><\/p><p><span style=\"font-weight: 400;\">Ensimm\u00e4inen Minihuuto j\u00e4rjestettiin vuonna 2022 Yl\u00f6j\u00e4rvell\u00e4. Tapahtumaan osallistui noin 80 innokasta boffaajanalkua. Suuren suosion ja positiivisen palautteen vuoksi tapahtumasta p\u00e4\u00e4tettiin kasvattaa vuosittainen tapahtumasarja.<\/span><\/p>\t\t\t\t\t\t\t\t<\/div>\n\t\t\t\t<\/div>\n\t\t\t\t\t<\/div>\n\t\t<\/div>\n\t\t\t\t\t<\/div>\n\t\t<\/section>\n\t\t\t\t<section class=\"elementor-section elementor-top-section elementor-element elementor-element-acebc29 elementor-section-boxed elementor-section-height-default elementor-section-height-default\" data-id=\"acebc29\" data-element_type=\"section\">\n\t\t\t\t\t\t<div class=\"elementor-container elementor-column-gap-default\">\n\t\t\t\t\t<div class=\"elementor-column elementor-col-100 elementor-top-column elementor-element elementor-element-2b887c6\" data-id=\"2b887c6\" data-element_type=\"column\">\n\t\t\t<div class=\"elementor-widget-wrap\">\n\t\t\t\t\t\t\t<\/div>\n\t\t<\/div>\n\t\t\t\t\t<\/div>\n\t\t<\/section>\n\t\t\t\t<\/div>","protected":false},"excerpt":{"rendered":"<div class=\"entry-summary\">\nKuva: Liisa Salonen \u00a0 Minihuuto on peruskouluik\u00e4isille (7\u201315 v.) suunnattu yhden p\u00e4iv\u00e4n mittainen pehmomiekkailutapahtuma, joka tarjoaa nuorille harrastajille mahdollisuuden kokea&hellip;\n<\/div>\n<div class=\"link-more\"><a href=\"https:\/\/sotahuuto.fi\/en\/minihuuto\/\" class=\"more-link\">Continue reading<span class=\"screen-reader-text\"> &ldquo;Minihuuto&rdquo;<\/span>&hellip;<\/a><\/div>","protected":false},"author":7,"featured_media":0,"parent":0,"menu_order":0,"comment_status":"closed","ping_status":"closed","template":"","meta":{"footnotes":""},"yoast_head":"<!-- This site is optimized with the Yoast SEO plugin v24.5 - https:\/\/yoast.com\/wordpress\/plugins\/seo\/ -->\n<title>Minihuuto - Sotahuuto<\/title>\n<meta name=\"description\" content=\"Minihuuto on peruskouluik\u00e4isille suunnattu pehmomiekkailutapahtuma, jossa p\u00e4\u00e4set kokemaan keskiaikaisen seikkailun turvallisesti!\" \/>\n<meta name=\"robots\" content=\"index, follow, max-snippet:-1, max-image-preview:large, max-video-preview:-1\" \/>\n<link rel=\"canonical\" href=\"https:\/\/sotahuuto.fi\/en\/minihuuto\/\" \/>\n<meta property=\"og:locale\" content=\"en_GB\" \/>\n<meta property=\"og:type\" content=\"article\" \/>\n<meta property=\"og:title\" content=\"Minihuuto - Sotahuuto\" \/>\n<meta property=\"og:description\" content=\"Minihuuto on peruskouluik\u00e4isille suunnattu pehmomiekkailutapahtuma, jossa p\u00e4\u00e4set kokemaan keskiaikaisen seikkailun turvallisesti!\" \/>\n<meta property=\"og:url\" content=\"https:\/\/sotahuuto.fi\/en\/minihuuto\/\" \/>\n<meta property=\"og:site_name\" content=\"Sotahuuto\" \/>\n<meta property=\"article:publisher\" content=\"https:\/\/www.facebook.com\/profile.php?id=100054630571001\" \/>\n<meta property=\"article:modified_time\" content=\"2025-01-30T15:30:02+00:00\" \/>\n<meta property=\"og:image\" content=\"https:\/\/sotahuuto.fi\/wp-content\/uploads\/2023\/02\/Minihuuto-1.jpg\" \/>\n\t<meta property=\"og:image:width\" content=\"1023\" \/>\n\t<meta property=\"og:image:height\" content=\"683\" \/>\n\t<meta property=\"og:image:type\" content=\"image\/jpeg\" \/>\n<meta name=\"twitter:card\" content=\"summary_large_image\" \/>\n<meta name=\"twitter:label1\" content=\"Estimated reading time\" \/>\n\t<meta name=\"twitter:data1\" content=\"1 minute\" \/>\n<script type=\"application\/ld+json\" class=\"yoast-schema-graph\">{\"@context\":\"https:\/\/schema.org\",\"@graph\":[{\"@type\":\"WebPage\",\"@id\":\"https:\/\/sotahuuto.fi\/minihuuto\/\",\"url\":\"https:\/\/sotahuuto.fi\/minihuuto\/\",\"name\":\"Minihuuto - Sotahuuto\",\"isPartOf\":{\"@id\":\"https:\/\/sotahuuto.fi\/#website\"},\"primaryImageOfPage\":{\"@id\":\"https:\/\/sotahuuto.fi\/minihuuto\/#primaryimage\"},\"image\":{\"@id\":\"https:\/\/sotahuuto.fi\/minihuuto\/#primaryimage\"},\"thumbnailUrl\":\"https:\/\/sotahuuto.fi\/wp-content\/uploads\/2023\/02\/Minihuuto-1.jpg\",\"datePublished\":\"2023-02-27T10:48:55+00:00\",\"dateModified\":\"2025-01-30T15:30:02+00:00\",\"description\":\"Minihuuto on peruskouluik\u00e4isille suunnattu pehmomiekkailutapahtuma, jossa p\u00e4\u00e4set kokemaan keskiaikaisen seikkailun turvallisesti!\",\"breadcrumb\":{\"@id\":\"https:\/\/sotahuuto.fi\/minihuuto\/#breadcrumb\"},\"inLanguage\":\"en-GB\",\"potentialAction\":[{\"@type\":\"ReadAction\",\"target\":[\"https:\/\/sotahuuto.fi\/minihuuto\/\"]}]},{\"@type\":\"ImageObject\",\"inLanguage\":\"en-GB\",\"@id\":\"https:\/\/sotahuuto.fi\/minihuuto\/#primaryimage\",\"url\":\"https:\/\/sotahuuto.fi\/wp-content\/uploads\/2023\/02\/Minihuuto-1.jpg\",\"contentUrl\":\"https:\/\/sotahuuto.fi\/wp-content\/uploads\/2023\/02\/Minihuuto-1.jpg\"},{\"@type\":\"BreadcrumbList\",\"@id\":\"https:\/\/sotahuuto.fi\/minihuuto\/#breadcrumb\",\"itemListElement\":[{\"@type\":\"ListItem\",\"position\":1,\"name\":\"Home\",\"item\":\"https:\/\/sotahuuto.fi\/\"},{\"@type\":\"ListItem\",\"position\":2,\"name\":\"Minihuuto\"}]},{\"@type\":\"WebSite\",\"@id\":\"https:\/\/sotahuuto.fi\/#website\",\"url\":\"https:\/\/sotahuuto.fi\/\",\"name\":\"Sotahuuto\",\"description\":\"10.-12.07.2026 | Rekolan tila, Orivesi\",\"publisher\":{\"@id\":\"https:\/\/sotahuuto.fi\/#organization\"},\"alternateName\":\"SoHu\",\"potentialAction\":[{\"@type\":\"SearchAction\",\"target\":{\"@type\":\"EntryPoint\",\"urlTemplate\":\"https:\/\/sotahuuto.fi\/?s={search_term_string}\"},\"query-input\":{\"@type\":\"PropertyValueSpecification\",\"valueRequired\":true,\"valueName\":\"search_term_string\"}}],\"inLanguage\":\"en-GB\"},{\"@type\":\"Organization\",\"@id\":\"https:\/\/sotahuuto.fi\/#organization\",\"name\":\"Sotahuuto\",\"alternateName\":\"SoHu\",\"url\":\"https:\/\/sotahuuto.fi\/\",\"logo\":{\"@type\":\"ImageObject\",\"inLanguage\":\"en-GB\",\"@id\":\"https:\/\/sotahuuto.fi\/#\/schema\/logo\/image\/\",\"url\":\"https:\/\/sotahuuto.fi\/wp-content\/uploads\/2022\/03\/cropped-cropped2-sotahuuto.jpg\",\"contentUrl\":\"https:\/\/sotahuuto.fi\/wp-content\/uploads\/2022\/03\/cropped-cropped2-sotahuuto.jpg\",\"width\":512,\"height\":512,\"caption\":\"Sotahuuto\"},\"image\":{\"@id\":\"https:\/\/sotahuuto.fi\/#\/schema\/logo\/image\/\"},\"sameAs\":[\"https:\/\/www.facebook.com\/profile.php?id=100054630571001\",\"https:\/\/www.youtube.com\/@sotahuutoboffaustapahtuma4558\"]}]}<\/script>\n<!-- \/ Yoast SEO plugin. -->","yoast_head_json":{"title":"Minihuuto - Sotahuuto","description":"Minihuuto on peruskouluik\u00e4isille suunnattu pehmomiekkailutapahtuma, jossa p\u00e4\u00e4set kokemaan keskiaikaisen seikkailun turvallisesti!","robots":{"index":"index","follow":"follow","max-snippet":"max-snippet:-1","max-image-preview":"max-image-preview:large","max-video-preview":"max-video-preview:-1"},"canonical":"https:\/\/sotahuuto.fi\/en\/minihuuto\/","og_locale":"en_GB","og_type":"article","og_title":"Minihuuto - Sotahuuto","og_description":"Minihuuto on peruskouluik\u00e4isille suunnattu pehmomiekkailutapahtuma, jossa p\u00e4\u00e4set kokemaan keskiaikaisen seikkailun turvallisesti!","og_url":"https:\/\/sotahuuto.fi\/en\/minihuuto\/","og_site_name":"Sotahuuto","article_publisher":"https:\/\/www.facebook.com\/profile.php?id=100054630571001","article_modified_time":"2025-01-30T15:30:02+00:00","og_image":[{"width":1023,"height":683,"url":"https:\/\/sotahuuto.fi\/wp-content\/uploads\/2023\/02\/Minihuuto-1.jpg","type":"image\/jpeg"}],"twitter_card":"summary_large_image","twitter_misc":{"Estimated reading time":"1 minute"},"schema":{"@context":"https:\/\/schema.org","@graph":[{"@type":"WebPage","@id":"https:\/\/sotahuuto.fi\/minihuuto\/","url":"https:\/\/sotahuuto.fi\/minihuuto\/","name":"Minihuuto - Sotahuuto","isPartOf":{"@id":"https:\/\/sotahuuto.fi\/#website"},"primaryImageOfPage":{"@id":"https:\/\/sotahuuto.fi\/minihuuto\/#primaryimage"},"image":{"@id":"https:\/\/sotahuuto.fi\/minihuuto\/#primaryimage"},"thumbnailUrl":"https:\/\/sotahuuto.fi\/wp-content\/uploads\/2023\/02\/Minihuuto-1.jpg","datePublished":"2023-02-27T10:48:55+00:00","dateModified":"2025-01-30T15:30:02+00:00","description":"Minihuuto on peruskouluik\u00e4isille suunnattu pehmomiekkailutapahtuma, jossa p\u00e4\u00e4set kokemaan keskiaikaisen seikkailun turvallisesti!","breadcrumb":{"@id":"https:\/\/sotahuuto.fi\/minihuuto\/#breadcrumb"},"inLanguage":"en-GB","potentialAction":[{"@type":"ReadAction","target":["https:\/\/sotahuuto.fi\/minihuuto\/"]}]},{"@type":"ImageObject","inLanguage":"en-GB","@id":"https:\/\/sotahuuto.fi\/minihuuto\/#primaryimage","url":"https:\/\/sotahuuto.fi\/wp-content\/uploads\/2023\/02\/Minihuuto-1.jpg","contentUrl":"https:\/\/sotahuuto.fi\/wp-content\/uploads\/2023\/02\/Minihuuto-1.jpg"},{"@type":"BreadcrumbList","@id":"https:\/\/sotahuuto.fi\/minihuuto\/#breadcrumb","itemListElement":[{"@type":"ListItem","position":1,"name":"Home","item":"https:\/\/sotahuuto.fi\/"},{"@type":"ListItem","position":2,"name":"Minihuuto"}]},{"@type":"WebSite","@id":"https:\/\/sotahuuto.fi\/#website","url":"https:\/\/sotahuuto.fi\/","name":"Sotahuuto, \"War cry\",","description":"10.-12.07.2026 | Rekolan tila, Orivesi","publisher":{"@id":"https:\/\/sotahuuto.fi\/#organization"},"alternateName":"SoHu","potentialAction":[{"@type":"SearchAction","target":{"@type":"EntryPoint","urlTemplate":"https:\/\/sotahuuto.fi\/?s={search_term_string}"},"query-input":{"@type":"PropertyValueSpecification","valueRequired":true,"valueName":"search_term_string"}}],"inLanguage":"en-GB"},{"@type":"Organization","@id":"https:\/\/sotahuuto.fi\/#organization","name":"Sotahuuto, \"War cry\",","alternateName":"SoHu","url":"https:\/\/sotahuuto.fi\/","logo":{"@type":"ImageObject","inLanguage":"en-GB","@id":"https:\/\/sotahuuto.fi\/#\/schema\/logo\/image\/","url":"https:\/\/sotahuuto.fi\/wp-content\/uploads\/2022\/03\/cropped-cropped2-sotahuuto.jpg","contentUrl":"https:\/\/sotahuuto.fi\/wp-content\/uploads\/2022\/03\/cropped-cropped2-sotahuuto.jpg","width":512,"height":512,"caption":"Sotahuuto"},"image":{"@id":"https:\/\/sotahuuto.fi\/#\/schema\/logo\/image\/"},"sameAs":["https:\/\/www.facebook.com\/profile.php?id=100054630571001","https:\/\/www.youtube.com\/@sotahuutoboffaustapahtuma4558"]}]}},"jetpack_sharing_enabled":true,"_links":{"self":[{"href":"https:\/\/sotahuuto.fi\/en\/wp-json\/wp\/v2\/pages\/1662"}],"collection":[{"href":"https:\/\/sotahuuto.fi\/en\/wp-json\/wp\/v2\/pages"}],"about":[{"href":"https:\/\/sotahuuto.fi\/en\/wp-json\/wp\/v2\/types\/page"}],"author":[{"embeddable":true,"href":"https:\/\/sotahuuto.fi\/en\/wp-json\/wp\/v2\/users\/7"}],"replies":[{"embeddable":true,"href":"https:\/\/sotahuuto.fi\/en\/wp-json\/wp\/v2\/comments?post=1662"}],"version-history":[{"count":60,"href":"https:\/\/sotahuuto.fi\/en\/wp-json\/wp\/v2\/pages\/1662\/revisions"}],"predecessor-version":[{"id":5098,"href":"https:\/\/sotahuuto.fi\/en\/wp-json\/wp\/v2\/pages\/1662\/revisions\/5098"}],"wp:attachment":[{"href":"https:\/\/sotahuuto.fi\/en\/wp-json\/wp\/v2\/media?parent=1662"}],"curies":[{"name":"wp","href":"https:\/\/api.w.org\/{rel}","templated":true}]}}