{"id":1673,"date":"2023-02-27T13:00:12","date_gmt":"2023-02-27T11:00:12","guid":{"rendered":"https:\/\/sotahuuto.fi\/?page_id=1673"},"modified":"2023-11-17T15:44:03","modified_gmt":"2023-11-17T13:44:03","slug":"ropecon","status":"publish","type":"page","link":"https:\/\/sotahuuto.fi\/en\/ropecon\/","title":{"rendered":"Ropecon"},"content":{"rendered":"<div data-elementor-type=\"wp-page\" data-elementor-id=\"1673\" class=\"elementor elementor-1673\">\n\t\t\t\t\t\t<section class=\"elementor-section elementor-top-section elementor-element elementor-element-f0ea59a elementor-section-boxed elementor-section-height-default elementor-section-height-default\" data-id=\"f0ea59a\" data-element_type=\"section\">\n\t\t\t\t\t\t<div class=\"elementor-container elementor-column-gap-default\">\n\t\t\t\t\t<div class=\"elementor-column elementor-col-100 elementor-top-column elementor-element elementor-element-701ff70\" data-id=\"701ff70\" data-element_type=\"column\">\n\t\t\t<div class=\"elementor-widget-wrap elementor-element-populated\">\n\t\t\t\t\t\t<div class=\"elementor-element elementor-element-061fd6b elementor-widget elementor-widget-image\" data-id=\"061fd6b\" data-element_type=\"widget\" data-widget_type=\"image.default\">\n\t\t\t\t<div class=\"elementor-widget-container\">\n\t\t\t\t\t\t\t\t\t\t\t\t\t\t\t<img fetchpriority=\"high\" decoding=\"async\" width=\"1024\" height=\"1024\" src=\"https:\/\/sotahuuto.fi\/wp-content\/uploads\/2023\/02\/Ropecon-1-1024x1024.jpg\" class=\"attachment-large size-large wp-image-1675\" alt=\"Pehmomiekkailua Ropeconissa\" srcset=\"https:\/\/sotahuuto.fi\/wp-content\/uploads\/2023\/02\/Ropecon-1.jpg 1024w, https:\/\/sotahuuto.fi\/wp-content\/uploads\/2023\/02\/Ropecon-1-300x300.jpg 300w, https:\/\/sotahuuto.fi\/wp-content\/uploads\/2023\/02\/Ropecon-1-150x150.jpg 150w, https:\/\/sotahuuto.fi\/wp-content\/uploads\/2023\/02\/Ropecon-1-768x768.jpg 768w\" sizes=\"(max-width: 1024px) 100vw, 1024px\" \/>\t\t\t\t\t\t\t\t\t\t\t\t\t\t\t<\/div>\n\t\t\t\t<\/div>\n\t\t\t\t\t<\/div>\n\t\t<\/div>\n\t\t\t\t\t<\/div>\n\t\t<\/section>\n\t\t\t\t<section class=\"elementor-section elementor-top-section elementor-element elementor-element-4289e46 elementor-section-boxed elementor-section-height-default elementor-section-height-default\" data-id=\"4289e46\" data-element_type=\"section\">\n\t\t\t\t\t\t<div class=\"elementor-container elementor-column-gap-default\">\n\t\t\t\t\t<div class=\"elementor-column elementor-col-100 elementor-top-column elementor-element elementor-element-d309321\" data-id=\"d309321\" data-element_type=\"column\">\n\t\t\t<div class=\"elementor-widget-wrap elementor-element-populated\">\n\t\t\t\t\t\t<div class=\"elementor-element elementor-element-8ff3477 elementor-widget elementor-widget-text-editor\" data-id=\"8ff3477\" data-element_type=\"widget\" data-widget_type=\"text-editor.default\">\n\t\t\t\t<div class=\"elementor-widget-container\">\n\t\t\t\t\t\t\t\t\t<p><em><span style=\"font-weight: 400;\">Kuva: Ropecon\u00a0<\/span><\/em><\/p><p>\u00a0<\/p><p><span style=\"font-weight: 400;\">Ropecon on Euroopan suurin vapaaehtoisvoimin j\u00e4rjestett\u00e4v\u00e4 roolipelitapahtuma. Tapahtuma tarjoaa ohjelmaa kaikenik\u00e4isille muun muassa p\u00f6yt\u00e4roolipelien, larppien, lautapelien, korttipelien ja miniatyyripelien parissa. Pelaamisen ja peliturnausten lis\u00e4ksi ohjelmaan kuuluu luentoja, paneelikeskusteluja ja ty\u00f6pajoja.<\/span><\/p><p>\u00a0<\/p><p><span style=\"font-weight: 400;\">For those interested in soft sword fighting, the event has an area for free battles and a tournament.<\/span><\/p><p>\u00a0<\/p><p><span style=\"font-weight: 400;\">Ropecon 2024 j\u00e4rjestet\u00e4\u00e4n 19.\u201321.7. Tarkempia tietoja tapahtuman ohjelmasta l\u00f6yd\u00e4t <a href=\"https:\/\/ropecon.fi\/\">Ropeconin omilta sivuilta<\/a>.<\/span><\/p>\t\t\t\t\t\t\t\t<\/div>\n\t\t\t\t<\/div>\n\t\t\t\t\t<\/div>\n\t\t<\/div>\n\t\t\t\t\t<\/div>\n\t\t<\/section>\n\t\t\t\t<\/div>","protected":false},"excerpt":{"rendered":"<div class=\"entry-summary\">\nKuva: Ropecon\u00a0 \u00a0 Ropecon on Euroopan suurin vapaaehtoisvoimin j\u00e4rjestett\u00e4v\u00e4 roolipelitapahtuma. Tapahtuma tarjoaa ohjelmaa kaikenik\u00e4isille muun muassa p\u00f6yt\u00e4roolipelien, larppien, lautapelien, korttipelien&hellip;\n<\/div>\n<div class=\"link-more\"><a href=\"https:\/\/sotahuuto.fi\/en\/ropecon\/\" class=\"more-link\">Continue reading<span class=\"screen-reader-text\"> &ldquo;Ropecon&rdquo;<\/span>&hellip;<\/a><\/div>","protected":false},"author":7,"featured_media":0,"parent":0,"menu_order":0,"comment_status":"closed","ping_status":"closed","template":"","meta":{"footnotes":""},"yoast_head":"<!-- This site is optimized with the Yoast SEO plugin v24.5 - https:\/\/yoast.com\/wordpress\/plugins\/seo\/ -->\n<title>Ropecon - Sotahuuto<\/title>\n<meta name=\"description\" content=\"Ropecon on Euroopan suurin vapaaehtoisvoimin j\u00e4rjestett\u00e4v\u00e4 pelitapahtuma. Lue Ropeconin boffausohjelmasta t\u00e4\u00e4lt\u00e4.\" \/>\n<meta name=\"robots\" content=\"index, follow, max-snippet:-1, max-image-preview:large, max-video-preview:-1\" \/>\n<link rel=\"canonical\" href=\"https:\/\/sotahuuto.fi\/en\/ropecon\/\" \/>\n<meta property=\"og:locale\" content=\"en_GB\" \/>\n<meta property=\"og:type\" content=\"article\" \/>\n<meta property=\"og:title\" content=\"Ropecon - Sotahuuto\" \/>\n<meta property=\"og:description\" content=\"Ropecon on Euroopan suurin vapaaehtoisvoimin j\u00e4rjestett\u00e4v\u00e4 pelitapahtuma. Lue Ropeconin boffausohjelmasta t\u00e4\u00e4lt\u00e4.\" \/>\n<meta property=\"og:url\" content=\"https:\/\/sotahuuto.fi\/en\/ropecon\/\" \/>\n<meta property=\"og:site_name\" content=\"Sotahuuto\" \/>\n<meta property=\"article:publisher\" content=\"https:\/\/www.facebook.com\/profile.php?id=100054630571001\" \/>\n<meta property=\"article:modified_time\" content=\"2023-11-17T13:44:03+00:00\" \/>\n<meta property=\"og:image\" content=\"https:\/\/sotahuuto.fi\/wp-content\/uploads\/2023\/02\/Ropecon-1-1024x1024.jpg\" \/>\n<meta name=\"twitter:card\" content=\"summary_large_image\" \/>\n<meta name=\"twitter:label1\" content=\"Estimated reading time\" \/>\n\t<meta name=\"twitter:data1\" content=\"1 minute\" \/>\n<script type=\"application\/ld+json\" class=\"yoast-schema-graph\">{\"@context\":\"https:\/\/schema.org\",\"@graph\":[{\"@type\":\"WebPage\",\"@id\":\"https:\/\/sotahuuto.fi\/ropecon\/\",\"url\":\"https:\/\/sotahuuto.fi\/ropecon\/\",\"name\":\"Ropecon - Sotahuuto\",\"isPartOf\":{\"@id\":\"https:\/\/sotahuuto.fi\/#website\"},\"primaryImageOfPage\":{\"@id\":\"https:\/\/sotahuuto.fi\/ropecon\/#primaryimage\"},\"image\":{\"@id\":\"https:\/\/sotahuuto.fi\/ropecon\/#primaryimage\"},\"thumbnailUrl\":\"https:\/\/sotahuuto.fi\/wp-content\/uploads\/2023\/02\/Ropecon-1-1024x1024.jpg\",\"datePublished\":\"2023-02-27T11:00:12+00:00\",\"dateModified\":\"2023-11-17T13:44:03+00:00\",\"description\":\"Ropecon on Euroopan suurin vapaaehtoisvoimin j\u00e4rjestett\u00e4v\u00e4 pelitapahtuma. Lue Ropeconin boffausohjelmasta t\u00e4\u00e4lt\u00e4.\",\"breadcrumb\":{\"@id\":\"https:\/\/sotahuuto.fi\/ropecon\/#breadcrumb\"},\"inLanguage\":\"en-GB\",\"potentialAction\":[{\"@type\":\"ReadAction\",\"target\":[\"https:\/\/sotahuuto.fi\/ropecon\/\"]}]},{\"@type\":\"ImageObject\",\"inLanguage\":\"en-GB\",\"@id\":\"https:\/\/sotahuuto.fi\/ropecon\/#primaryimage\",\"url\":\"https:\/\/sotahuuto.fi\/wp-content\/uploads\/2023\/02\/Ropecon-1-1024x1024.jpg\",\"contentUrl\":\"https:\/\/sotahuuto.fi\/wp-content\/uploads\/2023\/02\/Ropecon-1-1024x1024.jpg\"},{\"@type\":\"BreadcrumbList\",\"@id\":\"https:\/\/sotahuuto.fi\/ropecon\/#breadcrumb\",\"itemListElement\":[{\"@type\":\"ListItem\",\"position\":1,\"name\":\"Home\",\"item\":\"https:\/\/sotahuuto.fi\/\"},{\"@type\":\"ListItem\",\"position\":2,\"name\":\"Ropecon\"}]},{\"@type\":\"WebSite\",\"@id\":\"https:\/\/sotahuuto.fi\/#website\",\"url\":\"https:\/\/sotahuuto.fi\/\",\"name\":\"Sotahuuto\",\"description\":\"10.-12.07.2026 | Rekolan tila, Orivesi\",\"publisher\":{\"@id\":\"https:\/\/sotahuuto.fi\/#organization\"},\"alternateName\":\"SoHu\",\"potentialAction\":[{\"@type\":\"SearchAction\",\"target\":{\"@type\":\"EntryPoint\",\"urlTemplate\":\"https:\/\/sotahuuto.fi\/?s={search_term_string}\"},\"query-input\":{\"@type\":\"PropertyValueSpecification\",\"valueRequired\":true,\"valueName\":\"search_term_string\"}}],\"inLanguage\":\"en-GB\"},{\"@type\":\"Organization\",\"@id\":\"https:\/\/sotahuuto.fi\/#organization\",\"name\":\"Sotahuuto\",\"alternateName\":\"SoHu\",\"url\":\"https:\/\/sotahuuto.fi\/\",\"logo\":{\"@type\":\"ImageObject\",\"inLanguage\":\"en-GB\",\"@id\":\"https:\/\/sotahuuto.fi\/#\/schema\/logo\/image\/\",\"url\":\"https:\/\/sotahuuto.fi\/wp-content\/uploads\/2022\/03\/cropped-cropped2-sotahuuto.jpg\",\"contentUrl\":\"https:\/\/sotahuuto.fi\/wp-content\/uploads\/2022\/03\/cropped-cropped2-sotahuuto.jpg\",\"width\":512,\"height\":512,\"caption\":\"Sotahuuto\"},\"image\":{\"@id\":\"https:\/\/sotahuuto.fi\/#\/schema\/logo\/image\/\"},\"sameAs\":[\"https:\/\/www.facebook.com\/profile.php?id=100054630571001\",\"https:\/\/www.youtube.com\/@sotahuutoboffaustapahtuma4558\"]}]}<\/script>\n<!-- \/ Yoast SEO plugin. -->","yoast_head_json":{"title":"Ropecon - Sotahuuto","description":"Ropecon on Euroopan suurin vapaaehtoisvoimin j\u00e4rjestett\u00e4v\u00e4 pelitapahtuma. Lue Ropeconin boffausohjelmasta t\u00e4\u00e4lt\u00e4.","robots":{"index":"index","follow":"follow","max-snippet":"max-snippet:-1","max-image-preview":"max-image-preview:large","max-video-preview":"max-video-preview:-1"},"canonical":"https:\/\/sotahuuto.fi\/en\/ropecon\/","og_locale":"en_GB","og_type":"article","og_title":"Ropecon - Sotahuuto","og_description":"Ropecon on Euroopan suurin vapaaehtoisvoimin j\u00e4rjestett\u00e4v\u00e4 pelitapahtuma. Lue Ropeconin boffausohjelmasta t\u00e4\u00e4lt\u00e4.","og_url":"https:\/\/sotahuuto.fi\/en\/ropecon\/","og_site_name":"Sotahuuto","article_publisher":"https:\/\/www.facebook.com\/profile.php?id=100054630571001","article_modified_time":"2023-11-17T13:44:03+00:00","og_image":[{"url":"https:\/\/sotahuuto.fi\/wp-content\/uploads\/2023\/02\/Ropecon-1-1024x1024.jpg","type":"","width":"","height":""}],"twitter_card":"summary_large_image","twitter_misc":{"Estimated reading time":"1 minute"},"schema":{"@context":"https:\/\/schema.org","@graph":[{"@type":"WebPage","@id":"https:\/\/sotahuuto.fi\/ropecon\/","url":"https:\/\/sotahuuto.fi\/ropecon\/","name":"Ropecon - Sotahuuto","isPartOf":{"@id":"https:\/\/sotahuuto.fi\/#website"},"primaryImageOfPage":{"@id":"https:\/\/sotahuuto.fi\/ropecon\/#primaryimage"},"image":{"@id":"https:\/\/sotahuuto.fi\/ropecon\/#primaryimage"},"thumbnailUrl":"https:\/\/sotahuuto.fi\/wp-content\/uploads\/2023\/02\/Ropecon-1-1024x1024.jpg","datePublished":"2023-02-27T11:00:12+00:00","dateModified":"2023-11-17T13:44:03+00:00","description":"Ropecon on Euroopan suurin vapaaehtoisvoimin j\u00e4rjestett\u00e4v\u00e4 pelitapahtuma. Lue Ropeconin boffausohjelmasta t\u00e4\u00e4lt\u00e4.","breadcrumb":{"@id":"https:\/\/sotahuuto.fi\/ropecon\/#breadcrumb"},"inLanguage":"en-GB","potentialAction":[{"@type":"ReadAction","target":["https:\/\/sotahuuto.fi\/ropecon\/"]}]},{"@type":"ImageObject","inLanguage":"en-GB","@id":"https:\/\/sotahuuto.fi\/ropecon\/#primaryimage","url":"https:\/\/sotahuuto.fi\/wp-content\/uploads\/2023\/02\/Ropecon-1-1024x1024.jpg","contentUrl":"https:\/\/sotahuuto.fi\/wp-content\/uploads\/2023\/02\/Ropecon-1-1024x1024.jpg"},{"@type":"BreadcrumbList","@id":"https:\/\/sotahuuto.fi\/ropecon\/#breadcrumb","itemListElement":[{"@type":"ListItem","position":1,"name":"Home","item":"https:\/\/sotahuuto.fi\/"},{"@type":"ListItem","position":2,"name":"Ropecon"}]},{"@type":"WebSite","@id":"https:\/\/sotahuuto.fi\/#website","url":"https:\/\/sotahuuto.fi\/","name":"Sotahuuto, \"War cry\",","description":"10.-12.07.2026 | Rekolan tila, Orivesi","publisher":{"@id":"https:\/\/sotahuuto.fi\/#organization"},"alternateName":"SoHu","potentialAction":[{"@type":"SearchAction","target":{"@type":"EntryPoint","urlTemplate":"https:\/\/sotahuuto.fi\/?s={search_term_string}"},"query-input":{"@type":"PropertyValueSpecification","valueRequired":true,"valueName":"search_term_string"}}],"inLanguage":"en-GB"},{"@type":"Organization","@id":"https:\/\/sotahuuto.fi\/#organization","name":"Sotahuuto, \"War cry\",","alternateName":"SoHu","url":"https:\/\/sotahuuto.fi\/","logo":{"@type":"ImageObject","inLanguage":"en-GB","@id":"https:\/\/sotahuuto.fi\/#\/schema\/logo\/image\/","url":"https:\/\/sotahuuto.fi\/wp-content\/uploads\/2022\/03\/cropped-cropped2-sotahuuto.jpg","contentUrl":"https:\/\/sotahuuto.fi\/wp-content\/uploads\/2022\/03\/cropped-cropped2-sotahuuto.jpg","width":512,"height":512,"caption":"Sotahuuto"},"image":{"@id":"https:\/\/sotahuuto.fi\/#\/schema\/logo\/image\/"},"sameAs":["https:\/\/www.facebook.com\/profile.php?id=100054630571001","https:\/\/www.youtube.com\/@sotahuutoboffaustapahtuma4558"]}]}},"jetpack_sharing_enabled":true,"_links":{"self":[{"href":"https:\/\/sotahuuto.fi\/en\/wp-json\/wp\/v2\/pages\/1673"}],"collection":[{"href":"https:\/\/sotahuuto.fi\/en\/wp-json\/wp\/v2\/pages"}],"about":[{"href":"https:\/\/sotahuuto.fi\/en\/wp-json\/wp\/v2\/types\/page"}],"author":[{"embeddable":true,"href":"https:\/\/sotahuuto.fi\/en\/wp-json\/wp\/v2\/users\/7"}],"replies":[{"embeddable":true,"href":"https:\/\/sotahuuto.fi\/en\/wp-json\/wp\/v2\/comments?post=1673"}],"version-history":[{"count":14,"href":"https:\/\/sotahuuto.fi\/en\/wp-json\/wp\/v2\/pages\/1673\/revisions"}],"predecessor-version":[{"id":3832,"href":"https:\/\/sotahuuto.fi\/en\/wp-json\/wp\/v2\/pages\/1673\/revisions\/3832"}],"wp:attachment":[{"href":"https:\/\/sotahuuto.fi\/en\/wp-json\/wp\/v2\/media?parent=1673"}],"curies":[{"name":"wp","href":"https:\/\/api.w.org\/{rel}","templated":true}]}}