{"id":1679,"date":"2023-02-27T13:02:24","date_gmt":"2023-02-27T11:02:24","guid":{"rendered":"https:\/\/sotahuuto.fi\/?page_id=1679"},"modified":"2023-11-17T15:42:32","modified_gmt":"2023-11-17T13:42:32","slug":"nordic-equinox","status":"publish","type":"page","link":"https:\/\/sotahuuto.fi\/en\/nordic-equinox\/","title":{"rendered":"Nordic Equinox"},"content":{"rendered":"<div data-elementor-type=\"wp-page\" data-elementor-id=\"1679\" class=\"elementor elementor-1679\">\n\t\t\t\t\t\t<section class=\"elementor-section elementor-top-section elementor-element elementor-element-072ac1f elementor-section-boxed elementor-section-height-default elementor-section-height-default\" data-id=\"072ac1f\" data-element_type=\"section\">\n\t\t\t\t\t\t<div class=\"elementor-container elementor-column-gap-default\">\n\t\t\t\t\t<div class=\"elementor-column elementor-col-100 elementor-top-column elementor-element elementor-element-1d86500\" data-id=\"1d86500\" data-element_type=\"column\">\n\t\t\t<div class=\"elementor-widget-wrap elementor-element-populated\">\n\t\t\t\t\t\t<div class=\"elementor-element elementor-element-1941c74 elementor-widget elementor-widget-image\" data-id=\"1941c74\" data-element_type=\"widget\" data-widget_type=\"image.default\">\n\t\t\t\t<div class=\"elementor-widget-container\">\n\t\t\t\t\t\t\t\t\t\t\t\t\t\t\t<img fetchpriority=\"high\" decoding=\"async\" width=\"1024\" height=\"768\" src=\"https:\/\/sotahuuto.fi\/wp-content\/uploads\/2023\/02\/Nordic-Equinox-1-1024x768.jpg\" class=\"attachment-large size-large wp-image-1681\" alt=\"Linna ja sotureita Nordic Equinoxissa\" srcset=\"https:\/\/sotahuuto.fi\/wp-content\/uploads\/2023\/02\/Nordic-Equinox-1-1024x768.jpg 1024w, https:\/\/sotahuuto.fi\/wp-content\/uploads\/2023\/02\/Nordic-Equinox-1-300x225.jpg 300w, https:\/\/sotahuuto.fi\/wp-content\/uploads\/2023\/02\/Nordic-Equinox-1-768x576.jpg 768w, https:\/\/sotahuuto.fi\/wp-content\/uploads\/2023\/02\/Nordic-Equinox-1.jpg 1218w\" sizes=\"(max-width: 1024px) 100vw, 1024px\" \/>\t\t\t\t\t\t\t\t\t\t\t\t\t\t\t<\/div>\n\t\t\t\t<\/div>\n\t\t\t\t\t<\/div>\n\t\t<\/div>\n\t\t\t\t\t<\/div>\n\t\t<\/section>\n\t\t\t\t<section class=\"elementor-section elementor-top-section elementor-element elementor-element-e064046 elementor-section-boxed elementor-section-height-default elementor-section-height-default\" data-id=\"e064046\" data-element_type=\"section\">\n\t\t\t\t\t\t<div class=\"elementor-container elementor-column-gap-default\">\n\t\t\t\t\t<div class=\"elementor-column elementor-col-100 elementor-top-column elementor-element elementor-element-70a0f32\" data-id=\"70a0f32\" data-element_type=\"column\">\n\t\t\t<div class=\"elementor-widget-wrap elementor-element-populated\">\n\t\t\t\t\t\t<div class=\"elementor-element elementor-element-a6f0753 elementor-widget elementor-widget-text-editor\" data-id=\"a6f0753\" data-element_type=\"widget\" data-widget_type=\"text-editor.default\">\n\t\t\t\t<div class=\"elementor-widget-container\">\n\t\t\t\t\t\t\t\t\t<p><em><span style=\"font-weight: 400;\">Kuva: Nordic Equinox<\/span><\/em><\/p><p>\u00a0<\/p><p><span style=\"font-weight: 400;\">Nordic Equinox, eli P\u00f5hjala P\u00f6\u00f6rip\u00e4ev, on Virossa j\u00e4rjestett\u00e4v\u00e4 taistelularppi. Yli viidentoista vuoden ajan j\u00e4rjestetty tapahtuma on ollut vuodesta toiseen my\u00f6s suomalaisten pehmomiekkailijoiden suosiossa. Vuoden 2023tapahtuma <em>Nordic Equinox &#8211; Lights of the Deep<\/em> j\u00e4rjestettiin 3.\u20136.8.<\/span><\/p><p>\u00a0<\/p><p><span style=\"font-weight: 400;\">Vaikka ei olisikaan varsinaisesti kiinnostunut larpeista, fantasiaelementeill\u00e4 ja upeilla propeilla maustettu Nordic Equinox tarjoaa unohtumattomia kokemuksia. Taistelut, leiriel\u00e4m\u00e4 ja tunnelma ovat jotain aivan ainutlaatuista! Tapahtumassa on suhtauduttu l\u00e4mpim\u00e4sti suomalaisiin k\u00e4vij\u00f6ihin ja apua esimerkiksi varusteiden hankkimiseen on l\u00f6ytynyt.<\/span><\/p><p>\u00a0<\/p><p><span style=\"font-weight: 400;\">Info on event can be found <a href=\"https:\/\/www.ancalagon.ee\/index.php\/en\/\">on Nordic Equinox's website<\/a>.<\/span><span style=\"font-weight: 400;\"> Finnish visitors usually organize a group trip through <a href=\"https:\/\/www.facebook.com\/groups\/263436130431649\">Sotahuudon Facebook-ryhm\u00e4n<\/a>\u00a0ett\u00e4\u00a0 <a href=\"https:\/\/discord.gg\/jxyEUrWEMN\">Suomen boffaajat -Discordin<\/a> server.<\/span><\/p>\t\t\t\t\t\t\t\t<\/div>\n\t\t\t\t<\/div>\n\t\t\t\t\t<\/div>\n\t\t<\/div>\n\t\t\t\t\t<\/div>\n\t\t<\/section>\n\t\t\t\t<\/div>","protected":false},"excerpt":{"rendered":"<div class=\"entry-summary\">\nKuva: Nordic Equinox \u00a0 Nordic Equinox, eli P\u00f5hjala P\u00f6\u00f6rip\u00e4ev, on Virossa j\u00e4rjestett\u00e4v\u00e4 taistelularppi. Yli viidentoista vuoden ajan j\u00e4rjestetty tapahtuma on&hellip;\n<\/div>\n<div class=\"link-more\"><a href=\"https:\/\/sotahuuto.fi\/en\/nordic-equinox\/\" class=\"more-link\">Continue reading<span class=\"screen-reader-text\"> &ldquo;Nordic Equinox&rdquo;<\/span>&hellip;<\/a><\/div>","protected":false},"author":7,"featured_media":0,"parent":0,"menu_order":0,"comment_status":"closed","ping_status":"closed","template":"","meta":{"footnotes":""},"yoast_head":"<!-- This site is optimized with the Yoast SEO plugin v24.5 - https:\/\/yoast.com\/wordpress\/plugins\/seo\/ -->\n<title>Nordic Equinox - Sotahuuto<\/title>\n<meta name=\"description\" content=\"Nordic Equinox on Virossa j\u00e4rjestett\u00e4v\u00e4 pehmomiekkailutapahtuma. Tapahtumassa k\u00e4y vuosittain my\u00f6s suomalaisia osallistujia.\" \/>\n<meta name=\"robots\" content=\"index, follow, max-snippet:-1, max-image-preview:large, max-video-preview:-1\" \/>\n<link rel=\"canonical\" href=\"https:\/\/sotahuuto.fi\/en\/nordic-equinox\/\" \/>\n<meta property=\"og:locale\" content=\"en_GB\" \/>\n<meta property=\"og:type\" content=\"article\" \/>\n<meta property=\"og:title\" content=\"Nordic Equinox - Sotahuuto\" \/>\n<meta property=\"og:description\" content=\"Nordic Equinox on Virossa j\u00e4rjestett\u00e4v\u00e4 pehmomiekkailutapahtuma. Tapahtumassa k\u00e4y vuosittain my\u00f6s suomalaisia osallistujia.\" \/>\n<meta property=\"og:url\" content=\"https:\/\/sotahuuto.fi\/en\/nordic-equinox\/\" \/>\n<meta property=\"og:site_name\" content=\"Sotahuuto\" \/>\n<meta property=\"article:publisher\" content=\"https:\/\/www.facebook.com\/profile.php?id=100054630571001\" \/>\n<meta property=\"article:modified_time\" content=\"2023-11-17T13:42:32+00:00\" \/>\n<meta property=\"og:image\" content=\"https:\/\/sotahuuto.fi\/wp-content\/uploads\/2023\/02\/Nordic-Equinox-1-1024x768.jpg\" \/>\n<meta name=\"twitter:card\" content=\"summary_large_image\" \/>\n<meta name=\"twitter:label1\" content=\"Estimated reading time\" \/>\n\t<meta name=\"twitter:data1\" content=\"1 minute\" \/>\n<script type=\"application\/ld+json\" class=\"yoast-schema-graph\">{\"@context\":\"https:\/\/schema.org\",\"@graph\":[{\"@type\":\"WebPage\",\"@id\":\"https:\/\/sotahuuto.fi\/nordic-equinox\/\",\"url\":\"https:\/\/sotahuuto.fi\/nordic-equinox\/\",\"name\":\"Nordic Equinox - Sotahuuto\",\"isPartOf\":{\"@id\":\"https:\/\/sotahuuto.fi\/#website\"},\"primaryImageOfPage\":{\"@id\":\"https:\/\/sotahuuto.fi\/nordic-equinox\/#primaryimage\"},\"image\":{\"@id\":\"https:\/\/sotahuuto.fi\/nordic-equinox\/#primaryimage\"},\"thumbnailUrl\":\"https:\/\/sotahuuto.fi\/wp-content\/uploads\/2023\/02\/Nordic-Equinox-1-1024x768.jpg\",\"datePublished\":\"2023-02-27T11:02:24+00:00\",\"dateModified\":\"2023-11-17T13:42:32+00:00\",\"description\":\"Nordic Equinox on Virossa j\u00e4rjestett\u00e4v\u00e4 pehmomiekkailutapahtuma. Tapahtumassa k\u00e4y vuosittain my\u00f6s suomalaisia osallistujia.\",\"breadcrumb\":{\"@id\":\"https:\/\/sotahuuto.fi\/nordic-equinox\/#breadcrumb\"},\"inLanguage\":\"en-GB\",\"potentialAction\":[{\"@type\":\"ReadAction\",\"target\":[\"https:\/\/sotahuuto.fi\/nordic-equinox\/\"]}]},{\"@type\":\"ImageObject\",\"inLanguage\":\"en-GB\",\"@id\":\"https:\/\/sotahuuto.fi\/nordic-equinox\/#primaryimage\",\"url\":\"https:\/\/sotahuuto.fi\/wp-content\/uploads\/2023\/02\/Nordic-Equinox-1-1024x768.jpg\",\"contentUrl\":\"https:\/\/sotahuuto.fi\/wp-content\/uploads\/2023\/02\/Nordic-Equinox-1-1024x768.jpg\"},{\"@type\":\"BreadcrumbList\",\"@id\":\"https:\/\/sotahuuto.fi\/nordic-equinox\/#breadcrumb\",\"itemListElement\":[{\"@type\":\"ListItem\",\"position\":1,\"name\":\"Home\",\"item\":\"https:\/\/sotahuuto.fi\/\"},{\"@type\":\"ListItem\",\"position\":2,\"name\":\"Nordic Equinox\"}]},{\"@type\":\"WebSite\",\"@id\":\"https:\/\/sotahuuto.fi\/#website\",\"url\":\"https:\/\/sotahuuto.fi\/\",\"name\":\"Sotahuuto\",\"description\":\"10.-12.07.2026 | Rekolan tila, Orivesi\",\"publisher\":{\"@id\":\"https:\/\/sotahuuto.fi\/#organization\"},\"alternateName\":\"SoHu\",\"potentialAction\":[{\"@type\":\"SearchAction\",\"target\":{\"@type\":\"EntryPoint\",\"urlTemplate\":\"https:\/\/sotahuuto.fi\/?s={search_term_string}\"},\"query-input\":{\"@type\":\"PropertyValueSpecification\",\"valueRequired\":true,\"valueName\":\"search_term_string\"}}],\"inLanguage\":\"en-GB\"},{\"@type\":\"Organization\",\"@id\":\"https:\/\/sotahuuto.fi\/#organization\",\"name\":\"Sotahuuto\",\"alternateName\":\"SoHu\",\"url\":\"https:\/\/sotahuuto.fi\/\",\"logo\":{\"@type\":\"ImageObject\",\"inLanguage\":\"en-GB\",\"@id\":\"https:\/\/sotahuuto.fi\/#\/schema\/logo\/image\/\",\"url\":\"https:\/\/sotahuuto.fi\/wp-content\/uploads\/2022\/03\/cropped-cropped2-sotahuuto.jpg\",\"contentUrl\":\"https:\/\/sotahuuto.fi\/wp-content\/uploads\/2022\/03\/cropped-cropped2-sotahuuto.jpg\",\"width\":512,\"height\":512,\"caption\":\"Sotahuuto\"},\"image\":{\"@id\":\"https:\/\/sotahuuto.fi\/#\/schema\/logo\/image\/\"},\"sameAs\":[\"https:\/\/www.facebook.com\/profile.php?id=100054630571001\",\"https:\/\/www.youtube.com\/@sotahuutoboffaustapahtuma4558\"]}]}<\/script>\n<!-- \/ Yoast SEO plugin. -->","yoast_head_json":{"title":"Nordic Equinox - Sotahuuto","description":"Nordic Equinox on Virossa j\u00e4rjestett\u00e4v\u00e4 pehmomiekkailutapahtuma. Tapahtumassa k\u00e4y vuosittain my\u00f6s suomalaisia osallistujia.","robots":{"index":"index","follow":"follow","max-snippet":"max-snippet:-1","max-image-preview":"max-image-preview:large","max-video-preview":"max-video-preview:-1"},"canonical":"https:\/\/sotahuuto.fi\/en\/nordic-equinox\/","og_locale":"en_GB","og_type":"article","og_title":"Nordic Equinox - Sotahuuto","og_description":"Nordic Equinox on Virossa j\u00e4rjestett\u00e4v\u00e4 pehmomiekkailutapahtuma. Tapahtumassa k\u00e4y vuosittain my\u00f6s suomalaisia osallistujia.","og_url":"https:\/\/sotahuuto.fi\/en\/nordic-equinox\/","og_site_name":"Sotahuuto","article_publisher":"https:\/\/www.facebook.com\/profile.php?id=100054630571001","article_modified_time":"2023-11-17T13:42:32+00:00","og_image":[{"url":"https:\/\/sotahuuto.fi\/wp-content\/uploads\/2023\/02\/Nordic-Equinox-1-1024x768.jpg","type":"","width":"","height":""}],"twitter_card":"summary_large_image","twitter_misc":{"Estimated reading time":"1 minute"},"schema":{"@context":"https:\/\/schema.org","@graph":[{"@type":"WebPage","@id":"https:\/\/sotahuuto.fi\/nordic-equinox\/","url":"https:\/\/sotahuuto.fi\/nordic-equinox\/","name":"Nordic Equinox - Sotahuuto","isPartOf":{"@id":"https:\/\/sotahuuto.fi\/#website"},"primaryImageOfPage":{"@id":"https:\/\/sotahuuto.fi\/nordic-equinox\/#primaryimage"},"image":{"@id":"https:\/\/sotahuuto.fi\/nordic-equinox\/#primaryimage"},"thumbnailUrl":"https:\/\/sotahuuto.fi\/wp-content\/uploads\/2023\/02\/Nordic-Equinox-1-1024x768.jpg","datePublished":"2023-02-27T11:02:24+00:00","dateModified":"2023-11-17T13:42:32+00:00","description":"Nordic Equinox on Virossa j\u00e4rjestett\u00e4v\u00e4 pehmomiekkailutapahtuma. Tapahtumassa k\u00e4y vuosittain my\u00f6s suomalaisia osallistujia.","breadcrumb":{"@id":"https:\/\/sotahuuto.fi\/nordic-equinox\/#breadcrumb"},"inLanguage":"en-GB","potentialAction":[{"@type":"ReadAction","target":["https:\/\/sotahuuto.fi\/nordic-equinox\/"]}]},{"@type":"ImageObject","inLanguage":"en-GB","@id":"https:\/\/sotahuuto.fi\/nordic-equinox\/#primaryimage","url":"https:\/\/sotahuuto.fi\/wp-content\/uploads\/2023\/02\/Nordic-Equinox-1-1024x768.jpg","contentUrl":"https:\/\/sotahuuto.fi\/wp-content\/uploads\/2023\/02\/Nordic-Equinox-1-1024x768.jpg"},{"@type":"BreadcrumbList","@id":"https:\/\/sotahuuto.fi\/nordic-equinox\/#breadcrumb","itemListElement":[{"@type":"ListItem","position":1,"name":"Home","item":"https:\/\/sotahuuto.fi\/"},{"@type":"ListItem","position":2,"name":"Nordic Equinox"}]},{"@type":"WebSite","@id":"https:\/\/sotahuuto.fi\/#website","url":"https:\/\/sotahuuto.fi\/","name":"Sotahuuto, \"War cry\",","description":"10.-12.07.2026 | Rekolan tila, Orivesi","publisher":{"@id":"https:\/\/sotahuuto.fi\/#organization"},"alternateName":"SoHu","potentialAction":[{"@type":"SearchAction","target":{"@type":"EntryPoint","urlTemplate":"https:\/\/sotahuuto.fi\/?s={search_term_string}"},"query-input":{"@type":"PropertyValueSpecification","valueRequired":true,"valueName":"search_term_string"}}],"inLanguage":"en-GB"},{"@type":"Organization","@id":"https:\/\/sotahuuto.fi\/#organization","name":"Sotahuuto, \"War cry\",","alternateName":"SoHu","url":"https:\/\/sotahuuto.fi\/","logo":{"@type":"ImageObject","inLanguage":"en-GB","@id":"https:\/\/sotahuuto.fi\/#\/schema\/logo\/image\/","url":"https:\/\/sotahuuto.fi\/wp-content\/uploads\/2022\/03\/cropped-cropped2-sotahuuto.jpg","contentUrl":"https:\/\/sotahuuto.fi\/wp-content\/uploads\/2022\/03\/cropped-cropped2-sotahuuto.jpg","width":512,"height":512,"caption":"Sotahuuto"},"image":{"@id":"https:\/\/sotahuuto.fi\/#\/schema\/logo\/image\/"},"sameAs":["https:\/\/www.facebook.com\/profile.php?id=100054630571001","https:\/\/www.youtube.com\/@sotahuutoboffaustapahtuma4558"]}]}},"jetpack_sharing_enabled":true,"_links":{"self":[{"href":"https:\/\/sotahuuto.fi\/en\/wp-json\/wp\/v2\/pages\/1679"}],"collection":[{"href":"https:\/\/sotahuuto.fi\/en\/wp-json\/wp\/v2\/pages"}],"about":[{"href":"https:\/\/sotahuuto.fi\/en\/wp-json\/wp\/v2\/types\/page"}],"author":[{"embeddable":true,"href":"https:\/\/sotahuuto.fi\/en\/wp-json\/wp\/v2\/users\/7"}],"replies":[{"embeddable":true,"href":"https:\/\/sotahuuto.fi\/en\/wp-json\/wp\/v2\/comments?post=1679"}],"version-history":[{"count":17,"href":"https:\/\/sotahuuto.fi\/en\/wp-json\/wp\/v2\/pages\/1679\/revisions"}],"predecessor-version":[{"id":3829,"href":"https:\/\/sotahuuto.fi\/en\/wp-json\/wp\/v2\/pages\/1679\/revisions\/3829"}],"wp:attachment":[{"href":"https:\/\/sotahuuto.fi\/en\/wp-json\/wp\/v2\/media?parent=1679"}],"curies":[{"name":"wp","href":"https:\/\/api.w.org\/{rel}","templated":true}]}}