{"id":1685,"date":"2023-02-27T13:06:37","date_gmt":"2023-02-27T11:06:37","guid":{"rendered":"https:\/\/sotahuuto.fi\/?page_id=1685"},"modified":"2025-01-30T17:45:15","modified_gmt":"2025-01-30T15:45:15","slug":"vainotapahtumat","status":"publish","type":"page","link":"https:\/\/sotahuuto.fi\/en\/vainotapahtumat\/","title":{"rendered":"Vainotapahtumat"},"content":{"rendered":"<div data-elementor-type=\"wp-page\" data-elementor-id=\"1685\" class=\"elementor elementor-1685\">\n\t\t\t\t\t\t<section class=\"elementor-section elementor-top-section elementor-element elementor-element-3cd04ee elementor-section-boxed elementor-section-height-default elementor-section-height-default\" data-id=\"3cd04ee\" data-element_type=\"section\">\n\t\t\t\t\t\t<div class=\"elementor-container elementor-column-gap-default\">\n\t\t\t\t\t<div class=\"elementor-column elementor-col-100 elementor-top-column elementor-element elementor-element-4284af6\" data-id=\"4284af6\" data-element_type=\"column\">\n\t\t\t<div class=\"elementor-widget-wrap elementor-element-populated\">\n\t\t\t\t\t\t<div class=\"elementor-element elementor-element-dd64305 elementor-widget elementor-widget-image\" data-id=\"dd64305\" data-element_type=\"widget\" data-widget_type=\"image.default\">\n\t\t\t\t<div class=\"elementor-widget-container\">\n\t\t\t\t\t\t\t\t\t\t\t\t\t\t\t<img fetchpriority=\"high\" decoding=\"async\" width=\"1024\" height=\"768\" src=\"https:\/\/sotahuuto.fi\/wp-content\/uploads\/2023\/02\/Vainotapahtumat-1024x768.jpeg\" class=\"attachment-large size-large wp-image-1635\" alt=\"Sampo, jonka hallinnasta Vainotapahtumissa kamppaillaan\" srcset=\"https:\/\/sotahuuto.fi\/wp-content\/uploads\/2023\/02\/Vainotapahtumat-1024x768.jpeg 1024w, https:\/\/sotahuuto.fi\/wp-content\/uploads\/2023\/02\/Vainotapahtumat-300x225.jpeg 300w, https:\/\/sotahuuto.fi\/wp-content\/uploads\/2023\/02\/Vainotapahtumat-768x576.jpeg 768w, https:\/\/sotahuuto.fi\/wp-content\/uploads\/2023\/02\/Vainotapahtumat-1536x1152.jpeg 1536w, https:\/\/sotahuuto.fi\/wp-content\/uploads\/2023\/02\/Vainotapahtumat.jpeg 2016w\" sizes=\"(max-width: 1024px) 100vw, 1024px\" \/>\t\t\t\t\t\t\t\t\t\t\t\t\t\t\t<\/div>\n\t\t\t\t<\/div>\n\t\t\t\t<div class=\"elementor-element elementor-element-ce8a01a elementor-widget elementor-widget-image\" data-id=\"ce8a01a\" data-element_type=\"widget\" data-widget_type=\"image.default\">\n\t\t\t\t<div class=\"elementor-widget-container\">\n\t\t\t\t\t\t\t\t\t\t\t\t\t\t\t<img decoding=\"async\" src=\"https:\/\/sotahuuto.fi\/wp-content\/uploads\/2023\/02\/Vainotapahtumat-1.jpeg\" title=\"\" alt=\"\" loading=\"lazy\" \/>\t\t\t\t\t\t\t\t\t\t\t\t\t\t\t<\/div>\n\t\t\t\t<\/div>\n\t\t\t\t\t<\/div>\n\t\t<\/div>\n\t\t\t\t\t<\/div>\n\t\t<\/section>\n\t\t\t\t<section class=\"elementor-section elementor-top-section elementor-element elementor-element-5c36338 elementor-section-boxed elementor-section-height-default elementor-section-height-default\" data-id=\"5c36338\" data-element_type=\"section\">\n\t\t\t\t\t\t<div class=\"elementor-container elementor-column-gap-default\">\n\t\t\t\t\t<div class=\"elementor-column elementor-col-100 elementor-top-column elementor-element elementor-element-581f7d9\" data-id=\"581f7d9\" data-element_type=\"column\">\n\t\t\t<div class=\"elementor-widget-wrap elementor-element-populated\">\n\t\t\t\t\t\t<div class=\"elementor-element elementor-element-5bb600d elementor-widget elementor-widget-text-editor\" data-id=\"5bb600d\" data-element_type=\"widget\" data-widget_type=\"text-editor.default\">\n\t\t\t\t<div class=\"elementor-widget-container\">\n\t\t\t\t\t\t\t\t\t<p><em><span style=\"font-weight: 400;\">Kuva: Vainotapahtumat<\/span><\/em><\/p><p>\u00a0<\/p><p><span style=\"font-weight: 400;\">The events of the Vaino series are adventure boffering events where participants survive a weekend in the forest and compete to find the legendary Sampo. The game is set in a Kalevala-inspired borderland, where various clans and other parties seek to gain control of the Sampo. Players' skills, cunning, and trust in each other are pushed to their limits as they have to survive against the world and other players.<\/span><\/p><p>\u00a0<\/p><p><span style=\"font-weight: 400;\">Vuonna 2025 Vainovasket j\u00e4rjestet\u00e4\u00e4n Vihdiss\u00e4, Chairbornen pelialueella 29.\u201331.8. Tapahtumasta voit lukea lis\u00e4\u00e4 sen <a href=\"https:\/\/vainotapahtumat.fi\/\">omilta nettisivuilta<\/a>.<br \/><\/span><\/p>\t\t\t\t\t\t\t\t<\/div>\n\t\t\t\t<\/div>\n\t\t\t\t\t<\/div>\n\t\t<\/div>\n\t\t\t\t\t<\/div>\n\t\t<\/section>\n\t\t\t\t<\/div>","protected":false},"excerpt":{"rendered":"<div class=\"entry-summary\">\nKuva: Vainotapahtumat \u00a0 Vaino-sarjan tapahtumat ovat seikkailullisia boffaustapahtumia, joissa selviydyt\u00e4\u00e4n viikonloppu mets\u00e4ss\u00e4 ja kilpaillaan tarunhohtoisen Sammon l\u00f6yt\u00e4misest\u00e4.\u00a0 Pelin viitekehys sijoittuu&hellip;\n<\/div>\n<div class=\"link-more\"><a href=\"https:\/\/sotahuuto.fi\/en\/vainotapahtumat\/\" class=\"more-link\">Continue reading<span class=\"screen-reader-text\"> &ldquo;Vainotapahtumat&rdquo;<\/span>&hellip;<\/a><\/div>","protected":false},"author":7,"featured_media":0,"parent":0,"menu_order":0,"comment_status":"closed","ping_status":"closed","template":"","meta":{"footnotes":""},"yoast_head":"<!-- This site is optimized with the Yoast SEO plugin v24.5 - https:\/\/yoast.com\/wordpress\/plugins\/seo\/ -->\n<title>Vainotapahtumat - Sotahuuto<\/title>\n<meta name=\"description\" content=\"Vainotapahtumat ovat pehmomiekkailutapahtumia, joissa p\u00e4\u00e4set juonittelemaan, selviytym\u00e4\u00e4n ja heitt\u00e4ytym\u00e4\u00e4n mystiseen tarinaan!\" \/>\n<meta name=\"robots\" content=\"index, follow, max-snippet:-1, max-image-preview:large, max-video-preview:-1\" \/>\n<link rel=\"canonical\" href=\"https:\/\/sotahuuto.fi\/en\/vainotapahtumat\/\" \/>\n<meta property=\"og:locale\" content=\"en_GB\" \/>\n<meta property=\"og:type\" content=\"article\" \/>\n<meta property=\"og:title\" content=\"Vainotapahtumat - Sotahuuto\" \/>\n<meta property=\"og:description\" content=\"Vainotapahtumat ovat pehmomiekkailutapahtumia, joissa p\u00e4\u00e4set juonittelemaan, selviytym\u00e4\u00e4n ja heitt\u00e4ytym\u00e4\u00e4n mystiseen tarinaan!\" \/>\n<meta property=\"og:url\" content=\"https:\/\/sotahuuto.fi\/en\/vainotapahtumat\/\" \/>\n<meta property=\"og:site_name\" content=\"Sotahuuto\" \/>\n<meta property=\"article:publisher\" content=\"https:\/\/www.facebook.com\/profile.php?id=100054630571001\" \/>\n<meta property=\"article:modified_time\" content=\"2025-01-30T15:45:15+00:00\" \/>\n<meta property=\"og:image\" content=\"https:\/\/sotahuuto.fi\/wp-content\/uploads\/2023\/02\/Vainotapahtumat.jpeg\" \/>\n\t<meta property=\"og:image:width\" content=\"2016\" \/>\n\t<meta property=\"og:image:height\" content=\"1512\" \/>\n\t<meta property=\"og:image:type\" content=\"image\/jpeg\" \/>\n<meta name=\"twitter:card\" content=\"summary_large_image\" \/>\n<meta name=\"twitter:label1\" content=\"Estimated reading time\" \/>\n\t<meta name=\"twitter:data1\" content=\"1 minute\" \/>\n<script type=\"application\/ld+json\" class=\"yoast-schema-graph\">{\"@context\":\"https:\/\/schema.org\",\"@graph\":[{\"@type\":\"WebPage\",\"@id\":\"https:\/\/sotahuuto.fi\/vainotapahtumat\/\",\"url\":\"https:\/\/sotahuuto.fi\/vainotapahtumat\/\",\"name\":\"Vainotapahtumat - Sotahuuto\",\"isPartOf\":{\"@id\":\"https:\/\/sotahuuto.fi\/#website\"},\"primaryImageOfPage\":{\"@id\":\"https:\/\/sotahuuto.fi\/vainotapahtumat\/#primaryimage\"},\"image\":{\"@id\":\"https:\/\/sotahuuto.fi\/vainotapahtumat\/#primaryimage\"},\"thumbnailUrl\":\"https:\/\/sotahuuto.fi\/wp-content\/uploads\/2023\/02\/Vainotapahtumat-1024x768.jpeg\",\"datePublished\":\"2023-02-27T11:06:37+00:00\",\"dateModified\":\"2025-01-30T15:45:15+00:00\",\"description\":\"Vainotapahtumat ovat pehmomiekkailutapahtumia, joissa p\u00e4\u00e4set juonittelemaan, selviytym\u00e4\u00e4n ja heitt\u00e4ytym\u00e4\u00e4n mystiseen tarinaan!\",\"breadcrumb\":{\"@id\":\"https:\/\/sotahuuto.fi\/vainotapahtumat\/#breadcrumb\"},\"inLanguage\":\"en-GB\",\"potentialAction\":[{\"@type\":\"ReadAction\",\"target\":[\"https:\/\/sotahuuto.fi\/vainotapahtumat\/\"]}]},{\"@type\":\"ImageObject\",\"inLanguage\":\"en-GB\",\"@id\":\"https:\/\/sotahuuto.fi\/vainotapahtumat\/#primaryimage\",\"url\":\"https:\/\/sotahuuto.fi\/wp-content\/uploads\/2023\/02\/Vainotapahtumat-1024x768.jpeg\",\"contentUrl\":\"https:\/\/sotahuuto.fi\/wp-content\/uploads\/2023\/02\/Vainotapahtumat-1024x768.jpeg\"},{\"@type\":\"BreadcrumbList\",\"@id\":\"https:\/\/sotahuuto.fi\/vainotapahtumat\/#breadcrumb\",\"itemListElement\":[{\"@type\":\"ListItem\",\"position\":1,\"name\":\"Home\",\"item\":\"https:\/\/sotahuuto.fi\/\"},{\"@type\":\"ListItem\",\"position\":2,\"name\":\"Vainotapahtumat\"}]},{\"@type\":\"WebSite\",\"@id\":\"https:\/\/sotahuuto.fi\/#website\",\"url\":\"https:\/\/sotahuuto.fi\/\",\"name\":\"Sotahuuto\",\"description\":\"10.-12.07.2026 | Rekolan tila, Orivesi\",\"publisher\":{\"@id\":\"https:\/\/sotahuuto.fi\/#organization\"},\"alternateName\":\"SoHu\",\"potentialAction\":[{\"@type\":\"SearchAction\",\"target\":{\"@type\":\"EntryPoint\",\"urlTemplate\":\"https:\/\/sotahuuto.fi\/?s={search_term_string}\"},\"query-input\":{\"@type\":\"PropertyValueSpecification\",\"valueRequired\":true,\"valueName\":\"search_term_string\"}}],\"inLanguage\":\"en-GB\"},{\"@type\":\"Organization\",\"@id\":\"https:\/\/sotahuuto.fi\/#organization\",\"name\":\"Sotahuuto\",\"alternateName\":\"SoHu\",\"url\":\"https:\/\/sotahuuto.fi\/\",\"logo\":{\"@type\":\"ImageObject\",\"inLanguage\":\"en-GB\",\"@id\":\"https:\/\/sotahuuto.fi\/#\/schema\/logo\/image\/\",\"url\":\"https:\/\/sotahuuto.fi\/wp-content\/uploads\/2022\/03\/cropped-cropped2-sotahuuto.jpg\",\"contentUrl\":\"https:\/\/sotahuuto.fi\/wp-content\/uploads\/2022\/03\/cropped-cropped2-sotahuuto.jpg\",\"width\":512,\"height\":512,\"caption\":\"Sotahuuto\"},\"image\":{\"@id\":\"https:\/\/sotahuuto.fi\/#\/schema\/logo\/image\/\"},\"sameAs\":[\"https:\/\/www.facebook.com\/profile.php?id=100054630571001\",\"https:\/\/www.youtube.com\/@sotahuutoboffaustapahtuma4558\"]}]}<\/script>\n<!-- \/ Yoast SEO plugin. -->","yoast_head_json":{"title":"Vainotapahtumat - Sotahuuto","description":"Vainotapahtumat ovat pehmomiekkailutapahtumia, joissa p\u00e4\u00e4set juonittelemaan, selviytym\u00e4\u00e4n ja heitt\u00e4ytym\u00e4\u00e4n mystiseen tarinaan!","robots":{"index":"index","follow":"follow","max-snippet":"max-snippet:-1","max-image-preview":"max-image-preview:large","max-video-preview":"max-video-preview:-1"},"canonical":"https:\/\/sotahuuto.fi\/en\/vainotapahtumat\/","og_locale":"en_GB","og_type":"article","og_title":"Vainotapahtumat - Sotahuuto","og_description":"Vainotapahtumat ovat pehmomiekkailutapahtumia, joissa p\u00e4\u00e4set juonittelemaan, selviytym\u00e4\u00e4n ja heitt\u00e4ytym\u00e4\u00e4n mystiseen tarinaan!","og_url":"https:\/\/sotahuuto.fi\/en\/vainotapahtumat\/","og_site_name":"Sotahuuto","article_publisher":"https:\/\/www.facebook.com\/profile.php?id=100054630571001","article_modified_time":"2025-01-30T15:45:15+00:00","og_image":[{"width":2016,"height":1512,"url":"https:\/\/sotahuuto.fi\/wp-content\/uploads\/2023\/02\/Vainotapahtumat.jpeg","type":"image\/jpeg"}],"twitter_card":"summary_large_image","twitter_misc":{"Estimated reading time":"1 minute"},"schema":{"@context":"https:\/\/schema.org","@graph":[{"@type":"WebPage","@id":"https:\/\/sotahuuto.fi\/vainotapahtumat\/","url":"https:\/\/sotahuuto.fi\/vainotapahtumat\/","name":"Vainotapahtumat - Sotahuuto","isPartOf":{"@id":"https:\/\/sotahuuto.fi\/#website"},"primaryImageOfPage":{"@id":"https:\/\/sotahuuto.fi\/vainotapahtumat\/#primaryimage"},"image":{"@id":"https:\/\/sotahuuto.fi\/vainotapahtumat\/#primaryimage"},"thumbnailUrl":"https:\/\/sotahuuto.fi\/wp-content\/uploads\/2023\/02\/Vainotapahtumat-1024x768.jpeg","datePublished":"2023-02-27T11:06:37+00:00","dateModified":"2025-01-30T15:45:15+00:00","description":"Vainotapahtumat ovat pehmomiekkailutapahtumia, joissa p\u00e4\u00e4set juonittelemaan, selviytym\u00e4\u00e4n ja heitt\u00e4ytym\u00e4\u00e4n mystiseen tarinaan!","breadcrumb":{"@id":"https:\/\/sotahuuto.fi\/vainotapahtumat\/#breadcrumb"},"inLanguage":"en-GB","potentialAction":[{"@type":"ReadAction","target":["https:\/\/sotahuuto.fi\/vainotapahtumat\/"]}]},{"@type":"ImageObject","inLanguage":"en-GB","@id":"https:\/\/sotahuuto.fi\/vainotapahtumat\/#primaryimage","url":"https:\/\/sotahuuto.fi\/wp-content\/uploads\/2023\/02\/Vainotapahtumat-1024x768.jpeg","contentUrl":"https:\/\/sotahuuto.fi\/wp-content\/uploads\/2023\/02\/Vainotapahtumat-1024x768.jpeg"},{"@type":"BreadcrumbList","@id":"https:\/\/sotahuuto.fi\/vainotapahtumat\/#breadcrumb","itemListElement":[{"@type":"ListItem","position":1,"name":"Home","item":"https:\/\/sotahuuto.fi\/"},{"@type":"ListItem","position":2,"name":"Vainotapahtumat"}]},{"@type":"WebSite","@id":"https:\/\/sotahuuto.fi\/#website","url":"https:\/\/sotahuuto.fi\/","name":"Sotahuuto, \"War cry\",","description":"10.-12.07.2026 | Rekolan tila, Orivesi","publisher":{"@id":"https:\/\/sotahuuto.fi\/#organization"},"alternateName":"SoHu","potentialAction":[{"@type":"SearchAction","target":{"@type":"EntryPoint","urlTemplate":"https:\/\/sotahuuto.fi\/?s={search_term_string}"},"query-input":{"@type":"PropertyValueSpecification","valueRequired":true,"valueName":"search_term_string"}}],"inLanguage":"en-GB"},{"@type":"Organization","@id":"https:\/\/sotahuuto.fi\/#organization","name":"Sotahuuto, \"War cry\",","alternateName":"SoHu","url":"https:\/\/sotahuuto.fi\/","logo":{"@type":"ImageObject","inLanguage":"en-GB","@id":"https:\/\/sotahuuto.fi\/#\/schema\/logo\/image\/","url":"https:\/\/sotahuuto.fi\/wp-content\/uploads\/2022\/03\/cropped-cropped2-sotahuuto.jpg","contentUrl":"https:\/\/sotahuuto.fi\/wp-content\/uploads\/2022\/03\/cropped-cropped2-sotahuuto.jpg","width":512,"height":512,"caption":"Sotahuuto"},"image":{"@id":"https:\/\/sotahuuto.fi\/#\/schema\/logo\/image\/"},"sameAs":["https:\/\/www.facebook.com\/profile.php?id=100054630571001","https:\/\/www.youtube.com\/@sotahuutoboffaustapahtuma4558"]}]}},"jetpack_sharing_enabled":true,"_links":{"self":[{"href":"https:\/\/sotahuuto.fi\/en\/wp-json\/wp\/v2\/pages\/1685"}],"collection":[{"href":"https:\/\/sotahuuto.fi\/en\/wp-json\/wp\/v2\/pages"}],"about":[{"href":"https:\/\/sotahuuto.fi\/en\/wp-json\/wp\/v2\/types\/page"}],"author":[{"embeddable":true,"href":"https:\/\/sotahuuto.fi\/en\/wp-json\/wp\/v2\/users\/7"}],"replies":[{"embeddable":true,"href":"https:\/\/sotahuuto.fi\/en\/wp-json\/wp\/v2\/comments?post=1685"}],"version-history":[{"count":23,"href":"https:\/\/sotahuuto.fi\/en\/wp-json\/wp\/v2\/pages\/1685\/revisions"}],"predecessor-version":[{"id":5106,"href":"https:\/\/sotahuuto.fi\/en\/wp-json\/wp\/v2\/pages\/1685\/revisions\/5106"}],"wp:attachment":[{"href":"https:\/\/sotahuuto.fi\/en\/wp-json\/wp\/v2\/media?parent=1685"}],"curies":[{"name":"wp","href":"https:\/\/api.w.org\/{rel}","templated":true}]}}