{"id":1709,"date":"2023-02-27T13:19:50","date_gmt":"2023-02-27T11:19:50","guid":{"rendered":"https:\/\/sotahuuto.fi\/?page_id=1709"},"modified":"2024-06-08T14:24:38","modified_gmt":"2024-06-08T12:24:38","slug":"sosiaalinen-media","status":"publish","type":"page","link":"https:\/\/sotahuuto.fi\/en\/sosiaalinen-media\/","title":{"rendered":"Social media"},"content":{"rendered":"<div data-elementor-type=\"wp-page\" data-elementor-id=\"1709\" class=\"elementor elementor-1709\">\n\t\t\t\t\t\t<section class=\"elementor-section elementor-top-section elementor-element elementor-element-386c55a elementor-section-boxed elementor-section-height-default elementor-section-height-default\" data-id=\"386c55a\" data-element_type=\"section\">\n\t\t\t\t\t\t<div class=\"elementor-container elementor-column-gap-default\">\n\t\t\t\t\t<div class=\"elementor-column elementor-col-100 elementor-top-column elementor-element elementor-element-fcd24fd\" data-id=\"fcd24fd\" data-element_type=\"column\">\n\t\t\t<div class=\"elementor-widget-wrap elementor-element-populated\">\n\t\t\t\t\t\t<div class=\"elementor-element elementor-element-2f17556 elementor-widget elementor-widget-image\" data-id=\"2f17556\" data-element_type=\"widget\" data-widget_type=\"image.default\">\n\t\t\t\t<div class=\"elementor-widget-container\">\n\t\t\t\t\t\t\t\t\t\t\t\t\t\t\t<img fetchpriority=\"high\" decoding=\"async\" width=\"1024\" height=\"681\" src=\"https:\/\/sotahuuto.fi\/wp-content\/uploads\/2023\/02\/Sotahuuto-sosiaalisessa-mediassa.jpg\" class=\"attachment-large size-large wp-image-1711\" alt=\"Huutava taistelija poseeraa somea varten Sotahuudossa 2016\" srcset=\"https:\/\/sotahuuto.fi\/wp-content\/uploads\/2023\/02\/Sotahuuto-sosiaalisessa-mediassa.jpg 1024w, https:\/\/sotahuuto.fi\/wp-content\/uploads\/2023\/02\/Sotahuuto-sosiaalisessa-mediassa-300x200.jpg 300w, https:\/\/sotahuuto.fi\/wp-content\/uploads\/2023\/02\/Sotahuuto-sosiaalisessa-mediassa-768x511.jpg 768w\" sizes=\"(max-width: 1024px) 100vw, 1024px\" \/>\t\t\t\t\t\t\t\t\t\t\t\t\t\t\t<\/div>\n\t\t\t\t<\/div>\n\t\t\t\t\t<\/div>\n\t\t<\/div>\n\t\t\t\t\t<\/div>\n\t\t<\/section>\n\t\t\t\t<section class=\"elementor-section elementor-top-section elementor-element elementor-element-7794aeb elementor-section-boxed elementor-section-height-default elementor-section-height-default\" data-id=\"7794aeb\" data-element_type=\"section\">\n\t\t\t\t\t\t<div class=\"elementor-container elementor-column-gap-default\">\n\t\t\t\t\t<div class=\"elementor-column elementor-col-100 elementor-top-column elementor-element elementor-element-40dd1c5\" data-id=\"40dd1c5\" data-element_type=\"column\">\n\t\t\t<div class=\"elementor-widget-wrap elementor-element-populated\">\n\t\t\t\t\t\t<div class=\"elementor-element elementor-element-73f92d9 elementor-widget elementor-widget-text-editor\" data-id=\"73f92d9\" data-element_type=\"widget\" data-widget_type=\"text-editor.default\">\n\t\t\t\t<div class=\"elementor-widget-container\">\n\t\t\t\t\t\t\t\t\t<p><em>Photo: Jari Kuskelin<\/em><\/p><p><span style=\"font-weight: 400;\">Tiedotamme Sotahuuto 2024 -tapahtuman suunnittelussa ensisijaisesti omilla sivuillamme. Ajantasainen informaatio l\u00f6ytyykin aina t\u00e4\u00e4lt\u00e4. Jos tahdot pysy\u00e4 ajan tasalla, kannattaa ottaa seurantaan <a href=\"https:\/\/www.facebook.com\/profile.php?id=100054630571001\">Sotahuudon Facebook-sivu<\/a>, tiedotteista ja blogiteksteist\u00e4 teemme julkaisut aina, kun sellaisia julkaisemme. Tiedotteista ilmoitetaan my\u00f6s <a href=\"https:\/\/discord.gg\/jxyEUrWEMN\">Suomen Boffaajat -Discordissa<\/a>. Sek\u00e4 Facebookissa ett\u00e4 Discordissa on mahdollista keskustella muiden harrastajien kanssa tapahtumatiedotteista ja tapahtumaan valmistautumisesta!<\/span><\/p><p>N\u00e4iden lis\u00e4ksi suosittelemme ottamaan seurantaan Instagramin puolella @sotahuuto2024 , jonne p\u00e4ivit\u00e4mme tapahtumaan liittyvi\u00e4 tiedotteita, hype\u00e4 sek\u00e4 muuta mukavaa!<\/p><p><span style=\"font-weight: 400;\">Jos itse julkaiset sosiaalisessa mediassa jotain tapahtumaan liittyv\u00e4\u00e4, kuten vaikkapa kuvia valmistautumisesta, treeneist\u00e4 tai varustetalkoista, voit k\u00e4ytt\u00e4\u00e4 aihetunnistetta #sotahuuto2024. Treeneist\u00e4 tehtyjen julkaisujen yhteydess\u00e4 voit k\u00e4ytt\u00e4\u00e4 my\u00f6s<a href=\"https:\/\/sotahuuto.fi\/en\/miekkamatka-2024\/\"> Miekkamatka-kilpailuumme<\/a> liittyv\u00e4\u00e4 aihetunnistetta #miekkamatka2024.<\/span><\/p>\t\t\t\t\t\t\t\t<\/div>\n\t\t\t\t<\/div>\n\t\t\t\t\t<\/div>\n\t\t<\/div>\n\t\t\t\t\t<\/div>\n\t\t<\/section>\n\t\t\t\t<\/div>","protected":false},"excerpt":{"rendered":"<div class=\"entry-summary\">\nKuva: Jari Kuskelin Tiedotamme Sotahuuto 2024 -tapahtuman suunnittelussa ensisijaisesti omilla sivuillamme. Ajantasainen informaatio l\u00f6ytyykin aina t\u00e4\u00e4lt\u00e4. Jos tahdot pysy\u00e4 ajan&hellip;\n<\/div>\n<div class=\"link-more\"><a href=\"https:\/\/sotahuuto.fi\/en\/sosiaalinen-media\/\" class=\"more-link\">Continue reading<span class=\"screen-reader-text\"> &ldquo;Sosiaalinen media&rdquo;<\/span>&hellip;<\/a><\/div>","protected":false},"author":7,"featured_media":0,"parent":0,"menu_order":0,"comment_status":"closed","ping_status":"closed","template":"","meta":{"footnotes":""},"yoast_head":"<!-- This site is optimized with the Yoast SEO plugin v24.5 - https:\/\/yoast.com\/wordpress\/plugins\/seo\/ -->\n<title>Sosiaalinen media - Sotahuuto<\/title>\n<meta name=\"description\" content=\"Sotahuutoa voit seurata my\u00f6s sosiaalisessa mediassa. Lue somekanavistamme ja tavoista, joilla voit jakaa omia julkaisujasi tapahtumasta!\" \/>\n<meta name=\"robots\" content=\"index, follow, max-snippet:-1, max-image-preview:large, max-video-preview:-1\" \/>\n<link rel=\"canonical\" href=\"https:\/\/sotahuuto.fi\/en\/sosiaalinen-media\/\" \/>\n<meta property=\"og:locale\" content=\"en_GB\" \/>\n<meta property=\"og:type\" content=\"article\" \/>\n<meta property=\"og:title\" content=\"Sosiaalinen media - Sotahuuto\" \/>\n<meta property=\"og:description\" content=\"Sotahuutoa voit seurata my\u00f6s sosiaalisessa mediassa. Lue somekanavistamme ja tavoista, joilla voit jakaa omia julkaisujasi tapahtumasta!\" \/>\n<meta property=\"og:url\" content=\"https:\/\/sotahuuto.fi\/en\/sosiaalinen-media\/\" \/>\n<meta property=\"og:site_name\" content=\"Sotahuuto\" \/>\n<meta property=\"article:publisher\" content=\"https:\/\/www.facebook.com\/profile.php?id=100054630571001\" \/>\n<meta property=\"article:modified_time\" content=\"2024-06-08T12:24:38+00:00\" \/>\n<meta property=\"og:image\" content=\"https:\/\/sotahuuto.fi\/wp-content\/uploads\/2023\/02\/Sotahuuto-sosiaalisessa-mediassa.jpg\" \/>\n<meta name=\"twitter:card\" content=\"summary_large_image\" \/>\n<meta name=\"twitter:label1\" content=\"Estimated reading time\" \/>\n\t<meta name=\"twitter:data1\" content=\"1 minute\" \/>\n<script type=\"application\/ld+json\" class=\"yoast-schema-graph\">{\"@context\":\"https:\/\/schema.org\",\"@graph\":[{\"@type\":\"WebPage\",\"@id\":\"https:\/\/sotahuuto.fi\/sosiaalinen-media\/\",\"url\":\"https:\/\/sotahuuto.fi\/sosiaalinen-media\/\",\"name\":\"Sosiaalinen media - Sotahuuto\",\"isPartOf\":{\"@id\":\"https:\/\/sotahuuto.fi\/#website\"},\"primaryImageOfPage\":{\"@id\":\"https:\/\/sotahuuto.fi\/sosiaalinen-media\/#primaryimage\"},\"image\":{\"@id\":\"https:\/\/sotahuuto.fi\/sosiaalinen-media\/#primaryimage\"},\"thumbnailUrl\":\"https:\/\/sotahuuto.fi\/wp-content\/uploads\/2023\/02\/Sotahuuto-sosiaalisessa-mediassa.jpg\",\"datePublished\":\"2023-02-27T11:19:50+00:00\",\"dateModified\":\"2024-06-08T12:24:38+00:00\",\"description\":\"Sotahuutoa voit seurata my\u00f6s sosiaalisessa mediassa. Lue somekanavistamme ja tavoista, joilla voit jakaa omia julkaisujasi tapahtumasta!\",\"breadcrumb\":{\"@id\":\"https:\/\/sotahuuto.fi\/sosiaalinen-media\/#breadcrumb\"},\"inLanguage\":\"en-GB\",\"potentialAction\":[{\"@type\":\"ReadAction\",\"target\":[\"https:\/\/sotahuuto.fi\/sosiaalinen-media\/\"]}]},{\"@type\":\"ImageObject\",\"inLanguage\":\"en-GB\",\"@id\":\"https:\/\/sotahuuto.fi\/sosiaalinen-media\/#primaryimage\",\"url\":\"https:\/\/sotahuuto.fi\/wp-content\/uploads\/2023\/02\/Sotahuuto-sosiaalisessa-mediassa.jpg\",\"contentUrl\":\"https:\/\/sotahuuto.fi\/wp-content\/uploads\/2023\/02\/Sotahuuto-sosiaalisessa-mediassa.jpg\"},{\"@type\":\"BreadcrumbList\",\"@id\":\"https:\/\/sotahuuto.fi\/sosiaalinen-media\/#breadcrumb\",\"itemListElement\":[{\"@type\":\"ListItem\",\"position\":1,\"name\":\"Home\",\"item\":\"https:\/\/sotahuuto.fi\/\"},{\"@type\":\"ListItem\",\"position\":2,\"name\":\"Sosiaalinen media\"}]},{\"@type\":\"WebSite\",\"@id\":\"https:\/\/sotahuuto.fi\/#website\",\"url\":\"https:\/\/sotahuuto.fi\/\",\"name\":\"Sotahuuto\",\"description\":\"10.-12.07.2026 | Rekolan tila, Orivesi\",\"publisher\":{\"@id\":\"https:\/\/sotahuuto.fi\/#organization\"},\"alternateName\":\"SoHu\",\"potentialAction\":[{\"@type\":\"SearchAction\",\"target\":{\"@type\":\"EntryPoint\",\"urlTemplate\":\"https:\/\/sotahuuto.fi\/?s={search_term_string}\"},\"query-input\":{\"@type\":\"PropertyValueSpecification\",\"valueRequired\":true,\"valueName\":\"search_term_string\"}}],\"inLanguage\":\"en-GB\"},{\"@type\":\"Organization\",\"@id\":\"https:\/\/sotahuuto.fi\/#organization\",\"name\":\"Sotahuuto\",\"alternateName\":\"SoHu\",\"url\":\"https:\/\/sotahuuto.fi\/\",\"logo\":{\"@type\":\"ImageObject\",\"inLanguage\":\"en-GB\",\"@id\":\"https:\/\/sotahuuto.fi\/#\/schema\/logo\/image\/\",\"url\":\"https:\/\/sotahuuto.fi\/wp-content\/uploads\/2022\/03\/cropped-cropped2-sotahuuto.jpg\",\"contentUrl\":\"https:\/\/sotahuuto.fi\/wp-content\/uploads\/2022\/03\/cropped-cropped2-sotahuuto.jpg\",\"width\":512,\"height\":512,\"caption\":\"Sotahuuto\"},\"image\":{\"@id\":\"https:\/\/sotahuuto.fi\/#\/schema\/logo\/image\/\"},\"sameAs\":[\"https:\/\/www.facebook.com\/profile.php?id=100054630571001\",\"https:\/\/www.youtube.com\/@sotahuutoboffaustapahtuma4558\"]}]}<\/script>\n<!-- \/ Yoast SEO plugin. -->","yoast_head_json":{"title":"Sosiaalinen media - Sotahuuto","description":"Sotahuutoa voit seurata my\u00f6s sosiaalisessa mediassa. Lue somekanavistamme ja tavoista, joilla voit jakaa omia julkaisujasi tapahtumasta!","robots":{"index":"index","follow":"follow","max-snippet":"max-snippet:-1","max-image-preview":"max-image-preview:large","max-video-preview":"max-video-preview:-1"},"canonical":"https:\/\/sotahuuto.fi\/en\/sosiaalinen-media\/","og_locale":"en_GB","og_type":"article","og_title":"Sosiaalinen media - Sotahuuto","og_description":"Sotahuutoa voit seurata my\u00f6s sosiaalisessa mediassa. Lue somekanavistamme ja tavoista, joilla voit jakaa omia julkaisujasi tapahtumasta!","og_url":"https:\/\/sotahuuto.fi\/en\/sosiaalinen-media\/","og_site_name":"Sotahuuto","article_publisher":"https:\/\/www.facebook.com\/profile.php?id=100054630571001","article_modified_time":"2024-06-08T12:24:38+00:00","og_image":[{"url":"https:\/\/sotahuuto.fi\/wp-content\/uploads\/2023\/02\/Sotahuuto-sosiaalisessa-mediassa.jpg","type":"","width":"","height":""}],"twitter_card":"summary_large_image","twitter_misc":{"Estimated reading time":"1 minute"},"schema":{"@context":"https:\/\/schema.org","@graph":[{"@type":"WebPage","@id":"https:\/\/sotahuuto.fi\/sosiaalinen-media\/","url":"https:\/\/sotahuuto.fi\/sosiaalinen-media\/","name":"Sosiaalinen media - Sotahuuto","isPartOf":{"@id":"https:\/\/sotahuuto.fi\/#website"},"primaryImageOfPage":{"@id":"https:\/\/sotahuuto.fi\/sosiaalinen-media\/#primaryimage"},"image":{"@id":"https:\/\/sotahuuto.fi\/sosiaalinen-media\/#primaryimage"},"thumbnailUrl":"https:\/\/sotahuuto.fi\/wp-content\/uploads\/2023\/02\/Sotahuuto-sosiaalisessa-mediassa.jpg","datePublished":"2023-02-27T11:19:50+00:00","dateModified":"2024-06-08T12:24:38+00:00","description":"Sotahuutoa voit seurata my\u00f6s sosiaalisessa mediassa. Lue somekanavistamme ja tavoista, joilla voit jakaa omia julkaisujasi tapahtumasta!","breadcrumb":{"@id":"https:\/\/sotahuuto.fi\/sosiaalinen-media\/#breadcrumb"},"inLanguage":"en-GB","potentialAction":[{"@type":"ReadAction","target":["https:\/\/sotahuuto.fi\/sosiaalinen-media\/"]}]},{"@type":"ImageObject","inLanguage":"en-GB","@id":"https:\/\/sotahuuto.fi\/sosiaalinen-media\/#primaryimage","url":"https:\/\/sotahuuto.fi\/wp-content\/uploads\/2023\/02\/Sotahuuto-sosiaalisessa-mediassa.jpg","contentUrl":"https:\/\/sotahuuto.fi\/wp-content\/uploads\/2023\/02\/Sotahuuto-sosiaalisessa-mediassa.jpg"},{"@type":"BreadcrumbList","@id":"https:\/\/sotahuuto.fi\/sosiaalinen-media\/#breadcrumb","itemListElement":[{"@type":"ListItem","position":1,"name":"Home","item":"https:\/\/sotahuuto.fi\/"},{"@type":"ListItem","position":2,"name":"Sosiaalinen media"}]},{"@type":"WebSite","@id":"https:\/\/sotahuuto.fi\/#website","url":"https:\/\/sotahuuto.fi\/","name":"Sotahuuto, \"War cry\",","description":"10.-12.07.2026 | Rekolan tila, Orivesi","publisher":{"@id":"https:\/\/sotahuuto.fi\/#organization"},"alternateName":"SoHu","potentialAction":[{"@type":"SearchAction","target":{"@type":"EntryPoint","urlTemplate":"https:\/\/sotahuuto.fi\/?s={search_term_string}"},"query-input":{"@type":"PropertyValueSpecification","valueRequired":true,"valueName":"search_term_string"}}],"inLanguage":"en-GB"},{"@type":"Organization","@id":"https:\/\/sotahuuto.fi\/#organization","name":"Sotahuuto, \"War cry\",","alternateName":"SoHu","url":"https:\/\/sotahuuto.fi\/","logo":{"@type":"ImageObject","inLanguage":"en-GB","@id":"https:\/\/sotahuuto.fi\/#\/schema\/logo\/image\/","url":"https:\/\/sotahuuto.fi\/wp-content\/uploads\/2022\/03\/cropped-cropped2-sotahuuto.jpg","contentUrl":"https:\/\/sotahuuto.fi\/wp-content\/uploads\/2022\/03\/cropped-cropped2-sotahuuto.jpg","width":512,"height":512,"caption":"Sotahuuto"},"image":{"@id":"https:\/\/sotahuuto.fi\/#\/schema\/logo\/image\/"},"sameAs":["https:\/\/www.facebook.com\/profile.php?id=100054630571001","https:\/\/www.youtube.com\/@sotahuutoboffaustapahtuma4558"]}]}},"jetpack_sharing_enabled":true,"_links":{"self":[{"href":"https:\/\/sotahuuto.fi\/en\/wp-json\/wp\/v2\/pages\/1709"}],"collection":[{"href":"https:\/\/sotahuuto.fi\/en\/wp-json\/wp\/v2\/pages"}],"about":[{"href":"https:\/\/sotahuuto.fi\/en\/wp-json\/wp\/v2\/types\/page"}],"author":[{"embeddable":true,"href":"https:\/\/sotahuuto.fi\/en\/wp-json\/wp\/v2\/users\/7"}],"replies":[{"embeddable":true,"href":"https:\/\/sotahuuto.fi\/en\/wp-json\/wp\/v2\/comments?post=1709"}],"version-history":[{"count":24,"href":"https:\/\/sotahuuto.fi\/en\/wp-json\/wp\/v2\/pages\/1709\/revisions"}],"predecessor-version":[{"id":4260,"href":"https:\/\/sotahuuto.fi\/en\/wp-json\/wp\/v2\/pages\/1709\/revisions\/4260"}],"wp:attachment":[{"href":"https:\/\/sotahuuto.fi\/en\/wp-json\/wp\/v2\/media?parent=1709"}],"curies":[{"name":"wp","href":"https:\/\/api.w.org\/{rel}","templated":true}]}}