{"id":2038,"date":"2023-03-02T22:45:11","date_gmt":"2023-03-02T20:45:11","guid":{"rendered":"https:\/\/sotahuuto.fi\/?page_id=2038"},"modified":"2023-11-17T19:41:19","modified_gmt":"2023-11-17T17:41:19","slug":"pehmomiekkailu-suomessa","status":"publish","type":"page","link":"https:\/\/sotahuuto.fi\/en\/pehmomiekkailu-suomessa\/","title":{"rendered":"Pehmomiekkailu Suomessa"},"content":{"rendered":"<div data-elementor-type=\"wp-page\" data-elementor-id=\"2038\" class=\"elementor elementor-2038\">\n\t\t\t\t\t\t<section class=\"elementor-section elementor-top-section elementor-element elementor-element-78cc86a elementor-section-boxed elementor-section-height-default elementor-section-height-default\" data-id=\"78cc86a\" data-element_type=\"section\">\n\t\t\t\t\t\t<div class=\"elementor-container elementor-column-gap-default\">\n\t\t\t\t\t<div class=\"elementor-column elementor-col-100 elementor-top-column elementor-element elementor-element-0769ddb\" data-id=\"0769ddb\" data-element_type=\"column\">\n\t\t\t<div class=\"elementor-widget-wrap elementor-element-populated\">\n\t\t\t\t\t\t<div class=\"elementor-element elementor-element-78f1b04 elementor-widget elementor-widget-text-editor\" data-id=\"78f1b04\" data-element_type=\"widget\" data-widget_type=\"text-editor.default\">\n\t\t\t\t<div class=\"elementor-widget-container\">\n\t\t\t\t\t\t\t\t\t<p><em>Pehmomiekkailu Suomessa<\/em> -teos on suomalaisen pehmomiekkailukent\u00e4n voimainn\u00e4yt\u00f6s. Kirja kokoaa laajalti erilaisia n\u00e4k\u00f6kulmia lajin parista, k\u00e4sitellen historiaa, strategioita, varusteita ja ryhmi\u00e4. Koska Sotahuudolla on ollut vahva vaikutus koko lajin kehitykseen, kirja sis\u00e4lt\u00e4\u00e4 paljon tietoa ja n\u00e4kemyksi\u00e4 Sotahuudosta.<\/p><p>\u00a0<\/p><p>Kirjan ovat toimittaneet Juhani Salonen, Juuso Marttila, Niko Sammalisto ja Sampo Immonen.<\/p><p><span style=\"font-size: 1.1875rem; letter-spacing: 0px;\">\u00a0<\/span><\/p><p><span style=\"font-size: 1.1875rem; letter-spacing: 0px;\">Koko teos on ladattavissa <a href=\"https:\/\/drive.google.com\/file\/d\/1hH3_KViUm-jyI_o5k4fhMZMOjvUo0s_e\/view\" target=\"_blank\" rel=\"noopener\">yhten\u00e4 kappaleena<\/a>.<\/span><span style=\"font-size: 1.1875rem; letter-spacing: 0px;\"> Jos olet kuitenkin kiinnostunut vain tietyst\u00e4 artikkelista, voit etsi\u00e4 sen alhaalla olevasta sis\u00e4llysluettelosta.<\/span><\/p>\t\t\t\t\t\t\t\t<\/div>\n\t\t\t\t<\/div>\n\t\t\t\t\t<\/div>\n\t\t<\/div>\n\t\t\t\t\t<\/div>\n\t\t<\/section>\n\t\t\t\t<section class=\"elementor-section elementor-top-section elementor-element elementor-element-b876db6 elementor-section-boxed elementor-section-height-default elementor-section-height-default\" data-id=\"b876db6\" data-element_type=\"section\">\n\t\t\t\t\t\t<div class=\"elementor-container elementor-column-gap-default\">\n\t\t\t\t\t<div class=\"elementor-column elementor-col-100 elementor-top-column elementor-element elementor-element-767911c\" data-id=\"767911c\" data-element_type=\"column\">\n\t\t\t<div class=\"elementor-widget-wrap elementor-element-populated\">\n\t\t\t\t\t\t<div class=\"elementor-element elementor-element-d7ef544 elementor-widget elementor-widget-heading\" data-id=\"d7ef544\" data-element_type=\"widget\" data-widget_type=\"heading.default\">\n\t\t\t\t<div class=\"elementor-widget-container\">\n\t\t\t\t\t<h2 class=\"elementor-heading-title elementor-size-default\">Pehmomiekkailu Suomessa<\/h2>\t\t\t\t<\/div>\n\t\t\t\t<\/div>\n\t\t\t\t<div class=\"elementor-element elementor-element-c324115 elementor-widget elementor-widget-accordion\" data-id=\"c324115\" data-element_type=\"widget\" data-widget_type=\"accordion.default\">\n\t\t\t\t<div class=\"elementor-widget-container\">\n\t\t\t\t\t\t\t<div class=\"elementor-accordion\">\n\t\t\t\t\t\t\t<div class=\"elementor-accordion-item\">\n\t\t\t\t\t<div id=\"elementor-tab-title-2041\" class=\"elementor-tab-title\" data-tab=\"1\" role=\"button\" aria-controls=\"elementor-tab-content-2041\" aria-expanded=\"false\">\n\t\t\t\t\t\t\t\t\t\t\t\t\t<span class=\"elementor-accordion-icon elementor-accordion-icon-left\" aria-hidden=\"true\">\n\t\t\t\t\t\t\t\t\t\t\t\t\t\t\t<span class=\"elementor-accordion-icon-closed\"><i class=\"fas fa-plus\"><\/i><\/span>\n\t\t\t\t\t\t\t\t<span class=\"elementor-accordion-icon-opened\"><i class=\"fas fa-minus\"><\/i><\/span>\n\t\t\t\t\t\t\t\t\t\t\t\t\t\t<\/span>\n\t\t\t\t\t\t\t\t\t\t\t\t<a class=\"elementor-accordion-title\" tabindex=\"0\">Osio 1. Historia<\/a>\n\t\t\t\t\t<\/div>\n\t\t\t\t\t<div id=\"elementor-tab-content-2041\" class=\"elementor-tab-content elementor-clearfix\" data-tab=\"1\" role=\"region\" aria-labelledby=\"elementor-tab-title-2041\"><p><a href=\"https:\/\/drive.google.com\/file\/d\/1XWa6_3CJTB3Lvab60QHP8R7kwI7R-ZCo\/view?usp=sharing\">Historiaosion esipuhe &#8211; Liveroolipeleist\u00e4 taistelukentille &#8211; Pehmomiekkailun historian j\u00e4ljill\u00e4<\/a><\/p><p>\u00a0<\/p><p><a href=\"https:\/\/drive.google.com\/file\/d\/1gMrZhQyRgIMD0jx0nE7B6e9UiPYQHRJR\/view?usp=sharing\">1. luku: Pehmomiekkailun varhaiset vuodet Suomessa (T\u00e4hk\u00e4nen)<\/a><\/p><p>\u00a0<\/p><p><a href=\"https:\/\/drive.google.com\/file\/d\/1ew4ohUUUxmZYVRvK_0qG6RvRW5LLRKgf\/view?usp=sharing\">2. luku: Ensimm\u00e4inen Sotahuuto 2005 (Marttila)<\/a><\/p><p>\u00a0<\/p><p><a href=\"https:\/\/drive.google.com\/file\/d\/1mlhagvK32KIdSiVmgOJ_eP_0EtktbvNw\/view?usp=sharing\">3. luku: Sotahuudot 2006\u20132021 (Marttila)<\/a><\/p><p>\u00a0<\/p><p><a href=\"https:\/\/drive.google.com\/file\/d\/1Fx1dD8S3AmNo8K6bUDryeiDXAkrhnSQi\/view?usp=sharing\">4. luku: Harrastekentt\u00e4 Sotahuudon ymp\u00e4rill\u00e4 2006\u20132021 (Rinne, Salonen &amp; Immonen)<\/a><\/p><p>\u00a0<\/p><p><a href=\"https:\/\/drive.google.com\/file\/d\/1ZRZUSXYpqWevRYUj79YlzM_c6yIw-TYt\/view?usp=sharing\">5. luku: Kysely harrastajille lajin nykytilasta 2011 ja 2022 (Kinnunen, Salonen &amp; Marttila)<\/a><\/p><p>\u00a0<\/p><p><a href=\"https:\/\/drive.google.com\/file\/d\/1Ycbf99hQ5sii_5kyYocOQpuJ1V2N-uBU\/view?usp=sharing\">Historiaosion j\u00e4lkipuhe: Laaja-alaisuus, moni\u00e4\u00e4nisyys ja yhteenkuuluvuus ytimess\u00e4<\/a><\/p><\/div>\n\t\t\t\t<\/div>\n\t\t\t\t\t\t\t<div class=\"elementor-accordion-item\">\n\t\t\t\t\t<div id=\"elementor-tab-title-2042\" class=\"elementor-tab-title\" data-tab=\"2\" role=\"button\" aria-controls=\"elementor-tab-content-2042\" aria-expanded=\"false\">\n\t\t\t\t\t\t\t\t\t\t\t\t\t<span class=\"elementor-accordion-icon elementor-accordion-icon-left\" aria-hidden=\"true\">\n\t\t\t\t\t\t\t\t\t\t\t\t\t\t\t<span class=\"elementor-accordion-icon-closed\"><i class=\"fas fa-plus\"><\/i><\/span>\n\t\t\t\t\t\t\t\t<span class=\"elementor-accordion-icon-opened\"><i class=\"fas fa-minus\"><\/i><\/span>\n\t\t\t\t\t\t\t\t\t\t\t\t\t\t<\/span>\n\t\t\t\t\t\t\t\t\t\t\t\t<a class=\"elementor-accordion-title\" tabindex=\"0\">Osio 2. Rajapinnat<\/a>\n\t\t\t\t\t<\/div>\n\t\t\t\t\t<div id=\"elementor-tab-content-2042\" class=\"elementor-tab-content elementor-clearfix\" data-tab=\"2\" role=\"region\" aria-labelledby=\"elementor-tab-title-2042\"><p><a href=\"https:\/\/drive.google.com\/file\/d\/1MpMs3YgmkE_DS532TJj0DhW-OrzTXGph\/view?usp=sharing\">Rajapintaosion esipuhe \u2013 Pehmomiekkailun rajapinnoilla<\/a><\/p><p>\u00a0<\/p><p><a href=\"https:\/\/drive.google.com\/file\/d\/11yY4J7BfOwz1R5XQkAwZ0tDR_wknqoAI\/view?usp=sharing\">6. luku: Mit\u00e4 annettavaa yleisell\u00e4 miekkailuteorialla on pehmomiekkailulle? (Sammalisto)<\/a><\/p><p>\u00a0<\/p><p><a href=\"https:\/\/drive.google.com\/file\/d\/1L_106M8RNYRISyQF34BZck02E5a--Ybz\/view?usp=sharing\">7. luku: Pehmomiekkailu SCA-taistelijan n\u00e4k\u00f6kulmasta (Peussa)<\/a><\/p><p>\u00a0<\/p><p><a href=\"https:\/\/drive.google.com\/file\/d\/1jl7lUIKRRyljGNnQGO9Bxg2Jl_c_Vj6k\/view?usp=sharing\">8. luku: Pehmomiekkailu historiallisen miekkailun n\u00e4k\u00f6kulmasta (Lahtela)<\/a><\/p><p>\u00a0<\/p><p><a href=\"https:\/\/drive.google.com\/file\/d\/1UkxAjF8MYf_qYEujMdkbEmhmV4VcOL44\/view?usp=sharing\">9. luku: Pehmomiekkailu buhurt-ottelijan n\u00e4k\u00f6kulmasta (J\u00e4rvinen)<\/a><\/p><p>\u00a0<\/p><p><a href=\"https:\/\/drive.google.com\/file\/d\/1PeIuOzZtksOXHJNi0bpZPtWuV6VVorCR\/view?usp=sharing\">Rajapintaosion j\u00e4lkipuhe: Ensiraapaisu rajapintoihin<\/a><\/p><\/div>\n\t\t\t\t<\/div>\n\t\t\t\t\t\t\t<div class=\"elementor-accordion-item\">\n\t\t\t\t\t<div id=\"elementor-tab-title-2043\" class=\"elementor-tab-title\" data-tab=\"3\" role=\"button\" aria-controls=\"elementor-tab-content-2043\" aria-expanded=\"false\">\n\t\t\t\t\t\t\t\t\t\t\t\t\t<span class=\"elementor-accordion-icon elementor-accordion-icon-left\" aria-hidden=\"true\">\n\t\t\t\t\t\t\t\t\t\t\t\t\t\t\t<span class=\"elementor-accordion-icon-closed\"><i class=\"fas fa-plus\"><\/i><\/span>\n\t\t\t\t\t\t\t\t<span class=\"elementor-accordion-icon-opened\"><i class=\"fas fa-minus\"><\/i><\/span>\n\t\t\t\t\t\t\t\t\t\t\t\t\t\t<\/span>\n\t\t\t\t\t\t\t\t\t\t\t\t<a class=\"elementor-accordion-title\" tabindex=\"0\">Osio 3. Taistelukentt\u00e4<\/a>\n\t\t\t\t\t<\/div>\n\t\t\t\t\t<div id=\"elementor-tab-content-2043\" class=\"elementor-tab-content elementor-clearfix\" data-tab=\"3\" role=\"region\" aria-labelledby=\"elementor-tab-title-2043\"><p><a href=\"https:\/\/drive.google.com\/file\/d\/1LdqBQBbkoLmwuT8q7H3L2siHnElOEKJO\/view?usp=sharing\">Taistelukentt\u00e4osion esipuhe \u2013 Kohti jaettua k\u00e4sityst\u00e4 taistelukent\u00e4st\u00e4<\/a><\/p><p>\u00a0<\/p><p><a href=\"https:\/\/drive.google.com\/file\/d\/1NNFqLkGMzOrb1JW0qg3T-fWqvgyVe_ie\/view?usp=sharing\">10. luku: Taistelukent\u00e4n puitteet Sotahuudossa (Marttila)<\/a><\/p><p>\u00a0<\/p><p><a href=\"https:\/\/drive.google.com\/file\/d\/1M-0injwTOSE4bArux2OYiL1ktZzkZrWq\/view?usp=sharing\">11. luku: Aselajit ja taistelijaroolit (Salonen, Kinnunen, Marttinen, Noopila &amp; Sipil\u00e4)<\/a><\/p><p>\u00a0<\/p><p><a href=\"https:\/\/drive.google.com\/file\/d\/1pn5hehOXM7ZPSyksf8tgkXXMVT4cz9uQ\/view?usp=sharing\">12. luku: Katsaus taistelukent\u00e4n tapahtumien ja ryhmien luokitteluun ja rakenteeseen (Salonen)<\/a><\/p><p>\u00a0<\/p><p><a href=\"https:\/\/drive.google.com\/file\/d\/1Ke0enrSduQDpk8fS3aYnSYxZhd5p9eD7\/view?usp=sharing\">13. luku: Perustason taktiikat ja man\u00f6\u00f6verit (Salonen &amp; Tevaj\u00e4rvi)<\/a><\/p><p>\u00a0<\/p><p><a href=\"https:\/\/drive.google.com\/file\/d\/1709fi9vWeiMhjctAQ6vqHwedO9vqTJpf\/view?usp=sharing\">14. luku: Kohtaamistaistelun vaiheet pehmomiekkailussa (Salonen)<\/a><\/p><p>\u00a0<\/p><p><a href=\"https:\/\/drive.google.com\/file\/d\/11jpJZ6GkRXaZPc_pw7oGs1RCO_ipLiTR\/view?usp=sharing\">15. luku: Analyyttisia n\u00e4k\u00f6kulmia pehmomiekkailuun (Teinonen)<\/a><\/p><p>\u00a0<\/p><p><a href=\"https:\/\/drive.google.com\/file\/d\/1xZBVmA0fEKSvvXemhe81HspC5M1BZHDY\/view?usp=sharing\">16. luku: Metapeli Sotahuudossa (Immonen)<\/a><\/p><p>\u00a0<\/p><p><a href=\"https:\/\/drive.google.com\/file\/d\/1VZDHQVx8CuRGzxrg7xs6YzrL_1yByeX1\/view?usp=sharing\">Taistelukentt\u00e4osion j\u00e4lkipuhe \u2013 Ymm\u00e4rryksell\u00e4 ja analyysilla voittoon<\/a><\/p><\/div>\n\t\t\t\t<\/div>\n\t\t\t\t\t\t\t<div class=\"elementor-accordion-item\">\n\t\t\t\t\t<div id=\"elementor-tab-title-2044\" class=\"elementor-tab-title\" data-tab=\"4\" role=\"button\" aria-controls=\"elementor-tab-content-2044\" aria-expanded=\"false\">\n\t\t\t\t\t\t\t\t\t\t\t\t\t<span class=\"elementor-accordion-icon elementor-accordion-icon-left\" aria-hidden=\"true\">\n\t\t\t\t\t\t\t\t\t\t\t\t\t\t\t<span class=\"elementor-accordion-icon-closed\"><i class=\"fas fa-plus\"><\/i><\/span>\n\t\t\t\t\t\t\t\t<span class=\"elementor-accordion-icon-opened\"><i class=\"fas fa-minus\"><\/i><\/span>\n\t\t\t\t\t\t\t\t\t\t\t\t\t\t<\/span>\n\t\t\t\t\t\t\t\t\t\t\t\t<a class=\"elementor-accordion-title\" tabindex=\"0\">Osio 4. Ryhm\u00e4t ja ilmi\u00f6t<\/a>\n\t\t\t\t\t<\/div>\n\t\t\t\t\t<div id=\"elementor-tab-content-2044\" class=\"elementor-tab-content elementor-clearfix\" data-tab=\"4\" role=\"region\" aria-labelledby=\"elementor-tab-title-2044\"><p><a href=\"https:\/\/drive.google.com\/file\/d\/16T8lYGBRxZltHAjvkBPHPVU-h-9ngh3m\/view?usp=sharing\">Ryhm\u00e4t ja ilmi\u00f6t -osion esipuhe \u2013 Osallistujasta kertojaksi \u2013 Ilmi\u00f6it\u00e4 ryhmien silmin<\/a><\/p><p>\u00a0<\/p><p><a href=\"https:\/\/drive.google.com\/file\/d\/1XmN52ry_VA9bEMWP8YQXzA5ymefD4YW2\/view?usp=sharing\">17. luku: Pehmomiekkailua pystymets\u00e4st\u00e4 \u2013 Akatemian nousu ja tuho (Galkin)<\/a><\/p><p>\u00a0<\/p><p><a href=\"https:\/\/drive.google.com\/file\/d\/1GP2m3Ncw4x5pZMoxQZPnZvGcV64bIj2U\/view?usp=sharing\">18. luku: Skirmauksesta \u2013 Katsaus kevyiden joukkojen taistelutoimintaan suomalaisessa pehmomiekkailussa (Sipil\u00e4)<\/a><\/p><p>\u00a0<\/p><p><a href=\"https:\/\/drive.google.com\/file\/d\/1eWVPZ1dGC7ZbrPn2gg1LVlr3MRHheItN\/view?usp=sharing\">19. luku: Aatteiden solmukohdassa \u2013 Moniaseinen menetelm\u00e4 (Viholainen)<\/a><\/p><p>\u00a0<\/p><p><a href=\"https:\/\/drive.google.com\/file\/d\/1bHypCJyyGsTB9TwfNg2Mpfscent11etg\/view?usp=sharing\">20. luku: Teiniskirmishist\u00e4 linjajyr\u00e4ksi \u2013 Goblinit metan matkassa (Ritakorpi)<\/a><\/p><p>\u00a0<\/p><p><a href=\"https:\/\/drive.google.com\/file\/d\/1CQV_u2dfvTb_J0sIhN4smPj5gWC5NkOL\/view?usp=sharing\">21. luku: Pehmomiekkailujoukkueen onnistunut rakennemuutos (Tevaj\u00e4rvi)<\/a><\/p><p>\u00a0<\/p><p><a href=\"https:\/\/drive.google.com\/file\/d\/1Ph8KckAb15BTLun73VdMgLY8zIxXKob5\/view?usp=sharing\">22. luku: Johtaminen pehmomiekkailussa \u2013 Tarvitaanko sit\u00e4? (Suontakanen)<\/a><\/p><p>\u00a0<\/p><p><a href=\"https:\/\/drive.google.com\/file\/d\/1Ex5D8CJuMcq07isTO3PYe_fDVoveLlqH\/view?usp=sharing\">23. luku: Ammattimainen tuotekehitystoiminta osanana marginaalilajia edustavan joukkueen varustekehityst\u00e4 (Salonen)<\/a><\/p><p>\u00a0<\/p><p><a href=\"https:\/\/drive.google.com\/file\/d\/1IANTJY9r0_tbJly4Qp4WVCDwQWyAb1qM\/view?usp=sharing\">24. luku: Esimerkkej\u00e4 pehmomiekkailujoukkueen varustekehityksest\u00e4 (Salonen)<\/a><\/p><p>\u00a0<\/p><p><a href=\"https:\/\/drive.google.com\/file\/d\/1XOkuzMLtxWTUhvdYtIgLZji4ie2fL1Lr\/view?usp=sharing\">Ryhm\u00e4t ja ilmi\u00f6t -osion j\u00e4lkipuhe \u2013 Harrastuksen moninaisuudesta<\/a><\/p><\/div>\n\t\t\t\t<\/div>\n\t\t\t\t\t\t\t<div class=\"elementor-accordion-item\">\n\t\t\t\t\t<div id=\"elementor-tab-title-2045\" class=\"elementor-tab-title\" data-tab=\"5\" role=\"button\" aria-controls=\"elementor-tab-content-2045\" aria-expanded=\"false\">\n\t\t\t\t\t\t\t\t\t\t\t\t\t<span class=\"elementor-accordion-icon elementor-accordion-icon-left\" aria-hidden=\"true\">\n\t\t\t\t\t\t\t\t\t\t\t\t\t\t\t<span class=\"elementor-accordion-icon-closed\"><i class=\"fas fa-plus\"><\/i><\/span>\n\t\t\t\t\t\t\t\t<span class=\"elementor-accordion-icon-opened\"><i class=\"fas fa-minus\"><\/i><\/span>\n\t\t\t\t\t\t\t\t\t\t\t\t\t\t<\/span>\n\t\t\t\t\t\t\t\t\t\t\t\t<a class=\"elementor-accordion-title\" tabindex=\"0\">Osio 5. Pedagogiikka<\/a>\n\t\t\t\t\t<\/div>\n\t\t\t\t\t<div id=\"elementor-tab-content-2045\" class=\"elementor-tab-content elementor-clearfix\" data-tab=\"5\" role=\"region\" aria-labelledby=\"elementor-tab-title-2045\"><p><a href=\"https:\/\/drive.google.com\/file\/d\/16gNH2DyV2Wou4E5WGHZjHfI6ceL6-LB8\/view?usp=sharing\">Pedagogiikkaosion esipuhe \u2013 Pedagogiikkaa vai sattumanvaraisuutta<\/a><\/p><p>\u00a0<\/p><p><a href=\"https:\/\/drive.google.com\/file\/d\/1UC5mmoS6qCjKJQ4mm5Y4OfpvH6vOU8Gy\/view?usp=sharing\">25. luku: Hyvi\u00e4 syit\u00e4 lopettaa pehmomiekkailu \u2013 Harjoittelu kokemuksellisen pedagogiikan n\u00e4k\u00f6kulmasta (Kinnunen)<\/a><\/p><p>\u00a0<\/p><p><a href=\"https:\/\/drive.google.com\/file\/d\/17j44GQK-8jyNM_ac2AnuKf11eYPRhxK_\/view?usp=sharing\">26. luku: Pehmomiekkailu ja el\u00e4myksellinen oppiminen oppiaineet yhdist\u00e4v\u00e4n\u00e4 monialaisena oppimiskokonaisuutena (Hautsalo)<\/a><\/p><p>\u00a0<\/p><p><a href=\"https:\/\/drive.google.com\/file\/d\/1r_dV-bJh1k-G8GHuW21LGfN01wh4O7gM\/view?usp=sharing\">27. luku: Pehmomiekkailu peruskoulun liikunnanopetuksessa (Hyv\u00e4joki)<\/a><\/p><p>\u00a0<\/p><p><a href=\"https:\/\/drive.google.com\/file\/d\/1J4TSz9rDni5C1gbhDYgTFlDu2QGEatdi\/view?usp=sharing\">28. luku: Pehmomiekkailuharjoitusten ohjaamisesta (Kekkonen)<\/a><\/p><p>\u00a0<\/p><p><a href=\"https:\/\/drive.google.com\/file\/d\/1yR2Nzq-TAXFDY9KXWWa6xCK_zp0JOyjK\/view?usp=sharing\">29. luku: Treenien k\u00e4ynnist\u00e4misest\u00e4 \u2013 Tapausesimerkkin\u00e4 Salon treenit (Kantola &amp; Kantola)<\/a><\/p><p>\u00a0<\/p><p><a href=\"https:\/\/drive.google.com\/file\/d\/1ozmHDwxnLcIg3LJk6Xw6hst9Lw-Te_7A\/view?usp=sharing\">30. luku:\u00a0Ohjaajan k\u00e4sikirja lasten ja nuorten harjoituksiin (Sammalisto)<\/a><\/p><p>\u00a0<\/p><p><a href=\"https:\/\/drive.google.com\/file\/d\/14GEa1XkrRgtOpnLQHQv1wAOUqo3eAb_c\/view?usp=sharing\">Pedagogiikkaosion j\u00e4lkipuhe \u2013 Hyv\u00e4ll\u00e4 ohjauksella iloa ja menestyst\u00e4<\/a><\/p><\/div>\n\t\t\t\t<\/div>\n\t\t\t\t\t\t\t\t<\/div>\n\t\t\t\t\t\t<\/div>\n\t\t\t\t<\/div>\n\t\t\t\t\t<\/div>\n\t\t<\/div>\n\t\t\t\t\t<\/div>\n\t\t<\/section>\n\t\t\t\t<\/div>","protected":false},"excerpt":{"rendered":"<div class=\"entry-summary\">\nPehmomiekkailu Suomessa -teos on suomalaisen pehmomiekkailukent\u00e4n voimainn\u00e4yt\u00f6s. Kirja kokoaa laajalti erilaisia n\u00e4k\u00f6kulmia lajin parista, k\u00e4sitellen historiaa, strategioita, varusteita ja ryhmi\u00e4.&hellip;\n<\/div>\n<div class=\"link-more\"><a href=\"https:\/\/sotahuuto.fi\/en\/pehmomiekkailu-suomessa\/\" class=\"more-link\">Continue reading<span class=\"screen-reader-text\"> &ldquo;Pehmomiekkailu Suomessa&rdquo;<\/span>&hellip;<\/a><\/div>","protected":false},"author":7,"featured_media":0,"parent":0,"menu_order":0,"comment_status":"closed","ping_status":"closed","template":"","meta":{"footnotes":""},"yoast_head":"<!-- This site is optimized with the Yoast SEO plugin v24.5 - https:\/\/yoast.com\/wordpress\/plugins\/seo\/ -->\n<title>Pehmomiekkailu Suomessa - Sotahuuto<\/title>\n<meta name=\"description\" content=\"Pehmomiekkailu Suomessa on suomalaista pehmomiekkailukentt\u00e4\u00e4, sen historiaa, strategioita ja ilmi\u00f6it\u00e4 esittelev\u00e4 teos.\" \/>\n<meta name=\"robots\" content=\"index, follow, max-snippet:-1, max-image-preview:large, max-video-preview:-1\" \/>\n<link rel=\"canonical\" href=\"https:\/\/sotahuuto.fi\/en\/pehmomiekkailu-suomessa\/\" \/>\n<meta property=\"og:locale\" content=\"en_GB\" \/>\n<meta property=\"og:type\" content=\"article\" \/>\n<meta property=\"og:title\" content=\"Pehmomiekkailu Suomessa - Sotahuuto\" \/>\n<meta property=\"og:description\" content=\"Pehmomiekkailu Suomessa on suomalaista pehmomiekkailukentt\u00e4\u00e4, sen historiaa, strategioita ja ilmi\u00f6it\u00e4 esittelev\u00e4 teos.\" \/>\n<meta property=\"og:url\" content=\"https:\/\/sotahuuto.fi\/en\/pehmomiekkailu-suomessa\/\" \/>\n<meta property=\"og:site_name\" content=\"Sotahuuto\" \/>\n<meta property=\"article:publisher\" content=\"https:\/\/www.facebook.com\/profile.php?id=100054630571001\" \/>\n<meta property=\"article:modified_time\" content=\"2023-11-17T17:41:19+00:00\" \/>\n<meta property=\"og:image\" content=\"https:\/\/sotahuuto.fi\/wp-content\/uploads\/2023\/11\/testi.gif\" \/>\n\t<meta property=\"og:image:width\" content=\"1024\" \/>\n\t<meta property=\"og:image:height\" content=\"614\" \/>\n\t<meta property=\"og:image:type\" content=\"image\/gif\" \/>\n<meta name=\"twitter:card\" content=\"summary_large_image\" \/>\n<meta name=\"twitter:label1\" content=\"Estimated reading time\" \/>\n\t<meta name=\"twitter:data1\" content=\"2 minutes\" \/>\n<script type=\"application\/ld+json\" class=\"yoast-schema-graph\">{\"@context\":\"https:\/\/schema.org\",\"@graph\":[{\"@type\":\"WebPage\",\"@id\":\"https:\/\/sotahuuto.fi\/pehmomiekkailu-suomessa\/\",\"url\":\"https:\/\/sotahuuto.fi\/pehmomiekkailu-suomessa\/\",\"name\":\"Pehmomiekkailu Suomessa - Sotahuuto\",\"isPartOf\":{\"@id\":\"https:\/\/sotahuuto.fi\/#website\"},\"datePublished\":\"2023-03-02T20:45:11+00:00\",\"dateModified\":\"2023-11-17T17:41:19+00:00\",\"description\":\"Pehmomiekkailu Suomessa on suomalaista pehmomiekkailukentt\u00e4\u00e4, sen historiaa, strategioita ja ilmi\u00f6it\u00e4 esittelev\u00e4 teos.\",\"breadcrumb\":{\"@id\":\"https:\/\/sotahuuto.fi\/pehmomiekkailu-suomessa\/#breadcrumb\"},\"inLanguage\":\"en-GB\",\"potentialAction\":[{\"@type\":\"ReadAction\",\"target\":[\"https:\/\/sotahuuto.fi\/pehmomiekkailu-suomessa\/\"]}]},{\"@type\":\"BreadcrumbList\",\"@id\":\"https:\/\/sotahuuto.fi\/pehmomiekkailu-suomessa\/#breadcrumb\",\"itemListElement\":[{\"@type\":\"ListItem\",\"position\":1,\"name\":\"Home\",\"item\":\"https:\/\/sotahuuto.fi\/\"},{\"@type\":\"ListItem\",\"position\":2,\"name\":\"Pehmomiekkailu Suomessa\"}]},{\"@type\":\"WebSite\",\"@id\":\"https:\/\/sotahuuto.fi\/#website\",\"url\":\"https:\/\/sotahuuto.fi\/\",\"name\":\"Sotahuuto\",\"description\":\"10.-12.07.2026 | Rekolan tila, Orivesi\",\"publisher\":{\"@id\":\"https:\/\/sotahuuto.fi\/#organization\"},\"alternateName\":\"SoHu\",\"potentialAction\":[{\"@type\":\"SearchAction\",\"target\":{\"@type\":\"EntryPoint\",\"urlTemplate\":\"https:\/\/sotahuuto.fi\/?s={search_term_string}\"},\"query-input\":{\"@type\":\"PropertyValueSpecification\",\"valueRequired\":true,\"valueName\":\"search_term_string\"}}],\"inLanguage\":\"en-GB\"},{\"@type\":\"Organization\",\"@id\":\"https:\/\/sotahuuto.fi\/#organization\",\"name\":\"Sotahuuto\",\"alternateName\":\"SoHu\",\"url\":\"https:\/\/sotahuuto.fi\/\",\"logo\":{\"@type\":\"ImageObject\",\"inLanguage\":\"en-GB\",\"@id\":\"https:\/\/sotahuuto.fi\/#\/schema\/logo\/image\/\",\"url\":\"https:\/\/sotahuuto.fi\/wp-content\/uploads\/2022\/03\/cropped-cropped2-sotahuuto.jpg\",\"contentUrl\":\"https:\/\/sotahuuto.fi\/wp-content\/uploads\/2022\/03\/cropped-cropped2-sotahuuto.jpg\",\"width\":512,\"height\":512,\"caption\":\"Sotahuuto\"},\"image\":{\"@id\":\"https:\/\/sotahuuto.fi\/#\/schema\/logo\/image\/\"},\"sameAs\":[\"https:\/\/www.facebook.com\/profile.php?id=100054630571001\",\"https:\/\/www.youtube.com\/@sotahuutoboffaustapahtuma4558\"]}]}<\/script>\n<!-- \/ Yoast SEO plugin. -->","yoast_head_json":{"title":"Pehmomiekkailu Suomessa - Sotahuuto","description":"Pehmomiekkailu Suomessa on suomalaista pehmomiekkailukentt\u00e4\u00e4, sen historiaa, strategioita ja ilmi\u00f6it\u00e4 esittelev\u00e4 teos.","robots":{"index":"index","follow":"follow","max-snippet":"max-snippet:-1","max-image-preview":"max-image-preview:large","max-video-preview":"max-video-preview:-1"},"canonical":"https:\/\/sotahuuto.fi\/en\/pehmomiekkailu-suomessa\/","og_locale":"en_GB","og_type":"article","og_title":"Pehmomiekkailu Suomessa - Sotahuuto","og_description":"Pehmomiekkailu Suomessa on suomalaista pehmomiekkailukentt\u00e4\u00e4, sen historiaa, strategioita ja ilmi\u00f6it\u00e4 esittelev\u00e4 teos.","og_url":"https:\/\/sotahuuto.fi\/en\/pehmomiekkailu-suomessa\/","og_site_name":"Sotahuuto","article_publisher":"https:\/\/www.facebook.com\/profile.php?id=100054630571001","article_modified_time":"2023-11-17T17:41:19+00:00","og_image":[{"url":"https:\/\/sotahuuto.fi\/wp-content\/uploads\/2023\/11\/testi.gif","width":1024,"height":614,"type":"image\/gif"}],"twitter_card":"summary_large_image","twitter_misc":{"Estimated reading time":"2 minutes"},"schema":{"@context":"https:\/\/schema.org","@graph":[{"@type":"WebPage","@id":"https:\/\/sotahuuto.fi\/pehmomiekkailu-suomessa\/","url":"https:\/\/sotahuuto.fi\/pehmomiekkailu-suomessa\/","name":"Pehmomiekkailu Suomessa - Sotahuuto","isPartOf":{"@id":"https:\/\/sotahuuto.fi\/#website"},"datePublished":"2023-03-02T20:45:11+00:00","dateModified":"2023-11-17T17:41:19+00:00","description":"Pehmomiekkailu Suomessa on suomalaista pehmomiekkailukentt\u00e4\u00e4, sen historiaa, strategioita ja ilmi\u00f6it\u00e4 esittelev\u00e4 teos.","breadcrumb":{"@id":"https:\/\/sotahuuto.fi\/pehmomiekkailu-suomessa\/#breadcrumb"},"inLanguage":"en-GB","potentialAction":[{"@type":"ReadAction","target":["https:\/\/sotahuuto.fi\/pehmomiekkailu-suomessa\/"]}]},{"@type":"BreadcrumbList","@id":"https:\/\/sotahuuto.fi\/pehmomiekkailu-suomessa\/#breadcrumb","itemListElement":[{"@type":"ListItem","position":1,"name":"Home","item":"https:\/\/sotahuuto.fi\/"},{"@type":"ListItem","position":2,"name":"Pehmomiekkailu Suomessa"}]},{"@type":"WebSite","@id":"https:\/\/sotahuuto.fi\/#website","url":"https:\/\/sotahuuto.fi\/","name":"Sotahuuto, \"War cry\",","description":"10.-12.07.2026 | Rekolan tila, Orivesi","publisher":{"@id":"https:\/\/sotahuuto.fi\/#organization"},"alternateName":"SoHu","potentialAction":[{"@type":"SearchAction","target":{"@type":"EntryPoint","urlTemplate":"https:\/\/sotahuuto.fi\/?s={search_term_string}"},"query-input":{"@type":"PropertyValueSpecification","valueRequired":true,"valueName":"search_term_string"}}],"inLanguage":"en-GB"},{"@type":"Organization","@id":"https:\/\/sotahuuto.fi\/#organization","name":"Sotahuuto, \"War cry\",","alternateName":"SoHu","url":"https:\/\/sotahuuto.fi\/","logo":{"@type":"ImageObject","inLanguage":"en-GB","@id":"https:\/\/sotahuuto.fi\/#\/schema\/logo\/image\/","url":"https:\/\/sotahuuto.fi\/wp-content\/uploads\/2022\/03\/cropped-cropped2-sotahuuto.jpg","contentUrl":"https:\/\/sotahuuto.fi\/wp-content\/uploads\/2022\/03\/cropped-cropped2-sotahuuto.jpg","width":512,"height":512,"caption":"Sotahuuto"},"image":{"@id":"https:\/\/sotahuuto.fi\/#\/schema\/logo\/image\/"},"sameAs":["https:\/\/www.facebook.com\/profile.php?id=100054630571001","https:\/\/www.youtube.com\/@sotahuutoboffaustapahtuma4558"]}]}},"jetpack_sharing_enabled":true,"_links":{"self":[{"href":"https:\/\/sotahuuto.fi\/en\/wp-json\/wp\/v2\/pages\/2038"}],"collection":[{"href":"https:\/\/sotahuuto.fi\/en\/wp-json\/wp\/v2\/pages"}],"about":[{"href":"https:\/\/sotahuuto.fi\/en\/wp-json\/wp\/v2\/types\/page"}],"author":[{"embeddable":true,"href":"https:\/\/sotahuuto.fi\/en\/wp-json\/wp\/v2\/users\/7"}],"replies":[{"embeddable":true,"href":"https:\/\/sotahuuto.fi\/en\/wp-json\/wp\/v2\/comments?post=2038"}],"version-history":[{"count":21,"href":"https:\/\/sotahuuto.fi\/en\/wp-json\/wp\/v2\/pages\/2038\/revisions"}],"predecessor-version":[{"id":2413,"href":"https:\/\/sotahuuto.fi\/en\/wp-json\/wp\/v2\/pages\/2038\/revisions\/2413"}],"wp:attachment":[{"href":"https:\/\/sotahuuto.fi\/en\/wp-json\/wp\/v2\/media?parent=2038"}],"curies":[{"name":"wp","href":"https:\/\/api.w.org\/{rel}","templated":true}]}}