{"id":2577,"date":"2023-03-07T17:49:10","date_gmt":"2023-03-07T15:49:10","guid":{"rendered":"https:\/\/sotahuuto.fi\/?page_id=2577"},"modified":"2023-11-10T10:08:59","modified_gmt":"2023-11-10T08:08:59","slug":"minihuudon-saannot","status":"publish","type":"page","link":"https:\/\/sotahuuto.fi\/en\/minihuudon-saannot\/","title":{"rendered":"Minihuudon s\u00e4\u00e4nn\u00f6t"},"content":{"rendered":"<div data-elementor-type=\"wp-page\" data-elementor-id=\"2577\" class=\"elementor elementor-2577\">\n\t\t\t\t\t\t<section class=\"elementor-section elementor-top-section elementor-element elementor-element-d56145b elementor-section-boxed elementor-section-height-default elementor-section-height-default\" data-id=\"d56145b\" data-element_type=\"section\">\n\t\t\t\t\t\t<div class=\"elementor-container elementor-column-gap-default\">\n\t\t\t\t\t<div class=\"elementor-column elementor-col-100 elementor-top-column elementor-element elementor-element-e601e74\" data-id=\"e601e74\" data-element_type=\"column\">\n\t\t\t<div class=\"elementor-widget-wrap elementor-element-populated\">\n\t\t\t\t\t\t<div class=\"elementor-element elementor-element-c2b11f0 elementor-widget elementor-widget-text-editor\" data-id=\"c2b11f0\" data-element_type=\"widget\" data-widget_type=\"text-editor.default\">\n\t\t\t\t<div class=\"elementor-widget-container\">\n\t\t\t\t\t\t\t\t\t<p>Minihuudon s\u00e4\u00e4nn\u00f6t ovat yksinkertaiset ja nopea oppia. S\u00e4\u00e4nn\u00f6t k\u00e4yd\u00e4\u00e4n yhteisesti l\u00e4pi tapahtuman alussa. Tapahtumassa k\u00e4ytet\u00e4\u00e4n samoja s\u00e4\u00e4nt\u00f6j\u00e4 kuin Sotahuudossa, muutamin poikkeuksin.<\/p>\t\t\t\t\t\t\t\t<\/div>\n\t\t\t\t<\/div>\n\t\t\t\t<div class=\"elementor-element elementor-element-cd7bd2f elementor-icon-list--layout-traditional elementor-list-item-link-full_width elementor-widget elementor-widget-icon-list\" data-id=\"cd7bd2f\" data-element_type=\"widget\" data-widget_type=\"icon-list.default\">\n\t\t\t\t<div class=\"elementor-widget-container\">\n\t\t\t\t\t\t\t<ul class=\"elementor-icon-list-items\">\n\t\t\t\t\t\t\t<li class=\"elementor-icon-list-item\">\n\t\t\t\t\t\t\t\t\t\t\t<a href=\"https:\/\/sotahuuto.fi\/en\/saannot\/\">\n\n\t\t\t\t\t\t\t\t\t\t\t\t<span class=\"elementor-icon-list-icon\">\n\t\t\t\t\t\t\t<i aria-hidden=\"true\" class=\"fas fa-arrow-right\"><\/i>\t\t\t\t\t\t<\/span>\n\t\t\t\t\t\t\t\t\t\t<span class=\"elementor-icon-list-text\">Sotahuudon s\u00e4\u00e4nn\u00f6t l\u00f6yd\u00e4t t\u00e4\u00e4lt\u00e4<\/span>\n\t\t\t\t\t\t\t\t\t\t\t<\/a>\n\t\t\t\t\t\t\t\t\t<\/li>\n\t\t\t\t\t\t\t\t<li class=\"elementor-icon-list-item\">\n\t\t\t\t\t\t\t\t\t\t\t<a href=\"https:\/\/docs.google.com\/document\/d\/1RI7K4me80gRx3EaNuRbm-wyl6Q9WyEVzG-vPMgBxSdY\/edit?usp=sharing\">\n\n\t\t\t\t\t\t\t\t\t\t\t\t<span class=\"elementor-icon-list-icon\">\n\t\t\t\t\t\t\t<i aria-hidden=\"true\" class=\"fas fa-times\"><\/i>\t\t\t\t\t\t<\/span>\n\t\t\t\t\t\t\t\t\t\t<span class=\"elementor-icon-list-text\">Minihuudon omiin s\u00e4\u00e4nt\u00f6ihin pystyt tutustumaan t\u00e4\u00e4lt\u00e4 (2022 versio)<\/span>\n\t\t\t\t\t\t\t\t\t\t\t<\/a>\n\t\t\t\t\t\t\t\t\t<\/li>\n\t\t\t\t\t\t<\/ul>\n\t\t\t\t\t\t<\/div>\n\t\t\t\t<\/div>\n\t\t\t\t\t<\/div>\n\t\t<\/div>\n\t\t\t\t\t<\/div>\n\t\t<\/section>\n\t\t\t\t<\/div>","protected":false},"excerpt":{"rendered":"<div class=\"entry-summary\">\nMinihuudon s\u00e4\u00e4nn\u00f6t ovat yksinkertaiset ja nopea oppia. S\u00e4\u00e4nn\u00f6t k\u00e4yd\u00e4\u00e4n yhteisesti l\u00e4pi tapahtuman alussa. Tapahtumassa k\u00e4ytet\u00e4\u00e4n samoja s\u00e4\u00e4nt\u00f6j\u00e4 kuin Sotahuudossa, muutamin&hellip;\n<\/div>\n<div class=\"link-more\"><a href=\"https:\/\/sotahuuto.fi\/en\/minihuudon-saannot\/\" class=\"more-link\">Continue reading<span class=\"screen-reader-text\"> &ldquo;Minihuudon s\u00e4\u00e4nn\u00f6t&rdquo;<\/span>&hellip;<\/a><\/div>","protected":false},"author":7,"featured_media":0,"parent":0,"menu_order":0,"comment_status":"closed","ping_status":"closed","template":"","meta":{"footnotes":""},"yoast_head":"<!-- This site is optimized with the Yoast SEO plugin v24.5 - https:\/\/yoast.com\/wordpress\/plugins\/seo\/ -->\n<title>Minihuudon s\u00e4\u00e4nn\u00f6t - Sotahuuto<\/title>\n<meta name=\"robots\" content=\"index, follow, max-snippet:-1, max-image-preview:large, max-video-preview:-1\" \/>\n<link rel=\"canonical\" href=\"https:\/\/sotahuuto.fi\/en\/minihuudon-saannot\/\" \/>\n<meta property=\"og:locale\" content=\"en_GB\" \/>\n<meta property=\"og:type\" content=\"article\" \/>\n<meta property=\"og:title\" content=\"Minihuudon s\u00e4\u00e4nn\u00f6t - Sotahuuto\" \/>\n<meta property=\"og:description\" content=\"Minihuudon s\u00e4\u00e4nn\u00f6t ovat yksinkertaiset ja nopea oppia. S\u00e4\u00e4nn\u00f6t k\u00e4yd\u00e4\u00e4n yhteisesti l\u00e4pi tapahtuman alussa. Tapahtumassa k\u00e4ytet\u00e4\u00e4n samoja s\u00e4\u00e4nt\u00f6j\u00e4 kuin Sotahuudossa, muutamin&hellip; Continue reading &ldquo;Minihuudon s\u00e4\u00e4nn\u00f6t&rdquo;&hellip;\" \/>\n<meta property=\"og:url\" content=\"https:\/\/sotahuuto.fi\/en\/minihuudon-saannot\/\" \/>\n<meta property=\"og:site_name\" content=\"Sotahuuto\" \/>\n<meta property=\"article:publisher\" content=\"https:\/\/www.facebook.com\/profile.php?id=100054630571001\" \/>\n<meta property=\"article:modified_time\" content=\"2023-11-10T08:08:59+00:00\" \/>\n<meta property=\"og:image\" content=\"https:\/\/sotahuuto.fi\/wp-content\/uploads\/2023\/11\/testi.gif\" \/>\n\t<meta property=\"og:image:width\" content=\"1024\" \/>\n\t<meta property=\"og:image:height\" content=\"614\" \/>\n\t<meta property=\"og:image:type\" content=\"image\/gif\" \/>\n<meta name=\"twitter:card\" content=\"summary_large_image\" \/>\n<meta name=\"twitter:label1\" content=\"Estimated reading time\" \/>\n\t<meta name=\"twitter:data1\" content=\"1 minute\" \/>\n<script type=\"application\/ld+json\" class=\"yoast-schema-graph\">{\"@context\":\"https:\/\/schema.org\",\"@graph\":[{\"@type\":\"WebPage\",\"@id\":\"https:\/\/sotahuuto.fi\/minihuudon-saannot\/\",\"url\":\"https:\/\/sotahuuto.fi\/minihuudon-saannot\/\",\"name\":\"Minihuudon s\u00e4\u00e4nn\u00f6t - Sotahuuto\",\"isPartOf\":{\"@id\":\"https:\/\/sotahuuto.fi\/#website\"},\"datePublished\":\"2023-03-07T15:49:10+00:00\",\"dateModified\":\"2023-11-10T08:08:59+00:00\",\"breadcrumb\":{\"@id\":\"https:\/\/sotahuuto.fi\/minihuudon-saannot\/#breadcrumb\"},\"inLanguage\":\"en-GB\",\"potentialAction\":[{\"@type\":\"ReadAction\",\"target\":[\"https:\/\/sotahuuto.fi\/minihuudon-saannot\/\"]}]},{\"@type\":\"BreadcrumbList\",\"@id\":\"https:\/\/sotahuuto.fi\/minihuudon-saannot\/#breadcrumb\",\"itemListElement\":[{\"@type\":\"ListItem\",\"position\":1,\"name\":\"Home\",\"item\":\"https:\/\/sotahuuto.fi\/\"},{\"@type\":\"ListItem\",\"position\":2,\"name\":\"Minihuudon s\u00e4\u00e4nn\u00f6t\"}]},{\"@type\":\"WebSite\",\"@id\":\"https:\/\/sotahuuto.fi\/#website\",\"url\":\"https:\/\/sotahuuto.fi\/\",\"name\":\"Sotahuuto\",\"description\":\"10.-12.07.2026 | Rekolan tila, Orivesi\",\"publisher\":{\"@id\":\"https:\/\/sotahuuto.fi\/#organization\"},\"alternateName\":\"SoHu\",\"potentialAction\":[{\"@type\":\"SearchAction\",\"target\":{\"@type\":\"EntryPoint\",\"urlTemplate\":\"https:\/\/sotahuuto.fi\/?s={search_term_string}\"},\"query-input\":{\"@type\":\"PropertyValueSpecification\",\"valueRequired\":true,\"valueName\":\"search_term_string\"}}],\"inLanguage\":\"en-GB\"},{\"@type\":\"Organization\",\"@id\":\"https:\/\/sotahuuto.fi\/#organization\",\"name\":\"Sotahuuto\",\"alternateName\":\"SoHu\",\"url\":\"https:\/\/sotahuuto.fi\/\",\"logo\":{\"@type\":\"ImageObject\",\"inLanguage\":\"en-GB\",\"@id\":\"https:\/\/sotahuuto.fi\/#\/schema\/logo\/image\/\",\"url\":\"https:\/\/sotahuuto.fi\/wp-content\/uploads\/2022\/03\/cropped-cropped2-sotahuuto.jpg\",\"contentUrl\":\"https:\/\/sotahuuto.fi\/wp-content\/uploads\/2022\/03\/cropped-cropped2-sotahuuto.jpg\",\"width\":512,\"height\":512,\"caption\":\"Sotahuuto\"},\"image\":{\"@id\":\"https:\/\/sotahuuto.fi\/#\/schema\/logo\/image\/\"},\"sameAs\":[\"https:\/\/www.facebook.com\/profile.php?id=100054630571001\",\"https:\/\/www.youtube.com\/@sotahuutoboffaustapahtuma4558\"]}]}<\/script>\n<!-- \/ Yoast SEO plugin. -->","yoast_head_json":{"title":"Minihuudon s\u00e4\u00e4nn\u00f6t - Sotahuuto","robots":{"index":"index","follow":"follow","max-snippet":"max-snippet:-1","max-image-preview":"max-image-preview:large","max-video-preview":"max-video-preview:-1"},"canonical":"https:\/\/sotahuuto.fi\/en\/minihuudon-saannot\/","og_locale":"en_GB","og_type":"article","og_title":"Minihuudon s\u00e4\u00e4nn\u00f6t - Sotahuuto","og_description":"Minihuudon s\u00e4\u00e4nn\u00f6t ovat yksinkertaiset ja nopea oppia. S\u00e4\u00e4nn\u00f6t k\u00e4yd\u00e4\u00e4n yhteisesti l\u00e4pi tapahtuman alussa. Tapahtumassa k\u00e4ytet\u00e4\u00e4n samoja s\u00e4\u00e4nt\u00f6j\u00e4 kuin Sotahuudossa, muutamin&hellip; Continue reading &ldquo;Minihuudon s\u00e4\u00e4nn\u00f6t&rdquo;&hellip;","og_url":"https:\/\/sotahuuto.fi\/en\/minihuudon-saannot\/","og_site_name":"Sotahuuto","article_publisher":"https:\/\/www.facebook.com\/profile.php?id=100054630571001","article_modified_time":"2023-11-10T08:08:59+00:00","og_image":[{"url":"https:\/\/sotahuuto.fi\/wp-content\/uploads\/2023\/11\/testi.gif","width":1024,"height":614,"type":"image\/gif"}],"twitter_card":"summary_large_image","twitter_misc":{"Estimated reading time":"1 minute"},"schema":{"@context":"https:\/\/schema.org","@graph":[{"@type":"WebPage","@id":"https:\/\/sotahuuto.fi\/minihuudon-saannot\/","url":"https:\/\/sotahuuto.fi\/minihuudon-saannot\/","name":"Minihuudon s\u00e4\u00e4nn\u00f6t - Sotahuuto","isPartOf":{"@id":"https:\/\/sotahuuto.fi\/#website"},"datePublished":"2023-03-07T15:49:10+00:00","dateModified":"2023-11-10T08:08:59+00:00","breadcrumb":{"@id":"https:\/\/sotahuuto.fi\/minihuudon-saannot\/#breadcrumb"},"inLanguage":"en-GB","potentialAction":[{"@type":"ReadAction","target":["https:\/\/sotahuuto.fi\/minihuudon-saannot\/"]}]},{"@type":"BreadcrumbList","@id":"https:\/\/sotahuuto.fi\/minihuudon-saannot\/#breadcrumb","itemListElement":[{"@type":"ListItem","position":1,"name":"Home","item":"https:\/\/sotahuuto.fi\/"},{"@type":"ListItem","position":2,"name":"Minihuudon s\u00e4\u00e4nn\u00f6t"}]},{"@type":"WebSite","@id":"https:\/\/sotahuuto.fi\/#website","url":"https:\/\/sotahuuto.fi\/","name":"Sotahuuto, \"War cry\",","description":"10.-12.07.2026 | Rekolan tila, Orivesi","publisher":{"@id":"https:\/\/sotahuuto.fi\/#organization"},"alternateName":"SoHu","potentialAction":[{"@type":"SearchAction","target":{"@type":"EntryPoint","urlTemplate":"https:\/\/sotahuuto.fi\/?s={search_term_string}"},"query-input":{"@type":"PropertyValueSpecification","valueRequired":true,"valueName":"search_term_string"}}],"inLanguage":"en-GB"},{"@type":"Organization","@id":"https:\/\/sotahuuto.fi\/#organization","name":"Sotahuuto, \"War cry\",","alternateName":"SoHu","url":"https:\/\/sotahuuto.fi\/","logo":{"@type":"ImageObject","inLanguage":"en-GB","@id":"https:\/\/sotahuuto.fi\/#\/schema\/logo\/image\/","url":"https:\/\/sotahuuto.fi\/wp-content\/uploads\/2022\/03\/cropped-cropped2-sotahuuto.jpg","contentUrl":"https:\/\/sotahuuto.fi\/wp-content\/uploads\/2022\/03\/cropped-cropped2-sotahuuto.jpg","width":512,"height":512,"caption":"Sotahuuto"},"image":{"@id":"https:\/\/sotahuuto.fi\/#\/schema\/logo\/image\/"},"sameAs":["https:\/\/www.facebook.com\/profile.php?id=100054630571001","https:\/\/www.youtube.com\/@sotahuutoboffaustapahtuma4558"]}]}},"jetpack_sharing_enabled":true,"_links":{"self":[{"href":"https:\/\/sotahuuto.fi\/en\/wp-json\/wp\/v2\/pages\/2577"}],"collection":[{"href":"https:\/\/sotahuuto.fi\/en\/wp-json\/wp\/v2\/pages"}],"about":[{"href":"https:\/\/sotahuuto.fi\/en\/wp-json\/wp\/v2\/types\/page"}],"author":[{"embeddable":true,"href":"https:\/\/sotahuuto.fi\/en\/wp-json\/wp\/v2\/users\/7"}],"replies":[{"embeddable":true,"href":"https:\/\/sotahuuto.fi\/en\/wp-json\/wp\/v2\/comments?post=2577"}],"version-history":[{"count":7,"href":"https:\/\/sotahuuto.fi\/en\/wp-json\/wp\/v2\/pages\/2577\/revisions"}],"predecessor-version":[{"id":2584,"href":"https:\/\/sotahuuto.fi\/en\/wp-json\/wp\/v2\/pages\/2577\/revisions\/2584"}],"wp:attachment":[{"href":"https:\/\/sotahuuto.fi\/en\/wp-json\/wp\/v2\/media?parent=2577"}],"curies":[{"name":"wp","href":"https:\/\/api.w.org\/{rel}","templated":true}]}}