{"id":2787,"date":"2023-10-26T20:16:41","date_gmt":"2023-10-26T18:16:41","guid":{"rendered":"https:\/\/sotahuuto.fi\/?page_id=2787"},"modified":"2025-07-11T10:08:19","modified_gmt":"2025-07-11T08:08:19","slug":"ruokailu","status":"publish","type":"page","link":"https:\/\/sotahuuto.fi\/en\/ruokailu\/","title":{"rendered":"Event food"},"content":{"rendered":"<div data-elementor-type=\"wp-page\" data-elementor-id=\"2787\" class=\"elementor elementor-2787\">\n\t\t\t\t\t\t<section class=\"elementor-section elementor-top-section elementor-element elementor-element-449901d elementor-section-boxed elementor-section-height-default elementor-section-height-default\" data-id=\"449901d\" data-element_type=\"section\">\n\t\t\t\t\t\t<div class=\"elementor-container elementor-column-gap-default\">\n\t\t\t\t\t<div class=\"elementor-column elementor-col-100 elementor-top-column elementor-element elementor-element-8f9f091\" data-id=\"8f9f091\" data-element_type=\"column\">\n\t\t\t<div class=\"elementor-widget-wrap elementor-element-populated\">\n\t\t\t\t\t\t<section class=\"elementor-section elementor-inner-section elementor-element elementor-element-ddb6288 elementor-section-boxed elementor-section-height-default elementor-section-height-default\" data-id=\"ddb6288\" data-element_type=\"section\">\n\t\t\t\t\t\t<div class=\"elementor-container elementor-column-gap-default\">\n\t\t\t\t\t<div class=\"elementor-column elementor-col-50 elementor-inner-column elementor-element elementor-element-2a117c8\" data-id=\"2a117c8\" data-element_type=\"column\">\n\t\t\t<div class=\"elementor-widget-wrap elementor-element-populated\">\n\t\t\t\t\t\t<div class=\"elementor-element elementor-element-2a2cdbf elementor-widget elementor-widget-text-editor\" data-id=\"2a2cdbf\" data-element_type=\"widget\" data-widget_type=\"text-editor.default\">\n\t\t\t\t<div class=\"elementor-widget-container\">\n\t\t\t\t\t\t\t\t\t<p>T\u00e4m\u00e4n vuoden Sotahuudon ruokailun hoitaa <strong>Vallesmanni<\/strong>.<br><br><\/p>\n<p><\/p>\n<p>Ennalta ilmoitetut erikoisruokavaliot valmistamme tarvittaessa erikseen.<br><br>&nbsp;Erikoisruokavaliot saa henkil\u00f6kunnalta pyydett\u00e4ess\u00e4 (esim. gluteeniton leip\u00e4 &amp; puuro)<br><br><\/p>\n<p><\/p>\n<p>Alla menu:<\/p>\t\t\t\t\t\t\t\t<\/div>\n\t\t\t\t<\/div>\n\t\t\t\t\t<\/div>\n\t\t<\/div>\n\t\t\t\t<div class=\"elementor-column elementor-col-50 elementor-inner-column elementor-element elementor-element-1fc057f\" data-id=\"1fc057f\" data-element_type=\"column\">\n\t\t\t<div class=\"elementor-widget-wrap elementor-element-populated\">\n\t\t\t\t\t\t<div class=\"elementor-element elementor-element-ec81b66 elementor-widget elementor-widget-image\" data-id=\"ec81b66\" data-element_type=\"widget\" data-widget_type=\"image.default\">\n\t\t\t\t<div class=\"elementor-widget-container\">\n\t\t\t\t\t\t\t\t\t\t\t\t\t\t\t<img fetchpriority=\"high\" decoding=\"async\" width=\"758\" height=\"541\" src=\"https:\/\/sotahuuto.fi\/wp-content\/uploads\/2024\/06\/ruokailu.jpg\" class=\"attachment-large size-large wp-image-4210\" alt=\"\" srcset=\"https:\/\/sotahuuto.fi\/wp-content\/uploads\/2024\/06\/ruokailu.jpg 758w, https:\/\/sotahuuto.fi\/wp-content\/uploads\/2024\/06\/ruokailu-300x214.jpg 300w, https:\/\/sotahuuto.fi\/wp-content\/uploads\/2024\/06\/ruokailu-18x12.jpg 18w\" sizes=\"(max-width: 758px) 100vw, 758px\" \/>\t\t\t\t\t\t\t\t\t\t\t\t\t\t\t<\/div>\n\t\t\t\t<\/div>\n\t\t\t\t\t<\/div>\n\t\t<\/div>\n\t\t\t\t\t<\/div>\n\t\t<\/section>\n\t\t\t\t<div class=\"elementor-element elementor-element-7f5a511 elementor-widget-divider--view-line elementor-widget elementor-widget-divider\" data-id=\"7f5a511\" data-element_type=\"widget\" data-widget_type=\"divider.default\">\n\t\t\t\t<div class=\"elementor-widget-container\">\n\t\t\t\t\t\t\t<div class=\"elementor-divider\">\n\t\t\t<span class=\"elementor-divider-separator\">\n\t\t\t\t\t\t<\/span>\n\t\t<\/div>\n\t\t\t\t\t\t<\/div>\n\t\t\t\t<\/div>\n\t\t\t\t<div class=\"elementor-element elementor-element-2b8f802 elementor-widget elementor-widget-text-editor\" data-id=\"2b8f802\" data-element_type=\"widget\" data-widget_type=\"text-editor.default\">\n\t\t\t\t<div class=\"elementor-widget-container\">\n\t\t\t\t\t\t\t\t\t<h2>LAUANTAI<\/h2>\t\t\t\t\t\t\t\t<\/div>\n\t\t\t\t<\/div>\n\t\t\t\t<div class=\"elementor-element elementor-element-da44f65 elementor-widget elementor-widget-text-editor\" data-id=\"da44f65\" data-element_type=\"widget\" data-widget_type=\"text-editor.default\">\n\t\t\t\t<div class=\"elementor-widget-container\">\n\t\t\t\t\t\t\t\t\t<h3>Aamiainen<\/h3><ul><li><strong>Puuroa (maidoton)<\/strong><\/li><li>Maitoa, mehua, vett\u00e4<\/li><li>Leip\u00e4valikoima, levitteit\u00e4<\/li><li>Juustoa ja lihaleikkeleit\u00e4, suolakurkkuviipaleita<\/li><li>Kahvia, teet\u00e4, maitoa, sokeria<\/li><\/ul>\t\t\t\t\t\t\t\t<\/div>\n\t\t\t\t<\/div>\n\t\t\t\t\t<\/div>\n\t\t<\/div>\n\t\t\t\t\t<\/div>\n\t\t<\/section>\n\t\t\t\t<section class=\"elementor-section elementor-top-section elementor-element elementor-element-ef86a2b elementor-section-boxed elementor-section-height-default elementor-section-height-default\" data-id=\"ef86a2b\" data-element_type=\"section\">\n\t\t\t\t\t\t<div class=\"elementor-container elementor-column-gap-default\">\n\t\t\t\t\t<div class=\"elementor-column elementor-col-100 elementor-top-column elementor-element elementor-element-0bcb723\" data-id=\"0bcb723\" data-element_type=\"column\">\n\t\t\t<div class=\"elementor-widget-wrap elementor-element-populated\">\n\t\t\t\t\t\t<div class=\"elementor-element elementor-element-5210a0b elementor-widget elementor-widget-text-editor\" data-id=\"5210a0b\" data-element_type=\"widget\" data-widget_type=\"text-editor.default\">\n\t\t\t\t<div class=\"elementor-widget-container\">\n\t\t\t\t\t\t\t\t\t<h3>Lounas<\/h3><ul><li><strong>Broileripataa ja pannuperunoita\u00a0<\/strong>(laktoositon, gluteeniton)<\/li><li>Tuorevihannessalaattia &#8211; j\u00e4\u00e4vuorisalaatti, tomaatti, kurkku, vesimeloni<\/li><li><strong>Kasvisvaihtoehto:<\/strong> <strong>Kasvispaella<\/strong> (maidoton, gluteeniton<\/li><li>Leip\u00e4valikoima, levitteet, maitoa, mehua, vett\u00e4<\/li><\/ul>\t\t\t\t\t\t\t\t<\/div>\n\t\t\t\t<\/div>\n\t\t\t\t<div class=\"elementor-element elementor-element-10af396 elementor-widget elementor-widget-text-editor\" data-id=\"10af396\" data-element_type=\"widget\" data-widget_type=\"text-editor.default\">\n\t\t\t\t<div class=\"elementor-widget-container\">\n\t\t\t\t\t\t\t\t\t<h3>P\u00e4iv\u00e4llinen<\/h3><ul><li><strong>Nakkikeittoa<\/strong> (maidoton, gluteeniton)<\/li><li><strong>Kasvisvaihtoehto:<\/strong> <strong>Kasvisminestronekeitto<\/strong>\u00a0(maidoton, gluteeniton)<\/li><li>Leip\u00e4valikoima, levitteet, maitoa, mehua, vett\u00e4<\/li><\/ul>\t\t\t\t\t\t\t\t<\/div>\n\t\t\t\t<\/div>\n\t\t\t\t<div class=\"elementor-element elementor-element-a8957fc elementor-widget-divider--view-line elementor-widget elementor-widget-divider\" data-id=\"a8957fc\" data-element_type=\"widget\" data-widget_type=\"divider.default\">\n\t\t\t\t<div class=\"elementor-widget-container\">\n\t\t\t\t\t\t\t<div class=\"elementor-divider\">\n\t\t\t<span class=\"elementor-divider-separator\">\n\t\t\t\t\t\t<\/span>\n\t\t<\/div>\n\t\t\t\t\t\t<\/div>\n\t\t\t\t<\/div>\n\t\t\t\t<div class=\"elementor-element elementor-element-6f0644a elementor-widget elementor-widget-text-editor\" data-id=\"6f0644a\" data-element_type=\"widget\" data-widget_type=\"text-editor.default\">\n\t\t\t\t<div class=\"elementor-widget-container\">\n\t\t\t\t\t\t\t\t\t<h2>Sunnuntai<\/h2>\t\t\t\t\t\t\t\t<\/div>\n\t\t\t\t<\/div>\n\t\t\t\t<div class=\"elementor-element elementor-element-ef6c5c1 elementor-widget elementor-widget-text-editor\" data-id=\"ef6c5c1\" data-element_type=\"widget\" data-widget_type=\"text-editor.default\">\n\t\t\t\t<div class=\"elementor-widget-container\">\n\t\t\t\t\t\t\t\t\t<h3>Aamiainen<\/h3><ul><li><strong>Puuroa (maidoton)<\/strong><\/li><li>Maitoa, mehua, vett\u00e4<\/li><li>Leip\u00e4valikoima, levitteit\u00e4<\/li><li>Juustoa ja lihaleikkeleit\u00e4, suolakurkkuviipaleita<\/li><li>Kahvia, teet\u00e4, maitoa, sokeria<\/li><\/ul>\t\t\t\t\t\t\t\t<\/div>\n\t\t\t\t<\/div>\n\t\t\t\t<div class=\"elementor-element elementor-element-d6e7e4f elementor-widget elementor-widget-text-editor\" data-id=\"d6e7e4f\" data-element_type=\"widget\" data-widget_type=\"text-editor.default\">\n\t\t\t\t<div class=\"elementor-widget-container\">\n\t\t\t\t\t\t\t\t\t<h3>Lounas<\/h3><ul><li><b>Pasta Bolognese<\/b> (laktoositon)<\/li><li><strong>Kasvisvaihtoehto:<\/strong>\u00a0<b>Peruna<\/b><strong>curry<\/strong> (laktoositon, gluteeniton)<\/li><li>Suvisalaattia &#8211; porkkana, kaali, ananas<\/li><li>Leip\u00e4valikoima, levitteet, maitoa, mehua, vett\u00e4<\/li><\/ul>\t\t\t\t\t\t\t\t<\/div>\n\t\t\t\t<\/div>\n\t\t\t\t\t<\/div>\n\t\t<\/div>\n\t\t\t\t\t<\/div>\n\t\t<\/section>\n\t\t\t\t<\/div>","protected":false},"excerpt":{"rendered":"<div class=\"entry-summary\">\nT\u00e4m\u00e4n vuoden Sotahuudon ruokailun hoitaa Vallesmanni. Ennalta ilmoitetut erikoisruokavaliot valmistamme tarvittaessa erikseen. &nbsp;Erikoisruokavaliot saa henkil\u00f6kunnalta pyydett\u00e4ess\u00e4 (esim. gluteeniton leip\u00e4 &amp;&hellip;\n<\/div>\n<div class=\"link-more\"><a href=\"https:\/\/sotahuuto.fi\/en\/ruokailu\/\" class=\"more-link\">Continue reading<span class=\"screen-reader-text\"> &ldquo;Ruokailu&rdquo;<\/span>&hellip;<\/a><\/div>","protected":false},"author":10,"featured_media":0,"parent":0,"menu_order":0,"comment_status":"closed","ping_status":"closed","template":"","meta":{"footnotes":""},"yoast_head":"<!-- This site is optimized with the Yoast SEO plugin v24.5 - https:\/\/yoast.com\/wordpress\/plugins\/seo\/ -->\n<title>Ruokailu - Sotahuuto<\/title>\n<meta name=\"robots\" content=\"index, follow, max-snippet:-1, max-image-preview:large, max-video-preview:-1\" \/>\n<link rel=\"canonical\" href=\"https:\/\/sotahuuto.fi\/en\/ruokailu\/\" \/>\n<meta property=\"og:locale\" content=\"en_GB\" \/>\n<meta property=\"og:type\" content=\"article\" \/>\n<meta property=\"og:title\" content=\"Ruokailu - Sotahuuto\" \/>\n<meta property=\"og:description\" content=\"T\u00e4m\u00e4n vuoden Sotahuudon ruokailun hoitaa Vallesmanni. Ennalta ilmoitetut erikoisruokavaliot valmistamme tarvittaessa erikseen. &nbsp;Erikoisruokavaliot saa henkil\u00f6kunnalta pyydett\u00e4ess\u00e4 (esim. gluteeniton leip\u00e4 &amp;&hellip; Continue reading &ldquo;Ruokailu&rdquo;&hellip;\" \/>\n<meta property=\"og:url\" content=\"https:\/\/sotahuuto.fi\/en\/ruokailu\/\" \/>\n<meta property=\"og:site_name\" content=\"Sotahuuto\" \/>\n<meta property=\"article:publisher\" content=\"https:\/\/www.facebook.com\/profile.php?id=100054630571001\" \/>\n<meta property=\"article:modified_time\" content=\"2025-07-11T08:08:19+00:00\" \/>\n<meta property=\"og:image\" content=\"https:\/\/sotahuuto.fi\/wp-content\/uploads\/2024\/06\/ruokailu.jpg\" \/>\n\t<meta property=\"og:image:width\" content=\"758\" \/>\n\t<meta property=\"og:image:height\" content=\"541\" \/>\n\t<meta property=\"og:image:type\" content=\"image\/jpeg\" \/>\n<meta name=\"twitter:card\" content=\"summary_large_image\" \/>\n<meta name=\"twitter:label1\" content=\"Estimated reading time\" \/>\n\t<meta name=\"twitter:data1\" content=\"1 minute\" \/>\n<script type=\"application\/ld+json\" class=\"yoast-schema-graph\">{\"@context\":\"https:\/\/schema.org\",\"@graph\":[{\"@type\":\"WebPage\",\"@id\":\"https:\/\/sotahuuto.fi\/ruokailu\/\",\"url\":\"https:\/\/sotahuuto.fi\/ruokailu\/\",\"name\":\"Ruokailu - Sotahuuto\",\"isPartOf\":{\"@id\":\"https:\/\/sotahuuto.fi\/#website\"},\"primaryImageOfPage\":{\"@id\":\"https:\/\/sotahuuto.fi\/ruokailu\/#primaryimage\"},\"image\":{\"@id\":\"https:\/\/sotahuuto.fi\/ruokailu\/#primaryimage\"},\"thumbnailUrl\":\"https:\/\/sotahuuto.fi\/wp-content\/uploads\/2024\/06\/ruokailu.jpg\",\"datePublished\":\"2023-10-26T18:16:41+00:00\",\"dateModified\":\"2025-07-11T08:08:19+00:00\",\"breadcrumb\":{\"@id\":\"https:\/\/sotahuuto.fi\/ruokailu\/#breadcrumb\"},\"inLanguage\":\"en-GB\",\"potentialAction\":[{\"@type\":\"ReadAction\",\"target\":[\"https:\/\/sotahuuto.fi\/ruokailu\/\"]}]},{\"@type\":\"ImageObject\",\"inLanguage\":\"en-GB\",\"@id\":\"https:\/\/sotahuuto.fi\/ruokailu\/#primaryimage\",\"url\":\"https:\/\/sotahuuto.fi\/wp-content\/uploads\/2024\/06\/ruokailu.jpg\",\"contentUrl\":\"https:\/\/sotahuuto.fi\/wp-content\/uploads\/2024\/06\/ruokailu.jpg\"},{\"@type\":\"BreadcrumbList\",\"@id\":\"https:\/\/sotahuuto.fi\/ruokailu\/#breadcrumb\",\"itemListElement\":[{\"@type\":\"ListItem\",\"position\":1,\"name\":\"Home\",\"item\":\"https:\/\/sotahuuto.fi\/\"},{\"@type\":\"ListItem\",\"position\":2,\"name\":\"Ruokailu\"}]},{\"@type\":\"WebSite\",\"@id\":\"https:\/\/sotahuuto.fi\/#website\",\"url\":\"https:\/\/sotahuuto.fi\/\",\"name\":\"Sotahuuto\",\"description\":\"10.-12.07.2026 | Rekolan tila, Orivesi\",\"publisher\":{\"@id\":\"https:\/\/sotahuuto.fi\/#organization\"},\"alternateName\":\"SoHu\",\"potentialAction\":[{\"@type\":\"SearchAction\",\"target\":{\"@type\":\"EntryPoint\",\"urlTemplate\":\"https:\/\/sotahuuto.fi\/?s={search_term_string}\"},\"query-input\":{\"@type\":\"PropertyValueSpecification\",\"valueRequired\":true,\"valueName\":\"search_term_string\"}}],\"inLanguage\":\"en-GB\"},{\"@type\":\"Organization\",\"@id\":\"https:\/\/sotahuuto.fi\/#organization\",\"name\":\"Sotahuuto\",\"alternateName\":\"SoHu\",\"url\":\"https:\/\/sotahuuto.fi\/\",\"logo\":{\"@type\":\"ImageObject\",\"inLanguage\":\"en-GB\",\"@id\":\"https:\/\/sotahuuto.fi\/#\/schema\/logo\/image\/\",\"url\":\"https:\/\/sotahuuto.fi\/wp-content\/uploads\/2022\/03\/cropped-cropped2-sotahuuto.jpg\",\"contentUrl\":\"https:\/\/sotahuuto.fi\/wp-content\/uploads\/2022\/03\/cropped-cropped2-sotahuuto.jpg\",\"width\":512,\"height\":512,\"caption\":\"Sotahuuto\"},\"image\":{\"@id\":\"https:\/\/sotahuuto.fi\/#\/schema\/logo\/image\/\"},\"sameAs\":[\"https:\/\/www.facebook.com\/profile.php?id=100054630571001\",\"https:\/\/www.youtube.com\/@sotahuutoboffaustapahtuma4558\"]}]}<\/script>\n<!-- \/ Yoast SEO plugin. -->","yoast_head_json":{"title":"Ruokailu - Sotahuuto","robots":{"index":"index","follow":"follow","max-snippet":"max-snippet:-1","max-image-preview":"max-image-preview:large","max-video-preview":"max-video-preview:-1"},"canonical":"https:\/\/sotahuuto.fi\/en\/ruokailu\/","og_locale":"en_GB","og_type":"article","og_title":"Ruokailu - Sotahuuto","og_description":"T\u00e4m\u00e4n vuoden Sotahuudon ruokailun hoitaa Vallesmanni. Ennalta ilmoitetut erikoisruokavaliot valmistamme tarvittaessa erikseen. &nbsp;Erikoisruokavaliot saa henkil\u00f6kunnalta pyydett\u00e4ess\u00e4 (esim. gluteeniton leip\u00e4 &amp;&hellip; Continue reading &ldquo;Ruokailu&rdquo;&hellip;","og_url":"https:\/\/sotahuuto.fi\/en\/ruokailu\/","og_site_name":"Sotahuuto","article_publisher":"https:\/\/www.facebook.com\/profile.php?id=100054630571001","article_modified_time":"2025-07-11T08:08:19+00:00","og_image":[{"width":758,"height":541,"url":"https:\/\/sotahuuto.fi\/wp-content\/uploads\/2024\/06\/ruokailu.jpg","type":"image\/jpeg"}],"twitter_card":"summary_large_image","twitter_misc":{"Estimated reading time":"1 minute"},"schema":{"@context":"https:\/\/schema.org","@graph":[{"@type":"WebPage","@id":"https:\/\/sotahuuto.fi\/ruokailu\/","url":"https:\/\/sotahuuto.fi\/ruokailu\/","name":"Ruokailu - Sotahuuto","isPartOf":{"@id":"https:\/\/sotahuuto.fi\/#website"},"primaryImageOfPage":{"@id":"https:\/\/sotahuuto.fi\/ruokailu\/#primaryimage"},"image":{"@id":"https:\/\/sotahuuto.fi\/ruokailu\/#primaryimage"},"thumbnailUrl":"https:\/\/sotahuuto.fi\/wp-content\/uploads\/2024\/06\/ruokailu.jpg","datePublished":"2023-10-26T18:16:41+00:00","dateModified":"2025-07-11T08:08:19+00:00","breadcrumb":{"@id":"https:\/\/sotahuuto.fi\/ruokailu\/#breadcrumb"},"inLanguage":"en-GB","potentialAction":[{"@type":"ReadAction","target":["https:\/\/sotahuuto.fi\/ruokailu\/"]}]},{"@type":"ImageObject","inLanguage":"en-GB","@id":"https:\/\/sotahuuto.fi\/ruokailu\/#primaryimage","url":"https:\/\/sotahuuto.fi\/wp-content\/uploads\/2024\/06\/ruokailu.jpg","contentUrl":"https:\/\/sotahuuto.fi\/wp-content\/uploads\/2024\/06\/ruokailu.jpg"},{"@type":"BreadcrumbList","@id":"https:\/\/sotahuuto.fi\/ruokailu\/#breadcrumb","itemListElement":[{"@type":"ListItem","position":1,"name":"Home","item":"https:\/\/sotahuuto.fi\/"},{"@type":"ListItem","position":2,"name":"Ruokailu"}]},{"@type":"WebSite","@id":"https:\/\/sotahuuto.fi\/#website","url":"https:\/\/sotahuuto.fi\/","name":"Sotahuuto, \"War cry\",","description":"10.-12.07.2026 | Rekolan tila, Orivesi","publisher":{"@id":"https:\/\/sotahuuto.fi\/#organization"},"alternateName":"SoHu","potentialAction":[{"@type":"SearchAction","target":{"@type":"EntryPoint","urlTemplate":"https:\/\/sotahuuto.fi\/?s={search_term_string}"},"query-input":{"@type":"PropertyValueSpecification","valueRequired":true,"valueName":"search_term_string"}}],"inLanguage":"en-GB"},{"@type":"Organization","@id":"https:\/\/sotahuuto.fi\/#organization","name":"Sotahuuto, \"War cry\",","alternateName":"SoHu","url":"https:\/\/sotahuuto.fi\/","logo":{"@type":"ImageObject","inLanguage":"en-GB","@id":"https:\/\/sotahuuto.fi\/#\/schema\/logo\/image\/","url":"https:\/\/sotahuuto.fi\/wp-content\/uploads\/2022\/03\/cropped-cropped2-sotahuuto.jpg","contentUrl":"https:\/\/sotahuuto.fi\/wp-content\/uploads\/2022\/03\/cropped-cropped2-sotahuuto.jpg","width":512,"height":512,"caption":"Sotahuuto"},"image":{"@id":"https:\/\/sotahuuto.fi\/#\/schema\/logo\/image\/"},"sameAs":["https:\/\/www.facebook.com\/profile.php?id=100054630571001","https:\/\/www.youtube.com\/@sotahuutoboffaustapahtuma4558"]}]}},"jetpack_sharing_enabled":true,"_links":{"self":[{"href":"https:\/\/sotahuuto.fi\/en\/wp-json\/wp\/v2\/pages\/2787"}],"collection":[{"href":"https:\/\/sotahuuto.fi\/en\/wp-json\/wp\/v2\/pages"}],"about":[{"href":"https:\/\/sotahuuto.fi\/en\/wp-json\/wp\/v2\/types\/page"}],"author":[{"embeddable":true,"href":"https:\/\/sotahuuto.fi\/en\/wp-json\/wp\/v2\/users\/10"}],"replies":[{"embeddable":true,"href":"https:\/\/sotahuuto.fi\/en\/wp-json\/wp\/v2\/comments?post=2787"}],"version-history":[{"count":26,"href":"https:\/\/sotahuuto.fi\/en\/wp-json\/wp\/v2\/pages\/2787\/revisions"}],"predecessor-version":[{"id":5724,"href":"https:\/\/sotahuuto.fi\/en\/wp-json\/wp\/v2\/pages\/2787\/revisions\/5724"}],"wp:attachment":[{"href":"https:\/\/sotahuuto.fi\/en\/wp-json\/wp\/v2\/media?parent=2787"}],"curies":[{"name":"wp","href":"https:\/\/api.w.org\/{rel}","templated":true}]}}