{"id":3458,"date":"2023-10-26T17:40:42","date_gmt":"2023-10-26T15:40:42","guid":{"rendered":"https:\/\/sotahuuto.fi\/?page_id=3458"},"modified":"2023-10-27T10:51:53","modified_gmt":"2023-10-27T08:51:53","slug":"sivusto-on-tyon-alla","status":"publish","type":"page","link":"https:\/\/sotahuuto.fi\/en\/sivusto-on-tyon-alla\/","title":{"rendered":"Sivusto on ty\u00f6n alla!"},"content":{"rendered":"","protected":false},"excerpt":{"rendered":"<div class=\"link-more\"><a href=\"https:\/\/sotahuuto.fi\/en\/sivusto-on-tyon-alla\/\" class=\"more-link\">Continue reading<span class=\"screen-reader-text\"> &ldquo;Sivusto on ty\u00f6n alla!&rdquo;<\/span>&hellip;<\/a><\/div>","protected":false},"author":10,"featured_media":0,"parent":0,"menu_order":0,"comment_status":"closed","ping_status":"closed","template":"","meta":{"footnotes":""},"yoast_head":"<!-- This site is optimized with the Yoast SEO plugin v24.5 - https:\/\/yoast.com\/wordpress\/plugins\/seo\/ -->\n<title>Sivusto on ty\u00f6n alla! - Sotahuuto<\/title>\n<meta name=\"description\" content=\"Sotahuuto 2024 on ty\u00f6n alla. Tapahtuman aika sek\u00e4 paikka julkaistaan l\u00e4hiviikkoina!\" \/>\n<meta name=\"robots\" content=\"index, follow, max-snippet:-1, max-image-preview:large, max-video-preview:-1\" \/>\n<link rel=\"canonical\" href=\"https:\/\/sotahuuto.fi\/en\/sivusto-on-tyon-alla\/\" \/>\n<meta property=\"og:locale\" content=\"en_GB\" \/>\n<meta property=\"og:type\" content=\"article\" \/>\n<meta property=\"og:title\" content=\"Sivusto on ty\u00f6n alla! - Sotahuuto\" \/>\n<meta property=\"og:description\" content=\"Sotahuuto 2024 on ty\u00f6n alla. Tapahtuman aika sek\u00e4 paikka julkaistaan l\u00e4hiviikkoina!\" \/>\n<meta property=\"og:url\" content=\"https:\/\/sotahuuto.fi\/en\/sivusto-on-tyon-alla\/\" \/>\n<meta property=\"og:site_name\" content=\"Sotahuuto\" \/>\n<meta property=\"article:publisher\" content=\"https:\/\/www.facebook.com\/profile.php?id=100054630571001\" \/>\n<meta property=\"article:modified_time\" content=\"2023-10-27T08:51:53+00:00\" \/>\n<meta property=\"og:image\" content=\"https:\/\/sotahuuto.fi\/wp-content\/uploads\/2023\/11\/testi.gif\" \/>\n\t<meta property=\"og:image:width\" content=\"1024\" \/>\n\t<meta property=\"og:image:height\" content=\"614\" \/>\n\t<meta property=\"og:image:type\" content=\"image\/gif\" \/>\n<meta name=\"twitter:card\" content=\"summary_large_image\" \/>\n<script type=\"application\/ld+json\" class=\"yoast-schema-graph\">{\"@context\":\"https:\/\/schema.org\",\"@graph\":[{\"@type\":\"WebPage\",\"@id\":\"https:\/\/sotahuuto.fi\/sivusto-on-tyon-alla\/\",\"url\":\"https:\/\/sotahuuto.fi\/sivusto-on-tyon-alla\/\",\"name\":\"Sivusto on ty\u00f6n alla! - Sotahuuto\",\"isPartOf\":{\"@id\":\"https:\/\/sotahuuto.fi\/#website\"},\"datePublished\":\"2023-10-26T15:40:42+00:00\",\"dateModified\":\"2023-10-27T08:51:53+00:00\",\"description\":\"Sotahuuto 2024 on ty\u00f6n alla. Tapahtuman aika sek\u00e4 paikka julkaistaan l\u00e4hiviikkoina!\",\"breadcrumb\":{\"@id\":\"https:\/\/sotahuuto.fi\/sivusto-on-tyon-alla\/#breadcrumb\"},\"inLanguage\":\"en-GB\",\"potentialAction\":[{\"@type\":\"ReadAction\",\"target\":[\"https:\/\/sotahuuto.fi\/sivusto-on-tyon-alla\/\"]}]},{\"@type\":\"BreadcrumbList\",\"@id\":\"https:\/\/sotahuuto.fi\/sivusto-on-tyon-alla\/#breadcrumb\",\"itemListElement\":[{\"@type\":\"ListItem\",\"position\":1,\"name\":\"Home\",\"item\":\"https:\/\/sotahuuto.fi\/\"},{\"@type\":\"ListItem\",\"position\":2,\"name\":\"Sivusto on ty\u00f6n alla!\"}]},{\"@type\":\"WebSite\",\"@id\":\"https:\/\/sotahuuto.fi\/#website\",\"url\":\"https:\/\/sotahuuto.fi\/\",\"name\":\"Sotahuuto\",\"description\":\"10.-12.07.2026 | Rekolan tila, Orivesi\",\"publisher\":{\"@id\":\"https:\/\/sotahuuto.fi\/#organization\"},\"alternateName\":\"SoHu\",\"potentialAction\":[{\"@type\":\"SearchAction\",\"target\":{\"@type\":\"EntryPoint\",\"urlTemplate\":\"https:\/\/sotahuuto.fi\/?s={search_term_string}\"},\"query-input\":{\"@type\":\"PropertyValueSpecification\",\"valueRequired\":true,\"valueName\":\"search_term_string\"}}],\"inLanguage\":\"en-GB\"},{\"@type\":\"Organization\",\"@id\":\"https:\/\/sotahuuto.fi\/#organization\",\"name\":\"Sotahuuto\",\"alternateName\":\"SoHu\",\"url\":\"https:\/\/sotahuuto.fi\/\",\"logo\":{\"@type\":\"ImageObject\",\"inLanguage\":\"en-GB\",\"@id\":\"https:\/\/sotahuuto.fi\/#\/schema\/logo\/image\/\",\"url\":\"https:\/\/sotahuuto.fi\/wp-content\/uploads\/2022\/03\/cropped-cropped2-sotahuuto.jpg\",\"contentUrl\":\"https:\/\/sotahuuto.fi\/wp-content\/uploads\/2022\/03\/cropped-cropped2-sotahuuto.jpg\",\"width\":512,\"height\":512,\"caption\":\"Sotahuuto\"},\"image\":{\"@id\":\"https:\/\/sotahuuto.fi\/#\/schema\/logo\/image\/\"},\"sameAs\":[\"https:\/\/www.facebook.com\/profile.php?id=100054630571001\",\"https:\/\/www.youtube.com\/@sotahuutoboffaustapahtuma4558\"]}]}<\/script>\n<!-- \/ Yoast SEO plugin. -->","yoast_head_json":{"title":"Sivusto on ty\u00f6n alla! - Sotahuuto","description":"Sotahuuto 2024 on ty\u00f6n alla. Tapahtuman aika sek\u00e4 paikka julkaistaan l\u00e4hiviikkoina!","robots":{"index":"index","follow":"follow","max-snippet":"max-snippet:-1","max-image-preview":"max-image-preview:large","max-video-preview":"max-video-preview:-1"},"canonical":"https:\/\/sotahuuto.fi\/en\/sivusto-on-tyon-alla\/","og_locale":"en_GB","og_type":"article","og_title":"Sivusto on ty\u00f6n alla! - Sotahuuto","og_description":"Sotahuuto 2024 on ty\u00f6n alla. Tapahtuman aika sek\u00e4 paikka julkaistaan l\u00e4hiviikkoina!","og_url":"https:\/\/sotahuuto.fi\/en\/sivusto-on-tyon-alla\/","og_site_name":"Sotahuuto","article_publisher":"https:\/\/www.facebook.com\/profile.php?id=100054630571001","article_modified_time":"2023-10-27T08:51:53+00:00","og_image":[{"url":"https:\/\/sotahuuto.fi\/wp-content\/uploads\/2023\/11\/testi.gif","width":1024,"height":614,"type":"image\/gif"}],"twitter_card":"summary_large_image","schema":{"@context":"https:\/\/schema.org","@graph":[{"@type":"WebPage","@id":"https:\/\/sotahuuto.fi\/sivusto-on-tyon-alla\/","url":"https:\/\/sotahuuto.fi\/sivusto-on-tyon-alla\/","name":"Sivusto on ty\u00f6n alla! - Sotahuuto","isPartOf":{"@id":"https:\/\/sotahuuto.fi\/#website"},"datePublished":"2023-10-26T15:40:42+00:00","dateModified":"2023-10-27T08:51:53+00:00","description":"Sotahuuto 2024 on ty\u00f6n alla. Tapahtuman aika sek\u00e4 paikka julkaistaan l\u00e4hiviikkoina!","breadcrumb":{"@id":"https:\/\/sotahuuto.fi\/sivusto-on-tyon-alla\/#breadcrumb"},"inLanguage":"en-GB","potentialAction":[{"@type":"ReadAction","target":["https:\/\/sotahuuto.fi\/sivusto-on-tyon-alla\/"]}]},{"@type":"BreadcrumbList","@id":"https:\/\/sotahuuto.fi\/sivusto-on-tyon-alla\/#breadcrumb","itemListElement":[{"@type":"ListItem","position":1,"name":"Home","item":"https:\/\/sotahuuto.fi\/"},{"@type":"ListItem","position":2,"name":"Sivusto on ty\u00f6n alla!"}]},{"@type":"WebSite","@id":"https:\/\/sotahuuto.fi\/#website","url":"https:\/\/sotahuuto.fi\/","name":"Sotahuuto, \"War cry\",","description":"10.-12.07.2026 | Rekolan tila, Orivesi","publisher":{"@id":"https:\/\/sotahuuto.fi\/#organization"},"alternateName":"SoHu","potentialAction":[{"@type":"SearchAction","target":{"@type":"EntryPoint","urlTemplate":"https:\/\/sotahuuto.fi\/?s={search_term_string}"},"query-input":{"@type":"PropertyValueSpecification","valueRequired":true,"valueName":"search_term_string"}}],"inLanguage":"en-GB"},{"@type":"Organization","@id":"https:\/\/sotahuuto.fi\/#organization","name":"Sotahuuto, \"War cry\",","alternateName":"SoHu","url":"https:\/\/sotahuuto.fi\/","logo":{"@type":"ImageObject","inLanguage":"en-GB","@id":"https:\/\/sotahuuto.fi\/#\/schema\/logo\/image\/","url":"https:\/\/sotahuuto.fi\/wp-content\/uploads\/2022\/03\/cropped-cropped2-sotahuuto.jpg","contentUrl":"https:\/\/sotahuuto.fi\/wp-content\/uploads\/2022\/03\/cropped-cropped2-sotahuuto.jpg","width":512,"height":512,"caption":"Sotahuuto"},"image":{"@id":"https:\/\/sotahuuto.fi\/#\/schema\/logo\/image\/"},"sameAs":["https:\/\/www.facebook.com\/profile.php?id=100054630571001","https:\/\/www.youtube.com\/@sotahuutoboffaustapahtuma4558"]}]}},"jetpack_sharing_enabled":true,"_links":{"self":[{"href":"https:\/\/sotahuuto.fi\/en\/wp-json\/wp\/v2\/pages\/3458"}],"collection":[{"href":"https:\/\/sotahuuto.fi\/en\/wp-json\/wp\/v2\/pages"}],"about":[{"href":"https:\/\/sotahuuto.fi\/en\/wp-json\/wp\/v2\/types\/page"}],"author":[{"embeddable":true,"href":"https:\/\/sotahuuto.fi\/en\/wp-json\/wp\/v2\/users\/10"}],"replies":[{"embeddable":true,"href":"https:\/\/sotahuuto.fi\/en\/wp-json\/wp\/v2\/comments?post=3458"}],"version-history":[{"count":1,"href":"https:\/\/sotahuuto.fi\/en\/wp-json\/wp\/v2\/pages\/3458\/revisions"}],"predecessor-version":[{"id":3462,"href":"https:\/\/sotahuuto.fi\/en\/wp-json\/wp\/v2\/pages\/3458\/revisions\/3462"}],"wp:attachment":[{"href":"https:\/\/sotahuuto.fi\/en\/wp-json\/wp\/v2\/media?parent=3458"}],"curies":[{"name":"wp","href":"https:\/\/api.w.org\/{rel}","templated":true}]}}