{"id":3482,"date":"2023-10-27T14:37:48","date_gmt":"2023-10-27T12:37:48","guid":{"rendered":"https:\/\/sotahuuto.fi\/?page_id=3482"},"modified":"2026-02-27T15:53:13","modified_gmt":"2026-02-27T13:53:13","slug":"sotahuuto-2","status":"publish","type":"page","link":"https:\/\/sotahuuto.fi\/en\/","title":{"rendered":"Sotahuuto, \"War cry\","},"content":{"rendered":"<div data-elementor-type=\"wp-page\" data-elementor-id=\"3482\" class=\"elementor elementor-3482\">\n\t\t\t\t\t\t<section class=\"elementor-section elementor-top-section elementor-element elementor-element-625df6e elementor-section-boxed elementor-section-height-default elementor-section-height-default\" data-id=\"625df6e\" data-element_type=\"section\">\n\t\t\t\t\t\t<div class=\"elementor-container elementor-column-gap-wider\">\n\t\t\t\t\t<div class=\"elementor-column elementor-col-100 elementor-top-column elementor-element elementor-element-6a22aa5\" data-id=\"6a22aa5\" data-element_type=\"column\">\n\t\t\t<div class=\"elementor-widget-wrap elementor-element-populated\">\n\t\t\t\t\t\t<div class=\"elementor-element elementor-element-d66370e e-transform elementor-widget elementor-widget-heading\" data-id=\"d66370e\" data-element_type=\"widget\" data-settings=\"{&quot;_transform_scale_effect&quot;:{&quot;unit&quot;:&quot;px&quot;,&quot;size&quot;:1.3,&quot;sizes&quot;:[]},&quot;_transform_scale_effect_tablet&quot;:{&quot;unit&quot;:&quot;px&quot;,&quot;size&quot;:&quot;&quot;,&quot;sizes&quot;:[]},&quot;_transform_scale_effect_mobile&quot;:{&quot;unit&quot;:&quot;px&quot;,&quot;size&quot;:&quot;&quot;,&quot;sizes&quot;:[]}}\" data-widget_type=\"heading.default\">\n\t\t\t\t<div class=\"elementor-widget-container\">\n\t\t\t\t\t<h2 class=\"elementor-heading-title elementor-size-default\">THE FIELDS OF GLORY AWAIT!<\/h2>\t\t\t\t<\/div>\n\t\t\t\t<\/div>\n\t\t\t\t\t<\/div>\n\t\t<\/div>\n\t\t\t\t\t<\/div>\n\t\t<\/section>\n\t\t\t\t<section class=\"elementor-section elementor-top-section elementor-element elementor-element-65e0d25 elementor-section-boxed elementor-section-height-default elementor-section-height-default\" data-id=\"65e0d25\" data-element_type=\"section\">\n\t\t\t\t\t\t<div class=\"elementor-container elementor-column-gap-default\">\n\t\t\t\t\t<div class=\"elementor-column elementor-col-100 elementor-top-column elementor-element elementor-element-fcc8b55\" data-id=\"fcc8b55\" data-element_type=\"column\">\n\t\t\t<div class=\"elementor-widget-wrap elementor-element-populated\">\n\t\t\t\t\t\t<div class=\"elementor-element elementor-element-a4c4e91 elementor-widget elementor-widget-text-editor\" data-id=\"a4c4e91\" data-element_type=\"widget\" data-widget_type=\"text-editor.default\">\n\t\t\t\t<div class=\"elementor-widget-container\">\n\t\t\t\t\t\t\t\t\t<p><b>Sotahuuto (<\/b><b><i>SoHu, \"War Cry\"<\/i><\/b><b>) is the biggest and oldest boffering event in Finland<\/b>, attended by over 600 people from Finland and worldwide combined. The participants fight in armies composed of individual teams from all over the country. The event lasts for one whole weekend over the summer, and the location of the event varies annually.<\/p>\t\t\t\t\t\t\t\t<\/div>\n\t\t\t\t<\/div>\n\t\t\t\t\t<\/div>\n\t\t<\/div>\n\t\t\t\t\t<\/div>\n\t\t<\/section>\n\t\t\t\t<section class=\"elementor-section elementor-top-section elementor-element elementor-element-8d42d57 elementor-section-boxed elementor-section-height-default elementor-section-height-default\" data-id=\"8d42d57\" data-element_type=\"section\">\n\t\t\t\t\t\t<div class=\"elementor-container elementor-column-gap-default\">\n\t\t\t\t\t<div class=\"elementor-column elementor-col-100 elementor-top-column elementor-element elementor-element-7259033\" data-id=\"7259033\" data-element_type=\"column\">\n\t\t\t<div class=\"elementor-widget-wrap elementor-element-populated\">\n\t\t\t\t\t\t<div class=\"elementor-element elementor-element-ca197d1 elementor-widget elementor-widget-text-editor\" data-id=\"ca197d1\" data-element_type=\"widget\" data-widget_type=\"text-editor.default\">\n\t\t\t\t<div class=\"elementor-widget-container\">\n\t\t\t\t\t\t\t\t\t<p><b>Sotahuuto ties together both historical and competitive elements<\/b>, due to the fact that we keep score of the battles, and the annual framework of the battles is based on historical events. Each team is given the opportunity to score other teams' successes and victories, based on how well the team fought. The winners are announced on Sunday, and the team that is awarded the first place is additionally given the honor of receiving the legendary prize Kilpinen, a challenge cup that has been awarded to many glorious teams in the years past.<\/p>\t\t\t\t\t\t\t\t<\/div>\n\t\t\t\t<\/div>\n\t\t\t\t\t<\/div>\n\t\t<\/div>\n\t\t\t\t\t<\/div>\n\t\t<\/section>\n\t\t\t\t<section class=\"elementor-section elementor-top-section elementor-element elementor-element-47fcce0 elementor-section-boxed elementor-section-height-default elementor-section-height-default\" data-id=\"47fcce0\" data-element_type=\"section\">\n\t\t\t\t\t\t<div class=\"elementor-container elementor-column-gap-default\">\n\t\t\t\t\t<div class=\"elementor-column elementor-col-100 elementor-top-column elementor-element elementor-element-766176b\" data-id=\"766176b\" data-element_type=\"column\">\n\t\t\t<div class=\"elementor-widget-wrap elementor-element-populated\">\n\t\t\t\t\t\t<div class=\"elementor-element elementor-element-fb6b11a elementor-widget elementor-widget-video\" data-id=\"fb6b11a\" data-element_type=\"widget\" data-settings=\"{&quot;youtube_url&quot;:&quot;https:\\\/\\\/www.youtube.com\\\/watch?v=vXeNXXwJg7M&quot;,&quot;video_type&quot;:&quot;youtube&quot;,&quot;controls&quot;:&quot;yes&quot;}\" data-widget_type=\"video.default\">\n\t\t\t\t<div class=\"elementor-widget-container\">\n\t\t\t\t\t\t\t<div class=\"elementor-wrapper elementor-open-inline\">\n\t\t\t<div class=\"elementor-video\"><\/div>\t\t<\/div>\n\t\t\t\t\t\t<\/div>\n\t\t\t\t<\/div>\n\t\t\t\t\t<\/div>\n\t\t<\/div>\n\t\t\t\t\t<\/div>\n\t\t<\/section>\n\t\t\t\t<section class=\"elementor-section elementor-top-section elementor-element elementor-element-a33a38c elementor-section-boxed elementor-section-height-default elementor-section-height-default\" data-id=\"a33a38c\" data-element_type=\"section\">\n\t\t\t\t\t\t<div class=\"elementor-container elementor-column-gap-default\">\n\t\t\t\t\t<div class=\"elementor-column elementor-col-100 elementor-top-column elementor-element elementor-element-58888eb\" data-id=\"58888eb\" data-element_type=\"column\">\n\t\t\t<div class=\"elementor-widget-wrap elementor-element-populated\">\n\t\t\t\t\t\t<div class=\"elementor-element elementor-element-696ab7c elementor-widget-divider--view-line elementor-widget elementor-widget-divider\" data-id=\"696ab7c\" data-element_type=\"widget\" data-widget_type=\"divider.default\">\n\t\t\t\t<div class=\"elementor-widget-container\">\n\t\t\t\t\t\t\t<div class=\"elementor-divider\">\n\t\t\t<span class=\"elementor-divider-separator\">\n\t\t\t\t\t\t<\/span>\n\t\t<\/div>\n\t\t\t\t\t\t<\/div>\n\t\t\t\t<\/div>\n\t\t\t\t<div class=\"elementor-element elementor-element-391336f elementor-widget elementor-widget-heading\" data-id=\"391336f\" data-element_type=\"widget\" data-widget_type=\"heading.default\">\n\t\t\t\t<div class=\"elementor-widget-container\">\n\t\t\t\t\t<h2 class=\"elementor-heading-title elementor-size-default\">Topical<\/h2>\t\t\t\t<\/div>\n\t\t\t\t<\/div>\n\t\t\t\t<div class=\"elementor-element elementor-element-e7b2f5d elementor-widget elementor-widget-text-editor\" data-id=\"e7b2f5d\" data-element_type=\"widget\" data-widget_type=\"text-editor.default\">\n\t\t\t\t<div class=\"elementor-widget-container\">\n\t\t\t\t\t\t\t\t\t<p><span style=\"font-size: 1rem;\">Read our latest announcements &amp; take a look at the blog, where our scene actives can get their voices heard.<\/span><\/p>\t\t\t\t\t\t\t\t<\/div>\n\t\t\t\t<\/div>\n\t\t\t\t\t<\/div>\n\t\t<\/div>\n\t\t\t\t\t<\/div>\n\t\t<\/section>\n\t\t\t\t<section class=\"elementor-section elementor-top-section elementor-element elementor-element-cc53348 elementor-section-boxed elementor-section-height-default elementor-section-height-default\" data-id=\"cc53348\" data-element_type=\"section\">\n\t\t\t\t\t\t<div class=\"elementor-container elementor-column-gap-default\">\n\t\t\t\t\t<div class=\"elementor-column elementor-col-100 elementor-top-column elementor-element elementor-element-741d57e\" data-id=\"741d57e\" data-element_type=\"column\">\n\t\t\t<div class=\"elementor-widget-wrap elementor-element-populated\">\n\t\t\t\t\t\t<div class=\"elementor-element elementor-element-4a789d8 elementor-widget elementor-widget-wp-widget-recent-posts\" data-id=\"4a789d8\" data-element_type=\"widget\" data-widget_type=\"wp-widget-recent-posts.default\">\n\t\t\t\t<div class=\"elementor-widget-container\">\n\t\t\t\t\t\n\t\t\n\t\t<h5>Viimeisimm\u00e4t artikkelit<\/h5><nav aria-label=\"Viimeisimm\u00e4t artikkelit\">\n\t\t<ul>\n\t\t\t\t\t\t\t\t\t\t\t<li>\n\t\t\t\t\t<a href=\"https:\/\/sotahuuto.fi\/en\/istumajarjestys-alustavat-armeijajaot\/\">Istumaj\u00e4rjestys &#8211; Alustavat armeijajaot<\/a>\n\t\t\t\t\t\t\t\t\t<\/li>\n\t\t\t\t\t\t\t\t\t\t\t<li>\n\t\t\t\t\t<a href=\"https:\/\/sotahuuto.fi\/en\/perhe-on-pahin-vapaaehtoishaku-on-nyt-auki\/\">Perhe on pahin &#8211; Vapaaehtoishaku on nyt auki\u00a0<\/a>\n\t\t\t\t\t\t\t\t\t<\/li>\n\t\t\t\t\t\t\t\t\t\t\t<li>\n\t\t\t\t\t<a href=\"https:\/\/sotahuuto.fi\/en\/saantomuutokset-vuodelle-2026\/\">S\u00e4\u00e4nt\u00f6muutokset vuodelle 2026<\/a>\n\t\t\t\t\t\t\t\t\t<\/li>\n\t\t\t\t\t<\/ul>\n\n\t\t<\/nav>\t\t\t\t<\/div>\n\t\t\t\t<\/div>\n\t\t\t\t<div class=\"elementor-element elementor-element-f27fffb elementor-widget-divider--view-line_text elementor-widget-divider--element-align-center elementor-widget elementor-widget-divider\" data-id=\"f27fffb\" data-element_type=\"widget\" data-widget_type=\"divider.default\">\n\t\t\t\t<div class=\"elementor-widget-container\">\n\t\t\t\t\t\t\t<div class=\"elementor-divider\">\n\t\t\t<span class=\"elementor-divider-separator\">\n\t\t\t\t\t\t\t<span class=\"elementor-divider__text elementor-divider__element\">\n\t\t\t\tIn cooperation with:\t\t\t\t<\/span>\n\t\t\t\t\t\t<\/span>\n\t\t<\/div>\n\t\t\t\t\t\t<\/div>\n\t\t\t\t<\/div>\n\t\t\t\t<div class=\"elementor-element elementor-element-ca6faaa elementor-widget elementor-widget-image\" data-id=\"ca6faaa\" data-element_type=\"widget\" data-widget_type=\"image.default\">\n\t\t\t\t<div class=\"elementor-widget-container\">\n\t\t\t\t\t\t\t\t\t\t\t\t<figure class=\"wp-caption\">\n\t\t\t\t\t\t\t\t\t\t\t<a href=\"https:\/\/boffaus.fi\/suomen-pehmomiekkailuliitto\/\">\n\t\t\t\t\t\t\t<img decoding=\"async\" src=\"https:\/\/sotahuuto.fi\/wp-content\/uploads\/elementor\/thumbs\/SPML_logo_-_ensisijainen_valkoinen-qt119aveuonxoeyyd9tfo5g6xg3u907ipyup7jfr6w.png\" title=\"SPML_logo_-_ensisijainen_valkoinen\" alt=\"SPML_logo_-_ensisijainen_valkoinen\" loading=\"lazy\" \/>\t\t\t\t\t\t\t\t<\/a>\n\t\t\t\t\t\t\t\t\t\t\t<figcaption class=\"widget-image-caption wp-caption-text\">Click on the image for more information (in Finnish)<\/figcaption>\n\t\t\t\t\t\t\t\t\t\t<\/figure>\n\t\t\t\t\t\t\t\t\t<\/div>\n\t\t\t\t<\/div>\n\t\t\t\t\t<\/div>\n\t\t<\/div>\n\t\t\t\t\t<\/div>\n\t\t<\/section>\n\t\t\t\t<section class=\"elementor-section elementor-top-section elementor-element elementor-element-5a9c99b elementor-section-boxed elementor-section-height-default elementor-section-height-default\" data-id=\"5a9c99b\" data-element_type=\"section\">\n\t\t\t\t\t\t<div class=\"elementor-container elementor-column-gap-default\">\n\t\t\t\t\t<div class=\"elementor-column elementor-col-100 elementor-top-column elementor-element elementor-element-4425668\" data-id=\"4425668\" data-element_type=\"column\">\n\t\t\t<div class=\"elementor-widget-wrap\">\n\t\t\t\t\t\t\t<\/div>\n\t\t<\/div>\n\t\t\t\t\t<\/div>\n\t\t<\/section>\n\t\t\t\t<\/div>","protected":false},"excerpt":{"rendered":"<div class=\"entry-summary\">\nKunnian kent\u00e4t odottavat! Sotahuuto (SoHu) on Suomen suurin sek\u00e4 pitk\u00e4aikaisin pehmomiekkailutapahtuma, johon osallistuu vuosittain yli 600 boffaajaa niin Suomesta kuin&hellip;\n<\/div>\n<div class=\"link-more\"><a href=\"https:\/\/sotahuuto.fi\/en\/\" class=\"more-link\">Continue reading<span class=\"screen-reader-text\"> &ldquo;Sotahuuto&rdquo;<\/span>&hellip;<\/a><\/div>","protected":false},"author":10,"featured_media":0,"parent":0,"menu_order":0,"comment_status":"closed","ping_status":"closed","template":"","meta":{"footnotes":""},"yoast_head":"<!-- This site is optimized with the Yoast SEO plugin v24.5 - https:\/\/yoast.com\/wordpress\/plugins\/seo\/ -->\n<title>Sotahuuto - Sotahuuto<\/title>\n<meta name=\"description\" content=\"Sotahuuto on Suomen suurin pehmomiekkailutapahtuma, jota on j\u00e4rjestetty vuosittain jo 20 vuoden ajan.\" \/>\n<meta name=\"robots\" content=\"index, follow, max-snippet:-1, max-image-preview:large, max-video-preview:-1\" \/>\n<link rel=\"canonical\" href=\"https:\/\/sotahuuto.fi\/en\/\" \/>\n<meta property=\"og:locale\" content=\"en_GB\" \/>\n<meta property=\"og:type\" content=\"article\" \/>\n<meta property=\"og:title\" content=\"Sotahuuto - Sotahuuto\" \/>\n<meta property=\"og:description\" content=\"Sotahuuto on Suomen suurin pehmomiekkailutapahtuma, jota on j\u00e4rjestetty vuosittain jo 20 vuoden ajan.\" \/>\n<meta property=\"og:url\" content=\"https:\/\/sotahuuto.fi\/en\/\" \/>\n<meta property=\"og:site_name\" content=\"Sotahuuto\" \/>\n<meta property=\"article:publisher\" content=\"https:\/\/www.facebook.com\/profile.php?id=100054630571001\" \/>\n<meta property=\"article:modified_time\" content=\"2026-02-27T13:53:13+00:00\" \/>\n<meta property=\"og:image\" content=\"https:\/\/sotahuuto.fi\/wp-content\/uploads\/elementor\/thumbs\/SPML_logo_-_ensisijainen_valkoinen-qt119aveuonxoeyyd9tfo5g6xg3u907ipyup7jfr6w.png\" \/>\n<meta name=\"twitter:card\" content=\"summary_large_image\" \/>\n<meta name=\"twitter:label1\" content=\"Estimated reading time\" \/>\n\t<meta name=\"twitter:data1\" content=\"1 minute\" \/>\n<script type=\"application\/ld+json\" class=\"yoast-schema-graph\">{\"@context\":\"https:\/\/schema.org\",\"@graph\":[{\"@type\":\"WebPage\",\"@id\":\"https:\/\/sotahuuto.fi\/\",\"url\":\"https:\/\/sotahuuto.fi\/\",\"name\":\"Sotahuuto - Sotahuuto\",\"isPartOf\":{\"@id\":\"https:\/\/sotahuuto.fi\/#website\"},\"primaryImageOfPage\":{\"@id\":\"https:\/\/sotahuuto.fi\/#primaryimage\"},\"image\":{\"@id\":\"https:\/\/sotahuuto.fi\/#primaryimage\"},\"thumbnailUrl\":\"https:\/\/sotahuuto.fi\/wp-content\/uploads\/elementor\/thumbs\/SPML_logo_-_ensisijainen_valkoinen-qt119aveuonxoeyyd9tfo5g6xg3u907ipyup7jfr6w.png\",\"datePublished\":\"2023-10-27T12:37:48+00:00\",\"dateModified\":\"2026-02-27T13:53:13+00:00\",\"description\":\"Sotahuuto on Suomen suurin pehmomiekkailutapahtuma, jota on j\u00e4rjestetty vuosittain jo 20 vuoden ajan.\",\"breadcrumb\":{\"@id\":\"https:\/\/sotahuuto.fi\/#breadcrumb\"},\"inLanguage\":\"en-GB\",\"potentialAction\":[{\"@type\":\"ReadAction\",\"target\":[\"https:\/\/sotahuuto.fi\/\"]}]},{\"@type\":\"ImageObject\",\"inLanguage\":\"en-GB\",\"@id\":\"https:\/\/sotahuuto.fi\/#primaryimage\",\"url\":\"https:\/\/sotahuuto.fi\/wp-content\/uploads\/elementor\/thumbs\/SPML_logo_-_ensisijainen_valkoinen-qt119aveuonxoeyyd9tfo5g6xg3u907ipyup7jfr6w.png\",\"contentUrl\":\"https:\/\/sotahuuto.fi\/wp-content\/uploads\/elementor\/thumbs\/SPML_logo_-_ensisijainen_valkoinen-qt119aveuonxoeyyd9tfo5g6xg3u907ipyup7jfr6w.png\"},{\"@type\":\"BreadcrumbList\",\"@id\":\"https:\/\/sotahuuto.fi\/#breadcrumb\",\"itemListElement\":[{\"@type\":\"ListItem\",\"position\":1,\"name\":\"Home\",\"item\":\"https:\/\/sotahuuto.fi\/\"},{\"@type\":\"ListItem\",\"position\":2,\"name\":\"Sotahuuto\"}]},{\"@type\":\"WebSite\",\"@id\":\"https:\/\/sotahuuto.fi\/#website\",\"url\":\"https:\/\/sotahuuto.fi\/\",\"name\":\"Sotahuuto\",\"description\":\"10.-12.07.2026 | Rekolan tila, Orivesi\",\"publisher\":{\"@id\":\"https:\/\/sotahuuto.fi\/#organization\"},\"alternateName\":\"SoHu\",\"potentialAction\":[{\"@type\":\"SearchAction\",\"target\":{\"@type\":\"EntryPoint\",\"urlTemplate\":\"https:\/\/sotahuuto.fi\/?s={search_term_string}\"},\"query-input\":{\"@type\":\"PropertyValueSpecification\",\"valueRequired\":true,\"valueName\":\"search_term_string\"}}],\"inLanguage\":\"en-GB\"},{\"@type\":\"Organization\",\"@id\":\"https:\/\/sotahuuto.fi\/#organization\",\"name\":\"Sotahuuto\",\"alternateName\":\"SoHu\",\"url\":\"https:\/\/sotahuuto.fi\/\",\"logo\":{\"@type\":\"ImageObject\",\"inLanguage\":\"en-GB\",\"@id\":\"https:\/\/sotahuuto.fi\/#\/schema\/logo\/image\/\",\"url\":\"https:\/\/sotahuuto.fi\/wp-content\/uploads\/2022\/03\/cropped-cropped2-sotahuuto.jpg\",\"contentUrl\":\"https:\/\/sotahuuto.fi\/wp-content\/uploads\/2022\/03\/cropped-cropped2-sotahuuto.jpg\",\"width\":512,\"height\":512,\"caption\":\"Sotahuuto\"},\"image\":{\"@id\":\"https:\/\/sotahuuto.fi\/#\/schema\/logo\/image\/\"},\"sameAs\":[\"https:\/\/www.facebook.com\/profile.php?id=100054630571001\",\"https:\/\/www.youtube.com\/@sotahuutoboffaustapahtuma4558\"]}]}<\/script>\n<!-- \/ Yoast SEO plugin. -->","yoast_head_json":{"title":"Sotahuuto - Sotahuuto","description":"Sotahuuto on Suomen suurin pehmomiekkailutapahtuma, jota on j\u00e4rjestetty vuosittain jo 20 vuoden ajan.","robots":{"index":"index","follow":"follow","max-snippet":"max-snippet:-1","max-image-preview":"max-image-preview:large","max-video-preview":"max-video-preview:-1"},"canonical":"https:\/\/sotahuuto.fi\/en\/","og_locale":"en_GB","og_type":"article","og_title":"Sotahuuto - Sotahuuto","og_description":"Sotahuuto on Suomen suurin pehmomiekkailutapahtuma, jota on j\u00e4rjestetty vuosittain jo 20 vuoden ajan.","og_url":"https:\/\/sotahuuto.fi\/en\/","og_site_name":"Sotahuuto","article_publisher":"https:\/\/www.facebook.com\/profile.php?id=100054630571001","article_modified_time":"2026-02-27T13:53:13+00:00","og_image":[{"url":"https:\/\/sotahuuto.fi\/wp-content\/uploads\/elementor\/thumbs\/SPML_logo_-_ensisijainen_valkoinen-qt119aveuonxoeyyd9tfo5g6xg3u907ipyup7jfr6w.png","type":"","width":"","height":""}],"twitter_card":"summary_large_image","twitter_misc":{"Estimated reading time":"1 minute"},"schema":{"@context":"https:\/\/schema.org","@graph":[{"@type":"WebPage","@id":"https:\/\/sotahuuto.fi\/","url":"https:\/\/sotahuuto.fi\/","name":"Sotahuuto - Sotahuuto","isPartOf":{"@id":"https:\/\/sotahuuto.fi\/#website"},"primaryImageOfPage":{"@id":"https:\/\/sotahuuto.fi\/#primaryimage"},"image":{"@id":"https:\/\/sotahuuto.fi\/#primaryimage"},"thumbnailUrl":"https:\/\/sotahuuto.fi\/wp-content\/uploads\/elementor\/thumbs\/SPML_logo_-_ensisijainen_valkoinen-qt119aveuonxoeyyd9tfo5g6xg3u907ipyup7jfr6w.png","datePublished":"2023-10-27T12:37:48+00:00","dateModified":"2026-02-27T13:53:13+00:00","description":"Sotahuuto on Suomen suurin pehmomiekkailutapahtuma, jota on j\u00e4rjestetty vuosittain jo 20 vuoden ajan.","breadcrumb":{"@id":"https:\/\/sotahuuto.fi\/#breadcrumb"},"inLanguage":"en-GB","potentialAction":[{"@type":"ReadAction","target":["https:\/\/sotahuuto.fi\/"]}]},{"@type":"ImageObject","inLanguage":"en-GB","@id":"https:\/\/sotahuuto.fi\/#primaryimage","url":"https:\/\/sotahuuto.fi\/wp-content\/uploads\/elementor\/thumbs\/SPML_logo_-_ensisijainen_valkoinen-qt119aveuonxoeyyd9tfo5g6xg3u907ipyup7jfr6w.png","contentUrl":"https:\/\/sotahuuto.fi\/wp-content\/uploads\/elementor\/thumbs\/SPML_logo_-_ensisijainen_valkoinen-qt119aveuonxoeyyd9tfo5g6xg3u907ipyup7jfr6w.png"},{"@type":"BreadcrumbList","@id":"https:\/\/sotahuuto.fi\/#breadcrumb","itemListElement":[{"@type":"ListItem","position":1,"name":"Home","item":"https:\/\/sotahuuto.fi\/"},{"@type":"ListItem","position":2,"name":"Sotahuuto"}]},{"@type":"WebSite","@id":"https:\/\/sotahuuto.fi\/#website","url":"https:\/\/sotahuuto.fi\/","name":"Sotahuuto, \"War cry\",","description":"10.-12.07.2026 | Rekolan tila, Orivesi","publisher":{"@id":"https:\/\/sotahuuto.fi\/#organization"},"alternateName":"SoHu","potentialAction":[{"@type":"SearchAction","target":{"@type":"EntryPoint","urlTemplate":"https:\/\/sotahuuto.fi\/?s={search_term_string}"},"query-input":{"@type":"PropertyValueSpecification","valueRequired":true,"valueName":"search_term_string"}}],"inLanguage":"en-GB"},{"@type":"Organization","@id":"https:\/\/sotahuuto.fi\/#organization","name":"Sotahuuto, \"War cry\",","alternateName":"SoHu","url":"https:\/\/sotahuuto.fi\/","logo":{"@type":"ImageObject","inLanguage":"en-GB","@id":"https:\/\/sotahuuto.fi\/#\/schema\/logo\/image\/","url":"https:\/\/sotahuuto.fi\/wp-content\/uploads\/2022\/03\/cropped-cropped2-sotahuuto.jpg","contentUrl":"https:\/\/sotahuuto.fi\/wp-content\/uploads\/2022\/03\/cropped-cropped2-sotahuuto.jpg","width":512,"height":512,"caption":"Sotahuuto"},"image":{"@id":"https:\/\/sotahuuto.fi\/#\/schema\/logo\/image\/"},"sameAs":["https:\/\/www.facebook.com\/profile.php?id=100054630571001","https:\/\/www.youtube.com\/@sotahuutoboffaustapahtuma4558"]}]}},"jetpack_sharing_enabled":true,"_links":{"self":[{"href":"https:\/\/sotahuuto.fi\/en\/wp-json\/wp\/v2\/pages\/3482"}],"collection":[{"href":"https:\/\/sotahuuto.fi\/en\/wp-json\/wp\/v2\/pages"}],"about":[{"href":"https:\/\/sotahuuto.fi\/en\/wp-json\/wp\/v2\/types\/page"}],"author":[{"embeddable":true,"href":"https:\/\/sotahuuto.fi\/en\/wp-json\/wp\/v2\/users\/10"}],"replies":[{"embeddable":true,"href":"https:\/\/sotahuuto.fi\/en\/wp-json\/wp\/v2\/comments?post=3482"}],"version-history":[{"count":217,"href":"https:\/\/sotahuuto.fi\/en\/wp-json\/wp\/v2\/pages\/3482\/revisions"}],"predecessor-version":[{"id":5849,"href":"https:\/\/sotahuuto.fi\/en\/wp-json\/wp\/v2\/pages\/3482\/revisions\/5849"}],"wp:attachment":[{"href":"https:\/\/sotahuuto.fi\/en\/wp-json\/wp\/v2\/media?parent=3482"}],"curies":[{"name":"wp","href":"https:\/\/api.w.org\/{rel}","templated":true}]}}