{"id":3917,"date":"2023-12-17T22:44:11","date_gmt":"2023-12-17T20:44:11","guid":{"rendered":"https:\/\/sotahuuto.fi\/?page_id=3917"},"modified":"2024-05-10T14:09:44","modified_gmt":"2024-05-10T12:09:44","slug":"miekkamatka-2024","status":"publish","type":"page","link":"https:\/\/sotahuuto.fi\/en\/miekkamatka-2024\/","title":{"rendered":"Miekkamatka 2024"},"content":{"rendered":"<div data-elementor-type=\"wp-page\" data-elementor-id=\"3917\" class=\"elementor elementor-3917\">\n\t\t\t\t\t\t<section class=\"elementor-section elementor-top-section elementor-element elementor-element-9016c78 elementor-section-boxed elementor-section-height-default elementor-section-height-default\" data-id=\"9016c78\" data-element_type=\"section\">\n\t\t\t\t\t\t<div class=\"elementor-container elementor-column-gap-default\">\n\t\t\t\t\t<div class=\"elementor-column elementor-col-100 elementor-top-column elementor-element elementor-element-295ec3e\" data-id=\"295ec3e\" data-element_type=\"column\">\n\t\t\t<div class=\"elementor-widget-wrap elementor-element-populated\">\n\t\t\t\t\t\t<div class=\"elementor-element elementor-element-3927ea2 elementor-widget elementor-widget-image\" data-id=\"3927ea2\" data-element_type=\"widget\" data-widget_type=\"image.default\">\n\t\t\t\t<div class=\"elementor-widget-container\">\n\t\t\t\t\t\t\t\t\t\t\t\t\t\t\t<img fetchpriority=\"high\" decoding=\"async\" width=\"610\" height=\"594\" src=\"https:\/\/sotahuuto.fi\/wp-content\/uploads\/2024\/05\/SH24_Paita_Miekkamatka_Printti.png\" class=\"attachment-large size-large wp-image-4145\" alt=\"\" srcset=\"https:\/\/sotahuuto.fi\/wp-content\/uploads\/2024\/05\/SH24_Paita_Miekkamatka_Printti.png 610w, https:\/\/sotahuuto.fi\/wp-content\/uploads\/2024\/05\/SH24_Paita_Miekkamatka_Printti-300x292.png 300w, https:\/\/sotahuuto.fi\/wp-content\/uploads\/2024\/05\/SH24_Paita_Miekkamatka_Printti-12x12.png 12w\" sizes=\"(max-width: 610px) 100vw, 610px\" \/>\t\t\t\t\t\t\t\t\t\t\t\t\t\t\t<\/div>\n\t\t\t\t<\/div>\n\t\t\t\t<div class=\"elementor-element elementor-element-2003034 elementor-widget elementor-widget-text-editor\" data-id=\"2003034\" data-element_type=\"widget\" data-widget_type=\"text-editor.default\">\n\t\t\t\t<div class=\"elementor-widget-container\">\n\t\t\t\t\t\t\t\t\t<p>Miekkamatka is back!\u00a0<\/p><p>\u00a0<\/p><p>This year, we wanted to make participating in Miekkamatka (Sword Journey) competition easier. Similar to last year, the goal is to encourage people to visit as many different training sessions as possible, so you will receive one entry per training location. However, this time we have also taken into account the training sessions organized by different organizations in the same town, and each of them will count as separate entries!<\/p><p>\u00a0<\/p><p>Here's what you need to do: post a training session photo on the #miekkamatka2024 channel on the <a href=\"https:\/\/discord.gg\/T5Z43bubrw\">Suomen Boffaajat discord<\/a>. In the caption, specify where and by which organization the training session in the picture took place. You will get one entry per a training location + organizer -combination.\u00a0<\/p><p>\u00a0<\/p><p>Voittajalle on luvassa t\u00e4ysin ennenn\u00e4kem\u00e4t\u00f6n ja uniikki Miekkamatka 2024 -t-paita!<\/p><p>\u00a0<\/p><p>Participation period: November 19th, 2023 to July 11, 2024. The winner aka the participant with the most valid entries will be announced at Sotahuuto, and arrangements for delivering the prize will be made with them. If the winner cannot be reached at Sotahuuto, the organizers will contact them on Discord after the event.\u00a0<\/p><p>\u00a0<\/p><p>Sharing training pictures on social media is not in vain either: we will share posts with the #miekkamatka2024 and @sotahuuto2024 tags in Instagram stories on our official @sotahuuto2024 account. Although pictures shared on social media will not participate in the competition itself, it is still a great opportunity to promote your favorite training sessions to the whole soft sword fighting community!\u00a0<\/p>\t\t\t\t\t\t\t\t<\/div>\n\t\t\t\t<\/div>\n\t\t\t\t\t<\/div>\n\t\t<\/div>\n\t\t\t\t\t<\/div>\n\t\t<\/section>\n\t\t\t\t<section class=\"elementor-section elementor-top-section elementor-element elementor-element-d97d880 elementor-section-boxed elementor-section-height-default elementor-section-height-default\" data-id=\"d97d880\" data-element_type=\"section\">\n\t\t\t\t\t\t<div class=\"elementor-container elementor-column-gap-default\">\n\t\t\t\t\t<div class=\"elementor-column elementor-col-100 elementor-top-column elementor-element elementor-element-c98a6e2\" data-id=\"c98a6e2\" data-element_type=\"column\">\n\t\t\t<div class=\"elementor-widget-wrap elementor-element-populated\">\n\t\t\t\t\t\t<div class=\"elementor-element elementor-element-2e270da elementor-widget elementor-widget-image\" data-id=\"2e270da\" data-element_type=\"widget\" data-widget_type=\"image.default\">\n\t\t\t\t<div class=\"elementor-widget-container\">\n\t\t\t\t\t\t\t\t\t\t\t\t<figure class=\"wp-caption\">\n\t\t\t\t\t\t\t\t\t\t<img decoding=\"async\" width=\"962\" height=\"1024\" src=\"https:\/\/sotahuuto.fi\/wp-content\/uploads\/2024\/05\/SH24_Paita_Miekkamatka_mockup-962x1024.png\" class=\"attachment-large size-large wp-image-4146\" alt=\"\" srcset=\"https:\/\/sotahuuto.fi\/wp-content\/uploads\/2024\/05\/SH24_Paita_Miekkamatka_mockup-962x1024.png 962w, https:\/\/sotahuuto.fi\/wp-content\/uploads\/2024\/05\/SH24_Paita_Miekkamatka_mockup-282x300.png 282w, https:\/\/sotahuuto.fi\/wp-content\/uploads\/2024\/05\/SH24_Paita_Miekkamatka_mockup-768x818.png 768w, https:\/\/sotahuuto.fi\/wp-content\/uploads\/2024\/05\/SH24_Paita_Miekkamatka_mockup-11x12.png 11w, https:\/\/sotahuuto.fi\/wp-content\/uploads\/2024\/05\/SH24_Paita_Miekkamatka_mockup.png 1130w\" sizes=\"(max-width: 962px) 100vw, 962px\" \/>\t\t\t\t\t\t\t\t\t\t\t<figcaption class=\"widget-image-caption wp-caption-text\">Havainnekuva t\u00e4m\u00e4n vuoden miekkamatka-paidasta<\/figcaption>\n\t\t\t\t\t\t\t\t\t\t<\/figure>\n\t\t\t\t\t\t\t\t\t<\/div>\n\t\t\t\t<\/div>\n\t\t\t\t\t<\/div>\n\t\t<\/div>\n\t\t\t\t\t<\/div>\n\t\t<\/section>\n\t\t\t\t<\/div>","protected":false},"excerpt":{"rendered":"<div class=\"entry-summary\">\nMiekkamatka tulee taas!\u00a0 \u00a0 Halusimme tehd\u00e4 t\u00e4n\u00e4 vuonna Miekkamatkaan osallistumisesta helpompaa. Viime vuoden tapaan tarkoituksena on kannustaa vierailemaan mahdollisimman monissa&hellip;\n<\/div>\n<div class=\"link-more\"><a href=\"https:\/\/sotahuuto.fi\/en\/miekkamatka-2024\/\" class=\"more-link\">Continue reading<span class=\"screen-reader-text\"> &ldquo;Miekkamatka 2024&rdquo;<\/span>&hellip;<\/a><\/div>","protected":false},"author":10,"featured_media":0,"parent":0,"menu_order":0,"comment_status":"closed","ping_status":"closed","template":"","meta":{"footnotes":""},"yoast_head":"<!-- This site is optimized with the Yoast SEO plugin v24.5 - https:\/\/yoast.com\/wordpress\/plugins\/seo\/ -->\n<title>Miekkamatka 2024 - Sotahuuto<\/title>\n<meta name=\"robots\" content=\"index, follow, max-snippet:-1, max-image-preview:large, max-video-preview:-1\" \/>\n<link rel=\"canonical\" href=\"https:\/\/sotahuuto.fi\/en\/miekkamatka-2024\/\" \/>\n<meta property=\"og:locale\" content=\"en_GB\" \/>\n<meta property=\"og:type\" content=\"article\" \/>\n<meta property=\"og:title\" content=\"Miekkamatka 2024 - Sotahuuto\" \/>\n<meta property=\"og:description\" content=\"Miekkamatka tulee taas!\u00a0 \u00a0 Halusimme tehd\u00e4 t\u00e4n\u00e4 vuonna Miekkamatkaan osallistumisesta helpompaa. Viime vuoden tapaan tarkoituksena on kannustaa vierailemaan mahdollisimman monissa&hellip; Continue reading &ldquo;Miekkamatka 2024&rdquo;&hellip;\" \/>\n<meta property=\"og:url\" content=\"https:\/\/sotahuuto.fi\/en\/miekkamatka-2024\/\" \/>\n<meta property=\"og:site_name\" content=\"Sotahuuto\" \/>\n<meta property=\"article:publisher\" content=\"https:\/\/www.facebook.com\/profile.php?id=100054630571001\" \/>\n<meta property=\"article:modified_time\" content=\"2024-05-10T12:09:44+00:00\" \/>\n<meta property=\"og:image\" content=\"https:\/\/sotahuuto.fi\/wp-content\/uploads\/2024\/05\/SH24_Paita_Miekkamatka_Printti.png\" \/>\n<meta name=\"twitter:card\" content=\"summary_large_image\" \/>\n<meta name=\"twitter:label1\" content=\"Estimated reading time\" \/>\n\t<meta name=\"twitter:data1\" content=\"2 minutes\" \/>\n<script type=\"application\/ld+json\" class=\"yoast-schema-graph\">{\"@context\":\"https:\/\/schema.org\",\"@graph\":[{\"@type\":\"WebPage\",\"@id\":\"https:\/\/sotahuuto.fi\/miekkamatka-2024\/\",\"url\":\"https:\/\/sotahuuto.fi\/miekkamatka-2024\/\",\"name\":\"Miekkamatka 2024 - Sotahuuto\",\"isPartOf\":{\"@id\":\"https:\/\/sotahuuto.fi\/#website\"},\"primaryImageOfPage\":{\"@id\":\"https:\/\/sotahuuto.fi\/miekkamatka-2024\/#primaryimage\"},\"image\":{\"@id\":\"https:\/\/sotahuuto.fi\/miekkamatka-2024\/#primaryimage\"},\"thumbnailUrl\":\"https:\/\/sotahuuto.fi\/wp-content\/uploads\/2024\/05\/SH24_Paita_Miekkamatka_Printti.png\",\"datePublished\":\"2023-12-17T20:44:11+00:00\",\"dateModified\":\"2024-05-10T12:09:44+00:00\",\"breadcrumb\":{\"@id\":\"https:\/\/sotahuuto.fi\/miekkamatka-2024\/#breadcrumb\"},\"inLanguage\":\"en-GB\",\"potentialAction\":[{\"@type\":\"ReadAction\",\"target\":[\"https:\/\/sotahuuto.fi\/miekkamatka-2024\/\"]}]},{\"@type\":\"ImageObject\",\"inLanguage\":\"en-GB\",\"@id\":\"https:\/\/sotahuuto.fi\/miekkamatka-2024\/#primaryimage\",\"url\":\"https:\/\/sotahuuto.fi\/wp-content\/uploads\/2024\/05\/SH24_Paita_Miekkamatka_Printti.png\",\"contentUrl\":\"https:\/\/sotahuuto.fi\/wp-content\/uploads\/2024\/05\/SH24_Paita_Miekkamatka_Printti.png\"},{\"@type\":\"BreadcrumbList\",\"@id\":\"https:\/\/sotahuuto.fi\/miekkamatka-2024\/#breadcrumb\",\"itemListElement\":[{\"@type\":\"ListItem\",\"position\":1,\"name\":\"Home\",\"item\":\"https:\/\/sotahuuto.fi\/\"},{\"@type\":\"ListItem\",\"position\":2,\"name\":\"Miekkamatka 2024\"}]},{\"@type\":\"WebSite\",\"@id\":\"https:\/\/sotahuuto.fi\/#website\",\"url\":\"https:\/\/sotahuuto.fi\/\",\"name\":\"Sotahuuto\",\"description\":\"10.-12.07.2026 | Rekolan tila, Orivesi\",\"publisher\":{\"@id\":\"https:\/\/sotahuuto.fi\/#organization\"},\"alternateName\":\"SoHu\",\"potentialAction\":[{\"@type\":\"SearchAction\",\"target\":{\"@type\":\"EntryPoint\",\"urlTemplate\":\"https:\/\/sotahuuto.fi\/?s={search_term_string}\"},\"query-input\":{\"@type\":\"PropertyValueSpecification\",\"valueRequired\":true,\"valueName\":\"search_term_string\"}}],\"inLanguage\":\"en-GB\"},{\"@type\":\"Organization\",\"@id\":\"https:\/\/sotahuuto.fi\/#organization\",\"name\":\"Sotahuuto\",\"alternateName\":\"SoHu\",\"url\":\"https:\/\/sotahuuto.fi\/\",\"logo\":{\"@type\":\"ImageObject\",\"inLanguage\":\"en-GB\",\"@id\":\"https:\/\/sotahuuto.fi\/#\/schema\/logo\/image\/\",\"url\":\"https:\/\/sotahuuto.fi\/wp-content\/uploads\/2022\/03\/cropped-cropped2-sotahuuto.jpg\",\"contentUrl\":\"https:\/\/sotahuuto.fi\/wp-content\/uploads\/2022\/03\/cropped-cropped2-sotahuuto.jpg\",\"width\":512,\"height\":512,\"caption\":\"Sotahuuto\"},\"image\":{\"@id\":\"https:\/\/sotahuuto.fi\/#\/schema\/logo\/image\/\"},\"sameAs\":[\"https:\/\/www.facebook.com\/profile.php?id=100054630571001\",\"https:\/\/www.youtube.com\/@sotahuutoboffaustapahtuma4558\"]}]}<\/script>\n<!-- \/ Yoast SEO plugin. -->","yoast_head_json":{"title":"Miekkamatka 2024 - Sotahuuto","robots":{"index":"index","follow":"follow","max-snippet":"max-snippet:-1","max-image-preview":"max-image-preview:large","max-video-preview":"max-video-preview:-1"},"canonical":"https:\/\/sotahuuto.fi\/en\/miekkamatka-2024\/","og_locale":"en_GB","og_type":"article","og_title":"Miekkamatka 2024 - Sotahuuto","og_description":"Miekkamatka tulee taas!\u00a0 \u00a0 Halusimme tehd\u00e4 t\u00e4n\u00e4 vuonna Miekkamatkaan osallistumisesta helpompaa. Viime vuoden tapaan tarkoituksena on kannustaa vierailemaan mahdollisimman monissa&hellip; Continue reading &ldquo;Miekkamatka 2024&rdquo;&hellip;","og_url":"https:\/\/sotahuuto.fi\/en\/miekkamatka-2024\/","og_site_name":"Sotahuuto","article_publisher":"https:\/\/www.facebook.com\/profile.php?id=100054630571001","article_modified_time":"2024-05-10T12:09:44+00:00","og_image":[{"url":"https:\/\/sotahuuto.fi\/wp-content\/uploads\/2024\/05\/SH24_Paita_Miekkamatka_Printti.png","type":"","width":"","height":""}],"twitter_card":"summary_large_image","twitter_misc":{"Estimated reading time":"2 minutes"},"schema":{"@context":"https:\/\/schema.org","@graph":[{"@type":"WebPage","@id":"https:\/\/sotahuuto.fi\/miekkamatka-2024\/","url":"https:\/\/sotahuuto.fi\/miekkamatka-2024\/","name":"Miekkamatka 2024 - Sotahuuto","isPartOf":{"@id":"https:\/\/sotahuuto.fi\/#website"},"primaryImageOfPage":{"@id":"https:\/\/sotahuuto.fi\/miekkamatka-2024\/#primaryimage"},"image":{"@id":"https:\/\/sotahuuto.fi\/miekkamatka-2024\/#primaryimage"},"thumbnailUrl":"https:\/\/sotahuuto.fi\/wp-content\/uploads\/2024\/05\/SH24_Paita_Miekkamatka_Printti.png","datePublished":"2023-12-17T20:44:11+00:00","dateModified":"2024-05-10T12:09:44+00:00","breadcrumb":{"@id":"https:\/\/sotahuuto.fi\/miekkamatka-2024\/#breadcrumb"},"inLanguage":"en-GB","potentialAction":[{"@type":"ReadAction","target":["https:\/\/sotahuuto.fi\/miekkamatka-2024\/"]}]},{"@type":"ImageObject","inLanguage":"en-GB","@id":"https:\/\/sotahuuto.fi\/miekkamatka-2024\/#primaryimage","url":"https:\/\/sotahuuto.fi\/wp-content\/uploads\/2024\/05\/SH24_Paita_Miekkamatka_Printti.png","contentUrl":"https:\/\/sotahuuto.fi\/wp-content\/uploads\/2024\/05\/SH24_Paita_Miekkamatka_Printti.png"},{"@type":"BreadcrumbList","@id":"https:\/\/sotahuuto.fi\/miekkamatka-2024\/#breadcrumb","itemListElement":[{"@type":"ListItem","position":1,"name":"Home","item":"https:\/\/sotahuuto.fi\/"},{"@type":"ListItem","position":2,"name":"Miekkamatka 2024"}]},{"@type":"WebSite","@id":"https:\/\/sotahuuto.fi\/#website","url":"https:\/\/sotahuuto.fi\/","name":"Sotahuuto, \"War cry\",","description":"10.-12.07.2026 | Rekolan tila, Orivesi","publisher":{"@id":"https:\/\/sotahuuto.fi\/#organization"},"alternateName":"SoHu","potentialAction":[{"@type":"SearchAction","target":{"@type":"EntryPoint","urlTemplate":"https:\/\/sotahuuto.fi\/?s={search_term_string}"},"query-input":{"@type":"PropertyValueSpecification","valueRequired":true,"valueName":"search_term_string"}}],"inLanguage":"en-GB"},{"@type":"Organization","@id":"https:\/\/sotahuuto.fi\/#organization","name":"Sotahuuto, \"War cry\",","alternateName":"SoHu","url":"https:\/\/sotahuuto.fi\/","logo":{"@type":"ImageObject","inLanguage":"en-GB","@id":"https:\/\/sotahuuto.fi\/#\/schema\/logo\/image\/","url":"https:\/\/sotahuuto.fi\/wp-content\/uploads\/2022\/03\/cropped-cropped2-sotahuuto.jpg","contentUrl":"https:\/\/sotahuuto.fi\/wp-content\/uploads\/2022\/03\/cropped-cropped2-sotahuuto.jpg","width":512,"height":512,"caption":"Sotahuuto"},"image":{"@id":"https:\/\/sotahuuto.fi\/#\/schema\/logo\/image\/"},"sameAs":["https:\/\/www.facebook.com\/profile.php?id=100054630571001","https:\/\/www.youtube.com\/@sotahuutoboffaustapahtuma4558"]}]}},"jetpack_sharing_enabled":true,"_links":{"self":[{"href":"https:\/\/sotahuuto.fi\/en\/wp-json\/wp\/v2\/pages\/3917"}],"collection":[{"href":"https:\/\/sotahuuto.fi\/en\/wp-json\/wp\/v2\/pages"}],"about":[{"href":"https:\/\/sotahuuto.fi\/en\/wp-json\/wp\/v2\/types\/page"}],"author":[{"embeddable":true,"href":"https:\/\/sotahuuto.fi\/en\/wp-json\/wp\/v2\/users\/10"}],"replies":[{"embeddable":true,"href":"https:\/\/sotahuuto.fi\/en\/wp-json\/wp\/v2\/comments?post=3917"}],"version-history":[{"count":10,"href":"https:\/\/sotahuuto.fi\/en\/wp-json\/wp\/v2\/pages\/3917\/revisions"}],"predecessor-version":[{"id":4149,"href":"https:\/\/sotahuuto.fi\/en\/wp-json\/wp\/v2\/pages\/3917\/revisions\/4149"}],"wp:attachment":[{"href":"https:\/\/sotahuuto.fi\/en\/wp-json\/wp\/v2\/media?parent=3917"}],"curies":[{"name":"wp","href":"https:\/\/api.w.org\/{rel}","templated":true}]}}