{"id":401,"date":"2021-03-09T22:56:37","date_gmt":"2021-03-09T20:56:37","guid":{"rendered":"https:\/\/testi.sotahuuto.fi\/?page_id=401"},"modified":"2025-02-11T21:29:22","modified_gmt":"2025-02-11T19:29:22","slug":"mita-on-boffaus","status":"publish","type":"page","link":"https:\/\/sotahuuto.fi\/en\/mita-on-boffaus\/","title":{"rendered":"For newcomers"},"content":{"rendered":"<div data-elementor-type=\"wp-page\" data-elementor-id=\"401\" class=\"elementor elementor-401\">\n\t\t\t\t\t\t<section class=\"elementor-section elementor-top-section elementor-element elementor-element-6a34db3 elementor-section-boxed elementor-section-height-default elementor-section-height-default\" data-id=\"6a34db3\" data-element_type=\"section\">\n\t\t\t\t\t\t<div class=\"elementor-container elementor-column-gap-default\">\n\t\t\t\t\t<div class=\"elementor-column elementor-col-100 elementor-top-column elementor-element elementor-element-1a12835\" data-id=\"1a12835\" data-element_type=\"column\">\n\t\t\t<div class=\"elementor-widget-wrap elementor-element-populated\">\n\t\t\t\t\t\t<div class=\"elementor-element elementor-element-ec5ba9a elementor-widget elementor-widget-heading\" data-id=\"ec5ba9a\" data-element_type=\"widget\" data-widget_type=\"heading.default\">\n\t\t\t\t<div class=\"elementor-widget-container\">\n\t\t\t\t\t<h2 class=\"elementor-heading-title elementor-size-default\">Participating in Sotahuuto<\/h2>\t\t\t\t<\/div>\n\t\t\t\t<\/div>\n\t\t\t\t<div class=\"elementor-element elementor-element-31b70d7 elementor-widget elementor-widget-image\" data-id=\"31b70d7\" data-element_type=\"widget\" data-widget_type=\"image.default\">\n\t\t\t\t<div class=\"elementor-widget-container\">\n\t\t\t\t\t\t\t\t\t\t\t\t\t\t\t<img fetchpriority=\"high\" decoding=\"async\" width=\"1024\" height=\"684\" src=\"https:\/\/sotahuuto.fi\/wp-content\/uploads\/2022\/09\/48243080186_fee016739e_h-1024x684.jpg\" class=\"attachment-large size-large wp-image-1289\" alt=\"\" srcset=\"https:\/\/sotahuuto.fi\/wp-content\/uploads\/2022\/09\/48243080186_fee016739e_h-1024x684.jpg 1024w, https:\/\/sotahuuto.fi\/wp-content\/uploads\/2022\/09\/48243080186_fee016739e_h-300x200.jpg 300w, https:\/\/sotahuuto.fi\/wp-content\/uploads\/2022\/09\/48243080186_fee016739e_h-768x513.jpg 768w, https:\/\/sotahuuto.fi\/wp-content\/uploads\/2022\/09\/48243080186_fee016739e_h-1536x1025.jpg 1536w, https:\/\/sotahuuto.fi\/wp-content\/uploads\/2022\/09\/48243080186_fee016739e_h.jpg 1600w\" sizes=\"(max-width: 1024px) 100vw, 1024px\" \/>\t\t\t\t\t\t\t\t\t\t\t\t\t\t\t<\/div>\n\t\t\t\t<\/div>\n\t\t\t\t<div class=\"elementor-element elementor-element-1159aed elementor-widget elementor-widget-text-editor\" data-id=\"1159aed\" data-element_type=\"widget\" data-widget_type=\"text-editor.default\">\n\t\t\t\t<div class=\"elementor-widget-container\">\n\t\t\t\t\t\t\t\t\t<em>Photo: <a href=\"https:\/\/www.flickr.com\/photos\/kuskelin\/\" target=\"_blank\" rel=\"noopener\">Jari Kuskelin<\/a><\/em>\t\t\t\t\t\t\t\t<\/div>\n\t\t\t\t<\/div>\n\t\t\t\t<div class=\"elementor-element elementor-element-ec97572 elementor-widget elementor-widget-text-editor\" data-id=\"ec97572\" data-element_type=\"widget\" data-widget_type=\"text-editor.default\">\n\t\t\t\t<div class=\"elementor-widget-container\">\n\t\t\t\t\t\t\t\t\t<p>Participation in Sotahuuto usually takes place as part of a group. However, you can also register for the event as an individual. If you want to join the activities of a certain group, the easiest way to find one is to attend local training sessions and get to know other enthusiasts. You can find the most up-to-date information on soft sword fighting training sessions across the country on boffaus.fi\/treenit.<\/p>\n<p>\u00a0<\/p>\n<p>You can participate in Sotahuuto by putting together your own group. Only groups with more than ten people will participate in the scoring of Sotahuuto. It's also possible to make a \"flag alliance\" with another small group. In order to participate in the event, the group must register through the registration portal, pay the registration fee, decide on a representative for the leader meetings, make a flag for themselves, and agree on the group's appearance. The group must have their own weapons and they must comply with the event's rules. A new group should contact the event organizers in advance.<\/p>\n<p>\u00a0<\/p>\n<p>It's also possible to participate in Sotahuuto as part of a single group's support team. Support teams pay a significantly lower fee for participating in the event, and depending on the group, they may handle tasks such as group\u2019s internal cooking and help with setting up and maintaining the camp during the weekend. Supporters are welcome to watch the battles from the sidelines. They also get to participate in the event's evening program and act in the event area like other visitors.<\/p>\n<p>\u00a0<\/p>\n<p>If you want to participate in Sotahuuto with a low threshold without a group, consider registering as staff! You will receive at least a free event participation, and with longer shifts, additional staff benefits.<\/p>\t\t\t\t\t\t\t\t<\/div>\n\t\t\t\t<\/div>\n\t\t\t\t<div class=\"elementor-element elementor-element-d9247cf elementor-widget elementor-widget-spacer\" data-id=\"d9247cf\" data-element_type=\"widget\" data-widget_type=\"spacer.default\">\n\t\t\t\t<div class=\"elementor-widget-container\">\n\t\t\t\t\t\t\t<div class=\"elementor-spacer\">\n\t\t\t<div class=\"elementor-spacer-inner\"><\/div>\n\t\t<\/div>\n\t\t\t\t\t\t<\/div>\n\t\t\t\t<\/div>\n\t\t\t\t\t<\/div>\n\t\t<\/div>\n\t\t\t\t\t<\/div>\n\t\t<\/section>\n\t\t\t\t<section class=\"elementor-section elementor-top-section elementor-element elementor-element-08c1787 elementor-section-boxed elementor-section-height-default elementor-section-height-default\" data-id=\"08c1787\" data-element_type=\"section\">\n\t\t\t\t\t\t<div class=\"elementor-container elementor-column-gap-default\">\n\t\t\t\t\t<div class=\"elementor-column elementor-col-100 elementor-top-column elementor-element elementor-element-2265c17\" data-id=\"2265c17\" data-element_type=\"column\">\n\t\t\t<div class=\"elementor-widget-wrap elementor-element-populated\">\n\t\t\t\t\t\t<div class=\"elementor-element elementor-element-9bf15ec elementor-widget elementor-widget-heading\" data-id=\"9bf15ec\" data-element_type=\"widget\" data-widget_type=\"heading.default\">\n\t\t\t\t<div class=\"elementor-widget-container\">\n\t\t\t\t\t<h2 class=\"elementor-heading-title elementor-size-default\">Event schedule<\/h2>\t\t\t\t<\/div>\n\t\t\t\t<\/div>\n\t\t\t\t<div class=\"elementor-element elementor-element-b7c6db8 elementor-widget elementor-widget-image\" data-id=\"b7c6db8\" data-element_type=\"widget\" data-widget_type=\"image.default\">\n\t\t\t\t<div class=\"elementor-widget-container\">\n\t\t\t\t\t\t\t\t\t\t\t\t\t\t\t<img decoding=\"async\" width=\"1024\" height=\"684\" src=\"https:\/\/sotahuuto.fi\/wp-content\/uploads\/2022\/09\/35301885264_2e039998d9_h-1024x684.jpg\" class=\"attachment-large size-large wp-image-1278\" alt=\"\" srcset=\"https:\/\/sotahuuto.fi\/wp-content\/uploads\/2022\/09\/35301885264_2e039998d9_h-1024x684.jpg 1024w, https:\/\/sotahuuto.fi\/wp-content\/uploads\/2022\/09\/35301885264_2e039998d9_h-300x200.jpg 300w, https:\/\/sotahuuto.fi\/wp-content\/uploads\/2022\/09\/35301885264_2e039998d9_h-768x513.jpg 768w, https:\/\/sotahuuto.fi\/wp-content\/uploads\/2022\/09\/35301885264_2e039998d9_h-1536x1025.jpg 1536w, https:\/\/sotahuuto.fi\/wp-content\/uploads\/2022\/09\/35301885264_2e039998d9_h.jpg 1600w\" sizes=\"(max-width: 1024px) 100vw, 1024px\" \/>\t\t\t\t\t\t\t\t\t\t\t\t\t\t\t<\/div>\n\t\t\t\t<\/div>\n\t\t\t\t<div class=\"elementor-element elementor-element-710812d elementor-widget elementor-widget-text-editor\" data-id=\"710812d\" data-element_type=\"widget\" data-widget_type=\"text-editor.default\">\n\t\t\t\t<div class=\"elementor-widget-container\">\n\t\t\t\t\t\t\t\t\t<em>Photo: <a href=\"https:\/\/www.flickr.com\/photos\/kuskelin\/\" target=\"_blank\" rel=\"noopener\">Jari Kuskelin<\/a><\/em>\t\t\t\t\t\t\t\t<\/div>\n\t\t\t\t<\/div>\n\t\t\t\t<div class=\"elementor-element elementor-element-74c355a elementor-widget elementor-widget-text-editor\" data-id=\"74c355a\" data-element_type=\"widget\" data-widget_type=\"text-editor.default\">\n\t\t\t\t<div class=\"elementor-widget-container\">\n\t\t\t\t\t\t\t\t\t<p>Participants arrive on Friday afternoon or evening. On Friday, it is possible to get to know other enthusiasts and the event location, and spend time together. Friday may be busy, and the earlier the group arrives, the less stressful it is to check equipment, set up the camp, have the first self-catered dinner, arrange personal belongings, and so on.<\/p>\n<p>\u00a0<\/p>\n<p>On Saturday morning, the official wake-up call of Sotahuuto is announced at breakfast. After breakfast, everyone gathers to watch the first performance, which aims to illuminate the frame story of the event. Then, there are a few hours of fighting (various scenarios, with possible twists in between), followed by lunch, which is eaten in groups during the break. After lunch, there are a few more hours of fighting, and when everyone is exhausted, dinner is served, and the major battles of the day are over. On Saturday evening, participants have a chance to meet others, challenge people to duels, participate in evening activities and group tournaments, and enjoy the sauna and Finnish summer.<\/p>\n<p>\u00a0<\/p>\n<p>On Sunday morning, participants wake up for breakfast, fight, eat, and fight again. The final scenario is often a risk scenario which is an area control scenario. After the last battle, in the afternoon, the winning group of Sotahuuto is announced, and the camps are packed up and cleaned before heading home.<\/p>\t\t\t\t\t\t\t\t<\/div>\n\t\t\t\t<\/div>\n\t\t\t\t<div class=\"elementor-element elementor-element-426e5b8 elementor-widget elementor-widget-spacer\" data-id=\"426e5b8\" data-element_type=\"widget\" data-widget_type=\"spacer.default\">\n\t\t\t\t<div class=\"elementor-widget-container\">\n\t\t\t\t\t\t\t<div class=\"elementor-spacer\">\n\t\t\t<div class=\"elementor-spacer-inner\"><\/div>\n\t\t<\/div>\n\t\t\t\t\t\t<\/div>\n\t\t\t\t<\/div>\n\t\t\t\t\t<\/div>\n\t\t<\/div>\n\t\t\t\t\t<\/div>\n\t\t<\/section>\n\t\t\t\t<section class=\"elementor-section elementor-top-section elementor-element elementor-element-c54096f elementor-section-boxed elementor-section-height-default elementor-section-height-default\" data-id=\"c54096f\" data-element_type=\"section\">\n\t\t\t\t\t\t<div class=\"elementor-container elementor-column-gap-default\">\n\t\t\t\t\t<div class=\"elementor-column elementor-col-100 elementor-top-column elementor-element elementor-element-b6379ad\" data-id=\"b6379ad\" data-element_type=\"column\">\n\t\t\t<div class=\"elementor-widget-wrap elementor-element-populated\">\n\t\t\t\t\t\t<div class=\"elementor-element elementor-element-a5d3cba elementor-widget elementor-widget-heading\" data-id=\"a5d3cba\" data-element_type=\"widget\" data-widget_type=\"heading.default\">\n\t\t\t\t<div class=\"elementor-widget-container\">\n\t\t\t\t\t<h2 class=\"elementor-heading-title elementor-size-default\">Preparing for Sotahuuto<\/h2>\t\t\t\t<\/div>\n\t\t\t\t<\/div>\n\t\t\t\t<div class=\"elementor-element elementor-element-05cc88a elementor-widget elementor-widget-image\" data-id=\"05cc88a\" data-element_type=\"widget\" data-widget_type=\"image.default\">\n\t\t\t\t<div class=\"elementor-widget-container\">\n\t\t\t\t\t\t\t\t\t\t\t\t\t\t\t<img decoding=\"async\" width=\"1024\" height=\"684\" src=\"https:\/\/sotahuuto.fi\/wp-content\/uploads\/2022\/09\/36007849791_288a978173_h-1024x684.jpg\" class=\"attachment-large size-large wp-image-1281\" alt=\"\" srcset=\"https:\/\/sotahuuto.fi\/wp-content\/uploads\/2022\/09\/36007849791_288a978173_h-1024x684.jpg 1024w, https:\/\/sotahuuto.fi\/wp-content\/uploads\/2022\/09\/36007849791_288a978173_h-300x200.jpg 300w, https:\/\/sotahuuto.fi\/wp-content\/uploads\/2022\/09\/36007849791_288a978173_h-768x513.jpg 768w, https:\/\/sotahuuto.fi\/wp-content\/uploads\/2022\/09\/36007849791_288a978173_h-1536x1025.jpg 1536w, https:\/\/sotahuuto.fi\/wp-content\/uploads\/2022\/09\/36007849791_288a978173_h.jpg 1600w\" sizes=\"(max-width: 1024px) 100vw, 1024px\" \/>\t\t\t\t\t\t\t\t\t\t\t\t\t\t\t<\/div>\n\t\t\t\t<\/div>\n\t\t\t\t<div class=\"elementor-element elementor-element-1169099 elementor-widget elementor-widget-text-editor\" data-id=\"1169099\" data-element_type=\"widget\" data-widget_type=\"text-editor.default\">\n\t\t\t\t<div class=\"elementor-widget-container\">\n\t\t\t\t\t\t\t\t\t<em>Photo: <a href=\"https:\/\/www.flickr.com\/photos\/kuskelin\/\" target=\"_blank\" rel=\"noopener\">Jari Kuskelin<\/a><\/em>\t\t\t\t\t\t\t\t<\/div>\n\t\t\t\t<\/div>\n\t\t\t\t<div class=\"elementor-element elementor-element-14664d0 elementor-widget elementor-widget-text-editor\" data-id=\"14664d0\" data-element_type=\"widget\" data-widget_type=\"text-editor.default\">\n\t\t\t\t<div class=\"elementor-widget-container\">\n\t\t\t\t\t\t\t\t\t<p>\u00a0Tapahtumassa toimii ensiapu, mutta on hyv\u00e4 varautua etuk\u00e4teen niin, ett\u00e4 pystyt ennaltaehk\u00e4isem\u00e4\u00e4n vammoja ja ruhjeita. Ensiapu ei anna osallistujille l\u00e4\u00e4kkeit\u00e4.<\/p><p>Accommodation will likely be in camping conditions, depending on the group and individual. If you are packing for an event like Sotahuuto for the first time, here is a general list of items to consider bringing:<\/p><ul><li>Water bottle<\/li><li>Good ankle-supporting and foot-protecting shoes, such as combat boots or hiking boots<\/li><li>Snacks<\/li><li>Hygiene items<\/li><li>Medications<\/li><li>First aid kit (at least band-aids)<\/li><li>Extra clothing, especially socks<\/li><li>Headwear to protect you from the sun<\/li><li>Armor, especially a helmet<\/li><li>Finger-protecting gloves<\/li><li>Personal eating utensils if the group is organizing their own meals (bowl + cup, spoon)<\/li><li>Insect repellent<\/li><li>Sunscreen<\/li><li>Tent<\/li><li>Sleeping pad and bag<\/li><li>Base layer<\/li><\/ul>\t\t\t\t\t\t\t\t<\/div>\n\t\t\t\t<\/div>\n\t\t\t\t<div class=\"elementor-element elementor-element-aafa6b0 elementor-widget elementor-widget-spacer\" data-id=\"aafa6b0\" data-element_type=\"widget\" data-widget_type=\"spacer.default\">\n\t\t\t\t<div class=\"elementor-widget-container\">\n\t\t\t\t\t\t\t<div class=\"elementor-spacer\">\n\t\t\t<div class=\"elementor-spacer-inner\"><\/div>\n\t\t<\/div>\n\t\t\t\t\t\t<\/div>\n\t\t\t\t<\/div>\n\t\t\t\t\t<\/div>\n\t\t<\/div>\n\t\t\t\t\t<\/div>\n\t\t<\/section>\n\t\t\t\t<section class=\"elementor-section elementor-top-section elementor-element elementor-element-2a7f891 elementor-section-boxed elementor-section-height-default elementor-section-height-default\" data-id=\"2a7f891\" data-element_type=\"section\">\n\t\t\t\t\t\t<div class=\"elementor-container elementor-column-gap-default\">\n\t\t\t\t\t<div class=\"elementor-column elementor-col-100 elementor-top-column elementor-element elementor-element-fed6316\" data-id=\"fed6316\" data-element_type=\"column\">\n\t\t\t<div class=\"elementor-widget-wrap elementor-element-populated\">\n\t\t\t\t\t\t<div class=\"elementor-element elementor-element-f0004b2 elementor-widget elementor-widget-heading\" data-id=\"f0004b2\" data-element_type=\"widget\" data-widget_type=\"heading.default\">\n\t\t\t\t<div class=\"elementor-widget-container\">\n\t\t\t\t\t<h2 class=\"elementor-heading-title elementor-size-default\">Last but not the least<\/h2>\t\t\t\t<\/div>\n\t\t\t\t<\/div>\n\t\t\t\t<div class=\"elementor-element elementor-element-08ab5a9 elementor-widget elementor-widget-text-editor\" data-id=\"08ab5a9\" data-element_type=\"widget\" data-widget_type=\"text-editor.default\">\n\t\t\t\t<div class=\"elementor-widget-container\">\n\t\t\t\t\t\t\t\t\t<p class=\"translation-block\">Instructions for making boffer swords and other equipment are gathered on the website <a href=\"https:\/\/boffaus.fi\/\" target=\"_blank\" rel=\"noopener\">Boffaus.fi<\/a>. Discussion on building equipment is conducted in <a href=\"https:\/\/www.facebook.com\/groups\/263436130431649\/\" target=\"_blank\" rel=\"noopener\">Sotahuutos Facebook group<\/a> and on <a href=\"https:\/\/discord.gg\/8DVpFZp6Ha\" target=\"_blank\" rel=\"noopener\">Suomen boffaajat Discord-server<\/a>.<\/p>\t\t\t\t\t\t\t\t<\/div>\n\t\t\t\t<\/div>\n\t\t\t\t\t<\/div>\n\t\t<\/div>\n\t\t\t\t\t<\/div>\n\t\t<\/section>\n\t\t\t\t<\/div>","protected":false},"excerpt":{"rendered":"<div class=\"entry-summary\">\nSotahuutoon osallistuminen Kuva: Jari Kuskelin Sotahuutoon osallistuminen tapahtuu useimmiten osana ryhm\u00e4\u00e4. Voit kuitenkin ilmoittautua tapahtumaan my\u00f6s yksil\u00f6n\u00e4. Jos haluat mukaan&hellip;\n<\/div>\n<div class=\"link-more\"><a href=\"https:\/\/sotahuuto.fi\/en\/mita-on-boffaus\/\" class=\"more-link\">Continue reading<span class=\"screen-reader-text\"> &ldquo;Uusille osallistujille&rdquo;<\/span>&hellip;<\/a><\/div>","protected":false},"author":1,"featured_media":0,"parent":0,"menu_order":0,"comment_status":"closed","ping_status":"closed","template":"","meta":{"footnotes":""},"yoast_head":"<!-- This site is optimized with the Yoast SEO plugin v24.5 - https:\/\/yoast.com\/wordpress\/plugins\/seo\/ -->\n<title>Uusille osallistujille - Sotahuuto<\/title>\n<meta name=\"description\" content=\"Sotahuuto 2023 j\u00e4rjestet\u00e4\u00e4n 14.-16.7. Muuramessa. Lue kuinka tapahtumaan kannattaa valmistautua ja tule mukaan!\" \/>\n<meta name=\"robots\" content=\"index, follow, max-snippet:-1, max-image-preview:large, max-video-preview:-1\" \/>\n<link rel=\"canonical\" href=\"https:\/\/sotahuuto.fi\/en\/mita-on-boffaus\/\" \/>\n<meta property=\"og:locale\" content=\"en_GB\" \/>\n<meta property=\"og:type\" content=\"article\" \/>\n<meta property=\"og:title\" content=\"Uusille osallistujille - Sotahuuto\" \/>\n<meta property=\"og:description\" content=\"Sotahuuto 2023 j\u00e4rjestet\u00e4\u00e4n 14.-16.7. Muuramessa. Lue kuinka tapahtumaan kannattaa valmistautua ja tule mukaan!\" \/>\n<meta property=\"og:url\" content=\"https:\/\/sotahuuto.fi\/en\/mita-on-boffaus\/\" \/>\n<meta property=\"og:site_name\" content=\"Sotahuuto\" \/>\n<meta property=\"article:publisher\" content=\"https:\/\/www.facebook.com\/profile.php?id=100054630571001\" \/>\n<meta property=\"article:modified_time\" content=\"2025-02-11T19:29:22+00:00\" \/>\n<meta property=\"og:image\" content=\"https:\/\/sotahuuto.fi\/wp-content\/uploads\/2022\/09\/48243080186_fee016739e_h.jpg\" \/>\n\t<meta property=\"og:image:width\" content=\"1600\" \/>\n\t<meta property=\"og:image:height\" content=\"1068\" \/>\n\t<meta property=\"og:image:type\" content=\"image\/jpeg\" \/>\n<meta name=\"twitter:card\" content=\"summary_large_image\" \/>\n<meta name=\"twitter:label1\" content=\"Estimated reading time\" \/>\n\t<meta name=\"twitter:data1\" content=\"3 minutes\" \/>\n<script type=\"application\/ld+json\" class=\"yoast-schema-graph\">{\"@context\":\"https:\/\/schema.org\",\"@graph\":[{\"@type\":\"WebPage\",\"@id\":\"https:\/\/sotahuuto.fi\/mita-on-boffaus\/\",\"url\":\"https:\/\/sotahuuto.fi\/mita-on-boffaus\/\",\"name\":\"Uusille osallistujille - Sotahuuto\",\"isPartOf\":{\"@id\":\"https:\/\/sotahuuto.fi\/#website\"},\"primaryImageOfPage\":{\"@id\":\"https:\/\/sotahuuto.fi\/mita-on-boffaus\/#primaryimage\"},\"image\":{\"@id\":\"https:\/\/sotahuuto.fi\/mita-on-boffaus\/#primaryimage\"},\"thumbnailUrl\":\"https:\/\/sotahuuto.fi\/wp-content\/uploads\/2022\/09\/48243080186_fee016739e_h-1024x684.jpg\",\"datePublished\":\"2021-03-09T20:56:37+00:00\",\"dateModified\":\"2025-02-11T19:29:22+00:00\",\"description\":\"Sotahuuto 2023 j\u00e4rjestet\u00e4\u00e4n 14.-16.7. Muuramessa. Lue kuinka tapahtumaan kannattaa valmistautua ja tule mukaan!\",\"breadcrumb\":{\"@id\":\"https:\/\/sotahuuto.fi\/mita-on-boffaus\/#breadcrumb\"},\"inLanguage\":\"en-GB\",\"potentialAction\":[{\"@type\":\"ReadAction\",\"target\":[\"https:\/\/sotahuuto.fi\/mita-on-boffaus\/\"]}]},{\"@type\":\"ImageObject\",\"inLanguage\":\"en-GB\",\"@id\":\"https:\/\/sotahuuto.fi\/mita-on-boffaus\/#primaryimage\",\"url\":\"https:\/\/sotahuuto.fi\/wp-content\/uploads\/2022\/09\/48243080186_fee016739e_h-1024x684.jpg\",\"contentUrl\":\"https:\/\/sotahuuto.fi\/wp-content\/uploads\/2022\/09\/48243080186_fee016739e_h-1024x684.jpg\"},{\"@type\":\"BreadcrumbList\",\"@id\":\"https:\/\/sotahuuto.fi\/mita-on-boffaus\/#breadcrumb\",\"itemListElement\":[{\"@type\":\"ListItem\",\"position\":1,\"name\":\"Home\",\"item\":\"https:\/\/sotahuuto.fi\/\"},{\"@type\":\"ListItem\",\"position\":2,\"name\":\"Uusille osallistujille\"}]},{\"@type\":\"WebSite\",\"@id\":\"https:\/\/sotahuuto.fi\/#website\",\"url\":\"https:\/\/sotahuuto.fi\/\",\"name\":\"Sotahuuto\",\"description\":\"10.-12.07.2026 | Rekolan tila, Orivesi\",\"publisher\":{\"@id\":\"https:\/\/sotahuuto.fi\/#organization\"},\"alternateName\":\"SoHu\",\"potentialAction\":[{\"@type\":\"SearchAction\",\"target\":{\"@type\":\"EntryPoint\",\"urlTemplate\":\"https:\/\/sotahuuto.fi\/?s={search_term_string}\"},\"query-input\":{\"@type\":\"PropertyValueSpecification\",\"valueRequired\":true,\"valueName\":\"search_term_string\"}}],\"inLanguage\":\"en-GB\"},{\"@type\":\"Organization\",\"@id\":\"https:\/\/sotahuuto.fi\/#organization\",\"name\":\"Sotahuuto\",\"alternateName\":\"SoHu\",\"url\":\"https:\/\/sotahuuto.fi\/\",\"logo\":{\"@type\":\"ImageObject\",\"inLanguage\":\"en-GB\",\"@id\":\"https:\/\/sotahuuto.fi\/#\/schema\/logo\/image\/\",\"url\":\"https:\/\/sotahuuto.fi\/wp-content\/uploads\/2022\/03\/cropped-cropped2-sotahuuto.jpg\",\"contentUrl\":\"https:\/\/sotahuuto.fi\/wp-content\/uploads\/2022\/03\/cropped-cropped2-sotahuuto.jpg\",\"width\":512,\"height\":512,\"caption\":\"Sotahuuto\"},\"image\":{\"@id\":\"https:\/\/sotahuuto.fi\/#\/schema\/logo\/image\/\"},\"sameAs\":[\"https:\/\/www.facebook.com\/profile.php?id=100054630571001\",\"https:\/\/www.youtube.com\/@sotahuutoboffaustapahtuma4558\"]}]}<\/script>\n<!-- \/ Yoast SEO plugin. -->","yoast_head_json":{"title":"Uusille osallistujille - Sotahuuto","description":"Sotahuuto 2023 j\u00e4rjestet\u00e4\u00e4n 14.-16.7. Muuramessa. Lue kuinka tapahtumaan kannattaa valmistautua ja tule mukaan!","robots":{"index":"index","follow":"follow","max-snippet":"max-snippet:-1","max-image-preview":"max-image-preview:large","max-video-preview":"max-video-preview:-1"},"canonical":"https:\/\/sotahuuto.fi\/en\/mita-on-boffaus\/","og_locale":"en_GB","og_type":"article","og_title":"Uusille osallistujille - Sotahuuto","og_description":"Sotahuuto 2023 j\u00e4rjestet\u00e4\u00e4n 14.-16.7. Muuramessa. Lue kuinka tapahtumaan kannattaa valmistautua ja tule mukaan!","og_url":"https:\/\/sotahuuto.fi\/en\/mita-on-boffaus\/","og_site_name":"Sotahuuto","article_publisher":"https:\/\/www.facebook.com\/profile.php?id=100054630571001","article_modified_time":"2025-02-11T19:29:22+00:00","og_image":[{"width":1600,"height":1068,"url":"https:\/\/sotahuuto.fi\/wp-content\/uploads\/2022\/09\/48243080186_fee016739e_h.jpg","type":"image\/jpeg"}],"twitter_card":"summary_large_image","twitter_misc":{"Estimated reading time":"3 minutes"},"schema":{"@context":"https:\/\/schema.org","@graph":[{"@type":"WebPage","@id":"https:\/\/sotahuuto.fi\/mita-on-boffaus\/","url":"https:\/\/sotahuuto.fi\/mita-on-boffaus\/","name":"Uusille osallistujille - Sotahuuto","isPartOf":{"@id":"https:\/\/sotahuuto.fi\/#website"},"primaryImageOfPage":{"@id":"https:\/\/sotahuuto.fi\/mita-on-boffaus\/#primaryimage"},"image":{"@id":"https:\/\/sotahuuto.fi\/mita-on-boffaus\/#primaryimage"},"thumbnailUrl":"https:\/\/sotahuuto.fi\/wp-content\/uploads\/2022\/09\/48243080186_fee016739e_h-1024x684.jpg","datePublished":"2021-03-09T20:56:37+00:00","dateModified":"2025-02-11T19:29:22+00:00","description":"Sotahuuto 2023 j\u00e4rjestet\u00e4\u00e4n 14.-16.7. Muuramessa. Lue kuinka tapahtumaan kannattaa valmistautua ja tule mukaan!","breadcrumb":{"@id":"https:\/\/sotahuuto.fi\/mita-on-boffaus\/#breadcrumb"},"inLanguage":"en-GB","potentialAction":[{"@type":"ReadAction","target":["https:\/\/sotahuuto.fi\/mita-on-boffaus\/"]}]},{"@type":"ImageObject","inLanguage":"en-GB","@id":"https:\/\/sotahuuto.fi\/mita-on-boffaus\/#primaryimage","url":"https:\/\/sotahuuto.fi\/wp-content\/uploads\/2022\/09\/48243080186_fee016739e_h-1024x684.jpg","contentUrl":"https:\/\/sotahuuto.fi\/wp-content\/uploads\/2022\/09\/48243080186_fee016739e_h-1024x684.jpg"},{"@type":"BreadcrumbList","@id":"https:\/\/sotahuuto.fi\/mita-on-boffaus\/#breadcrumb","itemListElement":[{"@type":"ListItem","position":1,"name":"Home","item":"https:\/\/sotahuuto.fi\/"},{"@type":"ListItem","position":2,"name":"Uusille osallistujille"}]},{"@type":"WebSite","@id":"https:\/\/sotahuuto.fi\/#website","url":"https:\/\/sotahuuto.fi\/","name":"Sotahuuto, \"War cry\",","description":"10.-12.07.2026 | Rekolan tila, Orivesi","publisher":{"@id":"https:\/\/sotahuuto.fi\/#organization"},"alternateName":"SoHu","potentialAction":[{"@type":"SearchAction","target":{"@type":"EntryPoint","urlTemplate":"https:\/\/sotahuuto.fi\/?s={search_term_string}"},"query-input":{"@type":"PropertyValueSpecification","valueRequired":true,"valueName":"search_term_string"}}],"inLanguage":"en-GB"},{"@type":"Organization","@id":"https:\/\/sotahuuto.fi\/#organization","name":"Sotahuuto, \"War cry\",","alternateName":"SoHu","url":"https:\/\/sotahuuto.fi\/","logo":{"@type":"ImageObject","inLanguage":"en-GB","@id":"https:\/\/sotahuuto.fi\/#\/schema\/logo\/image\/","url":"https:\/\/sotahuuto.fi\/wp-content\/uploads\/2022\/03\/cropped-cropped2-sotahuuto.jpg","contentUrl":"https:\/\/sotahuuto.fi\/wp-content\/uploads\/2022\/03\/cropped-cropped2-sotahuuto.jpg","width":512,"height":512,"caption":"Sotahuuto"},"image":{"@id":"https:\/\/sotahuuto.fi\/#\/schema\/logo\/image\/"},"sameAs":["https:\/\/www.facebook.com\/profile.php?id=100054630571001","https:\/\/www.youtube.com\/@sotahuutoboffaustapahtuma4558"]}]}},"jetpack_sharing_enabled":true,"_links":{"self":[{"href":"https:\/\/sotahuuto.fi\/en\/wp-json\/wp\/v2\/pages\/401"}],"collection":[{"href":"https:\/\/sotahuuto.fi\/en\/wp-json\/wp\/v2\/pages"}],"about":[{"href":"https:\/\/sotahuuto.fi\/en\/wp-json\/wp\/v2\/types\/page"}],"author":[{"embeddable":true,"href":"https:\/\/sotahuuto.fi\/en\/wp-json\/wp\/v2\/users\/1"}],"replies":[{"embeddable":true,"href":"https:\/\/sotahuuto.fi\/en\/wp-json\/wp\/v2\/comments?post=401"}],"version-history":[{"count":34,"href":"https:\/\/sotahuuto.fi\/en\/wp-json\/wp\/v2\/pages\/401\/revisions"}],"predecessor-version":[{"id":5111,"href":"https:\/\/sotahuuto.fi\/en\/wp-json\/wp\/v2\/pages\/401\/revisions\/5111"}],"wp:attachment":[{"href":"https:\/\/sotahuuto.fi\/en\/wp-json\/wp\/v2\/media?parent=401"}],"curies":[{"name":"wp","href":"https:\/\/api.w.org\/{rel}","templated":true}]}}