{"id":425,"date":"2021-03-10T21:35:45","date_gmt":"2021-03-10T19:35:45","guid":{"rendered":"https:\/\/testi.sotahuuto.fi\/?page_id=425"},"modified":"2025-07-06T16:07:46","modified_gmt":"2025-07-06T14:07:46","slug":"tapahtumapaikka","status":"publish","type":"page","link":"https:\/\/sotahuuto.fi\/en\/tapahtumapaikka\/","title":{"rendered":"Tapahtumapaikka"},"content":{"rendered":"<div data-elementor-type=\"wp-page\" data-elementor-id=\"425\" class=\"elementor elementor-425\">\n\t\t\t\t\t\t<section class=\"elementor-section elementor-top-section elementor-element elementor-element-3dd9403 elementor-section-boxed elementor-section-height-default elementor-section-height-default\" data-id=\"3dd9403\" data-element_type=\"section\">\n\t\t\t\t\t\t<div class=\"elementor-container elementor-column-gap-default\">\n\t\t\t\t\t<div class=\"elementor-column elementor-col-100 elementor-top-column elementor-element elementor-element-5d13c7c\" data-id=\"5d13c7c\" data-element_type=\"column\">\n\t\t\t<div class=\"elementor-widget-wrap elementor-element-populated\">\n\t\t\t\t\t\t<div class=\"elementor-element elementor-element-b5acc9f elementor-widget elementor-widget-image\" data-id=\"b5acc9f\" data-element_type=\"widget\" data-widget_type=\"image.default\">\n\t\t\t\t<div class=\"elementor-widget-container\">\n\t\t\t\t\t\t\t\t\t\t\t\t\t\t\t<img fetchpriority=\"high\" decoding=\"async\" width=\"1024\" height=\"847\" src=\"https:\/\/sotahuuto.fi\/wp-content\/uploads\/2025\/07\/SH25_Kartta_Web_3000px-1024x847.png\" class=\"attachment-large size-large wp-image-5492\" alt=\"\" srcset=\"https:\/\/sotahuuto.fi\/wp-content\/uploads\/2025\/07\/SH25_Kartta_Web_3000px-1024x847.png 1024w, https:\/\/sotahuuto.fi\/wp-content\/uploads\/2025\/07\/SH25_Kartta_Web_3000px-300x248.png 300w, https:\/\/sotahuuto.fi\/wp-content\/uploads\/2025\/07\/SH25_Kartta_Web_3000px-768x635.png 768w, https:\/\/sotahuuto.fi\/wp-content\/uploads\/2025\/07\/SH25_Kartta_Web_3000px-1536x1270.png 1536w, https:\/\/sotahuuto.fi\/wp-content\/uploads\/2025\/07\/SH25_Kartta_Web_3000px-2048x1694.png 2048w, https:\/\/sotahuuto.fi\/wp-content\/uploads\/2025\/07\/SH25_Kartta_Web_3000px-15x12.png 15w\" sizes=\"(max-width: 1024px) 100vw, 1024px\" \/>\t\t\t\t\t\t\t\t\t\t\t\t\t\t\t<\/div>\n\t\t\t\t<\/div>\n\t\t\t\t<div class=\"elementor-element elementor-element-858d0e9 elementor-widget elementor-widget-heading\" data-id=\"858d0e9\" data-element_type=\"widget\" data-widget_type=\"heading.default\">\n\t\t\t\t<div class=\"elementor-widget-container\">\n\t\t\t\t\t<h2 class=\"elementor-heading-title elementor-size-default\">Aluetiedot<\/h2>\t\t\t\t<\/div>\n\t\t\t\t<\/div>\n\t\t\t\t\t<\/div>\n\t\t<\/div>\n\t\t\t\t\t<\/div>\n\t\t<\/section>\n\t\t\t\t<section class=\"elementor-section elementor-top-section elementor-element elementor-element-7882cc7 elementor-section-boxed elementor-section-height-default elementor-section-height-default\" data-id=\"7882cc7\" data-element_type=\"section\">\n\t\t\t\t\t\t<div class=\"elementor-container elementor-column-gap-default\">\n\t\t\t\t\t<div class=\"elementor-column elementor-col-100 elementor-top-column elementor-element elementor-element-315a062\" data-id=\"315a062\" data-element_type=\"column\">\n\t\t\t<div class=\"elementor-widget-wrap elementor-element-populated\">\n\t\t\t\t\t\t<div class=\"elementor-element elementor-element-b9125da elementor-widget elementor-widget-text-editor\" data-id=\"b9125da\" data-element_type=\"widget\" data-widget_type=\"text-editor.default\">\n\t\t\t\t<div class=\"elementor-widget-container\">\n\t\t\t\t\t\t\t\t\t<p><strong>Osoite:<\/strong> Vedentaustantie 874, 35240 RISTAKALLIO<\/p>\t\t\t\t\t\t\t\t<\/div>\n\t\t\t\t<\/div>\n\t\t\t\t<div class=\"elementor-element elementor-element-0fc04d0 elementor-widget elementor-widget-text-editor\" data-id=\"0fc04d0\" data-element_type=\"widget\" data-widget_type=\"text-editor.default\">\n\t\t\t\t<div class=\"elementor-widget-container\">\n\t\t\t\t\t\t\t\t\t<p><strong>Oriveden keskusta<\/strong> sijaitsee noin 25 minuutin ajomatkan p\u00e4\u00e4ss\u00e4, josta l\u00f6yt\u00e4\u00e4 useamman ketjukaupan.<\/p>\t\t\t\t\t\t\t\t<\/div>\n\t\t\t\t<\/div>\n\t\t\t\t<div class=\"elementor-element elementor-element-fff96a4 elementor-widget elementor-widget-text-editor\" data-id=\"fff96a4\" data-element_type=\"widget\" data-widget_type=\"text-editor.default\">\n\t\t\t\t<div class=\"elementor-widget-container\">\n\t\t\t\t\t\t\t\t\t<p><strong>Mik\u00e4li suurempi n\u00e4lk\u00e4 yll\u00e4tt\u00e4\u00e4 esimerkiksi tapahtumaan saapuessa<\/strong>, Noin 15 minuutin ajomatkan p\u00e4\u00e4ss\u00e4 sijaitseva <a href=\"https:\/\/www.ronninlava.com\/\">R\u00f6nnin Lava<\/a> tarjoaa a la carte\u2013 ja grilliherkkuja.<\/p>\t\t\t\t\t\t\t\t<\/div>\n\t\t\t\t<\/div>\n\t\t\t\t<div class=\"elementor-element elementor-element-464325d elementor-widget elementor-widget-text-editor\" data-id=\"464325d\" data-element_type=\"widget\" data-widget_type=\"text-editor.default\">\n\t\t\t\t<div class=\"elementor-widget-container\">\n\t\t\t\t\t\t\t\t\t<p><span class=\"LrzXr\"><strong>Osallistujien k\u00e4ytt\u00f6\u00f6n ei ole tapahtuman puolesta saunaa.<\/strong> Uimapaikkoja on tarjolla 1 kpl. Osallistujien telttasaunoille on varattu tilaa uimapaikan tuntumasta. Ilmoitathan j\u00e4rjest\u00e4jille etuk\u00e4teen, mik\u00e4li olet tuomassa telttasaunaa tapahtumaan!<br \/><\/span><\/p>\t\t\t\t\t\t\t\t<\/div>\n\t\t\t\t<\/div>\n\t\t\t\t<div class=\"elementor-element elementor-element-c1286ac elementor-widget elementor-widget-spacer\" data-id=\"c1286ac\" data-element_type=\"widget\" data-widget_type=\"spacer.default\">\n\t\t\t\t<div class=\"elementor-widget-container\">\n\t\t\t\t\t\t\t<div class=\"elementor-spacer\">\n\t\t\t<div class=\"elementor-spacer-inner\"><\/div>\n\t\t<\/div>\n\t\t\t\t\t\t<\/div>\n\t\t\t\t<\/div>\n\t\t\t\t<div class=\"elementor-element elementor-element-6b6712c elementor-widget elementor-widget-heading\" data-id=\"6b6712c\" data-element_type=\"widget\" data-widget_type=\"heading.default\">\n\t\t\t\t<div class=\"elementor-widget-container\">\n\t\t\t\t\t<h2 class=\"elementor-heading-title elementor-size-default\">Getting in<\/h2>\t\t\t\t<\/div>\n\t\t\t\t<\/div>\n\t\t\t\t<div class=\"elementor-element elementor-element-77092a5 elementor-widget elementor-widget-text-editor\" data-id=\"77092a5\" data-element_type=\"widget\" data-widget_type=\"text-editor.default\">\n\t\t\t\t<div class=\"elementor-widget-container\">\n\t\t\t\t\t\t\t\t\t<p><strong>Ajan tasalla olevat navigointisovellukset<\/strong> ohjastavat paikan p\u00e4\u00e4lle ongelmitta.<\/p><p>\u00a0<\/p><p><strong>J\u00e4rjest\u00e4mme paikalle liikenteenohjauksen<\/strong>.<\/p><p>\u00a0<\/p><p><strong>Mik\u00e4li olette ryhm\u00e4nne ensimm\u00e4iset<\/strong> paikalle saapuvat, hakeutukaa ensimm\u00e4isen\u00e4 infopisteelle, josta joukkueenne majoituspaikka designoidaan j\u00e4rjest\u00e4jien toimesta majoituspellolta.<\/p>\t\t\t\t\t\t\t\t<\/div>\n\t\t\t\t<\/div>\n\t\t\t\t<div class=\"elementor-element elementor-element-42b4fa3 elementor-widget elementor-widget-spacer\" data-id=\"42b4fa3\" data-element_type=\"widget\" data-widget_type=\"spacer.default\">\n\t\t\t\t<div class=\"elementor-widget-container\">\n\t\t\t\t\t\t\t<div class=\"elementor-spacer\">\n\t\t\t<div class=\"elementor-spacer-inner\"><\/div>\n\t\t<\/div>\n\t\t\t\t\t\t<\/div>\n\t\t\t\t<\/div>\n\t\t\t\t<div class=\"elementor-element elementor-element-5c90838 elementor-widget elementor-widget-heading\" data-id=\"5c90838\" data-element_type=\"widget\" data-widget_type=\"heading.default\">\n\t\t\t\t<div class=\"elementor-widget-container\">\n\t\t\t\t\t<h2 class=\"elementor-heading-title elementor-size-default\">Leiriytyminen<\/h2>\t\t\t\t<\/div>\n\t\t\t\t<\/div>\n\t\t\t\t<div class=\"elementor-element elementor-element-2372f04 elementor-widget elementor-widget-text-editor\" data-id=\"2372f04\" data-element_type=\"widget\" data-widget_type=\"text-editor.default\">\n\t\t\t\t<div class=\"elementor-widget-container\">\n\t\t\t\t\t\t\t\t\t<p><strong>Leiriytyminen tapahtuu<\/strong> l\u00e4ht\u00f6kohtaisesti joukkueittain.<\/p><p>Mik\u00e4li ryhm\u00e4nne \/ seurueenne mukana on tulossa esimerkiksi isompia histel-tyylisi\u00e4 telttoja ja haluatte varmistaa niille tarpeellisen tilan, laittakaa viesti\u00e4 s\u00e4hk\u00f6postilla <strong>jarjestajat@sotahuuto.f<\/strong>i<\/p>\t\t\t\t\t\t\t\t<\/div>\n\t\t\t\t<\/div>\n\t\t\t\t\t<\/div>\n\t\t<\/div>\n\t\t\t\t\t<\/div>\n\t\t<\/section>\n\t\t\t\t<\/div>","protected":false},"excerpt":{"rendered":"<div class=\"entry-summary\">\nAluetiedot Osoite: Vedentaustantie 874, 35240 RISTAKALLIO Oriveden keskusta sijaitsee noin 25 minuutin ajomatkan p\u00e4\u00e4ss\u00e4, josta l\u00f6yt\u00e4\u00e4 useamman ketjukaupan. Mik\u00e4li suurempi&hellip;\n<\/div>\n<div class=\"link-more\"><a href=\"https:\/\/sotahuuto.fi\/en\/tapahtumapaikka\/\" class=\"more-link\">Continue reading<span class=\"screen-reader-text\"> &ldquo;Tapahtumapaikka&rdquo;<\/span>&hellip;<\/a><\/div>","protected":false},"author":10,"featured_media":0,"parent":0,"menu_order":0,"comment_status":"closed","ping_status":"closed","template":"","meta":{"footnotes":""},"yoast_head":"<!-- This site is optimized with the Yoast SEO plugin v24.5 - https:\/\/yoast.com\/wordpress\/plugins\/seo\/ -->\n<title>Tapahtumapaikka - Sotahuuto<\/title>\n<meta name=\"robots\" content=\"index, follow, max-snippet:-1, max-image-preview:large, max-video-preview:-1\" \/>\n<link rel=\"canonical\" href=\"https:\/\/sotahuuto.fi\/en\/tapahtumapaikka\/\" \/>\n<meta property=\"og:locale\" content=\"en_GB\" \/>\n<meta property=\"og:type\" content=\"article\" \/>\n<meta property=\"og:title\" content=\"Tapahtumapaikka - Sotahuuto\" \/>\n<meta property=\"og:description\" content=\"Aluetiedot Osoite: Vedentaustantie 874, 35240 RISTAKALLIO Oriveden keskusta sijaitsee noin 25 minuutin ajomatkan p\u00e4\u00e4ss\u00e4, josta l\u00f6yt\u00e4\u00e4 useamman ketjukaupan. Mik\u00e4li suurempi&hellip; Continue reading &ldquo;Tapahtumapaikka&rdquo;&hellip;\" \/>\n<meta property=\"og:url\" content=\"https:\/\/sotahuuto.fi\/en\/tapahtumapaikka\/\" \/>\n<meta property=\"og:site_name\" content=\"Sotahuuto\" \/>\n<meta property=\"article:publisher\" content=\"https:\/\/www.facebook.com\/profile.php?id=100054630571001\" \/>\n<meta property=\"article:modified_time\" content=\"2025-07-06T14:07:46+00:00\" \/>\n<meta property=\"og:image\" content=\"https:\/\/sotahuuto.fi\/wp-content\/uploads\/2025\/07\/SH25_Kartta_Web_3000px-1024x847.png\" \/>\n\t<meta property=\"og:image:width\" content=\"1024\" \/>\n\t<meta property=\"og:image:height\" content=\"847\" \/>\n\t<meta property=\"og:image:type\" content=\"image\/png\" \/>\n<meta name=\"twitter:card\" content=\"summary_large_image\" \/>\n<meta name=\"twitter:label1\" content=\"Estimated reading time\" \/>\n\t<meta name=\"twitter:data1\" content=\"1 minute\" \/>\n<script type=\"application\/ld+json\" class=\"yoast-schema-graph\">{\"@context\":\"https:\/\/schema.org\",\"@graph\":[{\"@type\":\"WebPage\",\"@id\":\"https:\/\/sotahuuto.fi\/tapahtumapaikka\/\",\"url\":\"https:\/\/sotahuuto.fi\/tapahtumapaikka\/\",\"name\":\"Tapahtumapaikka - Sotahuuto\",\"isPartOf\":{\"@id\":\"https:\/\/sotahuuto.fi\/#website\"},\"primaryImageOfPage\":{\"@id\":\"https:\/\/sotahuuto.fi\/tapahtumapaikka\/#primaryimage\"},\"image\":{\"@id\":\"https:\/\/sotahuuto.fi\/tapahtumapaikka\/#primaryimage\"},\"thumbnailUrl\":\"https:\/\/sotahuuto.fi\/wp-content\/uploads\/2025\/07\/SH25_Kartta_Web_3000px-1024x847.png\",\"datePublished\":\"2021-03-10T19:35:45+00:00\",\"dateModified\":\"2025-07-06T14:07:46+00:00\",\"breadcrumb\":{\"@id\":\"https:\/\/sotahuuto.fi\/tapahtumapaikka\/#breadcrumb\"},\"inLanguage\":\"en-GB\",\"potentialAction\":[{\"@type\":\"ReadAction\",\"target\":[\"https:\/\/sotahuuto.fi\/tapahtumapaikka\/\"]}]},{\"@type\":\"ImageObject\",\"inLanguage\":\"en-GB\",\"@id\":\"https:\/\/sotahuuto.fi\/tapahtumapaikka\/#primaryimage\",\"url\":\"https:\/\/sotahuuto.fi\/wp-content\/uploads\/2025\/07\/SH25_Kartta_Web_3000px-1024x847.png\",\"contentUrl\":\"https:\/\/sotahuuto.fi\/wp-content\/uploads\/2025\/07\/SH25_Kartta_Web_3000px-1024x847.png\"},{\"@type\":\"BreadcrumbList\",\"@id\":\"https:\/\/sotahuuto.fi\/tapahtumapaikka\/#breadcrumb\",\"itemListElement\":[{\"@type\":\"ListItem\",\"position\":1,\"name\":\"Home\",\"item\":\"https:\/\/sotahuuto.fi\/\"},{\"@type\":\"ListItem\",\"position\":2,\"name\":\"Tapahtumapaikka\"}]},{\"@type\":\"WebSite\",\"@id\":\"https:\/\/sotahuuto.fi\/#website\",\"url\":\"https:\/\/sotahuuto.fi\/\",\"name\":\"Sotahuuto\",\"description\":\"10.-12.07.2026 | Rekolan tila, Orivesi\",\"publisher\":{\"@id\":\"https:\/\/sotahuuto.fi\/#organization\"},\"alternateName\":\"SoHu\",\"potentialAction\":[{\"@type\":\"SearchAction\",\"target\":{\"@type\":\"EntryPoint\",\"urlTemplate\":\"https:\/\/sotahuuto.fi\/?s={search_term_string}\"},\"query-input\":{\"@type\":\"PropertyValueSpecification\",\"valueRequired\":true,\"valueName\":\"search_term_string\"}}],\"inLanguage\":\"en-GB\"},{\"@type\":\"Organization\",\"@id\":\"https:\/\/sotahuuto.fi\/#organization\",\"name\":\"Sotahuuto\",\"alternateName\":\"SoHu\",\"url\":\"https:\/\/sotahuuto.fi\/\",\"logo\":{\"@type\":\"ImageObject\",\"inLanguage\":\"en-GB\",\"@id\":\"https:\/\/sotahuuto.fi\/#\/schema\/logo\/image\/\",\"url\":\"https:\/\/sotahuuto.fi\/wp-content\/uploads\/2022\/03\/cropped-cropped2-sotahuuto.jpg\",\"contentUrl\":\"https:\/\/sotahuuto.fi\/wp-content\/uploads\/2022\/03\/cropped-cropped2-sotahuuto.jpg\",\"width\":512,\"height\":512,\"caption\":\"Sotahuuto\"},\"image\":{\"@id\":\"https:\/\/sotahuuto.fi\/#\/schema\/logo\/image\/\"},\"sameAs\":[\"https:\/\/www.facebook.com\/profile.php?id=100054630571001\",\"https:\/\/www.youtube.com\/@sotahuutoboffaustapahtuma4558\"]}]}<\/script>\n<!-- \/ Yoast SEO plugin. -->","yoast_head_json":{"title":"Tapahtumapaikka - Sotahuuto","robots":{"index":"index","follow":"follow","max-snippet":"max-snippet:-1","max-image-preview":"max-image-preview:large","max-video-preview":"max-video-preview:-1"},"canonical":"https:\/\/sotahuuto.fi\/en\/tapahtumapaikka\/","og_locale":"en_GB","og_type":"article","og_title":"Tapahtumapaikka - Sotahuuto","og_description":"Aluetiedot Osoite: Vedentaustantie 874, 35240 RISTAKALLIO Oriveden keskusta sijaitsee noin 25 minuutin ajomatkan p\u00e4\u00e4ss\u00e4, josta l\u00f6yt\u00e4\u00e4 useamman ketjukaupan. Mik\u00e4li suurempi&hellip; Continue reading &ldquo;Tapahtumapaikka&rdquo;&hellip;","og_url":"https:\/\/sotahuuto.fi\/en\/tapahtumapaikka\/","og_site_name":"Sotahuuto","article_publisher":"https:\/\/www.facebook.com\/profile.php?id=100054630571001","article_modified_time":"2025-07-06T14:07:46+00:00","og_image":[{"width":1024,"height":847,"url":"https:\/\/sotahuuto.fi\/wp-content\/uploads\/2025\/07\/SH25_Kartta_Web_3000px-1024x847.png","type":"image\/png"}],"twitter_card":"summary_large_image","twitter_misc":{"Estimated reading time":"1 minute"},"schema":{"@context":"https:\/\/schema.org","@graph":[{"@type":"WebPage","@id":"https:\/\/sotahuuto.fi\/tapahtumapaikka\/","url":"https:\/\/sotahuuto.fi\/tapahtumapaikka\/","name":"Tapahtumapaikka - Sotahuuto","isPartOf":{"@id":"https:\/\/sotahuuto.fi\/#website"},"primaryImageOfPage":{"@id":"https:\/\/sotahuuto.fi\/tapahtumapaikka\/#primaryimage"},"image":{"@id":"https:\/\/sotahuuto.fi\/tapahtumapaikka\/#primaryimage"},"thumbnailUrl":"https:\/\/sotahuuto.fi\/wp-content\/uploads\/2025\/07\/SH25_Kartta_Web_3000px-1024x847.png","datePublished":"2021-03-10T19:35:45+00:00","dateModified":"2025-07-06T14:07:46+00:00","breadcrumb":{"@id":"https:\/\/sotahuuto.fi\/tapahtumapaikka\/#breadcrumb"},"inLanguage":"en-GB","potentialAction":[{"@type":"ReadAction","target":["https:\/\/sotahuuto.fi\/tapahtumapaikka\/"]}]},{"@type":"ImageObject","inLanguage":"en-GB","@id":"https:\/\/sotahuuto.fi\/tapahtumapaikka\/#primaryimage","url":"https:\/\/sotahuuto.fi\/wp-content\/uploads\/2025\/07\/SH25_Kartta_Web_3000px-1024x847.png","contentUrl":"https:\/\/sotahuuto.fi\/wp-content\/uploads\/2025\/07\/SH25_Kartta_Web_3000px-1024x847.png"},{"@type":"BreadcrumbList","@id":"https:\/\/sotahuuto.fi\/tapahtumapaikka\/#breadcrumb","itemListElement":[{"@type":"ListItem","position":1,"name":"Home","item":"https:\/\/sotahuuto.fi\/"},{"@type":"ListItem","position":2,"name":"Tapahtumapaikka"}]},{"@type":"WebSite","@id":"https:\/\/sotahuuto.fi\/#website","url":"https:\/\/sotahuuto.fi\/","name":"Sotahuuto, \"War cry\",","description":"10.-12.07.2026 | Rekolan tila, Orivesi","publisher":{"@id":"https:\/\/sotahuuto.fi\/#organization"},"alternateName":"SoHu","potentialAction":[{"@type":"SearchAction","target":{"@type":"EntryPoint","urlTemplate":"https:\/\/sotahuuto.fi\/?s={search_term_string}"},"query-input":{"@type":"PropertyValueSpecification","valueRequired":true,"valueName":"search_term_string"}}],"inLanguage":"en-GB"},{"@type":"Organization","@id":"https:\/\/sotahuuto.fi\/#organization","name":"Sotahuuto, \"War cry\",","alternateName":"SoHu","url":"https:\/\/sotahuuto.fi\/","logo":{"@type":"ImageObject","inLanguage":"en-GB","@id":"https:\/\/sotahuuto.fi\/#\/schema\/logo\/image\/","url":"https:\/\/sotahuuto.fi\/wp-content\/uploads\/2022\/03\/cropped-cropped2-sotahuuto.jpg","contentUrl":"https:\/\/sotahuuto.fi\/wp-content\/uploads\/2022\/03\/cropped-cropped2-sotahuuto.jpg","width":512,"height":512,"caption":"Sotahuuto"},"image":{"@id":"https:\/\/sotahuuto.fi\/#\/schema\/logo\/image\/"},"sameAs":["https:\/\/www.facebook.com\/profile.php?id=100054630571001","https:\/\/www.youtube.com\/@sotahuutoboffaustapahtuma4558"]}]}},"jetpack_sharing_enabled":true,"_links":{"self":[{"href":"https:\/\/sotahuuto.fi\/en\/wp-json\/wp\/v2\/pages\/425"}],"collection":[{"href":"https:\/\/sotahuuto.fi\/en\/wp-json\/wp\/v2\/pages"}],"about":[{"href":"https:\/\/sotahuuto.fi\/en\/wp-json\/wp\/v2\/types\/page"}],"author":[{"embeddable":true,"href":"https:\/\/sotahuuto.fi\/en\/wp-json\/wp\/v2\/users\/10"}],"replies":[{"embeddable":true,"href":"https:\/\/sotahuuto.fi\/en\/wp-json\/wp\/v2\/comments?post=425"}],"version-history":[{"count":73,"href":"https:\/\/sotahuuto.fi\/en\/wp-json\/wp\/v2\/pages\/425\/revisions"}],"predecessor-version":[{"id":5530,"href":"https:\/\/sotahuuto.fi\/en\/wp-json\/wp\/v2\/pages\/425\/revisions\/5530"}],"wp:attachment":[{"href":"https:\/\/sotahuuto.fi\/en\/wp-json\/wp\/v2\/media?parent=425"}],"curies":[{"name":"wp","href":"https:\/\/api.w.org\/{rel}","templated":true}]}}