{"id":4261,"date":"2024-06-08T14:27:06","date_gmt":"2024-06-08T12:27:06","guid":{"rendered":"https:\/\/sotahuuto.fi\/?page_id=4261"},"modified":"2024-06-12T19:01:44","modified_gmt":"2024-06-12T17:01:44","slug":"varustetarkastus","status":"publish","type":"page","link":"https:\/\/sotahuuto.fi\/en\/varustetarkastus\/","title":{"rendered":"Varustetarkastus"},"content":{"rendered":"<div data-elementor-type=\"wp-page\" data-elementor-id=\"4261\" class=\"elementor elementor-4261\">\n\t\t\t\t\t\t<section class=\"elementor-section elementor-top-section elementor-element elementor-element-5077617 elementor-section-boxed elementor-section-height-default elementor-section-height-default\" data-id=\"5077617\" data-element_type=\"section\">\n\t\t\t\t\t\t<div class=\"elementor-container elementor-column-gap-default\">\n\t\t\t\t\t<div class=\"elementor-column elementor-col-100 elementor-top-column elementor-element elementor-element-70737d9\" data-id=\"70737d9\" data-element_type=\"column\">\n\t\t\t<div class=\"elementor-widget-wrap elementor-element-populated\">\n\t\t\t\t\t\t<div class=\"elementor-element elementor-element-7dda8d8 elementor-widget elementor-widget-heading\" data-id=\"7dda8d8\" data-element_type=\"widget\" data-widget_type=\"heading.default\">\n\t\t\t\t<div class=\"elementor-widget-container\">\n\t\t\t\t\t<h2 class=\"elementor-heading-title elementor-size-default\">Asetarkastus<\/h2>\t\t\t\t<\/div>\n\t\t\t\t<\/div>\n\t\t\t\t<div class=\"elementor-element elementor-element-e0be091 elementor-widget elementor-widget-text-editor\" data-id=\"e0be091\" data-element_type=\"widget\" data-widget_type=\"text-editor.default\">\n\t\t\t\t<div class=\"elementor-widget-container\">\n\t\t\t\t\t\t\t\t\t<p><b>T\u00e4rkeimp\u00e4n\u00e4 aseisiin liittyv\u00e4n\u00e4 ohjeistuksena on <\/b><a href=\"https:\/\/sotahuuto.fi\/en\/saannot\/\"><b>Sotahuudon rakennes\u00e4\u00e4nt\u00f6jen<\/b><\/a><b> tunteminen<\/b>. T\u00e4m\u00e4 ohje ottaa s\u00e4\u00e4nt\u00f6jen lis\u00e4ksi kantaa tyypillisesti toistuviin aseisiin liittyviin ongelmiin sek\u00e4 vakiintuneisiin tulkintoihin tilanteisiin, joihin s\u00e4\u00e4nn\u00f6t eiv\u00e4t tarjoa yksiselitteist\u00e4 vastausta. Samalla tarkoituksena on varmistaa tarkastusprossessin l\u00e4pin\u00e4kyvyys ja pit\u00e4\u00e4 huolta siit\u00e4, p\u00e4\u00e4t\u00f6s varusteen hyv\u00e4ksymisest\u00e4 tai hylk\u00e4\u00e4misest\u00e4 on t\u00e4ysin riippumaton sen suhteen, kuka tarkastuksen tekee.<\/p>\t\t\t\t\t\t\t\t<\/div>\n\t\t\t\t<\/div>\n\t\t\t\t<div class=\"elementor-element elementor-element-9c64e5a elementor-widget elementor-widget-text-editor\" data-id=\"9c64e5a\" data-element_type=\"widget\" data-widget_type=\"text-editor.default\">\n\t\t\t\t<div class=\"elementor-widget-container\">\n\t\t\t\t\t\t\t\t\t<p><b>Vuonna 2024 p\u00e4\u00e4asetarkastajana toimii Aleksi Holtari, <\/b>johon voi olla yhteydess\u00e4 kaikissa asetarkastuksia koskevissa kysymyksiss\u00e4. Paikkakunnittain ennakkotarkastajina toimivat seuraavat henkil\u00f6t:<\/p><ul><li aria-level=\"1\">P\u00e4\u00e4kaupunkiseutu: Aleksi Holtari, Eetu Sipil\u00e4, Atso Ik\u00e4heimo<\/li><li aria-level=\"1\">Turku: Sebastian Icking<\/li><li aria-level=\"1\">Tampere: Lauri Ojala<\/li><li aria-level=\"1\">Jyv\u00e4skyl\u00e4: Ville Halminen<\/li><li aria-level=\"1\">Kuopio: Antti Hyden<\/li><li aria-level=\"1\">Mikkeli: Akusti Lehtinen<\/li><li aria-level=\"1\">Lahti: Roni Ekman<\/li><\/ul><p>P\u00e4\u00e4asetarkastaja tekee lopulliset linjanvedot s\u00e4\u00e4nt\u00f6tulkinnoista silt\u00e4 osin kuin tapahtuman rakennes\u00e4\u00e4nn\u00f6t tai t\u00e4m\u00e4 ohje ei vastaa niihin suoraan. Mik\u00e4li yksitt\u00e4inen asetarkastaja ei pysty vastaamaan kaikkiin esitettyihin kysymyksiin, tapahtuman p\u00e4\u00e4asetarkastajalta voi tiedustella tarkempia ohjeita aseiden saattamiseksi hyv\u00e4ksytt\u00e4v\u00e4\u00e4n kuntoon.<\/p>\t\t\t\t\t\t\t\t<\/div>\n\t\t\t\t<\/div>\n\t\t\t\t<div class=\"elementor-element elementor-element-a28d69b elementor-widget elementor-widget-text-editor\" data-id=\"a28d69b\" data-element_type=\"widget\" data-widget_type=\"text-editor.default\">\n\t\t\t\t<div class=\"elementor-widget-container\">\n\t\t\t\t\t\t\t\t\t<p>Lorem ipsum dolor sit amet, consectetur adipiscing elit. Ut elit tellus, luctus nec ullamcorper mattis, pulvinar dapibus leo.<\/p>\t\t\t\t\t\t\t\t<\/div>\n\t\t\t\t<\/div>\n\t\t\t\t\t<\/div>\n\t\t<\/div>\n\t\t\t\t\t<\/div>\n\t\t<\/section>\n\t\t\t\t<section class=\"elementor-section elementor-top-section elementor-element elementor-element-a5ea028 elementor-section-boxed elementor-section-height-default elementor-section-height-default\" data-id=\"a5ea028\" data-element_type=\"section\">\n\t\t\t\t\t\t<div class=\"elementor-container elementor-column-gap-default\">\n\t\t\t\t\t<div class=\"elementor-column elementor-col-100 elementor-top-column elementor-element elementor-element-7493226\" data-id=\"7493226\" data-element_type=\"column\">\n\t\t\t<div class=\"elementor-widget-wrap elementor-element-populated\">\n\t\t\t\t\t\t<div class=\"elementor-element elementor-element-f7cd60a elementor-widget elementor-widget-heading\" data-id=\"f7cd60a\" data-element_type=\"widget\" data-widget_type=\"heading.default\">\n\t\t\t\t<div class=\"elementor-widget-container\">\n\t\t\t\t\t<h2 class=\"elementor-heading-title elementor-size-default\">Yleisohjeistus asetarkastukseen<\/h2>\t\t\t\t<\/div>\n\t\t\t\t<\/div>\n\t\t\t\t<div class=\"elementor-element elementor-element-6bbffaf elementor-widget elementor-widget-text-editor\" data-id=\"6bbffaf\" data-element_type=\"widget\" data-widget_type=\"text-editor.default\">\n\t\t\t\t<div class=\"elementor-widget-container\">\n\t\t\t\t\t\t\t\t\t<p><b>Yleisohjeena <\/b>tarkastus suositellaan suoritettavaksi seuraavasti:<\/p><p>\u00a0<\/p><ul><li aria-level=\"1\"><b>Pistok\u00e4rjen tarkistaminen<\/b>: Pistok\u00e4rjesta tarkistetaan erityisesti, ett\u00e4 se ei taivu herk\u00e4sti sivuun pistoissa tai ly\u00f6nneiss\u00e4 eli on riitt\u00e4v\u00e4n paksu tai taipumissuuntia on merkitt\u00e4v\u00e4sti rajoitettu ylim\u00e4\u00e4r\u00e4isill\u00e4 vaahto- tai solumuovielementeill\u00e4.<\/li><\/ul><ul><li aria-level=\"1\"><b>Ly\u00f6m\u00e4terien ja runkopehmusteiden tarkistaminen<\/b>: Ly\u00f6m\u00e4ter\u00e4t ovat edelleen ryhdikk\u00e4\u00e4t eiv\u00e4tk\u00e4 ole kohtuuttomasti kuluneet tai hapertuneet.<\/li><\/ul><ul><li aria-level=\"1\"><b>Mahdollinen v\u00e4istin tai kuppikahva<\/b> on riitt\u00e4v\u00e4n j\u00e4m\u00e4kk\u00e4 ja suorissa v\u00e4istimiss\u00e4 ennen kaikkea p\u00e4\u00e4dyt ovat hyvin pehmustetut.<\/li><\/ul><ul><li aria-level=\"1\"><b>Pommeli<\/b>: Runkoputki ei tunnu kohtuullisella voimank\u00e4yt\u00f6ll\u00e4 p\u00e4\u00e4tytulppauksen ja mahdollisen muun pehmusteen l\u00e4pi.<\/li><\/ul><p>Silm\u00e4m\u00e4\u00e4r\u00e4isesti l\u00e4hell\u00e4 maksimimittaa olevat aseet tarkistetaan mittaamalla esimerkiksi rullamitalla. Mittaustulos py\u00f6ristet\u00e4\u00e4n l\u00e4himp\u00e4\u00e4n kokonaiseen senttiin.<\/p><p>Aselajikohtaisesti kiinnitet\u00e4\u00e4n lis\u00e4ksi huomiota seuraaviin asioihin:<\/p><p>\u00a0<\/p><ul><li aria-level=\"1\"><b>Miekat<\/b>: Pistok\u00e4rki ei taitu liian herk\u00e4sti sivuun; Ly\u00f6m\u00e4ter\u00e4t ja runkopehmuste tarkistetaan erityisesti pistok\u00e4rjen l\u00e4helt\u00e4, miss\u00e4 puhkikuluminen ja rikkoontumiset tyypillisimmin tapahtuvat. Erityisesti vanhoissa miekoissa runkopehmusteet voivat olla ly\u00f6m\u00e4ter\u00e4n alta rikki repeytyneit\u00e4, vaikka ter\u00e4 olisikin hyv\u00e4ss\u00e4 kunnossa.<\/li><\/ul><ul><li aria-level=\"1\"><b>Nuijat<\/b>: Ly\u00f6m\u00e4ter\u00e4t eiv\u00e4t ole liian kovantuntuisia (ei liikaa teippikerroksia ja ly\u00f6m\u00e4ter\u00e4 joustaa riitt\u00e4v\u00e4sti ly\u00f6nnin mukana).<\/li><\/ul><ul><li aria-level=\"1\"><b>Kirveet<\/b>: Ly\u00f6m\u00e4terien kiinnitys runkopehmusteisiin on tehty tukevasti eik\u00e4 k\u00e4rki heilu tai taitu herk\u00e4sti sivuun.<\/li><\/ul><ul><li aria-level=\"1\"><b>Varstat<\/b>: Ketjun pituus, kovuus ja kuulan kovuus. Varstan pituus mitataan ketju suoristettuna pienell\u00e4 vedolla.<\/li><\/ul><ul><li aria-level=\"1\"><b>Varsiaseet<\/b>: Pistok\u00e4rki ei taitu liian herk\u00e4sti sivuun; Ter\u00e4t eiv\u00e4t ole liian kovantuntuiset (ei liikaa teippikerroksia ja ly\u00f6m\u00e4ter\u00e4 joustaa riitt\u00e4v\u00e4sti ly\u00f6nnin mukana). Runkopehmusteen ja ly\u00f6m\u00e4ter\u00e4n v\u00e4linen kiinnitys on tukeva, jotta ter\u00e4 ei p\u00e4\u00e4se py\u00f6r\u00e4ht\u00e4m\u00e4\u00e4n ly\u00f6nnin alta pois.<\/li><\/ul><ul><li aria-level=\"1\"><b>Keih\u00e4\u00e4t<\/b>: Pistok\u00e4rki ei taitu liian herk\u00e4sti sivuun tai ole k\u00e4yt\u00f6st\u00e4 v\u00e4synyt. Liian pehme\u00e4t vaahtomuovilaadut voivat vaikuttaa v\u00e4syneilt\u00e4 jo uusinakin. Huomaa uusi 4,3 metrin maksimimitta keih\u00e4iss\u00e4.<\/li><\/ul><ul><li aria-level=\"1\"><b>Heittokeih\u00e4\u00e4t<\/b>: Pistok\u00e4rki ei taitu liian herk\u00e4sti sivuun tai ole liian v\u00e4synyt. Tarkistetaan my\u00f6s, ett\u00e4 k\u00e4rki ei mahdu herk\u00e4sti silm\u00e4\u00e4n kokonsa tai kulmikkuutensa johdosta. Heittokeih\u00e4\u00e4t, joilla saa my\u00f6s pist\u00e4\u00e4 (= runkoputki koko matkalla) tarkistetaan erityisell\u00e4 huolellisuudella k\u00e4rkipehmusteen osalta. Olennaisen mittaisena toteutettu runkoputki suositellaan koko rakenteen pituiseksi tai v\u00e4hint\u00e4\u00e4n p\u00e4\u00e4n mahdollisiin siivekkeisiin asti, jotta ylij\u00e4\u00e4v\u00e4 runkoputketon osuus ei taivu ja murru k\u00e4yt\u00f6ss\u00e4.<\/li><\/ul><ul><li aria-level=\"1\"><b>Kilvet<\/b>: Erityisesti alareunan pehmusteen tarkistaminen (ei loppuunkulunut, murtunut tai hapertunut); Reunapehmusteen ja etupehmusteen v\u00e4list\u00e4 ei l\u00f6ydy isoja rakoja; Kahvan kiinnitys ei tunnu liikaa etupehmuteen l\u00e4pi; Etupehmusteessa ei ole isoja painaumia tai rakoja, joita voi synty\u00e4 esimerkiksi varastoinnin seurauksena toisen kilven kahvan tai muun rakenteen painamana.<\/li><\/ul><ul><li aria-level=\"1\"><b>Sotakoneet <\/b>hyv\u00e4ksytet\u00e4\u00e4n tapahtuman j\u00e4rjest\u00e4jill\u00e4, ja paikalle niiden hyv\u00e4ksytt\u00e4miseen otetaan l\u00e4ht\u00f6kohtaisesti j\u00e4rjest\u00e4jien lis\u00e4ksi sek\u00e4 p\u00e4\u00e4ase- ett\u00e4 p\u00e4\u00e4jousitarkastajat. Mik\u00e4li olet tuomassa tapahtumaan sotakonetta, jota ei ole aiemmin Sotahuudossa k\u00e4ytetty, pyyd\u00e4mme olemaan yhteydess\u00e4 asiasta hyviss\u00e4 ajoin ennen tapahtumaa.<\/li><\/ul>\t\t\t\t\t\t\t\t<\/div>\n\t\t\t\t<\/div>\n\t\t\t\t\t<\/div>\n\t\t<\/div>\n\t\t\t\t\t<\/div>\n\t\t<\/section>\n\t\t\t\t<section class=\"elementor-section elementor-top-section elementor-element elementor-element-555f017 elementor-section-boxed elementor-section-height-default elementor-section-height-default\" data-id=\"555f017\" data-element_type=\"section\">\n\t\t\t\t\t\t<div class=\"elementor-container elementor-column-gap-default\">\n\t\t\t\t\t<div class=\"elementor-column elementor-col-100 elementor-top-column elementor-element elementor-element-6fc1015\" data-id=\"6fc1015\" data-element_type=\"column\">\n\t\t\t<div class=\"elementor-widget-wrap elementor-element-populated\">\n\t\t\t\t\t\t<div class=\"elementor-element elementor-element-9689ef8 elementor-widget elementor-widget-heading\" data-id=\"9689ef8\" data-element_type=\"widget\" data-widget_type=\"heading.default\">\n\t\t\t\t<div class=\"elementor-widget-container\">\n\t\t\t\t\t<h2 class=\"elementor-heading-title elementor-size-default\">Tarkastajaohje nuoli- ja jousitarkastajille<\/h2>\t\t\t\t<\/div>\n\t\t\t\t<\/div>\n\t\t\t\t<div class=\"elementor-element elementor-element-851022d elementor-widget elementor-widget-text-editor\" data-id=\"851022d\" data-element_type=\"widget\" data-widget_type=\"text-editor.default\">\n\t\t\t\t<div class=\"elementor-widget-container\">\n\t\t\t\t\t\t\t\t\t<p><b>Tapahtuman jousi- ja nuolis\u00e4\u00e4nt\u00f6jen tulkinnat eiv\u00e4t ole muuttuneet viime vuodesta. L\u00e4ht\u00f6kohtaisesti k\u00e4rjelt\u00e4\u00e4n vuoden 2024 s\u00e4\u00e4nt\u00f6j\u00e4 vastaavaksi p\u00e4ivitetty nuoli, joka on hyv\u00e4ksytty Sotahuudossa 2023, l\u00e4p\u00e4isee vaatimukset my\u00f6s Sotahuudossa 2024<\/b> mik\u00e4li sen kunto on edellisvuotta vastaava. Uudistuneet k\u00e4rkivaatimukset ovat vaahtomuovisen k\u00e4rjen minimihalkaisijan kasvaminen 70 millimetriin, ja vaatimus vaahtomuovisen osuuden p\u00e4\u00e4llyst\u00e4misest\u00e4 kankaalla.<\/p><p>\u00a0<\/p><p><b>Vuonna 2024 p\u00e4\u00e4jousitarkastajana toimii Paula Nyk\u00e4nen, <\/b>johon voi olla yhteydess\u00e4 kaikissa nuoli- ja jousitarkastuksia koskevissa kysymyksiss\u00e4. T\u00e4n\u00e4 vuonna jousi- ja nuolitarkastuksissa tullaan priorisoimaan erityisesti ennakkotarkastuksia, mill\u00e4 pyrit\u00e4\u00e4n v\u00e4hent\u00e4m\u00e4\u00e4n perjantai-illan stressi\u00e4 itse tapahtumassa sek\u00e4 nopeuttaa tarkastusprosessia. P\u00e4\u00e4tarkastajan toiveena onkin nuolten ja jousten ennakkoon tarkastuttaminen kaikkien niiden jousiampujien osalta, joille se on mahdollista. Paikkakunnittain ennakkotarkastajina toimivat seuraavat henkil\u00f6t:<\/p><p>\u00a0<\/p><ul><li aria-level=\"1\">P\u00e4\u00e4kaupunkiseutu: Paula Nyk\u00e4nen, Petra H\u00e4nninen<\/li><li aria-level=\"1\">Tampere: Jani Jousm\u00e4ki<\/li><li aria-level=\"1\">Jyv\u00e4skyl\u00e4: Konsta H\u00e4nninen, Eetu Kinnunen<\/li><li aria-level=\"1\">Lahti: Tuukka Laukkanen<\/li><\/ul><p>\u00a0<\/p><p>Ennakkotarkastetut nuolet niputetaan ja tarkastaja lis\u00e4\u00e4 oman puumerkkins\u00e4 nippuihin. Niput avataan ja tarkastusteipit lis\u00e4t\u00e4\u00e4n tapahtumapaikalla.<\/p><p><br \/><b>Aikaisemmista vuosista poiketan my\u00f6s jouset voidaan tarkistaa vetolujuuden osalta <\/b>mik\u00e4li ennakkotarkastajalla on k\u00e4yt\u00f6ss\u00e4\u00e4n mittaamiseen soveltuva laite. T\u00e4ll\u00f6in jousia ei tarvitse tuoda tarkastettavaksi en\u00e4\u00e4 tapahtumapaikalla.<\/p>\t\t\t\t\t\t\t\t<\/div>\n\t\t\t\t<\/div>\n\t\t\t\t<div class=\"elementor-element elementor-element-fe03c44 elementor-widget elementor-widget-text-editor\" data-id=\"fe03c44\" data-element_type=\"widget\" data-widget_type=\"text-editor.default\">\n\t\t\t\t<div class=\"elementor-widget-container\">\n\t\t\t\t\t\t\t\t\t<p><b><a href=\"https:\/\/docs.google.com\/document\/d\/1bfK3Is5xIPE8wtvSkS0Cye5uGCIzAPbGtKAwopU8ynQ\/edit?usp=sharing\">Tarkastusohjeet l\u00f6ytyv\u00e4t t\u00e4st\u00e4 dokumentista<\/a>.<br \/><\/b><\/p>\t\t\t\t\t\t\t\t<\/div>\n\t\t\t\t<\/div>\n\t\t\t\t\t<\/div>\n\t\t<\/div>\n\t\t\t\t\t<\/div>\n\t\t<\/section>\n\t\t\t\t<\/div>","protected":false},"excerpt":{"rendered":"<div class=\"entry-summary\">\nAsetarkastus T\u00e4rkeimp\u00e4n\u00e4 aseisiin liittyv\u00e4n\u00e4 ohjeistuksena on Sotahuudon rakennes\u00e4\u00e4nt\u00f6jen tunteminen. T\u00e4m\u00e4 ohje ottaa s\u00e4\u00e4nt\u00f6jen lis\u00e4ksi kantaa tyypillisesti toistuviin aseisiin liittyviin ongelmiin&hellip;\n<\/div>\n<div class=\"link-more\"><a href=\"https:\/\/sotahuuto.fi\/en\/varustetarkastus\/\" class=\"more-link\">Continue reading<span class=\"screen-reader-text\"> &ldquo;Varustetarkastus&rdquo;<\/span>&hellip;<\/a><\/div>","protected":false},"author":10,"featured_media":0,"parent":0,"menu_order":0,"comment_status":"closed","ping_status":"closed","template":"","meta":{"footnotes":""},"yoast_head":"<!-- This site is optimized with the Yoast SEO plugin v24.5 - https:\/\/yoast.com\/wordpress\/plugins\/seo\/ -->\n<title>Varustetarkastus - Sotahuuto<\/title>\n<meta name=\"robots\" content=\"index, follow, max-snippet:-1, max-image-preview:large, max-video-preview:-1\" \/>\n<link rel=\"canonical\" href=\"https:\/\/sotahuuto.fi\/en\/varustetarkastus\/\" \/>\n<meta property=\"og:locale\" content=\"en_GB\" \/>\n<meta property=\"og:type\" content=\"article\" \/>\n<meta property=\"og:title\" content=\"Varustetarkastus - Sotahuuto\" \/>\n<meta property=\"og:description\" content=\"Asetarkastus T\u00e4rkeimp\u00e4n\u00e4 aseisiin liittyv\u00e4n\u00e4 ohjeistuksena on Sotahuudon rakennes\u00e4\u00e4nt\u00f6jen tunteminen. T\u00e4m\u00e4 ohje ottaa s\u00e4\u00e4nt\u00f6jen lis\u00e4ksi kantaa tyypillisesti toistuviin aseisiin liittyviin ongelmiin&hellip; Continue reading &ldquo;Varustetarkastus&rdquo;&hellip;\" \/>\n<meta property=\"og:url\" content=\"https:\/\/sotahuuto.fi\/en\/varustetarkastus\/\" \/>\n<meta property=\"og:site_name\" content=\"Sotahuuto\" \/>\n<meta property=\"article:publisher\" content=\"https:\/\/www.facebook.com\/profile.php?id=100054630571001\" \/>\n<meta property=\"article:modified_time\" content=\"2024-06-12T17:01:44+00:00\" \/>\n<meta property=\"og:image\" content=\"https:\/\/sotahuuto.fi\/wp-content\/uploads\/2023\/11\/testi.gif\" \/>\n\t<meta property=\"og:image:width\" content=\"1024\" \/>\n\t<meta property=\"og:image:height\" content=\"614\" \/>\n\t<meta property=\"og:image:type\" content=\"image\/gif\" \/>\n<meta name=\"twitter:card\" content=\"summary_large_image\" \/>\n<meta name=\"twitter:label1\" content=\"Estimated reading time\" \/>\n\t<meta name=\"twitter:data1\" content=\"4 minutes\" \/>\n<script type=\"application\/ld+json\" class=\"yoast-schema-graph\">{\"@context\":\"https:\/\/schema.org\",\"@graph\":[{\"@type\":\"WebPage\",\"@id\":\"https:\/\/sotahuuto.fi\/varustetarkastus\/\",\"url\":\"https:\/\/sotahuuto.fi\/varustetarkastus\/\",\"name\":\"Varustetarkastus - Sotahuuto\",\"isPartOf\":{\"@id\":\"https:\/\/sotahuuto.fi\/#website\"},\"datePublished\":\"2024-06-08T12:27:06+00:00\",\"dateModified\":\"2024-06-12T17:01:44+00:00\",\"breadcrumb\":{\"@id\":\"https:\/\/sotahuuto.fi\/varustetarkastus\/#breadcrumb\"},\"inLanguage\":\"en-GB\",\"potentialAction\":[{\"@type\":\"ReadAction\",\"target\":[\"https:\/\/sotahuuto.fi\/varustetarkastus\/\"]}]},{\"@type\":\"BreadcrumbList\",\"@id\":\"https:\/\/sotahuuto.fi\/varustetarkastus\/#breadcrumb\",\"itemListElement\":[{\"@type\":\"ListItem\",\"position\":1,\"name\":\"Home\",\"item\":\"https:\/\/sotahuuto.fi\/\"},{\"@type\":\"ListItem\",\"position\":2,\"name\":\"Varustetarkastus\"}]},{\"@type\":\"WebSite\",\"@id\":\"https:\/\/sotahuuto.fi\/#website\",\"url\":\"https:\/\/sotahuuto.fi\/\",\"name\":\"Sotahuuto\",\"description\":\"10.-12.07.2026 | Rekolan tila, Orivesi\",\"publisher\":{\"@id\":\"https:\/\/sotahuuto.fi\/#organization\"},\"alternateName\":\"SoHu\",\"potentialAction\":[{\"@type\":\"SearchAction\",\"target\":{\"@type\":\"EntryPoint\",\"urlTemplate\":\"https:\/\/sotahuuto.fi\/?s={search_term_string}\"},\"query-input\":{\"@type\":\"PropertyValueSpecification\",\"valueRequired\":true,\"valueName\":\"search_term_string\"}}],\"inLanguage\":\"en-GB\"},{\"@type\":\"Organization\",\"@id\":\"https:\/\/sotahuuto.fi\/#organization\",\"name\":\"Sotahuuto\",\"alternateName\":\"SoHu\",\"url\":\"https:\/\/sotahuuto.fi\/\",\"logo\":{\"@type\":\"ImageObject\",\"inLanguage\":\"en-GB\",\"@id\":\"https:\/\/sotahuuto.fi\/#\/schema\/logo\/image\/\",\"url\":\"https:\/\/sotahuuto.fi\/wp-content\/uploads\/2022\/03\/cropped-cropped2-sotahuuto.jpg\",\"contentUrl\":\"https:\/\/sotahuuto.fi\/wp-content\/uploads\/2022\/03\/cropped-cropped2-sotahuuto.jpg\",\"width\":512,\"height\":512,\"caption\":\"Sotahuuto\"},\"image\":{\"@id\":\"https:\/\/sotahuuto.fi\/#\/schema\/logo\/image\/\"},\"sameAs\":[\"https:\/\/www.facebook.com\/profile.php?id=100054630571001\",\"https:\/\/www.youtube.com\/@sotahuutoboffaustapahtuma4558\"]}]}<\/script>\n<!-- \/ Yoast SEO plugin. -->","yoast_head_json":{"title":"Varustetarkastus - Sotahuuto","robots":{"index":"index","follow":"follow","max-snippet":"max-snippet:-1","max-image-preview":"max-image-preview:large","max-video-preview":"max-video-preview:-1"},"canonical":"https:\/\/sotahuuto.fi\/en\/varustetarkastus\/","og_locale":"en_GB","og_type":"article","og_title":"Varustetarkastus - Sotahuuto","og_description":"Asetarkastus T\u00e4rkeimp\u00e4n\u00e4 aseisiin liittyv\u00e4n\u00e4 ohjeistuksena on Sotahuudon rakennes\u00e4\u00e4nt\u00f6jen tunteminen. T\u00e4m\u00e4 ohje ottaa s\u00e4\u00e4nt\u00f6jen lis\u00e4ksi kantaa tyypillisesti toistuviin aseisiin liittyviin ongelmiin&hellip; Continue reading &ldquo;Varustetarkastus&rdquo;&hellip;","og_url":"https:\/\/sotahuuto.fi\/en\/varustetarkastus\/","og_site_name":"Sotahuuto","article_publisher":"https:\/\/www.facebook.com\/profile.php?id=100054630571001","article_modified_time":"2024-06-12T17:01:44+00:00","og_image":[{"url":"https:\/\/sotahuuto.fi\/wp-content\/uploads\/2023\/11\/testi.gif","width":1024,"height":614,"type":"image\/gif"}],"twitter_card":"summary_large_image","twitter_misc":{"Estimated reading time":"4 minutes"},"schema":{"@context":"https:\/\/schema.org","@graph":[{"@type":"WebPage","@id":"https:\/\/sotahuuto.fi\/varustetarkastus\/","url":"https:\/\/sotahuuto.fi\/varustetarkastus\/","name":"Varustetarkastus - Sotahuuto","isPartOf":{"@id":"https:\/\/sotahuuto.fi\/#website"},"datePublished":"2024-06-08T12:27:06+00:00","dateModified":"2024-06-12T17:01:44+00:00","breadcrumb":{"@id":"https:\/\/sotahuuto.fi\/varustetarkastus\/#breadcrumb"},"inLanguage":"en-GB","potentialAction":[{"@type":"ReadAction","target":["https:\/\/sotahuuto.fi\/varustetarkastus\/"]}]},{"@type":"BreadcrumbList","@id":"https:\/\/sotahuuto.fi\/varustetarkastus\/#breadcrumb","itemListElement":[{"@type":"ListItem","position":1,"name":"Home","item":"https:\/\/sotahuuto.fi\/"},{"@type":"ListItem","position":2,"name":"Varustetarkastus"}]},{"@type":"WebSite","@id":"https:\/\/sotahuuto.fi\/#website","url":"https:\/\/sotahuuto.fi\/","name":"Sotahuuto, \"War cry\",","description":"10.-12.07.2026 | Rekolan tila, Orivesi","publisher":{"@id":"https:\/\/sotahuuto.fi\/#organization"},"alternateName":"SoHu","potentialAction":[{"@type":"SearchAction","target":{"@type":"EntryPoint","urlTemplate":"https:\/\/sotahuuto.fi\/?s={search_term_string}"},"query-input":{"@type":"PropertyValueSpecification","valueRequired":true,"valueName":"search_term_string"}}],"inLanguage":"en-GB"},{"@type":"Organization","@id":"https:\/\/sotahuuto.fi\/#organization","name":"Sotahuuto, \"War cry\",","alternateName":"SoHu","url":"https:\/\/sotahuuto.fi\/","logo":{"@type":"ImageObject","inLanguage":"en-GB","@id":"https:\/\/sotahuuto.fi\/#\/schema\/logo\/image\/","url":"https:\/\/sotahuuto.fi\/wp-content\/uploads\/2022\/03\/cropped-cropped2-sotahuuto.jpg","contentUrl":"https:\/\/sotahuuto.fi\/wp-content\/uploads\/2022\/03\/cropped-cropped2-sotahuuto.jpg","width":512,"height":512,"caption":"Sotahuuto"},"image":{"@id":"https:\/\/sotahuuto.fi\/#\/schema\/logo\/image\/"},"sameAs":["https:\/\/www.facebook.com\/profile.php?id=100054630571001","https:\/\/www.youtube.com\/@sotahuutoboffaustapahtuma4558"]}]}},"jetpack_sharing_enabled":true,"_links":{"self":[{"href":"https:\/\/sotahuuto.fi\/en\/wp-json\/wp\/v2\/pages\/4261"}],"collection":[{"href":"https:\/\/sotahuuto.fi\/en\/wp-json\/wp\/v2\/pages"}],"about":[{"href":"https:\/\/sotahuuto.fi\/en\/wp-json\/wp\/v2\/types\/page"}],"author":[{"embeddable":true,"href":"https:\/\/sotahuuto.fi\/en\/wp-json\/wp\/v2\/users\/10"}],"replies":[{"embeddable":true,"href":"https:\/\/sotahuuto.fi\/en\/wp-json\/wp\/v2\/comments?post=4261"}],"version-history":[{"count":13,"href":"https:\/\/sotahuuto.fi\/en\/wp-json\/wp\/v2\/pages\/4261\/revisions"}],"predecessor-version":[{"id":4332,"href":"https:\/\/sotahuuto.fi\/en\/wp-json\/wp\/v2\/pages\/4261\/revisions\/4332"}],"wp:attachment":[{"href":"https:\/\/sotahuuto.fi\/en\/wp-json\/wp\/v2\/media?parent=4261"}],"curies":[{"name":"wp","href":"https:\/\/api.w.org\/{rel}","templated":true}]}}