{"id":4358,"date":"2024-06-28T16:21:04","date_gmt":"2024-06-28T14:21:04","guid":{"rendered":"https:\/\/sotahuuto.fi\/?page_id=4358"},"modified":"2024-06-29T15:19:15","modified_gmt":"2024-06-29T13:19:15","slug":"portit-ilmoittautuminen-suljettu-amp-kaytannon-asioita","status":"publish","type":"page","link":"https:\/\/sotahuuto.fi\/en\/portit-ilmoittautuminen-suljettu-amp-kaytannon-asioita\/","title":{"rendered":"Portit sulkeutuvat &#8211; Ilmoittautuminen suljettu  &amp; k\u00e4yt\u00e4nn\u00f6n asioita"},"content":{"rendered":"<div data-elementor-type=\"wp-page\" data-elementor-id=\"4358\" class=\"elementor elementor-4358\">\n\t\t\t\t\t\t<section class=\"elementor-section elementor-top-section elementor-element elementor-element-f048e2c elementor-section-boxed elementor-section-height-default elementor-section-height-default\" data-id=\"f048e2c\" data-element_type=\"section\">\n\t\t\t\t\t\t<div class=\"elementor-container elementor-column-gap-default\">\n\t\t\t\t\t<div class=\"elementor-column elementor-col-100 elementor-top-column elementor-element elementor-element-431296e\" data-id=\"431296e\" data-element_type=\"column\">\n\t\t\t<div class=\"elementor-widget-wrap elementor-element-populated\">\n\t\t\t\t\t\t<div class=\"elementor-element elementor-element-dd51036 elementor-widget elementor-widget-image\" data-id=\"dd51036\" data-element_type=\"widget\" data-widget_type=\"image.default\">\n\t\t\t\t<div class=\"elementor-widget-container\">\n\t\t\t\t\t\t\t\t\t\t\t\t\t\t\t<img fetchpriority=\"high\" decoding=\"async\" width=\"1024\" height=\"681\" src=\"https:\/\/sotahuuto.fi\/wp-content\/uploads\/2023\/02\/Oman-joukkueen-perustaminen-1.jpg\" class=\"attachment-large size-large wp-image-1586\" alt=\"Ajan Kaarti - joukkueesta otetaan ryhm\u00e4kuvaa Sotahuudossa 2016\" srcset=\"https:\/\/sotahuuto.fi\/wp-content\/uploads\/2023\/02\/Oman-joukkueen-perustaminen-1.jpg 1024w, https:\/\/sotahuuto.fi\/wp-content\/uploads\/2023\/02\/Oman-joukkueen-perustaminen-1-300x200.jpg 300w, https:\/\/sotahuuto.fi\/wp-content\/uploads\/2023\/02\/Oman-joukkueen-perustaminen-1-768x511.jpg 768w\" sizes=\"(max-width: 1024px) 100vw, 1024px\" \/>\t\t\t\t\t\t\t\t\t\t\t\t\t\t\t<\/div>\n\t\t\t\t<\/div>\n\t\t\t\t<div class=\"elementor-element elementor-element-1f4d369 elementor-widget elementor-widget-text-editor\" data-id=\"1f4d369\" data-element_type=\"widget\" data-widget_type=\"text-editor.default\">\n\t\t\t\t<div class=\"elementor-widget-container\">\n\t\t\t\t\t\t\t\t\t<p>Hei kaikille Sotahuutoon osallistuville!<\/p>\t\t\t\t\t\t\t\t<\/div>\n\t\t\t\t<\/div>\n\t\t\t\t<div class=\"elementor-element elementor-element-485d53a elementor-widget elementor-widget-text-editor\" data-id=\"485d53a\" data-element_type=\"widget\" data-widget_type=\"text-editor.default\">\n\t\t\t\t<div class=\"elementor-widget-container\">\n\t\t\t\t\t\t\t\t\t<p>Tapahtuma l\u00e4hestyy hirvitt\u00e4v\u00e4\u00e4 vauhtia ja ilmoittautuminen on nyt suljettu.<\/p>\t\t\t\t\t\t\t\t<\/div>\n\t\t\t\t<\/div>\n\t\t\t\t<div class=\"elementor-element elementor-element-94b7a9e elementor-widget elementor-widget-text-editor\" data-id=\"94b7a9e\" data-element_type=\"widget\" data-widget_type=\"text-editor.default\">\n\t\t\t\t<div class=\"elementor-widget-container\">\n\t\t\t\t\t\t\t\t\t<p>Ilmoittautumisen sulkeutumisen my\u00f6t\u00e4 p\u00e4\u00e4j\u00e4rjest\u00e4j\u00e4t tekev\u00e4tkin t\u00e4ten lopulliset armeijajaot, joten valmistautukaa viestint\u00e4\u00e4n n\u00e4ilt\u00e4 osin!<\/p>\t\t\t\t\t\t\t\t<\/div>\n\t\t\t\t<\/div>\n\t\t\t\t<div class=\"elementor-element elementor-element-67430bd elementor-widget elementor-widget-text-editor\" data-id=\"67430bd\" data-element_type=\"widget\" data-widget_type=\"text-editor.default\">\n\t\t\t\t<div class=\"elementor-widget-container\">\n\t\t\t\t\t\t\t\t\t<p>Tapahtuman <a href=\"https:\/\/sotahuuto.fi\/en\/aikataulu\/\">aikataulu on my\u00f6s julkaistu<\/a>. Tapahtuma-alueesta voit puolestaan <a href=\"https:\/\/sotahuuto.fi\/en\/tapahtumapaikka\/\">lukea t\u00e4\u00e4lt\u00e4.<\/a><\/p>\t\t\t\t\t\t\t\t<\/div>\n\t\t\t\t<\/div>\n\t\t\t\t<div class=\"elementor-element elementor-element-358fdeb elementor-widget elementor-widget-text-editor\" data-id=\"358fdeb\" data-element_type=\"widget\" data-widget_type=\"text-editor.default\">\n\t\t\t\t<div class=\"elementor-widget-container\">\n\t\t\t\t\t\t\t\t\t<p>Tarjoamme mahdollisuuden j\u00e4\u00e4d\u00e4 tapahtumapaikalle aina maanantai-aamuun asti, jotta erityisesti kaukaa saapuvilla olisi mahdollisuus y\u00f6py\u00e4 paikan p\u00e4\u00e4ll\u00e4 ennen pitk\u00e4\u00e4 kotimatkaa. Huomioittehan ett\u00e4 maanantaina her\u00e4tys on aikaisin ja paikalta on poistuttava hyviss\u00e4 ajoin. Sunnuntaina ei my\u00f6sk\u00e4\u00e4n ole iltaohjelmaa.<\/p>\t\t\t\t\t\t\t\t<\/div>\n\t\t\t\t<\/div>\n\t\t\t\t\t<\/div>\n\t\t<\/div>\n\t\t\t\t\t<\/div>\n\t\t<\/section>\n\t\t\t\t<section class=\"elementor-section elementor-top-section elementor-element elementor-element-75fa07d elementor-section-boxed elementor-section-height-default elementor-section-height-default\" data-id=\"75fa07d\" data-element_type=\"section\">\n\t\t\t\t\t\t<div class=\"elementor-container elementor-column-gap-default\">\n\t\t\t\t\t<div class=\"elementor-column elementor-col-100 elementor-top-column elementor-element elementor-element-cfd0abe\" data-id=\"cfd0abe\" data-element_type=\"column\">\n\t\t\t<div class=\"elementor-widget-wrap elementor-element-populated\">\n\t\t\t\t\t\t<div class=\"elementor-element elementor-element-71a13fd elementor-widget elementor-widget-text-editor\" data-id=\"71a13fd\" data-element_type=\"widget\" data-widget_type=\"text-editor.default\">\n\t\t\t\t<div class=\"elementor-widget-container\">\n\t\t\t\t\t\t\t\t\t<p>Toivommekin, ett\u00e4 paikalle j\u00e4\u00e4v\u00e4t taistelijat viett\u00e4v\u00e4t sunnuntai-illan hillitysti ja muita osallistujia, j\u00e4rjest\u00e4ji\u00e4 ja naapureita kunnioittaen. Toivomme, ett\u00e4 j\u00e4t\u00e4tte niin sanotut isot sotahuuto\u00e4fterit sotahuudon j\u00e4lkeisille viikoille. J\u00e4rjest\u00e4j\u00e4tiimin puolesta haluamme varmistaa, ett\u00e4 tapahtuman p\u00e4\u00e4t\u00f6s sujuu hallitusti ja turvallisesti!<\/p>\t\t\t\t\t\t\t\t<\/div>\n\t\t\t\t<\/div>\n\t\t\t\t\t<\/div>\n\t\t<\/div>\n\t\t\t\t\t<\/div>\n\t\t<\/section>\n\t\t\t\t<section class=\"elementor-section elementor-top-section elementor-element elementor-element-e9436b8 elementor-section-boxed elementor-section-height-default elementor-section-height-default\" data-id=\"e9436b8\" data-element_type=\"section\">\n\t\t\t\t\t\t<div class=\"elementor-container elementor-column-gap-default\">\n\t\t\t\t\t<div class=\"elementor-column elementor-col-100 elementor-top-column elementor-element elementor-element-d857f42\" data-id=\"d857f42\" data-element_type=\"column\">\n\t\t\t<div class=\"elementor-widget-wrap elementor-element-populated\">\n\t\t\t\t\t\t<div class=\"elementor-element elementor-element-d5c5dc5 elementor-widget elementor-widget-text-editor\" data-id=\"d5c5dc5\" data-element_type=\"widget\" data-widget_type=\"text-editor.default\">\n\t\t\t\t<div class=\"elementor-widget-container\">\n\t\t\t\t\t\t\t\t\t<p><em>Yst\u00e4v\u00e4llisin terveisin,<\/em><\/p>\t\t\t\t\t\t\t\t<\/div>\n\t\t\t\t<\/div>\n\t\t\t\t\t<\/div>\n\t\t<\/div>\n\t\t\t\t\t<\/div>\n\t\t<\/section>\n\t\t\t\t<section class=\"elementor-section elementor-top-section elementor-element elementor-element-761186c elementor-section-boxed elementor-section-height-default elementor-section-height-default\" data-id=\"761186c\" data-element_type=\"section\">\n\t\t\t\t\t\t<div class=\"elementor-container elementor-column-gap-default\">\n\t\t\t\t\t<div class=\"elementor-column elementor-col-100 elementor-top-column elementor-element elementor-element-5ee752e\" data-id=\"5ee752e\" data-element_type=\"column\">\n\t\t\t<div class=\"elementor-widget-wrap elementor-element-populated\">\n\t\t\t\t\t\t<div class=\"elementor-element elementor-element-ea584b6 elementor-widget elementor-widget-text-editor\" data-id=\"ea584b6\" data-element_type=\"widget\" data-widget_type=\"text-editor.default\">\n\t\t\t\t<div class=\"elementor-widget-container\">\n\t\t\t\t\t\t\t\t\t<p><strong><em>Sotahuuto 2024 -j\u00e4rjest\u00e4j\u00e4t<\/em><\/strong><\/p>\t\t\t\t\t\t\t\t<\/div>\n\t\t\t\t<\/div>\n\t\t\t\t\t<\/div>\n\t\t<\/div>\n\t\t\t\t\t<\/div>\n\t\t<\/section>\n\t\t\t\t<\/div>","protected":false},"excerpt":{"rendered":"<div class=\"entry-summary\">\nHei kaikille Sotahuutoon osallistuville! Tapahtuma l\u00e4hestyy hirvitt\u00e4v\u00e4\u00e4 vauhtia ja ilmoittautuminen on nyt suljettu. Ilmoittautumisen sulkeutumisen my\u00f6t\u00e4 p\u00e4\u00e4j\u00e4rjest\u00e4j\u00e4t tekev\u00e4tkin t\u00e4ten lopulliset&hellip;\n<\/div>\n<div class=\"link-more\"><a href=\"https:\/\/sotahuuto.fi\/en\/portit-ilmoittautuminen-suljettu-amp-kaytannon-asioita\/\" class=\"more-link\">Continue reading<span class=\"screen-reader-text\"> &ldquo;Portit sulkeutuvat &#8211; Ilmoittautuminen suljettu  &amp; k\u00e4yt\u00e4nn\u00f6n asioita&rdquo;<\/span>&hellip;<\/a><\/div>","protected":false},"author":10,"featured_media":0,"parent":0,"menu_order":0,"comment_status":"closed","ping_status":"closed","template":"","meta":{"footnotes":""},"yoast_head":"<!-- This site is optimized with the Yoast SEO plugin v24.5 - https:\/\/yoast.com\/wordpress\/plugins\/seo\/ -->\n<title>Portit sulkeutuvat - Ilmoittautuminen suljettu &amp; k\u00e4yt\u00e4nn\u00f6n asioita - Sotahuuto<\/title>\n<meta name=\"robots\" content=\"index, follow, max-snippet:-1, max-image-preview:large, max-video-preview:-1\" \/>\n<link rel=\"canonical\" href=\"https:\/\/sotahuuto.fi\/en\/portit-ilmoittautuminen-suljettu-amp-kaytannon-asioita\/\" \/>\n<meta property=\"og:locale\" content=\"en_GB\" \/>\n<meta property=\"og:type\" content=\"article\" \/>\n<meta property=\"og:title\" content=\"Portit sulkeutuvat - Ilmoittautuminen suljettu &amp; k\u00e4yt\u00e4nn\u00f6n asioita - Sotahuuto\" \/>\n<meta property=\"og:description\" content=\"Hei kaikille Sotahuutoon osallistuville! Tapahtuma l\u00e4hestyy hirvitt\u00e4v\u00e4\u00e4 vauhtia ja ilmoittautuminen on nyt suljettu. Ilmoittautumisen sulkeutumisen my\u00f6t\u00e4 p\u00e4\u00e4j\u00e4rjest\u00e4j\u00e4t tekev\u00e4tkin t\u00e4ten lopulliset&hellip; Continue reading &ldquo;Portit sulkeutuvat &#8211; Ilmoittautuminen suljettu &amp; k\u00e4yt\u00e4nn\u00f6n asioita&rdquo;&hellip;\" \/>\n<meta property=\"og:url\" content=\"https:\/\/sotahuuto.fi\/en\/portit-ilmoittautuminen-suljettu-amp-kaytannon-asioita\/\" \/>\n<meta property=\"og:site_name\" content=\"Sotahuuto\" \/>\n<meta property=\"article:publisher\" content=\"https:\/\/www.facebook.com\/profile.php?id=100054630571001\" \/>\n<meta property=\"article:modified_time\" content=\"2024-06-29T13:19:15+00:00\" \/>\n<meta property=\"og:image\" content=\"https:\/\/sotahuuto.fi\/wp-content\/uploads\/2023\/02\/Oman-joukkueen-perustaminen-1.jpg\" \/>\n<meta name=\"twitter:card\" content=\"summary_large_image\" \/>\n<meta name=\"twitter:label1\" content=\"Estimated reading time\" \/>\n\t<meta name=\"twitter:data1\" content=\"1 minute\" \/>\n<script type=\"application\/ld+json\" class=\"yoast-schema-graph\">{\"@context\":\"https:\/\/schema.org\",\"@graph\":[{\"@type\":\"WebPage\",\"@id\":\"https:\/\/sotahuuto.fi\/portit-ilmoittautuminen-suljettu-amp-kaytannon-asioita\/\",\"url\":\"https:\/\/sotahuuto.fi\/portit-ilmoittautuminen-suljettu-amp-kaytannon-asioita\/\",\"name\":\"Portit sulkeutuvat - Ilmoittautuminen suljettu &amp; k\u00e4yt\u00e4nn\u00f6n asioita - Sotahuuto\",\"isPartOf\":{\"@id\":\"https:\/\/sotahuuto.fi\/#website\"},\"primaryImageOfPage\":{\"@id\":\"https:\/\/sotahuuto.fi\/portit-ilmoittautuminen-suljettu-amp-kaytannon-asioita\/#primaryimage\"},\"image\":{\"@id\":\"https:\/\/sotahuuto.fi\/portit-ilmoittautuminen-suljettu-amp-kaytannon-asioita\/#primaryimage\"},\"thumbnailUrl\":\"https:\/\/sotahuuto.fi\/wp-content\/uploads\/2023\/02\/Oman-joukkueen-perustaminen-1.jpg\",\"datePublished\":\"2024-06-28T14:21:04+00:00\",\"dateModified\":\"2024-06-29T13:19:15+00:00\",\"breadcrumb\":{\"@id\":\"https:\/\/sotahuuto.fi\/portit-ilmoittautuminen-suljettu-amp-kaytannon-asioita\/#breadcrumb\"},\"inLanguage\":\"en-GB\",\"potentialAction\":[{\"@type\":\"ReadAction\",\"target\":[\"https:\/\/sotahuuto.fi\/portit-ilmoittautuminen-suljettu-amp-kaytannon-asioita\/\"]}]},{\"@type\":\"ImageObject\",\"inLanguage\":\"en-GB\",\"@id\":\"https:\/\/sotahuuto.fi\/portit-ilmoittautuminen-suljettu-amp-kaytannon-asioita\/#primaryimage\",\"url\":\"https:\/\/sotahuuto.fi\/wp-content\/uploads\/2023\/02\/Oman-joukkueen-perustaminen-1.jpg\",\"contentUrl\":\"https:\/\/sotahuuto.fi\/wp-content\/uploads\/2023\/02\/Oman-joukkueen-perustaminen-1.jpg\"},{\"@type\":\"BreadcrumbList\",\"@id\":\"https:\/\/sotahuuto.fi\/portit-ilmoittautuminen-suljettu-amp-kaytannon-asioita\/#breadcrumb\",\"itemListElement\":[{\"@type\":\"ListItem\",\"position\":1,\"name\":\"Home\",\"item\":\"https:\/\/sotahuuto.fi\/\"},{\"@type\":\"ListItem\",\"position\":2,\"name\":\"Portit sulkeutuvat &#8211; Ilmoittautuminen suljettu &amp; k\u00e4yt\u00e4nn\u00f6n asioita\"}]},{\"@type\":\"WebSite\",\"@id\":\"https:\/\/sotahuuto.fi\/#website\",\"url\":\"https:\/\/sotahuuto.fi\/\",\"name\":\"Sotahuuto\",\"description\":\"10.-12.07.2026 | Rekolan tila, Orivesi\",\"publisher\":{\"@id\":\"https:\/\/sotahuuto.fi\/#organization\"},\"alternateName\":\"SoHu\",\"potentialAction\":[{\"@type\":\"SearchAction\",\"target\":{\"@type\":\"EntryPoint\",\"urlTemplate\":\"https:\/\/sotahuuto.fi\/?s={search_term_string}\"},\"query-input\":{\"@type\":\"PropertyValueSpecification\",\"valueRequired\":true,\"valueName\":\"search_term_string\"}}],\"inLanguage\":\"en-GB\"},{\"@type\":\"Organization\",\"@id\":\"https:\/\/sotahuuto.fi\/#organization\",\"name\":\"Sotahuuto\",\"alternateName\":\"SoHu\",\"url\":\"https:\/\/sotahuuto.fi\/\",\"logo\":{\"@type\":\"ImageObject\",\"inLanguage\":\"en-GB\",\"@id\":\"https:\/\/sotahuuto.fi\/#\/schema\/logo\/image\/\",\"url\":\"https:\/\/sotahuuto.fi\/wp-content\/uploads\/2022\/03\/cropped-cropped2-sotahuuto.jpg\",\"contentUrl\":\"https:\/\/sotahuuto.fi\/wp-content\/uploads\/2022\/03\/cropped-cropped2-sotahuuto.jpg\",\"width\":512,\"height\":512,\"caption\":\"Sotahuuto\"},\"image\":{\"@id\":\"https:\/\/sotahuuto.fi\/#\/schema\/logo\/image\/\"},\"sameAs\":[\"https:\/\/www.facebook.com\/profile.php?id=100054630571001\",\"https:\/\/www.youtube.com\/@sotahuutoboffaustapahtuma4558\"]}]}<\/script>\n<!-- \/ Yoast SEO plugin. -->","yoast_head_json":{"title":"Portit sulkeutuvat - Ilmoittautuminen suljettu &amp; k\u00e4yt\u00e4nn\u00f6n asioita - Sotahuuto","robots":{"index":"index","follow":"follow","max-snippet":"max-snippet:-1","max-image-preview":"max-image-preview:large","max-video-preview":"max-video-preview:-1"},"canonical":"https:\/\/sotahuuto.fi\/en\/portit-ilmoittautuminen-suljettu-amp-kaytannon-asioita\/","og_locale":"en_GB","og_type":"article","og_title":"Portit sulkeutuvat - Ilmoittautuminen suljettu &amp; k\u00e4yt\u00e4nn\u00f6n asioita - Sotahuuto","og_description":"Hei kaikille Sotahuutoon osallistuville! Tapahtuma l\u00e4hestyy hirvitt\u00e4v\u00e4\u00e4 vauhtia ja ilmoittautuminen on nyt suljettu. Ilmoittautumisen sulkeutumisen my\u00f6t\u00e4 p\u00e4\u00e4j\u00e4rjest\u00e4j\u00e4t tekev\u00e4tkin t\u00e4ten lopulliset&hellip; Continue reading &ldquo;Portit sulkeutuvat &#8211; Ilmoittautuminen suljettu &amp; k\u00e4yt\u00e4nn\u00f6n asioita&rdquo;&hellip;","og_url":"https:\/\/sotahuuto.fi\/en\/portit-ilmoittautuminen-suljettu-amp-kaytannon-asioita\/","og_site_name":"Sotahuuto","article_publisher":"https:\/\/www.facebook.com\/profile.php?id=100054630571001","article_modified_time":"2024-06-29T13:19:15+00:00","og_image":[{"url":"https:\/\/sotahuuto.fi\/wp-content\/uploads\/2023\/02\/Oman-joukkueen-perustaminen-1.jpg","type":"","width":"","height":""}],"twitter_card":"summary_large_image","twitter_misc":{"Estimated reading time":"1 minute"},"schema":{"@context":"https:\/\/schema.org","@graph":[{"@type":"WebPage","@id":"https:\/\/sotahuuto.fi\/portit-ilmoittautuminen-suljettu-amp-kaytannon-asioita\/","url":"https:\/\/sotahuuto.fi\/portit-ilmoittautuminen-suljettu-amp-kaytannon-asioita\/","name":"Portit sulkeutuvat - Ilmoittautuminen suljettu &amp; k\u00e4yt\u00e4nn\u00f6n asioita - Sotahuuto","isPartOf":{"@id":"https:\/\/sotahuuto.fi\/#website"},"primaryImageOfPage":{"@id":"https:\/\/sotahuuto.fi\/portit-ilmoittautuminen-suljettu-amp-kaytannon-asioita\/#primaryimage"},"image":{"@id":"https:\/\/sotahuuto.fi\/portit-ilmoittautuminen-suljettu-amp-kaytannon-asioita\/#primaryimage"},"thumbnailUrl":"https:\/\/sotahuuto.fi\/wp-content\/uploads\/2023\/02\/Oman-joukkueen-perustaminen-1.jpg","datePublished":"2024-06-28T14:21:04+00:00","dateModified":"2024-06-29T13:19:15+00:00","breadcrumb":{"@id":"https:\/\/sotahuuto.fi\/portit-ilmoittautuminen-suljettu-amp-kaytannon-asioita\/#breadcrumb"},"inLanguage":"en-GB","potentialAction":[{"@type":"ReadAction","target":["https:\/\/sotahuuto.fi\/portit-ilmoittautuminen-suljettu-amp-kaytannon-asioita\/"]}]},{"@type":"ImageObject","inLanguage":"en-GB","@id":"https:\/\/sotahuuto.fi\/portit-ilmoittautuminen-suljettu-amp-kaytannon-asioita\/#primaryimage","url":"https:\/\/sotahuuto.fi\/wp-content\/uploads\/2023\/02\/Oman-joukkueen-perustaminen-1.jpg","contentUrl":"https:\/\/sotahuuto.fi\/wp-content\/uploads\/2023\/02\/Oman-joukkueen-perustaminen-1.jpg"},{"@type":"BreadcrumbList","@id":"https:\/\/sotahuuto.fi\/portit-ilmoittautuminen-suljettu-amp-kaytannon-asioita\/#breadcrumb","itemListElement":[{"@type":"ListItem","position":1,"name":"Home","item":"https:\/\/sotahuuto.fi\/"},{"@type":"ListItem","position":2,"name":"Portit sulkeutuvat &#8211; Ilmoittautuminen suljettu &amp; k\u00e4yt\u00e4nn\u00f6n asioita"}]},{"@type":"WebSite","@id":"https:\/\/sotahuuto.fi\/#website","url":"https:\/\/sotahuuto.fi\/","name":"Sotahuuto, \"War cry\",","description":"10.-12.07.2026 | Rekolan tila, Orivesi","publisher":{"@id":"https:\/\/sotahuuto.fi\/#organization"},"alternateName":"SoHu","potentialAction":[{"@type":"SearchAction","target":{"@type":"EntryPoint","urlTemplate":"https:\/\/sotahuuto.fi\/?s={search_term_string}"},"query-input":{"@type":"PropertyValueSpecification","valueRequired":true,"valueName":"search_term_string"}}],"inLanguage":"en-GB"},{"@type":"Organization","@id":"https:\/\/sotahuuto.fi\/#organization","name":"Sotahuuto, \"War cry\",","alternateName":"SoHu","url":"https:\/\/sotahuuto.fi\/","logo":{"@type":"ImageObject","inLanguage":"en-GB","@id":"https:\/\/sotahuuto.fi\/#\/schema\/logo\/image\/","url":"https:\/\/sotahuuto.fi\/wp-content\/uploads\/2022\/03\/cropped-cropped2-sotahuuto.jpg","contentUrl":"https:\/\/sotahuuto.fi\/wp-content\/uploads\/2022\/03\/cropped-cropped2-sotahuuto.jpg","width":512,"height":512,"caption":"Sotahuuto"},"image":{"@id":"https:\/\/sotahuuto.fi\/#\/schema\/logo\/image\/"},"sameAs":["https:\/\/www.facebook.com\/profile.php?id=100054630571001","https:\/\/www.youtube.com\/@sotahuutoboffaustapahtuma4558"]}]}},"jetpack_sharing_enabled":true,"_links":{"self":[{"href":"https:\/\/sotahuuto.fi\/en\/wp-json\/wp\/v2\/pages\/4358"}],"collection":[{"href":"https:\/\/sotahuuto.fi\/en\/wp-json\/wp\/v2\/pages"}],"about":[{"href":"https:\/\/sotahuuto.fi\/en\/wp-json\/wp\/v2\/types\/page"}],"author":[{"embeddable":true,"href":"https:\/\/sotahuuto.fi\/en\/wp-json\/wp\/v2\/users\/10"}],"replies":[{"embeddable":true,"href":"https:\/\/sotahuuto.fi\/en\/wp-json\/wp\/v2\/comments?post=4358"}],"version-history":[{"count":15,"href":"https:\/\/sotahuuto.fi\/en\/wp-json\/wp\/v2\/pages\/4358\/revisions"}],"predecessor-version":[{"id":4503,"href":"https:\/\/sotahuuto.fi\/en\/wp-json\/wp\/v2\/pages\/4358\/revisions\/4503"}],"wp:attachment":[{"href":"https:\/\/sotahuuto.fi\/en\/wp-json\/wp\/v2\/media?parent=4358"}],"curies":[{"name":"wp","href":"https:\/\/api.w.org\/{rel}","templated":true}]}}