{"id":4427,"date":"2024-07-01T22:01:09","date_gmt":"2024-07-01T20:01:09","guid":{"rendered":"https:\/\/sotahuuto.fi\/?page_id=4427"},"modified":"2024-07-01T22:01:28","modified_gmt":"2024-07-01T20:01:28","slug":"sotatorvi-soi-armeijajaot","status":"publish","type":"page","link":"https:\/\/sotahuuto.fi\/en\/sotatorvi-soi-armeijajaot\/","title":{"rendered":"Sotatorvi soi \u2013 armeijajaot"},"content":{"rendered":"<div data-elementor-type=\"wp-page\" data-elementor-id=\"4427\" class=\"elementor elementor-4427\">\n\t\t\t\t\t\t<section class=\"elementor-section elementor-top-section elementor-element elementor-element-b4ce9f8 elementor-section-boxed elementor-section-height-default elementor-section-height-default\" data-id=\"b4ce9f8\" data-element_type=\"section\">\n\t\t\t\t\t\t<div class=\"elementor-container elementor-column-gap-default\">\n\t\t\t\t\t<div class=\"elementor-column elementor-col-100 elementor-top-column elementor-element elementor-element-be909bb\" data-id=\"be909bb\" data-element_type=\"column\">\n\t\t\t<div class=\"elementor-widget-wrap elementor-element-populated\">\n\t\t\t\t\t\t<div class=\"elementor-element elementor-element-1f85662 elementor-widget elementor-widget-text-editor\" data-id=\"1f85662\" data-element_type=\"widget\" data-widget_type=\"text-editor.default\">\n\t\t\t\t<div class=\"elementor-widget-container\">\n\t\t\t\t\t\t\t\t\t<p>Hyv\u00e4 Sotahuutokansa!<\/p><p>\u00a0<\/p><p>Ilmoittautuminen on nyt p\u00e4\u00e4ttynyt, ja meill\u00e4 on ilo ilmoittaa, ett\u00e4 t\u00e4m\u00e4n vuoden Sotahuudossa on huikeat 620 osallistujaa! Kiitos kaikille ilmoittautuneille \u2013 on mahtavaa, ett\u00e4 boffauskansa on palannut taistelukentille koronavuosien j\u00e4lkeen!<\/p><p>\u00a0<\/p><p>T\u00e4m\u00e4n kunniaksi on aika julkistaa armeijajaot!<\/p><p>\u00a0<\/p><p><strong>Tabor<\/strong><\/p><p>Maahinkaiskaarti<\/p><p>Valkoinen komppania<\/p><p>Rotat<\/p><p>FSC + Niittov\u00e4ki<\/p><p>Ryhm\u00e4 R\u00e4m\u00e4<\/p><p>Thaborsky Bratri<\/p><p>Tiukat Tuukat<\/p><p>Sir Hakiksen Bastu pojat<\/p><p>\u00a0<\/p><p><strong>Saksalainen aatelisto<\/strong><\/p><p>Savo<\/p><p>Valdyr<\/p><p>Al-Kharid<\/p><p>Camulosin villikarjut<\/p><p>Wanainmaa<\/p><p>Alter Ego<\/p><p>Galenit<\/p><p>\u00a0<\/p><p><strong>Tsekkil\u00e4iset aateliset<\/strong><\/p><p>Ulfnar<\/p><p>Ajan Kaarti + Harhamainparvi<\/p><p>Graalin Hurtat<\/p><p>Raadonnylkij\u00e4t<\/p><p>Goblinit<\/p><p>\u00a0<\/p><p><strong>Sigismundin ristiretkel\u00e4iset<\/strong><\/p><p>Perkele<\/p><p>Etel\u00e4n Imperiumi<\/p><p>MuRu<\/p><p>Uudenmaan liitto<\/p><p>Caerulei Turma<\/p><p>Turentalia<\/p><p>\u00a0<\/p><p>N\u00e4ill\u00e4 upeille armeijoilla p\u00e4\u00e4semme ottamaan mittaa B\u00f6\u00f6min herruudesta vain vajaan parin viikon p\u00e4\u00e4st\u00e4!<\/p><p>\u00a0<\/p><p>Innokasta Sotahuudon odottamista!<\/p><p>\u00a0<\/p><p>Sotahuuto 2024 J\u00e4rjest\u00e4j\u00e4tiimi<\/p>\t\t\t\t\t\t\t\t<\/div>\n\t\t\t\t<\/div>\n\t\t\t\t\t<\/div>\n\t\t<\/div>\n\t\t\t\t\t<\/div>\n\t\t<\/section>\n\t\t\t\t<\/div>","protected":false},"excerpt":{"rendered":"<div class=\"entry-summary\">\nHyv\u00e4 Sotahuutokansa! \u00a0 Ilmoittautuminen on nyt p\u00e4\u00e4ttynyt, ja meill\u00e4 on ilo ilmoittaa, ett\u00e4 t\u00e4m\u00e4n vuoden Sotahuudossa on huikeat 620 osallistujaa!&hellip;\n<\/div>\n<div class=\"link-more\"><a href=\"https:\/\/sotahuuto.fi\/en\/sotatorvi-soi-armeijajaot\/\" class=\"more-link\">Continue reading<span class=\"screen-reader-text\"> &ldquo;Sotatorvi soi \u2013 armeijajaot&rdquo;<\/span>&hellip;<\/a><\/div>","protected":false},"author":9,"featured_media":0,"parent":0,"menu_order":0,"comment_status":"closed","ping_status":"closed","template":"","meta":{"footnotes":""},"yoast_head":"<!-- This site is optimized with the Yoast SEO plugin v24.5 - https:\/\/yoast.com\/wordpress\/plugins\/seo\/ -->\n<title>Sotatorvi soi \u2013 armeijajaot - Sotahuuto<\/title>\n<meta name=\"robots\" content=\"index, follow, max-snippet:-1, max-image-preview:large, max-video-preview:-1\" \/>\n<link rel=\"canonical\" href=\"https:\/\/sotahuuto.fi\/en\/sotatorvi-soi-armeijajaot\/\" \/>\n<meta property=\"og:locale\" content=\"en_GB\" \/>\n<meta property=\"og:type\" content=\"article\" \/>\n<meta property=\"og:title\" content=\"Sotatorvi soi \u2013 armeijajaot - Sotahuuto\" \/>\n<meta property=\"og:description\" content=\"Hyv\u00e4 Sotahuutokansa! \u00a0 Ilmoittautuminen on nyt p\u00e4\u00e4ttynyt, ja meill\u00e4 on ilo ilmoittaa, ett\u00e4 t\u00e4m\u00e4n vuoden Sotahuudossa on huikeat 620 osallistujaa!&hellip; Continue reading &ldquo;Sotatorvi soi \u2013 armeijajaot&rdquo;&hellip;\" \/>\n<meta property=\"og:url\" content=\"https:\/\/sotahuuto.fi\/en\/sotatorvi-soi-armeijajaot\/\" \/>\n<meta property=\"og:site_name\" content=\"Sotahuuto\" \/>\n<meta property=\"article:publisher\" content=\"https:\/\/www.facebook.com\/profile.php?id=100054630571001\" \/>\n<meta property=\"article:modified_time\" content=\"2024-07-01T20:01:28+00:00\" \/>\n<meta property=\"og:image\" content=\"https:\/\/sotahuuto.fi\/wp-content\/uploads\/2023\/11\/testi.gif\" \/>\n\t<meta property=\"og:image:width\" content=\"1024\" \/>\n\t<meta property=\"og:image:height\" content=\"614\" \/>\n\t<meta property=\"og:image:type\" content=\"image\/gif\" \/>\n<meta name=\"twitter:card\" content=\"summary_large_image\" \/>\n<meta name=\"twitter:label1\" content=\"Estimated reading time\" \/>\n\t<meta name=\"twitter:data1\" content=\"1 minute\" \/>\n<script type=\"application\/ld+json\" class=\"yoast-schema-graph\">{\"@context\":\"https:\/\/schema.org\",\"@graph\":[{\"@type\":\"WebPage\",\"@id\":\"https:\/\/sotahuuto.fi\/sotatorvi-soi-armeijajaot\/\",\"url\":\"https:\/\/sotahuuto.fi\/sotatorvi-soi-armeijajaot\/\",\"name\":\"Sotatorvi soi \u2013 armeijajaot - Sotahuuto\",\"isPartOf\":{\"@id\":\"https:\/\/sotahuuto.fi\/#website\"},\"datePublished\":\"2024-07-01T20:01:09+00:00\",\"dateModified\":\"2024-07-01T20:01:28+00:00\",\"breadcrumb\":{\"@id\":\"https:\/\/sotahuuto.fi\/sotatorvi-soi-armeijajaot\/#breadcrumb\"},\"inLanguage\":\"en-GB\",\"potentialAction\":[{\"@type\":\"ReadAction\",\"target\":[\"https:\/\/sotahuuto.fi\/sotatorvi-soi-armeijajaot\/\"]}]},{\"@type\":\"BreadcrumbList\",\"@id\":\"https:\/\/sotahuuto.fi\/sotatorvi-soi-armeijajaot\/#breadcrumb\",\"itemListElement\":[{\"@type\":\"ListItem\",\"position\":1,\"name\":\"Home\",\"item\":\"https:\/\/sotahuuto.fi\/\"},{\"@type\":\"ListItem\",\"position\":2,\"name\":\"Sotatorvi soi \u2013 armeijajaot\"}]},{\"@type\":\"WebSite\",\"@id\":\"https:\/\/sotahuuto.fi\/#website\",\"url\":\"https:\/\/sotahuuto.fi\/\",\"name\":\"Sotahuuto\",\"description\":\"10.-12.07.2026 | Rekolan tila, Orivesi\",\"publisher\":{\"@id\":\"https:\/\/sotahuuto.fi\/#organization\"},\"alternateName\":\"SoHu\",\"potentialAction\":[{\"@type\":\"SearchAction\",\"target\":{\"@type\":\"EntryPoint\",\"urlTemplate\":\"https:\/\/sotahuuto.fi\/?s={search_term_string}\"},\"query-input\":{\"@type\":\"PropertyValueSpecification\",\"valueRequired\":true,\"valueName\":\"search_term_string\"}}],\"inLanguage\":\"en-GB\"},{\"@type\":\"Organization\",\"@id\":\"https:\/\/sotahuuto.fi\/#organization\",\"name\":\"Sotahuuto\",\"alternateName\":\"SoHu\",\"url\":\"https:\/\/sotahuuto.fi\/\",\"logo\":{\"@type\":\"ImageObject\",\"inLanguage\":\"en-GB\",\"@id\":\"https:\/\/sotahuuto.fi\/#\/schema\/logo\/image\/\",\"url\":\"https:\/\/sotahuuto.fi\/wp-content\/uploads\/2022\/03\/cropped-cropped2-sotahuuto.jpg\",\"contentUrl\":\"https:\/\/sotahuuto.fi\/wp-content\/uploads\/2022\/03\/cropped-cropped2-sotahuuto.jpg\",\"width\":512,\"height\":512,\"caption\":\"Sotahuuto\"},\"image\":{\"@id\":\"https:\/\/sotahuuto.fi\/#\/schema\/logo\/image\/\"},\"sameAs\":[\"https:\/\/www.facebook.com\/profile.php?id=100054630571001\",\"https:\/\/www.youtube.com\/@sotahuutoboffaustapahtuma4558\"]}]}<\/script>\n<!-- \/ Yoast SEO plugin. -->","yoast_head_json":{"title":"Sotatorvi soi \u2013 armeijajaot - Sotahuuto","robots":{"index":"index","follow":"follow","max-snippet":"max-snippet:-1","max-image-preview":"max-image-preview:large","max-video-preview":"max-video-preview:-1"},"canonical":"https:\/\/sotahuuto.fi\/en\/sotatorvi-soi-armeijajaot\/","og_locale":"en_GB","og_type":"article","og_title":"Sotatorvi soi \u2013 armeijajaot - Sotahuuto","og_description":"Hyv\u00e4 Sotahuutokansa! \u00a0 Ilmoittautuminen on nyt p\u00e4\u00e4ttynyt, ja meill\u00e4 on ilo ilmoittaa, ett\u00e4 t\u00e4m\u00e4n vuoden Sotahuudossa on huikeat 620 osallistujaa!&hellip; Continue reading &ldquo;Sotatorvi soi \u2013 armeijajaot&rdquo;&hellip;","og_url":"https:\/\/sotahuuto.fi\/en\/sotatorvi-soi-armeijajaot\/","og_site_name":"Sotahuuto","article_publisher":"https:\/\/www.facebook.com\/profile.php?id=100054630571001","article_modified_time":"2024-07-01T20:01:28+00:00","og_image":[{"url":"https:\/\/sotahuuto.fi\/wp-content\/uploads\/2023\/11\/testi.gif","width":1024,"height":614,"type":"image\/gif"}],"twitter_card":"summary_large_image","twitter_misc":{"Estimated reading time":"1 minute"},"schema":{"@context":"https:\/\/schema.org","@graph":[{"@type":"WebPage","@id":"https:\/\/sotahuuto.fi\/sotatorvi-soi-armeijajaot\/","url":"https:\/\/sotahuuto.fi\/sotatorvi-soi-armeijajaot\/","name":"Sotatorvi soi \u2013 armeijajaot - Sotahuuto","isPartOf":{"@id":"https:\/\/sotahuuto.fi\/#website"},"datePublished":"2024-07-01T20:01:09+00:00","dateModified":"2024-07-01T20:01:28+00:00","breadcrumb":{"@id":"https:\/\/sotahuuto.fi\/sotatorvi-soi-armeijajaot\/#breadcrumb"},"inLanguage":"en-GB","potentialAction":[{"@type":"ReadAction","target":["https:\/\/sotahuuto.fi\/sotatorvi-soi-armeijajaot\/"]}]},{"@type":"BreadcrumbList","@id":"https:\/\/sotahuuto.fi\/sotatorvi-soi-armeijajaot\/#breadcrumb","itemListElement":[{"@type":"ListItem","position":1,"name":"Home","item":"https:\/\/sotahuuto.fi\/"},{"@type":"ListItem","position":2,"name":"Sotatorvi soi \u2013 armeijajaot"}]},{"@type":"WebSite","@id":"https:\/\/sotahuuto.fi\/#website","url":"https:\/\/sotahuuto.fi\/","name":"Sotahuuto, \"War cry\",","description":"10.-12.07.2026 | Rekolan tila, Orivesi","publisher":{"@id":"https:\/\/sotahuuto.fi\/#organization"},"alternateName":"SoHu","potentialAction":[{"@type":"SearchAction","target":{"@type":"EntryPoint","urlTemplate":"https:\/\/sotahuuto.fi\/?s={search_term_string}"},"query-input":{"@type":"PropertyValueSpecification","valueRequired":true,"valueName":"search_term_string"}}],"inLanguage":"en-GB"},{"@type":"Organization","@id":"https:\/\/sotahuuto.fi\/#organization","name":"Sotahuuto, \"War cry\",","alternateName":"SoHu","url":"https:\/\/sotahuuto.fi\/","logo":{"@type":"ImageObject","inLanguage":"en-GB","@id":"https:\/\/sotahuuto.fi\/#\/schema\/logo\/image\/","url":"https:\/\/sotahuuto.fi\/wp-content\/uploads\/2022\/03\/cropped-cropped2-sotahuuto.jpg","contentUrl":"https:\/\/sotahuuto.fi\/wp-content\/uploads\/2022\/03\/cropped-cropped2-sotahuuto.jpg","width":512,"height":512,"caption":"Sotahuuto"},"image":{"@id":"https:\/\/sotahuuto.fi\/#\/schema\/logo\/image\/"},"sameAs":["https:\/\/www.facebook.com\/profile.php?id=100054630571001","https:\/\/www.youtube.com\/@sotahuutoboffaustapahtuma4558"]}]}},"jetpack_sharing_enabled":true,"_links":{"self":[{"href":"https:\/\/sotahuuto.fi\/en\/wp-json\/wp\/v2\/pages\/4427"}],"collection":[{"href":"https:\/\/sotahuuto.fi\/en\/wp-json\/wp\/v2\/pages"}],"about":[{"href":"https:\/\/sotahuuto.fi\/en\/wp-json\/wp\/v2\/types\/page"}],"author":[{"embeddable":true,"href":"https:\/\/sotahuuto.fi\/en\/wp-json\/wp\/v2\/users\/9"}],"replies":[{"embeddable":true,"href":"https:\/\/sotahuuto.fi\/en\/wp-json\/wp\/v2\/comments?post=4427"}],"version-history":[{"count":8,"href":"https:\/\/sotahuuto.fi\/en\/wp-json\/wp\/v2\/pages\/4427\/revisions"}],"predecessor-version":[{"id":4435,"href":"https:\/\/sotahuuto.fi\/en\/wp-json\/wp\/v2\/pages\/4427\/revisions\/4435"}],"wp:attachment":[{"href":"https:\/\/sotahuuto.fi\/en\/wp-json\/wp\/v2\/media?parent=4427"}],"curies":[{"name":"wp","href":"https:\/\/api.w.org\/{rel}","templated":true}]}}