{"id":4451,"date":"2024-07-03T13:21:27","date_gmt":"2024-07-03T11:21:27","guid":{"rendered":"https:\/\/sotahuuto.fi\/?page_id=4451"},"modified":"2024-07-11T17:56:13","modified_gmt":"2024-07-11T15:56:13","slug":"armeijajaot-2","status":"publish","type":"page","link":"https:\/\/sotahuuto.fi\/en\/armeijajaot-2\/","title":{"rendered":"Armies"},"content":{"rendered":"<div data-elementor-type=\"wp-page\" data-elementor-id=\"4451\" class=\"elementor elementor-4451\">\n\t\t\t\t\t\t<section class=\"elementor-section elementor-top-section elementor-element elementor-element-95a4e90 elementor-section-boxed elementor-section-height-default elementor-section-height-default\" data-id=\"95a4e90\" data-element_type=\"section\">\n\t\t\t\t\t\t<div class=\"elementor-container elementor-column-gap-default\">\n\t\t\t\t\t<div class=\"elementor-column elementor-col-100 elementor-top-column elementor-element elementor-element-e196b77\" data-id=\"e196b77\" data-element_type=\"column\">\n\t\t\t<div class=\"elementor-widget-wrap elementor-element-populated\">\n\t\t\t\t\t\t<div class=\"elementor-element elementor-element-adb3716 elementor-widget elementor-widget-image\" data-id=\"adb3716\" data-element_type=\"widget\" data-widget_type=\"image.default\">\n\t\t\t\t<div class=\"elementor-widget-container\">\n\t\t\t\t\t\t\t\t\t\t\t\t<figure class=\"wp-caption\">\n\t\t\t\t\t\t\t\t\t\t<img fetchpriority=\"high\" decoding=\"async\" width=\"724\" height=\"1024\" src=\"https:\/\/sotahuuto.fi\/wp-content\/uploads\/2024\/07\/TUNNISTUSKUVASTO2024v2-724x1024.png\" class=\"attachment-large size-large wp-image-4576\" alt=\"\" srcset=\"https:\/\/sotahuuto.fi\/wp-content\/uploads\/2024\/07\/TUNNISTUSKUVASTO2024v2-724x1024.png 724w, https:\/\/sotahuuto.fi\/wp-content\/uploads\/2024\/07\/TUNNISTUSKUVASTO2024v2-212x300.png 212w, https:\/\/sotahuuto.fi\/wp-content\/uploads\/2024\/07\/TUNNISTUSKUVASTO2024v2-768x1086.png 768w, https:\/\/sotahuuto.fi\/wp-content\/uploads\/2024\/07\/TUNNISTUSKUVASTO2024v2-1086x1536.png 1086w, https:\/\/sotahuuto.fi\/wp-content\/uploads\/2024\/07\/TUNNISTUSKUVASTO2024v2-1448x2048.png 1448w, https:\/\/sotahuuto.fi\/wp-content\/uploads\/2024\/07\/TUNNISTUSKUVASTO2024v2-8x12.png 8w, https:\/\/sotahuuto.fi\/wp-content\/uploads\/2024\/07\/TUNNISTUSKUVASTO2024v2.png 1838w\" sizes=\"(max-width: 724px) 100vw, 724px\" \/>\t\t\t\t\t\t\t\t\t\t\t<figcaption class=\"widget-image-caption wp-caption-text\"><\/figcaption>\n\t\t\t\t\t\t\t\t\t\t<\/figure>\n\t\t\t\t\t\t\t\t\t<\/div>\n\t\t\t\t<\/div>\n\t\t\t\t\t<\/div>\n\t\t<\/div>\n\t\t\t\t\t<\/div>\n\t\t<\/section>\n\t\t\t\t<section class=\"elementor-section elementor-top-section elementor-element elementor-element-4ef2682 elementor-section-boxed elementor-section-height-default elementor-section-height-default\" data-id=\"4ef2682\" data-element_type=\"section\">\n\t\t\t\t\t\t<div class=\"elementor-container elementor-column-gap-default\">\n\t\t\t\t\t<div class=\"elementor-column elementor-col-100 elementor-top-column elementor-element elementor-element-a7c2969\" data-id=\"a7c2969\" data-element_type=\"column\">\n\t\t\t<div class=\"elementor-widget-wrap elementor-element-populated\">\n\t\t\t\t\t\t<div class=\"elementor-element elementor-element-f351915 elementor-widget elementor-widget-text-editor\" data-id=\"f351915\" data-element_type=\"widget\" data-widget_type=\"text-editor.default\">\n\t\t\t\t<div class=\"elementor-widget-container\">\n\t\t\t\t\t\t\t\t\t<p><strong>Tabor<\/strong><\/p><p>Maahinkaiskaarti<\/p><p>Valkoinen komppania<\/p><p>Rotat<\/p><p>FSC + Niittov\u00e4ki<\/p><p>Ryhm\u00e4 R\u00e4m\u00e4<\/p><p>Thaborsky Bratri<\/p><p>Tiukat Tuukat<\/p><p>Sir Hakiksen Bastu pojat<\/p><p>\u00a0<\/p>\t\t\t\t\t\t\t\t<\/div>\n\t\t\t\t<\/div>\n\t\t\t\t\t<\/div>\n\t\t<\/div>\n\t\t\t\t\t<\/div>\n\t\t<\/section>\n\t\t\t\t<section class=\"elementor-section elementor-top-section elementor-element elementor-element-a45a47f elementor-section-boxed elementor-section-height-default elementor-section-height-default\" data-id=\"a45a47f\" data-element_type=\"section\">\n\t\t\t\t\t\t<div class=\"elementor-container elementor-column-gap-default\">\n\t\t\t\t\t<div class=\"elementor-column elementor-col-100 elementor-top-column elementor-element elementor-element-e2f8c03\" data-id=\"e2f8c03\" data-element_type=\"column\">\n\t\t\t<div class=\"elementor-widget-wrap elementor-element-populated\">\n\t\t\t\t\t\t<div class=\"elementor-element elementor-element-46a4f59 elementor-widget elementor-widget-text-editor\" data-id=\"46a4f59\" data-element_type=\"widget\" data-widget_type=\"text-editor.default\">\n\t\t\t\t<div class=\"elementor-widget-container\">\n\t\t\t\t\t\t\t\t\t<p><strong>Saksalainen aatelisto<\/strong><\/p><p>Savo<\/p><p>Valdyr<\/p><p>Al-Kharid<\/p><p>Camulosin villikarjut<\/p><p>Wanainmaa<\/p><p>Alter Ego<\/p><p>Galenit<\/p>\t\t\t\t\t\t\t\t<\/div>\n\t\t\t\t<\/div>\n\t\t\t\t\t<\/div>\n\t\t<\/div>\n\t\t\t\t\t<\/div>\n\t\t<\/section>\n\t\t\t\t<section class=\"elementor-section elementor-top-section elementor-element elementor-element-f86c638 elementor-section-boxed elementor-section-height-default elementor-section-height-default\" data-id=\"f86c638\" data-element_type=\"section\">\n\t\t\t\t\t\t<div class=\"elementor-container elementor-column-gap-default\">\n\t\t\t\t\t<div class=\"elementor-column elementor-col-100 elementor-top-column elementor-element elementor-element-12cc422\" data-id=\"12cc422\" data-element_type=\"column\">\n\t\t\t<div class=\"elementor-widget-wrap elementor-element-populated\">\n\t\t\t\t\t\t<div class=\"elementor-element elementor-element-5270c92 elementor-widget elementor-widget-text-editor\" data-id=\"5270c92\" data-element_type=\"widget\" data-widget_type=\"text-editor.default\">\n\t\t\t\t<div class=\"elementor-widget-container\">\n\t\t\t\t\t\t\t\t\t<p><strong>Tsekkil\u00e4iset aateliset<\/strong><\/p><p>Ulfnar<\/p><p>Ajan Kaarti + Harhamainparvi<\/p><p>Graalin Hurtat<\/p><p>Raadonnylkij\u00e4t<\/p><p>Goblinit<\/p>\t\t\t\t\t\t\t\t<\/div>\n\t\t\t\t<\/div>\n\t\t\t\t\t<\/div>\n\t\t<\/div>\n\t\t\t\t\t<\/div>\n\t\t<\/section>\n\t\t\t\t<section class=\"elementor-section elementor-top-section elementor-element elementor-element-60d5726 elementor-section-boxed elementor-section-height-default elementor-section-height-default\" data-id=\"60d5726\" data-element_type=\"section\">\n\t\t\t\t\t\t<div class=\"elementor-container elementor-column-gap-default\">\n\t\t\t\t\t<div class=\"elementor-column elementor-col-100 elementor-top-column elementor-element elementor-element-d29c70d\" data-id=\"d29c70d\" data-element_type=\"column\">\n\t\t\t<div class=\"elementor-widget-wrap elementor-element-populated\">\n\t\t\t\t\t\t<div class=\"elementor-element elementor-element-5b0453d elementor-widget elementor-widget-text-editor\" data-id=\"5b0453d\" data-element_type=\"widget\" data-widget_type=\"text-editor.default\">\n\t\t\t\t<div class=\"elementor-widget-container\">\n\t\t\t\t\t\t\t\t\t<p><strong>Sigismundin ristiretkel\u00e4iset<\/strong><\/p><p>Perkele<\/p><p>Etel\u00e4n Imperiumi<\/p><p>MuRu<\/p><p>Uudenmaan liitto<\/p><p>Caerulei Turma<\/p><p>Turentalia<\/p>\t\t\t\t\t\t\t\t<\/div>\n\t\t\t\t<\/div>\n\t\t\t\t\t<\/div>\n\t\t<\/div>\n\t\t\t\t\t<\/div>\n\t\t<\/section>\n\t\t\t\t<\/div>","protected":false},"excerpt":{"rendered":"<div class=\"entry-summary\">\nTabor Maahinkaiskaarti Valkoinen komppania Rotat FSC + Niittov\u00e4ki Ryhm\u00e4 R\u00e4m\u00e4 Thaborsky Bratri Tiukat Tuukat Sir Hakiksen Bastu pojat \u00a0 Saksalainen&hellip;\n<\/div>\n<div class=\"link-more\"><a href=\"https:\/\/sotahuuto.fi\/en\/armeijajaot-2\/\" class=\"more-link\">Continue reading<span class=\"screen-reader-text\"> &ldquo;Armeijajaot&rdquo;<\/span>&hellip;<\/a><\/div>","protected":false},"author":10,"featured_media":0,"parent":0,"menu_order":0,"comment_status":"closed","ping_status":"closed","template":"","meta":{"footnotes":""},"yoast_head":"<!-- This site is optimized with the Yoast SEO plugin v24.5 - https:\/\/yoast.com\/wordpress\/plugins\/seo\/ -->\n<title>Armeijajaot - Sotahuuto<\/title>\n<meta name=\"robots\" content=\"index, follow, max-snippet:-1, max-image-preview:large, max-video-preview:-1\" \/>\n<link rel=\"canonical\" href=\"https:\/\/sotahuuto.fi\/en\/armeijajaot-2\/\" \/>\n<meta property=\"og:locale\" content=\"en_GB\" \/>\n<meta property=\"og:type\" content=\"article\" \/>\n<meta property=\"og:title\" content=\"Armeijajaot - Sotahuuto\" \/>\n<meta property=\"og:description\" content=\"Tabor Maahinkaiskaarti Valkoinen komppania Rotat FSC + Niittov\u00e4ki Ryhm\u00e4 R\u00e4m\u00e4 Thaborsky Bratri Tiukat Tuukat Sir Hakiksen Bastu pojat \u00a0 Saksalainen&hellip; Continue reading &ldquo;Armeijajaot&rdquo;&hellip;\" \/>\n<meta property=\"og:url\" content=\"https:\/\/sotahuuto.fi\/en\/armeijajaot-2\/\" \/>\n<meta property=\"og:site_name\" content=\"Sotahuuto\" \/>\n<meta property=\"article:publisher\" content=\"https:\/\/www.facebook.com\/profile.php?id=100054630571001\" \/>\n<meta property=\"article:modified_time\" content=\"2024-07-11T15:56:13+00:00\" \/>\n<meta property=\"og:image\" content=\"https:\/\/sotahuuto.fi\/wp-content\/uploads\/2024\/07\/TUNNISTUSKUVASTO2024v2-724x1024.png\" \/>\n<meta name=\"twitter:card\" content=\"summary_large_image\" \/>\n<meta name=\"twitter:label1\" content=\"Estimated reading time\" \/>\n\t<meta name=\"twitter:data1\" content=\"1 minute\" \/>\n<script type=\"application\/ld+json\" class=\"yoast-schema-graph\">{\"@context\":\"https:\/\/schema.org\",\"@graph\":[{\"@type\":\"WebPage\",\"@id\":\"https:\/\/sotahuuto.fi\/armeijajaot-2\/\",\"url\":\"https:\/\/sotahuuto.fi\/armeijajaot-2\/\",\"name\":\"Armeijajaot - Sotahuuto\",\"isPartOf\":{\"@id\":\"https:\/\/sotahuuto.fi\/#website\"},\"primaryImageOfPage\":{\"@id\":\"https:\/\/sotahuuto.fi\/armeijajaot-2\/#primaryimage\"},\"image\":{\"@id\":\"https:\/\/sotahuuto.fi\/armeijajaot-2\/#primaryimage\"},\"thumbnailUrl\":\"https:\/\/sotahuuto.fi\/wp-content\/uploads\/2024\/07\/TUNNISTUSKUVASTO2024v2-724x1024.png\",\"datePublished\":\"2024-07-03T11:21:27+00:00\",\"dateModified\":\"2024-07-11T15:56:13+00:00\",\"breadcrumb\":{\"@id\":\"https:\/\/sotahuuto.fi\/armeijajaot-2\/#breadcrumb\"},\"inLanguage\":\"en-GB\",\"potentialAction\":[{\"@type\":\"ReadAction\",\"target\":[\"https:\/\/sotahuuto.fi\/armeijajaot-2\/\"]}]},{\"@type\":\"ImageObject\",\"inLanguage\":\"en-GB\",\"@id\":\"https:\/\/sotahuuto.fi\/armeijajaot-2\/#primaryimage\",\"url\":\"https:\/\/sotahuuto.fi\/wp-content\/uploads\/2024\/07\/TUNNISTUSKUVASTO2024v2-724x1024.png\",\"contentUrl\":\"https:\/\/sotahuuto.fi\/wp-content\/uploads\/2024\/07\/TUNNISTUSKUVASTO2024v2-724x1024.png\"},{\"@type\":\"BreadcrumbList\",\"@id\":\"https:\/\/sotahuuto.fi\/armeijajaot-2\/#breadcrumb\",\"itemListElement\":[{\"@type\":\"ListItem\",\"position\":1,\"name\":\"Home\",\"item\":\"https:\/\/sotahuuto.fi\/\"},{\"@type\":\"ListItem\",\"position\":2,\"name\":\"Armeijajaot\"}]},{\"@type\":\"WebSite\",\"@id\":\"https:\/\/sotahuuto.fi\/#website\",\"url\":\"https:\/\/sotahuuto.fi\/\",\"name\":\"Sotahuuto\",\"description\":\"10.-12.07.2026 | Rekolan tila, Orivesi\",\"publisher\":{\"@id\":\"https:\/\/sotahuuto.fi\/#organization\"},\"alternateName\":\"SoHu\",\"potentialAction\":[{\"@type\":\"SearchAction\",\"target\":{\"@type\":\"EntryPoint\",\"urlTemplate\":\"https:\/\/sotahuuto.fi\/?s={search_term_string}\"},\"query-input\":{\"@type\":\"PropertyValueSpecification\",\"valueRequired\":true,\"valueName\":\"search_term_string\"}}],\"inLanguage\":\"en-GB\"},{\"@type\":\"Organization\",\"@id\":\"https:\/\/sotahuuto.fi\/#organization\",\"name\":\"Sotahuuto\",\"alternateName\":\"SoHu\",\"url\":\"https:\/\/sotahuuto.fi\/\",\"logo\":{\"@type\":\"ImageObject\",\"inLanguage\":\"en-GB\",\"@id\":\"https:\/\/sotahuuto.fi\/#\/schema\/logo\/image\/\",\"url\":\"https:\/\/sotahuuto.fi\/wp-content\/uploads\/2022\/03\/cropped-cropped2-sotahuuto.jpg\",\"contentUrl\":\"https:\/\/sotahuuto.fi\/wp-content\/uploads\/2022\/03\/cropped-cropped2-sotahuuto.jpg\",\"width\":512,\"height\":512,\"caption\":\"Sotahuuto\"},\"image\":{\"@id\":\"https:\/\/sotahuuto.fi\/#\/schema\/logo\/image\/\"},\"sameAs\":[\"https:\/\/www.facebook.com\/profile.php?id=100054630571001\",\"https:\/\/www.youtube.com\/@sotahuutoboffaustapahtuma4558\"]}]}<\/script>\n<!-- \/ Yoast SEO plugin. -->","yoast_head_json":{"title":"Armeijajaot - Sotahuuto","robots":{"index":"index","follow":"follow","max-snippet":"max-snippet:-1","max-image-preview":"max-image-preview:large","max-video-preview":"max-video-preview:-1"},"canonical":"https:\/\/sotahuuto.fi\/en\/armeijajaot-2\/","og_locale":"en_GB","og_type":"article","og_title":"Armeijajaot - Sotahuuto","og_description":"Tabor Maahinkaiskaarti Valkoinen komppania Rotat FSC + Niittov\u00e4ki Ryhm\u00e4 R\u00e4m\u00e4 Thaborsky Bratri Tiukat Tuukat Sir Hakiksen Bastu pojat \u00a0 Saksalainen&hellip; Continue reading &ldquo;Armeijajaot&rdquo;&hellip;","og_url":"https:\/\/sotahuuto.fi\/en\/armeijajaot-2\/","og_site_name":"Sotahuuto","article_publisher":"https:\/\/www.facebook.com\/profile.php?id=100054630571001","article_modified_time":"2024-07-11T15:56:13+00:00","og_image":[{"url":"https:\/\/sotahuuto.fi\/wp-content\/uploads\/2024\/07\/TUNNISTUSKUVASTO2024v2-724x1024.png","type":"","width":"","height":""}],"twitter_card":"summary_large_image","twitter_misc":{"Estimated reading time":"1 minute"},"schema":{"@context":"https:\/\/schema.org","@graph":[{"@type":"WebPage","@id":"https:\/\/sotahuuto.fi\/armeijajaot-2\/","url":"https:\/\/sotahuuto.fi\/armeijajaot-2\/","name":"Armeijajaot - Sotahuuto","isPartOf":{"@id":"https:\/\/sotahuuto.fi\/#website"},"primaryImageOfPage":{"@id":"https:\/\/sotahuuto.fi\/armeijajaot-2\/#primaryimage"},"image":{"@id":"https:\/\/sotahuuto.fi\/armeijajaot-2\/#primaryimage"},"thumbnailUrl":"https:\/\/sotahuuto.fi\/wp-content\/uploads\/2024\/07\/TUNNISTUSKUVASTO2024v2-724x1024.png","datePublished":"2024-07-03T11:21:27+00:00","dateModified":"2024-07-11T15:56:13+00:00","breadcrumb":{"@id":"https:\/\/sotahuuto.fi\/armeijajaot-2\/#breadcrumb"},"inLanguage":"en-GB","potentialAction":[{"@type":"ReadAction","target":["https:\/\/sotahuuto.fi\/armeijajaot-2\/"]}]},{"@type":"ImageObject","inLanguage":"en-GB","@id":"https:\/\/sotahuuto.fi\/armeijajaot-2\/#primaryimage","url":"https:\/\/sotahuuto.fi\/wp-content\/uploads\/2024\/07\/TUNNISTUSKUVASTO2024v2-724x1024.png","contentUrl":"https:\/\/sotahuuto.fi\/wp-content\/uploads\/2024\/07\/TUNNISTUSKUVASTO2024v2-724x1024.png"},{"@type":"BreadcrumbList","@id":"https:\/\/sotahuuto.fi\/armeijajaot-2\/#breadcrumb","itemListElement":[{"@type":"ListItem","position":1,"name":"Home","item":"https:\/\/sotahuuto.fi\/"},{"@type":"ListItem","position":2,"name":"Armeijajaot"}]},{"@type":"WebSite","@id":"https:\/\/sotahuuto.fi\/#website","url":"https:\/\/sotahuuto.fi\/","name":"Sotahuuto, \"War cry\",","description":"10.-12.07.2026 | Rekolan tila, Orivesi","publisher":{"@id":"https:\/\/sotahuuto.fi\/#organization"},"alternateName":"SoHu","potentialAction":[{"@type":"SearchAction","target":{"@type":"EntryPoint","urlTemplate":"https:\/\/sotahuuto.fi\/?s={search_term_string}"},"query-input":{"@type":"PropertyValueSpecification","valueRequired":true,"valueName":"search_term_string"}}],"inLanguage":"en-GB"},{"@type":"Organization","@id":"https:\/\/sotahuuto.fi\/#organization","name":"Sotahuuto, \"War cry\",","alternateName":"SoHu","url":"https:\/\/sotahuuto.fi\/","logo":{"@type":"ImageObject","inLanguage":"en-GB","@id":"https:\/\/sotahuuto.fi\/#\/schema\/logo\/image\/","url":"https:\/\/sotahuuto.fi\/wp-content\/uploads\/2022\/03\/cropped-cropped2-sotahuuto.jpg","contentUrl":"https:\/\/sotahuuto.fi\/wp-content\/uploads\/2022\/03\/cropped-cropped2-sotahuuto.jpg","width":512,"height":512,"caption":"Sotahuuto"},"image":{"@id":"https:\/\/sotahuuto.fi\/#\/schema\/logo\/image\/"},"sameAs":["https:\/\/www.facebook.com\/profile.php?id=100054630571001","https:\/\/www.youtube.com\/@sotahuutoboffaustapahtuma4558"]}]}},"jetpack_sharing_enabled":true,"_links":{"self":[{"href":"https:\/\/sotahuuto.fi\/en\/wp-json\/wp\/v2\/pages\/4451"}],"collection":[{"href":"https:\/\/sotahuuto.fi\/en\/wp-json\/wp\/v2\/pages"}],"about":[{"href":"https:\/\/sotahuuto.fi\/en\/wp-json\/wp\/v2\/types\/page"}],"author":[{"embeddable":true,"href":"https:\/\/sotahuuto.fi\/en\/wp-json\/wp\/v2\/users\/10"}],"replies":[{"embeddable":true,"href":"https:\/\/sotahuuto.fi\/en\/wp-json\/wp\/v2\/comments?post=4451"}],"version-history":[{"count":13,"href":"https:\/\/sotahuuto.fi\/en\/wp-json\/wp\/v2\/pages\/4451\/revisions"}],"predecessor-version":[{"id":4582,"href":"https:\/\/sotahuuto.fi\/en\/wp-json\/wp\/v2\/pages\/4451\/revisions\/4582"}],"wp:attachment":[{"href":"https:\/\/sotahuuto.fi\/en\/wp-json\/wp\/v2\/media?parent=4451"}],"curies":[{"name":"wp","href":"https:\/\/api.w.org\/{rel}","templated":true}]}}