{"id":4481,"date":"2024-07-05T14:52:52","date_gmt":"2024-07-05T12:52:52","guid":{"rendered":"https:\/\/sotahuuto.fi\/?page_id=4481"},"modified":"2024-07-05T15:14:12","modified_gmt":"2024-07-05T13:14:12","slug":"medialle","status":"publish","type":"page","link":"https:\/\/sotahuuto.fi\/en\/medialle\/","title":{"rendered":"Medialle"},"content":{"rendered":"<div data-elementor-type=\"wp-page\" data-elementor-id=\"4481\" class=\"elementor elementor-4481\">\n\t\t\t\t\t\t<section class=\"elementor-section elementor-top-section elementor-element elementor-element-39cd57e elementor-section-boxed elementor-section-height-default elementor-section-height-default\" data-id=\"39cd57e\" data-element_type=\"section\">\n\t\t\t\t\t\t<div class=\"elementor-container elementor-column-gap-default\">\n\t\t\t\t\t<div class=\"elementor-column elementor-col-100 elementor-top-column elementor-element elementor-element-496a93a\" data-id=\"496a93a\" data-element_type=\"column\">\n\t\t\t<div class=\"elementor-widget-wrap elementor-element-populated\">\n\t\t\t\t\t\t<div class=\"elementor-element elementor-element-ee14d2a elementor-widget elementor-widget-text-editor\" data-id=\"ee14d2a\" data-element_type=\"widget\" data-widget_type=\"text-editor.default\">\n\t\t\t\t<div class=\"elementor-widget-container\">\n\t\t\t\t\t\t\t\t\t<p><strong>Mediayhteydenotot<\/strong>: jarjestajat@sotahuuto.fi<\/p>\n<p><strong><\/strong><br><\/p>\t\t\t\t\t\t\t\t<\/div>\n\t\t\t\t<\/div>\n\t\t\t\t<div class=\"elementor-element elementor-element-372d447 elementor-widget elementor-widget-text-editor\" data-id=\"372d447\" data-element_type=\"widget\" data-widget_type=\"text-editor.default\">\n\t\t\t\t<div class=\"elementor-widget-container\">\n\t\t\t\t\t\t\t\t\t<div class=\"message_d5deea cozyMessage_d5deea wrapper_f9f2ca cozy_f9f2ca zalgo_f9f2ca\" tabindex=\"-1\" role=\"article\" data-list-item-id=\"chat-messages___chat-messages-1152652661984858152-1258769119118098524\" aria-setsize=\"-1\" aria-roledescription=\"Message\" aria-labelledby=\"message-username-1258768630741471343 uid_1 message-content-1258769119118098524 uid_2 message-timestamp-1258769119118098524\"><div class=\"contents_f9f2ca\"><div id=\"message-content-1258769119118098524\" class=\"markup_f8f345 messageContent_f9f2ca\">Yleis\u00f6lle ja media ovat tervetulleita vierailemaan tapahtumassa. Yleis\u00f6lle ja medialle paras p\u00e4iv\u00e4 vierailla tapahtumassa on lauantai, jolloin k\u00e4yd\u00e4\u00e4n tapahtuman suurimmat ja n\u00e4ytt\u00e4vimm\u00e4t joukkotaistelut. Tapahtumassa on erinomaiset mahdollisuudet kuvata esimerkiksi dronevideoita tai osallistua vaikka taisteluun kyp\u00e4r\u00e4kamera p\u00e4\u00e4ss\u00e4. Tarjoamme v\u00e4lineet!<\/div><\/div><\/div>\t\t\t\t\t\t\t\t<\/div>\n\t\t\t\t<\/div>\n\t\t\t\t\t<\/div>\n\t\t<\/div>\n\t\t\t\t\t<\/div>\n\t\t<\/section>\n\t\t\t\t<section class=\"elementor-section elementor-top-section elementor-element elementor-element-6ca00cd elementor-section-boxed elementor-section-height-default elementor-section-height-default\" data-id=\"6ca00cd\" data-element_type=\"section\">\n\t\t\t\t\t\t<div class=\"elementor-container elementor-column-gap-default\">\n\t\t\t\t\t<div class=\"elementor-column elementor-col-100 elementor-top-column elementor-element elementor-element-5f34fc7\" data-id=\"5f34fc7\" data-element_type=\"column\">\n\t\t\t<div class=\"elementor-widget-wrap elementor-element-populated\">\n\t\t\t\t\t\t<div class=\"elementor-element elementor-element-919a974 elementor-widget-divider--view-line elementor-widget elementor-widget-divider\" data-id=\"919a974\" data-element_type=\"widget\" data-widget_type=\"divider.default\">\n\t\t\t\t<div class=\"elementor-widget-container\">\n\t\t\t\t\t\t\t<div class=\"elementor-divider\">\n\t\t\t<span class=\"elementor-divider-separator\">\n\t\t\t\t\t\t<\/span>\n\t\t<\/div>\n\t\t\t\t\t\t<\/div>\n\t\t\t\t<\/div>\n\t\t\t\t<div class=\"elementor-element elementor-element-363efc7 elementor-widget elementor-widget-text-editor\" data-id=\"363efc7\" data-element_type=\"widget\" data-widget_type=\"text-editor.default\">\n\t\t\t\t<div class=\"elementor-widget-container\">\n\t\t\t\t\t\t\t\t\t<p><strong>Kuvapankki:<\/strong> Kuvat ovat vapaasti median k\u00e4yt\u00f6ss\u00e4. Mainitsethan kuvien ottajan Jari Kuskelinin<\/p>\t\t\t\t\t\t\t\t<\/div>\n\t\t\t\t<\/div>\n\t\t\t\t\t<\/div>\n\t\t<\/div>\n\t\t\t\t\t<\/div>\n\t\t<\/section>\n\t\t\t\t<\/div>","protected":false},"excerpt":{"rendered":"<div class=\"entry-summary\">\nMediayhteydenotot: jarjestajat@sotahuuto.fi Yleis\u00f6lle ja media ovat tervetulleita vierailemaan tapahtumassa. Yleis\u00f6lle ja medialle paras p\u00e4iv\u00e4 vierailla tapahtumassa on lauantai, jolloin k\u00e4yd\u00e4\u00e4n&hellip;\n<\/div>\n<div class=\"link-more\"><a href=\"https:\/\/sotahuuto.fi\/en\/medialle\/\" class=\"more-link\">Continue reading<span class=\"screen-reader-text\"> &ldquo;Medialle&rdquo;<\/span>&hellip;<\/a><\/div>","protected":false},"author":10,"featured_media":0,"parent":0,"menu_order":0,"comment_status":"closed","ping_status":"closed","template":"","meta":{"footnotes":""},"yoast_head":"<!-- This site is optimized with the Yoast SEO plugin v24.5 - https:\/\/yoast.com\/wordpress\/plugins\/seo\/ -->\n<title>Medialle - Sotahuuto<\/title>\n<meta name=\"robots\" content=\"index, follow, max-snippet:-1, max-image-preview:large, max-video-preview:-1\" \/>\n<link rel=\"canonical\" href=\"https:\/\/sotahuuto.fi\/en\/medialle\/\" \/>\n<meta property=\"og:locale\" content=\"en_GB\" \/>\n<meta property=\"og:type\" content=\"article\" \/>\n<meta property=\"og:title\" content=\"Medialle - Sotahuuto\" \/>\n<meta property=\"og:description\" content=\"Mediayhteydenotot: jarjestajat@sotahuuto.fi Yleis\u00f6lle ja media ovat tervetulleita vierailemaan tapahtumassa. Yleis\u00f6lle ja medialle paras p\u00e4iv\u00e4 vierailla tapahtumassa on lauantai, jolloin k\u00e4yd\u00e4\u00e4n&hellip; Continue reading &ldquo;Medialle&rdquo;&hellip;\" \/>\n<meta property=\"og:url\" content=\"https:\/\/sotahuuto.fi\/en\/medialle\/\" \/>\n<meta property=\"og:site_name\" content=\"Sotahuuto\" \/>\n<meta property=\"article:publisher\" content=\"https:\/\/www.facebook.com\/profile.php?id=100054630571001\" \/>\n<meta property=\"article:modified_time\" content=\"2024-07-05T13:14:12+00:00\" \/>\n<meta property=\"og:image\" content=\"https:\/\/sotahuuto.fi\/wp-content\/uploads\/2023\/11\/testi.gif\" \/>\n\t<meta property=\"og:image:width\" content=\"1024\" \/>\n\t<meta property=\"og:image:height\" content=\"614\" \/>\n\t<meta property=\"og:image:type\" content=\"image\/gif\" \/>\n<meta name=\"twitter:card\" content=\"summary_large_image\" \/>\n<meta name=\"twitter:label1\" content=\"Estimated reading time\" \/>\n\t<meta name=\"twitter:data1\" content=\"1 minute\" \/>\n<script type=\"application\/ld+json\" class=\"yoast-schema-graph\">{\"@context\":\"https:\/\/schema.org\",\"@graph\":[{\"@type\":\"WebPage\",\"@id\":\"https:\/\/sotahuuto.fi\/medialle\/\",\"url\":\"https:\/\/sotahuuto.fi\/medialle\/\",\"name\":\"Medialle - Sotahuuto\",\"isPartOf\":{\"@id\":\"https:\/\/sotahuuto.fi\/#website\"},\"datePublished\":\"2024-07-05T12:52:52+00:00\",\"dateModified\":\"2024-07-05T13:14:12+00:00\",\"breadcrumb\":{\"@id\":\"https:\/\/sotahuuto.fi\/medialle\/#breadcrumb\"},\"inLanguage\":\"en-GB\",\"potentialAction\":[{\"@type\":\"ReadAction\",\"target\":[\"https:\/\/sotahuuto.fi\/medialle\/\"]}]},{\"@type\":\"BreadcrumbList\",\"@id\":\"https:\/\/sotahuuto.fi\/medialle\/#breadcrumb\",\"itemListElement\":[{\"@type\":\"ListItem\",\"position\":1,\"name\":\"Home\",\"item\":\"https:\/\/sotahuuto.fi\/\"},{\"@type\":\"ListItem\",\"position\":2,\"name\":\"Medialle\"}]},{\"@type\":\"WebSite\",\"@id\":\"https:\/\/sotahuuto.fi\/#website\",\"url\":\"https:\/\/sotahuuto.fi\/\",\"name\":\"Sotahuuto\",\"description\":\"10.-12.07.2026 | Rekolan tila, Orivesi\",\"publisher\":{\"@id\":\"https:\/\/sotahuuto.fi\/#organization\"},\"alternateName\":\"SoHu\",\"potentialAction\":[{\"@type\":\"SearchAction\",\"target\":{\"@type\":\"EntryPoint\",\"urlTemplate\":\"https:\/\/sotahuuto.fi\/?s={search_term_string}\"},\"query-input\":{\"@type\":\"PropertyValueSpecification\",\"valueRequired\":true,\"valueName\":\"search_term_string\"}}],\"inLanguage\":\"en-GB\"},{\"@type\":\"Organization\",\"@id\":\"https:\/\/sotahuuto.fi\/#organization\",\"name\":\"Sotahuuto\",\"alternateName\":\"SoHu\",\"url\":\"https:\/\/sotahuuto.fi\/\",\"logo\":{\"@type\":\"ImageObject\",\"inLanguage\":\"en-GB\",\"@id\":\"https:\/\/sotahuuto.fi\/#\/schema\/logo\/image\/\",\"url\":\"https:\/\/sotahuuto.fi\/wp-content\/uploads\/2022\/03\/cropped-cropped2-sotahuuto.jpg\",\"contentUrl\":\"https:\/\/sotahuuto.fi\/wp-content\/uploads\/2022\/03\/cropped-cropped2-sotahuuto.jpg\",\"width\":512,\"height\":512,\"caption\":\"Sotahuuto\"},\"image\":{\"@id\":\"https:\/\/sotahuuto.fi\/#\/schema\/logo\/image\/\"},\"sameAs\":[\"https:\/\/www.facebook.com\/profile.php?id=100054630571001\",\"https:\/\/www.youtube.com\/@sotahuutoboffaustapahtuma4558\"]}]}<\/script>\n<!-- \/ Yoast SEO plugin. -->","yoast_head_json":{"title":"Medialle - Sotahuuto","robots":{"index":"index","follow":"follow","max-snippet":"max-snippet:-1","max-image-preview":"max-image-preview:large","max-video-preview":"max-video-preview:-1"},"canonical":"https:\/\/sotahuuto.fi\/en\/medialle\/","og_locale":"en_GB","og_type":"article","og_title":"Medialle - Sotahuuto","og_description":"Mediayhteydenotot: jarjestajat@sotahuuto.fi Yleis\u00f6lle ja media ovat tervetulleita vierailemaan tapahtumassa. Yleis\u00f6lle ja medialle paras p\u00e4iv\u00e4 vierailla tapahtumassa on lauantai, jolloin k\u00e4yd\u00e4\u00e4n&hellip; Continue reading &ldquo;Medialle&rdquo;&hellip;","og_url":"https:\/\/sotahuuto.fi\/en\/medialle\/","og_site_name":"Sotahuuto","article_publisher":"https:\/\/www.facebook.com\/profile.php?id=100054630571001","article_modified_time":"2024-07-05T13:14:12+00:00","og_image":[{"url":"https:\/\/sotahuuto.fi\/wp-content\/uploads\/2023\/11\/testi.gif","width":1024,"height":614,"type":"image\/gif"}],"twitter_card":"summary_large_image","twitter_misc":{"Estimated reading time":"1 minute"},"schema":{"@context":"https:\/\/schema.org","@graph":[{"@type":"WebPage","@id":"https:\/\/sotahuuto.fi\/medialle\/","url":"https:\/\/sotahuuto.fi\/medialle\/","name":"Medialle - Sotahuuto","isPartOf":{"@id":"https:\/\/sotahuuto.fi\/#website"},"datePublished":"2024-07-05T12:52:52+00:00","dateModified":"2024-07-05T13:14:12+00:00","breadcrumb":{"@id":"https:\/\/sotahuuto.fi\/medialle\/#breadcrumb"},"inLanguage":"en-GB","potentialAction":[{"@type":"ReadAction","target":["https:\/\/sotahuuto.fi\/medialle\/"]}]},{"@type":"BreadcrumbList","@id":"https:\/\/sotahuuto.fi\/medialle\/#breadcrumb","itemListElement":[{"@type":"ListItem","position":1,"name":"Home","item":"https:\/\/sotahuuto.fi\/"},{"@type":"ListItem","position":2,"name":"Medialle"}]},{"@type":"WebSite","@id":"https:\/\/sotahuuto.fi\/#website","url":"https:\/\/sotahuuto.fi\/","name":"Sotahuuto, \"War cry\",","description":"10.-12.07.2026 | Rekolan tila, Orivesi","publisher":{"@id":"https:\/\/sotahuuto.fi\/#organization"},"alternateName":"SoHu","potentialAction":[{"@type":"SearchAction","target":{"@type":"EntryPoint","urlTemplate":"https:\/\/sotahuuto.fi\/?s={search_term_string}"},"query-input":{"@type":"PropertyValueSpecification","valueRequired":true,"valueName":"search_term_string"}}],"inLanguage":"en-GB"},{"@type":"Organization","@id":"https:\/\/sotahuuto.fi\/#organization","name":"Sotahuuto, \"War cry\",","alternateName":"SoHu","url":"https:\/\/sotahuuto.fi\/","logo":{"@type":"ImageObject","inLanguage":"en-GB","@id":"https:\/\/sotahuuto.fi\/#\/schema\/logo\/image\/","url":"https:\/\/sotahuuto.fi\/wp-content\/uploads\/2022\/03\/cropped-cropped2-sotahuuto.jpg","contentUrl":"https:\/\/sotahuuto.fi\/wp-content\/uploads\/2022\/03\/cropped-cropped2-sotahuuto.jpg","width":512,"height":512,"caption":"Sotahuuto"},"image":{"@id":"https:\/\/sotahuuto.fi\/#\/schema\/logo\/image\/"},"sameAs":["https:\/\/www.facebook.com\/profile.php?id=100054630571001","https:\/\/www.youtube.com\/@sotahuutoboffaustapahtuma4558"]}]}},"jetpack_sharing_enabled":true,"_links":{"self":[{"href":"https:\/\/sotahuuto.fi\/en\/wp-json\/wp\/v2\/pages\/4481"}],"collection":[{"href":"https:\/\/sotahuuto.fi\/en\/wp-json\/wp\/v2\/pages"}],"about":[{"href":"https:\/\/sotahuuto.fi\/en\/wp-json\/wp\/v2\/types\/page"}],"author":[{"embeddable":true,"href":"https:\/\/sotahuuto.fi\/en\/wp-json\/wp\/v2\/users\/10"}],"replies":[{"embeddable":true,"href":"https:\/\/sotahuuto.fi\/en\/wp-json\/wp\/v2\/comments?post=4481"}],"version-history":[{"count":7,"href":"https:\/\/sotahuuto.fi\/en\/wp-json\/wp\/v2\/pages\/4481\/revisions"}],"predecessor-version":[{"id":4502,"href":"https:\/\/sotahuuto.fi\/en\/wp-json\/wp\/v2\/pages\/4481\/revisions\/4502"}],"wp:attachment":[{"href":"https:\/\/sotahuuto.fi\/en\/wp-json\/wp\/v2\/media?parent=4481"}],"curies":[{"name":"wp","href":"https:\/\/api.w.org\/{rel}","templated":true}]}}